{"id":48269,"date":"2025-11-14T08:39:23","date_gmt":"2025-11-14T13:39:23","guid":{"rendered":"https:\/\/www.oiq.qc.ca\/lordre\/gouvernance\/conseil-dadministration\/decisions-conseil-administration\/"},"modified":"2025-11-26T14:13:53","modified_gmt":"2025-11-26T19:13:53","slug":"decisions-conseil-administration","status":"publish","type":"page","link":"https:\/\/www.oiq.qc.ca\/en\/lordre\/gouvernance\/conseil-dadministration\/decisions-conseil-administration\/","title":{"rendered":"D\u00e9cisions du Conseil d&#8217;administration"},"content":{"rendered":"<div  class=\"block-wrapper \" data-block-name=\"Nouvelle Section\">\n<div class=\"new-section \" >\n        <div class=\"ns-container\">\n                            <div class=\"ns-inner\">\n                    <div class=\"ns-content\">\n                        <div class=\"container\">\n                            <div class=\"row\">\n                                <div class=\"col-12\">\n                                    <div class=\"ns-title\">\n                                                                            <\/div>\n                                <\/div>\n                                <div class=\"col-12\">\n                                    <div class=\"ns-txt\">\n                                                                                    <div class=\"wysiwyg \">\n\t<p>Nous publions les d\u00e9cisions prises par le Conseil d\u2019administration qui concernent directement les membres en g\u00e9n\u00e9ral. Des consid\u00e9rations relatives aux lois sur la protection des renseignements personnels et \u00e0 la pr\u00e9servation de renseignements confidentiels font en sorte que certaines informations ne peuvent \u00eatre publi\u00e9es.<\/p>\n\n<\/div>                                                                            <\/div>\n                                <\/div>\n                            <\/div>\n                        <\/div>\n                    <\/div>\n                                    <\/div>\n                    <\/div>\n    <\/div>\n\n<script>\n    $(window).load(function() {\n        let hash = window.location.hash;\n        if (hash) {\n            $('html,body').animate({ scrollTop: $(hash).offset().top - 60 }, 'slow');\n        }\n    });\n<\/script>\n<\/div>\n\n\n<div  class=\"block-wrapper \" data-block-name=\"Nouvelle Section\">\n<script>\n    $(window).load(function() {\n        let hash = window.location.hash;\n        if (hash) {\n            $('html,body').animate({ scrollTop: $(hash).offset().top - 60 }, 'slow');\n        }\n    });\n<\/script>\n<\/div>\n\n\n<div  class=\"block-wrapper \">\n<div class=\"drawers-preview\">\n    <div class=\"container\">\n        <div class=\"dp-wrapper\">\n                            <div class=\"drawer-item-preview\" data-component=\"drawerItemPreview\">\n    <div class=\"drawer-title\">\n        <h5 >2022<\/h5>\n        <div class=\"drawer-arrow\"><svg width=\"19px\" height=\"21px\" viewBox=\"0 0 19 21\" version=\"1.1\" xmlns=\"http:\/\/www.w3.org\/2000\/svg\" xmlns:xlink=\"http:\/\/www.w3.org\/1999\/xlink\">\n    <g id=\"Symbols\" stroke=\"none\" stroke-width=\"1\" fill=\"none\" fill-rule=\"evenodd\" stroke-linecap=\"round\">\n    <g id=\"Tiroir-\/-ferm\u00e9-avec-apercu\" transform=\"translate(-721.000000, -110.000000)\" stroke=\"#0046F0\"\n           stroke-width=\"2\" class=\"stroke\">\n            <g id=\"Group\" transform=\"translate(720.759431, 110.240569)\">\n                <g id=\"icon\/arrow-mini-copy-3\" transform=\"translate(10.000000, 10.000000) rotate(90.000000) translate(-10.000000, -10.000000) \">\n                    <path d=\"M1,10 L18.531388,10 M11.245014,2 L19,10.235498 M11.245014,18 L19,9.76450199\" id=\"Combined-Shape\"><\/path>\n                <\/g>\n            <\/g>\n        <\/g>\n    <\/g>\n<\/svg>\n<\/div>\n    <\/div>\n    <div class=\"drawer-content\" style=\"display: none;\">\n        <div class=\"wysiwyg \">\n\t<ul>\n<li><a href=\"https:\/\/www.oiq.qc.ca\/wp-content\/uploads\/2023\/03\/20220513_CDAV_PV_Decisions.pdf\" target=\"_blank\" rel=\"noopener\">20220513_CDAV_PV_D\u00e9cisions<\/a><\/li>\n<li><a href=\"https:\/\/www.oiq.qc.ca\/wp-content\/uploads\/2023\/03\/20220602_CDA_PV_Decisions.pdf\" target=\"_blank\" rel=\"noopener\">20220602_CDA_PV_D\u00e9cisions<\/a><\/li>\n<li><a href=\"https:\/\/www.oiq.qc.ca\/wp-content\/uploads\/2023\/03\/20220727_CDAV_PV_Decisions.pdf\">20220727_CDAV_PV_D\u00e9cisions<\/a><\/li>\n<li><a href=\"https:\/\/www.oiq.qc.ca\/wp-content\/uploads\/2023\/03\/20220830_CDAV_PV_Decisions.pdf\" target=\"_blank\" rel=\"noopener\">20220830_CDAV_PV_D\u00e9cisions<\/a><\/li>\n<li><a href=\"https:\/\/www.oiq.qc.ca\/wp-content\/uploads\/2023\/03\/20220922_CDA_PV_Decisions.pdf\" target=\"_blank\" rel=\"noopener\">20220922_CDA_PV_D\u00e9cisions<\/a><\/li>\n<li><a href=\"https:\/\/www.oiq.qc.ca\/wp-content\/uploads\/2023\/03\/20221201_CDA_PV_Decisions.pdf\" target=\"_blank\" rel=\"noopener\">20221201_CDA_PV_D\u00e9cisions<\/a><\/li>\n<li><a href=\"https:\/\/www.oiq.qc.ca\/wp-content\/uploads\/2023\/03\/20221220_CDAV_PV_Decisions.pdf\" target=\"_blank\" rel=\"noopener\">20221220_CDAV_PV_D\u00e9cisions<\/a><\/li>\n<\/ul>\n\n<\/div>        <div class=\"drawer-gradient\"><\/div>\n    <\/div>\n<\/div>\n                    <\/div>\n    <\/div>\n<\/div>\n<\/div>\n","protected":false},"excerpt":{"rendered":"","protected":false},"author":20,"featured_media":0,"parent":16837,"menu_order":0,"comment_status":"closed","ping_status":"closed","template":"views\/template-builder.blade.php","meta":{"_acf_changed":false,"_relevanssi_hide_post":"","_relevanssi_hide_content":"","_relevanssi_pin_for_all":"","_relevanssi_pin_keywords":"","_relevanssi_unpin_keywords":"","_relevanssi_related_keywords":"","_relevanssi_related_include_ids":"","_relevanssi_related_exclude_ids":"","_relevanssi_related_no_append":"","_relevanssi_related_not_related":"","_relevanssi_related_posts":"","_relevanssi_noindex_reason":"","inline_featured_image":false,"footnotes":""},"class_list":["post-48269","page","type-page","status-publish","hentry"],"acf":[],"yoast_head":"<!-- This site is optimized with the Yoast SEO plugin v26.6 - https:\/\/yoast.com\/wordpress\/plugins\/seo\/ -->\n<title>OIQ &#8211; Ordre des ing\u00e9nieurs du Qu\u00e9bec<\/title>\n<meta name=\"description\" content=\"Consultez les d\u00e9cisions du Conseil d\u2019administration qui orientent la gouvernance et nos actions au b\u00e9n\u00e9fice des membres.\" \/>\n<meta name=\"robots\" content=\"index, follow, max-snippet:-1, max-image-preview:large, max-video-preview:-1\" \/>\n<link rel=\"canonical\" href=\"https:\/\/www.oiq.qc.ca\/en\/lordre\/gouvernance\/conseil-dadministration\/decisions-conseil-administration\/\" \/>\n<meta property=\"og:locale\" content=\"en_US\" \/>\n<meta property=\"og:type\" content=\"article\" \/>\n<meta property=\"og:title\" content=\"D\u00e9cisions du Conseil d&#039;administration - OIQ - Ordre des ing\u00e9nieurs du Qu\u00e9bec\" \/>\n<meta property=\"og:description\" content=\"Consultez les d\u00e9cisions du Conseil d\u2019administration qui orientent la gouvernance et nos actions au b\u00e9n\u00e9fice des membres.\" \/>\n<meta property=\"og:url\" content=\"https:\/\/www.oiq.qc.ca\/en\/lordre\/gouvernance\/conseil-dadministration\/decisions-conseil-administration\/\" \/>\n<meta property=\"og:site_name\" content=\"OIQ - Ordre des ing\u00e9nieurs du Qu\u00e9bec\" \/>\n<meta property=\"article:modified_time\" content=\"2025-11-26T19:13:53+00:00\" \/>\n<meta property=\"og:image\" content=\"https:\/\/www.oiq.qc.ca\/wp-content\/uploads\/vignette-web.png\" \/>\n\t<meta property=\"og:image:width\" content=\"1200\" \/>\n\t<meta property=\"og:image:height\" content=\"675\" \/>\n\t<meta property=\"og:image:type\" content=\"image\/png\" \/>\n<meta name=\"twitter:card\" content=\"summary_large_image\" \/>\n<meta name=\"twitter:label1\" content=\"Est. reading time\" \/>\n\t<meta name=\"twitter:data1\" content=\"1 minute\" \/>\n<script type=\"application\/ld+json\" class=\"yoast-schema-graph\">{\"@context\":\"https:\/\/schema.org\",\"@graph\":[{\"@type\":\"WebPage\",\"@id\":\"https:\/\/www.oiq.qc.ca\/en\/lordre\/gouvernance\/conseil-dadministration\/decisions-conseil-administration\/\",\"url\":\"https:\/\/www.oiq.qc.ca\/en\/lordre\/gouvernance\/conseil-dadministration\/decisions-conseil-administration\/\",\"name\":\"D\u00e9cisions du Conseil d'administration - OIQ - Ordre des ing\u00e9nieurs du Qu\u00e9bec\",\"isPartOf\":{\"@id\":\"https:\/\/www.oiq.qc.ca\/#website\"},\"datePublished\":\"2025-11-14T13:39:23+00:00\",\"dateModified\":\"2025-11-26T19:13:53+00:00\",\"description\":\"Consultez les d\u00e9cisions du Conseil d\u2019administration qui orientent la gouvernance et nos actions au b\u00e9n\u00e9fice des membres.\",\"breadcrumb\":{\"@id\":\"https:\/\/www.oiq.qc.ca\/en\/lordre\/gouvernance\/conseil-dadministration\/decisions-conseil-administration\/#breadcrumb\"},\"inLanguage\":\"en-CA\",\"potentialAction\":[{\"@type\":\"ReadAction\",\"target\":[\"https:\/\/www.oiq.qc.ca\/en\/lordre\/gouvernance\/conseil-dadministration\/decisions-conseil-administration\/\"]}]},{\"@type\":\"BreadcrumbList\",\"@id\":\"https:\/\/www.oiq.qc.ca\/en\/lordre\/gouvernance\/conseil-dadministration\/decisions-conseil-administration\/#breadcrumb\",\"itemListElement\":[{\"@type\":\"ListItem\",\"position\":1,\"name\":\"Home\",\"item\":\"https:\/\/www.oiq.qc.ca\/en\/\"},{\"@type\":\"ListItem\",\"position\":2,\"name\":\"L&rsquo;Ordre\",\"item\":\"https:\/\/www.oiq.qc.ca\/en\/lordre\/\"},{\"@type\":\"ListItem\",\"position\":3,\"name\":\"Gouvernance\",\"item\":\"https:\/\/www.oiq.qc.ca\/en\/lordre\/gouvernance\/\"},{\"@type\":\"ListItem\",\"position\":4,\"name\":\"Conseil d&rsquo;administration\",\"item\":\"https:\/\/www.oiq.qc.ca\/en\/lordre\/gouvernance\/conseil-dadministration\/\"},{\"@type\":\"ListItem\",\"position\":5,\"name\":\"D\u00e9cisions du Conseil d&rsquo;administration\"}]},{\"@type\":\"WebSite\",\"@id\":\"https:\/\/www.oiq.qc.ca\/#website\",\"url\":\"https:\/\/www.oiq.qc.ca\/\",\"name\":\"OIQ - Ordre des ing\u00e9nieurs du Qu\u00e9bec\",\"description\":\"Ordre des ing\u00e9nieurs du Qu\u00e9bec\",\"publisher\":{\"@id\":\"https:\/\/www.oiq.qc.ca\/#organization\"},\"potentialAction\":[{\"@type\":\"SearchAction\",\"target\":{\"@type\":\"EntryPoint\",\"urlTemplate\":\"https:\/\/www.oiq.qc.ca\/?s={search_term_string}\"},\"query-input\":{\"@type\":\"PropertyValueSpecification\",\"valueRequired\":true,\"valueName\":\"search_term_string\"}}],\"inLanguage\":\"en-CA\"},{\"@type\":\"Organization\",\"@id\":\"https:\/\/www.oiq.qc.ca\/#organization\",\"name\":\"OIQ - Ordre des Ing\u00e9nieurs du Qu\u00e9bec\",\"url\":\"https:\/\/www.oiq.qc.ca\/\",\"logo\":{\"@type\":\"ImageObject\",\"inLanguage\":\"en-CA\",\"@id\":\"https:\/\/www.oiq.qc.ca\/#\/schema\/logo\/image\/\",\"url\":\"https:\/\/www.oiq.qc.ca\/wp-content\/uploads\/logo-oiq-696x696-yoast.png\",\"contentUrl\":\"https:\/\/www.oiq.qc.ca\/wp-content\/uploads\/logo-oiq-696x696-yoast.png\",\"width\":696,\"height\":696,\"caption\":\"OIQ - Ordre des Ing\u00e9nieurs du Qu\u00e9bec\"},\"image\":{\"@id\":\"https:\/\/www.oiq.qc.ca\/#\/schema\/logo\/image\/\"}}]}<\/script>\n<!-- \/ Yoast SEO plugin. -->","yoast_head_json":{"title":"OIQ &#8211; Ordre des ing\u00e9nieurs du Qu\u00e9bec","description":"Consultez les d\u00e9cisions du Conseil d\u2019administration qui orientent la gouvernance et nos actions au b\u00e9n\u00e9fice des membres.","robots":{"index":"index","follow":"follow","max-snippet":"max-snippet:-1","max-image-preview":"max-image-preview:large","max-video-preview":"max-video-preview:-1"},"canonical":"https:\/\/www.oiq.qc.ca\/en\/lordre\/gouvernance\/conseil-dadministration\/decisions-conseil-administration\/","og_locale":"en_US","og_type":"article","og_title":"D\u00e9cisions du Conseil d'administration - OIQ - Ordre des ing\u00e9nieurs du Qu\u00e9bec","og_description":"Consultez les d\u00e9cisions du Conseil d\u2019administration qui orientent la gouvernance et nos actions au b\u00e9n\u00e9fice des membres.","og_url":"https:\/\/www.oiq.qc.ca\/en\/lordre\/gouvernance\/conseil-dadministration\/decisions-conseil-administration\/","og_site_name":"OIQ - Ordre des ing\u00e9nieurs du Qu\u00e9bec","article_modified_time":"2025-11-26T19:13:53+00:00","og_image":[{"width":1200,"height":675,"url":"https:\/\/www.oiq.qc.ca\/wp-content\/uploads\/vignette-web.png","type":"image\/png"}],"twitter_card":"summary_large_image","twitter_misc":{"Est. reading time":"1 minute"},"schema":{"@context":"https:\/\/schema.org","@graph":[{"@type":"WebPage","@id":"https:\/\/www.oiq.qc.ca\/en\/lordre\/gouvernance\/conseil-dadministration\/decisions-conseil-administration\/","url":"https:\/\/www.oiq.qc.ca\/en\/lordre\/gouvernance\/conseil-dadministration\/decisions-conseil-administration\/","name":"D\u00e9cisions du Conseil d'administration - OIQ - Ordre des ing\u00e9nieurs du Qu\u00e9bec","isPartOf":{"@id":"https:\/\/www.oiq.qc.ca\/#website"},"datePublished":"2025-11-14T13:39:23+00:00","dateModified":"2025-11-26T19:13:53+00:00","description":"Consultez les d\u00e9cisions du Conseil d\u2019administration qui orientent la gouvernance et nos actions au b\u00e9n\u00e9fice des membres.","breadcrumb":{"@id":"https:\/\/www.oiq.qc.ca\/en\/lordre\/gouvernance\/conseil-dadministration\/decisions-conseil-administration\/#breadcrumb"},"inLanguage":"en-CA","potentialAction":[{"@type":"ReadAction","target":["https:\/\/www.oiq.qc.ca\/en\/lordre\/gouvernance\/conseil-dadministration\/decisions-conseil-administration\/"]}]},{"@type":"BreadcrumbList","@id":"https:\/\/www.oiq.qc.ca\/en\/lordre\/gouvernance\/conseil-dadministration\/decisions-conseil-administration\/#breadcrumb","itemListElement":[{"@type":"ListItem","position":1,"name":"Home","item":"https:\/\/www.oiq.qc.ca\/en\/"},{"@type":"ListItem","position":2,"name":"L&rsquo;Ordre","item":"https:\/\/www.oiq.qc.ca\/en\/lordre\/"},{"@type":"ListItem","position":3,"name":"Gouvernance","item":"https:\/\/www.oiq.qc.ca\/en\/lordre\/gouvernance\/"},{"@type":"ListItem","position":4,"name":"Conseil d&rsquo;administration","item":"https:\/\/www.oiq.qc.ca\/en\/lordre\/gouvernance\/conseil-dadministration\/"},{"@type":"ListItem","position":5,"name":"D\u00e9cisions du Conseil d&rsquo;administration"}]},{"@type":"WebSite","@id":"https:\/\/www.oiq.qc.ca\/#website","url":"https:\/\/www.oiq.qc.ca\/","name":"OIQ - Ordre des ing\u00e9nieurs du Qu\u00e9bec","description":"Ordre des ing\u00e9nieurs du Qu\u00e9bec","publisher":{"@id":"https:\/\/www.oiq.qc.ca\/#organization"},"potentialAction":[{"@type":"SearchAction","target":{"@type":"EntryPoint","urlTemplate":"https:\/\/www.oiq.qc.ca\/?s={search_term_string}"},"query-input":{"@type":"PropertyValueSpecification","valueRequired":true,"valueName":"search_term_string"}}],"inLanguage":"en-CA"},{"@type":"Organization","@id":"https:\/\/www.oiq.qc.ca\/#organization","name":"OIQ - Ordre des Ing\u00e9nieurs du Qu\u00e9bec","url":"https:\/\/www.oiq.qc.ca\/","logo":{"@type":"ImageObject","inLanguage":"en-CA","@id":"https:\/\/www.oiq.qc.ca\/#\/schema\/logo\/image\/","url":"https:\/\/www.oiq.qc.ca\/wp-content\/uploads\/logo-oiq-696x696-yoast.png","contentUrl":"https:\/\/www.oiq.qc.ca\/wp-content\/uploads\/logo-oiq-696x696-yoast.png","width":696,"height":696,"caption":"OIQ - Ordre des Ing\u00e9nieurs du Qu\u00e9bec"},"image":{"@id":"https:\/\/www.oiq.qc.ca\/#\/schema\/logo\/image\/"}}]}},"_links":{"self":[{"href":"https:\/\/www.oiq.qc.ca\/en\/wp-json\/wp\/v2\/pages\/48269","targetHints":{"allow":["GET"]}}],"collection":[{"href":"https:\/\/www.oiq.qc.ca\/en\/wp-json\/wp\/v2\/pages"}],"about":[{"href":"https:\/\/www.oiq.qc.ca\/en\/wp-json\/wp\/v2\/types\/page"}],"author":[{"embeddable":true,"href":"https:\/\/www.oiq.qc.ca\/en\/wp-json\/wp\/v2\/users\/20"}],"replies":[{"embeddable":true,"href":"https:\/\/www.oiq.qc.ca\/en\/wp-json\/wp\/v2\/comments?post=48269"}],"version-history":[{"count":0,"href":"https:\/\/www.oiq.qc.ca\/en\/wp-json\/wp\/v2\/pages\/48269\/revisions"}],"up":[{"embeddable":true,"href":"https:\/\/www.oiq.qc.ca\/en\/wp-json\/wp\/v2\/pages\/16837"}],"wp:attachment":[{"href":"https:\/\/www.oiq.qc.ca\/en\/wp-json\/wp\/v2\/media?parent=48269"}],"curies":[{"name":"wp","href":"https:\/\/api.w.org\/{rel}","templated":true}]}}