{"id":44810,"date":"2025-05-30T13:51:05","date_gmt":"2025-05-30T17:51:05","guid":{"rendered":"https:\/\/www.oiq.qc.ca\/?page_id=44810"},"modified":"2026-01-08T13:55:17","modified_gmt":"2026-01-08T18:55:17","slug":"plan-strategique","status":"publish","type":"page","link":"https:\/\/www.oiq.qc.ca\/en\/lordre\/gouvernance\/plan-strategique\/","title":{"rendered":"Plan strat\u00e9gique"},"content":{"rendered":"<div  class=\"block-wrapper \">\n<div class=\"message is-dark\">\n      <div class=\"message-wrapper container\">\n          <div class=\"row\">\n              <div class=\"col-12 mw-inner\">\n                  <div class=\"message-inner\">\n                      <div class=\"message-header\">\n                                                    <div class=\"message-content\">\n                                                            <div class=\"message-txt\">\n                                  <div class=\"wysiwyg \">\n\t<h4>Mission<\/h4>\n<p>Encadrer la pratique de l\u2019ing\u00e9nieure et de l\u2019ing\u00e9nieur et soutenir le d\u00e9veloppement de la profession afin de prot\u00e9ger le public.<\/p>\n<h4>Vision<\/h4>\n<p>\u00c9lever la pratique du g\u00e9nie pour contribuer \u00e0 l\u2019\u00e9volution de la soci\u00e9t\u00e9.<\/p>\n<h4>Valeurs<\/h4>\n<ul>\n<li>Int\u00e9grit\u00e9<\/li>\n<li>Respect<\/li>\n<li>Rigueur<\/li>\n<li>Responsabilit\u00e9<\/li>\n<li>Excellence<\/li>\n<\/ul>\n\n<\/div>                              <\/div>\n                              <div class=\"message-footer no-icon \">\n                                                                  <\/div>\n                          <\/div>\n                      <\/div>\n                  <\/div>\n              <\/div>\n          <\/div>\n        <\/div>\n<\/div>\n<\/div>\n\n\n<div  class=\"block-wrapper \" data-block-name=\"Nouvelle Section\">\n<div class=\"new-section \" >\n        <div class=\"ns-container\">\n                            <div class=\"ns-inner\">\n                    <div class=\"ns-content\">\n                        <div class=\"container\">\n                            <div class=\"row\">\n                                <div class=\"col-12\">\n                                    <div class=\"ns-title\">\n                                                                                    <h2 class=\"ns-title\">Nos orientations strat\u00e9giques et nos priorit\u00e9s<\/h2>\n                                                                            <\/div>\n                                <\/div>\n                                <div class=\"col-12\">\n                                    <div class=\"ns-txt\">\n                                                                                    <div class=\"wysiwyg \">\n\t<h3>1. SOCI\u00c9T\u00c9 \u2013 Leadership innovant<\/h3>\n<h4>Affirmer notre leadership pour faire face aux d\u00e9fis soci\u00e9taux, environnementaux et technologiques.<\/h4>\n<ul>\n<li>Intervenir sur les enjeux prioritaires touchant la protection du public et o\u00f9 l\u2019ing\u00e9nierie joue un r\u00f4le cl\u00e9.<\/li>\n<li>Mettre en place des initiatives structurantes soutenant l\u2019\u00e9volution de la soci\u00e9t\u00e9 et de la profession.<\/li>\n<li>Favoriser une approche de concertation accrue avec les parties prenantes.<\/li>\n<\/ul>\n<h3>2. PROFESSION \u2013 Attraction et valorisation<\/h3>\n<h4>Accro\u00eetre l\u2019attrait de la profession en valorisant le r\u00f4le et la contribution des ing\u00e9nieures et des ing\u00e9nieurs au sein de la soci\u00e9t\u00e9.<\/h4>\n<ul>\n<li>Renforcer la notori\u00e9t\u00e9 de la profession en soulignant la contribution des ing\u00e9nieures et des ing\u00e9nieurs \u00e0 la soci\u00e9t\u00e9.<\/li>\n<li>Renforcer l\u2019attractivit\u00e9 de la profession d\u2019ing\u00e9nieur en d\u00e9veloppant des collaborations strat\u00e9giques avec les employeurs.<\/li>\n<li>Attirer les futurs ing\u00e9nieurs et ing\u00e9nieures par des initiatives cibl\u00e9es, notamment dans les universit\u00e9s, en mettant en valeur les possibilit\u00e9s et les avantages qu\u2019offre la profession.<\/li>\n<\/ul>\n<h3>3. INDIVIDU \u2013 Proximit\u00e9 avec l\u2019Ordre<\/h3>\n<h4>Accompagner les membres et les personnes candidates \u00e0 la profession pour mieux les outiller tout au long de leur carri\u00e8re.<\/h4>\n<ul>\n<li>Implanter une approche client int\u00e9gr\u00e9e pour les diff\u00e9rents segments de client\u00e8le.<\/li>\n<li>Favoriser une communication enrichie avec les membres et les personnes candidates \u00e0 la profession.<\/li>\n<li>Contribuer activement \u00e0 l\u2019am\u00e9lioration de la pratique professionnelle.<\/li>\n<\/ul>\n<h3>4. ORGANISATION \u2013 Performance<\/h3>\n<h4>Revoir nos modes de fonctionnement et nos outils pour accro\u00eetre notre performance.<\/h4>\n<ul>\n<li>Augmenter la synergie organisationnelle.<\/li>\n<li>Accompagner le personnel et les gestionnaires dans les changements n\u00e9cessaires pour suivre l\u2019\u00e9volution de l\u2019Ordre.<\/li>\n<li>Accro\u00eetre l\u2019utilisation des syst\u00e8mes d\u2019information et de l\u2019intelligence d\u2019affaires.<\/li>\n<\/ul>\n\n<\/div>                                                                            <\/div>\n                                <\/div>\n                            <\/div>\n                        <\/div>\n                    <\/div>\n                                    <\/div>\n                    <\/div>\n    <\/div>\n\n<script>\n    $(window).load(function() {\n        let hash = window.location.hash;\n        if (hash) {\n            $('html,body').animate({ scrollTop: $(hash).offset().top - 60 }, 'slow');\n        }\n    });\n<\/script>\n<\/div>\n\n\n<div  class=\"block-wrapper \" data-block-name=\"Text + Media Altern\u00e9s\">\n<div class=\"text-media reverse has-shadow\">\n    <div class=\"container\">\n        <div class=\"tm-left\">\n                        <h2>\u00c9lever la pratique du g\u00e9nie<\/h2>\n                                                    <div class=\"wysiwyg \">\n\t<p>\u00ab C\u2019est avec fiert\u00e9 que je vous pr\u00e9sente le plus r\u00e9cent plan strat\u00e9gique de l\u2019Ordre des ing\u00e9nieurs du Qu\u00e9bec. Celui-ci trace la voie pour les trois prochaines ann\u00e9es, d\u00e9finissant les orientations et les priorit\u00e9s qui nous permettront non seulement de soutenir notre mission, mais aussi d\u2019anticiper et de r\u00e9pondre aux d\u00e9fis qui fa\u00e7onneront l\u2019avenir du g\u00e9nie.<\/p>\n<p>&nbsp;<\/p>\n\n<\/div>                                <\/div>\n        <div class=\"tm-right\">\n                                            <figure class=\"tm-figure acf-image-figure\">\n      <img decoding=\"async\" class=\"tm-image has-shadow\" src=\"https:\/\/www.oiq.qc.ca\/wp-content\/uploads\/sophie-47-photo-principale-horizontale-560x370-1.jpg\" alt=\"Photo de Sophie Larivi\u00e8re-Mantha\">\n      <figcaption class=\"acf-image-caption\">Portrait de Sophie Larivi\u00e8re-Mantha, pr\u00e9sidente de l&#8217;Ordre<\/figcaption>\n    <\/figure>\n                                      <\/div>\n    <\/div>\n  <\/div>\n\n<\/div>\n\n\n<div  class=\"block-wrapper \" data-block-name=\"Wysiwyg\">\n<div class=\"bloc-wysiwyg \">\n    <div class=\"container\">\n        <div class=\"wysiwyg \">\n\t<p>Au cours des derni\u00e8res ann\u00e9es, l\u2019Ordre s\u2019est affirm\u00e9 comme un pilier solide en mati\u00e8re de protection du public. Nos m\u00e9canismes de contr\u00f4le et de surveillance de la profession se sont solidement \u00e9tablis et continuent de faire leurs preuves. Gr\u00e2ce \u00e0 la rigueur et au d\u00e9vouement de nos \u00e9quipes, nous avons \u00e9galement su renforcer la confiance du public envers la profession.<\/p>\n<p>Regardant vers l\u2019avenir avec ambition, nous sommes convaincus qu\u2019il est temps de donner un nouvel \u00e9lan \u00e0 notre mission. Nous aspirons \u00e0 \u00e9lever la pratique du g\u00e9nie \u00e0 un niveau sup\u00e9rieur afin que celle-ci puisse continuer de contribuer de mani\u00e8re encore plus significative \u00e0 l\u2019\u00e9volution de la soci\u00e9t\u00e9. Pour concr\u00e9tiser cette vision audacieuse, nous avons d\u00e9velopp\u00e9 un nouveau plan strat\u00e9gique articul\u00e9 autour de quatre grands axes : la soci\u00e9t\u00e9, la profession, l\u2019individu et l\u2019organisation. Ensemble, nous travaillerons \u00e0 faire du g\u00e9nie une profession inspirante, responsable et visionnaire. \u00bb<\/p>\n<p><strong>Sophie Larivi\u00e8re-Mantha, ing., MBA, ASC<\/strong><br \/>\nPr\u00e9sidente de l\u2019Ordre<\/p>\n\n<\/div>    <\/div>\n<\/div>\n<\/div>\n","protected":false},"excerpt":{"rendered":"","protected":false},"author":8,"featured_media":0,"parent":16835,"menu_order":0,"comment_status":"closed","ping_status":"closed","template":"views\/template-builder.blade.php","meta":{"_acf_changed":false,"_relevanssi_hide_post":"","_relevanssi_hide_content":"","_relevanssi_pin_for_all":"","_relevanssi_pin_keywords":"","_relevanssi_unpin_keywords":"","_relevanssi_related_keywords":"","_relevanssi_related_include_ids":"","_relevanssi_related_exclude_ids":"","_relevanssi_related_no_append":"","_relevanssi_related_not_related":"","_relevanssi_related_posts":"1","_relevanssi_noindex_reason":"","inline_featured_image":false,"footnotes":""},"class_list":["post-44810","page","type-page","status-publish","hentry"],"acf":[],"yoast_head":"<!-- This site is optimized with the Yoast SEO plugin v26.6 - https:\/\/yoast.com\/wordpress\/plugins\/seo\/ -->\n<title>OIQ &#8211; Ordre des ing\u00e9nieurs du Qu\u00e9bec<\/title>\n<meta name=\"description\" content=\"Le plan strat\u00e9gique d\u00e9finit les orientations et les priorit\u00e9s qui guideront les actions de l&#039;Ordre jusqu&#039;en 2028.\" \/>\n<meta name=\"robots\" content=\"index, follow, max-snippet:-1, max-image-preview:large, max-video-preview:-1\" \/>\n<link rel=\"canonical\" href=\"https:\/\/www.oiq.qc.ca\/en\/lordre\/gouvernance\/plan-strategique\/\" \/>\n<meta property=\"og:locale\" content=\"en_US\" \/>\n<meta property=\"og:type\" content=\"article\" \/>\n<meta property=\"og:title\" content=\"Plan strat\u00e9gique - OIQ - Ordre des ing\u00e9nieurs du Qu\u00e9bec\" \/>\n<meta property=\"og:description\" content=\"Le plan strat\u00e9gique d\u00e9finit les orientations et les priorit\u00e9s qui guideront les actions de l&#039;Ordre jusqu&#039;en 2028.\" \/>\n<meta property=\"og:url\" content=\"https:\/\/www.oiq.qc.ca\/en\/lordre\/gouvernance\/plan-strategique\/\" \/>\n<meta property=\"og:site_name\" content=\"OIQ - Ordre des ing\u00e9nieurs du Qu\u00e9bec\" \/>\n<meta property=\"article:modified_time\" content=\"2026-01-08T18:55:17+00:00\" \/>\n<meta property=\"og:image\" content=\"https:\/\/www.oiq.qc.ca\/wp-content\/uploads\/vignette-web.png\" \/>\n\t<meta property=\"og:image:width\" content=\"1200\" \/>\n\t<meta property=\"og:image:height\" content=\"675\" \/>\n\t<meta property=\"og:image:type\" content=\"image\/png\" \/>\n<meta name=\"twitter:card\" content=\"summary_large_image\" \/>\n<meta name=\"twitter:label1\" content=\"Est. reading time\" \/>\n\t<meta name=\"twitter:data1\" content=\"4 minutes\" \/>\n<script type=\"application\/ld+json\" class=\"yoast-schema-graph\">{\"@context\":\"https:\/\/schema.org\",\"@graph\":[{\"@type\":\"WebPage\",\"@id\":\"https:\/\/www.oiq.qc.ca\/en\/lordre\/gouvernance\/plan-strategique\/\",\"url\":\"https:\/\/www.oiq.qc.ca\/en\/lordre\/gouvernance\/plan-strategique\/\",\"name\":\"Plan strat\u00e9gique - OIQ - Ordre des ing\u00e9nieurs du Qu\u00e9bec\",\"isPartOf\":{\"@id\":\"https:\/\/www.oiq.qc.ca\/#website\"},\"datePublished\":\"2025-05-30T17:51:05+00:00\",\"dateModified\":\"2026-01-08T18:55:17+00:00\",\"description\":\"Le plan strat\u00e9gique d\u00e9finit les orientations et les priorit\u00e9s qui guideront les actions de l'Ordre jusqu'en 2028.\",\"breadcrumb\":{\"@id\":\"https:\/\/www.oiq.qc.ca\/en\/lordre\/gouvernance\/plan-strategique\/#breadcrumb\"},\"inLanguage\":\"en-CA\",\"potentialAction\":[{\"@type\":\"ReadAction\",\"target\":[\"https:\/\/www.oiq.qc.ca\/en\/lordre\/gouvernance\/plan-strategique\/\"]}]},{\"@type\":\"BreadcrumbList\",\"@id\":\"https:\/\/www.oiq.qc.ca\/en\/lordre\/gouvernance\/plan-strategique\/#breadcrumb\",\"itemListElement\":[{\"@type\":\"ListItem\",\"position\":1,\"name\":\"Home\",\"item\":\"https:\/\/www.oiq.qc.ca\/en\/\"},{\"@type\":\"ListItem\",\"position\":2,\"name\":\"L&rsquo;Ordre\",\"item\":\"https:\/\/www.oiq.qc.ca\/en\/lordre\/\"},{\"@type\":\"ListItem\",\"position\":3,\"name\":\"Gouvernance\",\"item\":\"https:\/\/www.oiq.qc.ca\/en\/lordre\/gouvernance\/\"},{\"@type\":\"ListItem\",\"position\":4,\"name\":\"Plan strat\u00e9gique\"}]},{\"@type\":\"WebSite\",\"@id\":\"https:\/\/www.oiq.qc.ca\/#website\",\"url\":\"https:\/\/www.oiq.qc.ca\/\",\"name\":\"OIQ - Ordre des ing\u00e9nieurs du Qu\u00e9bec\",\"description\":\"Ordre des ing\u00e9nieurs du Qu\u00e9bec\",\"publisher\":{\"@id\":\"https:\/\/www.oiq.qc.ca\/#organization\"},\"potentialAction\":[{\"@type\":\"SearchAction\",\"target\":{\"@type\":\"EntryPoint\",\"urlTemplate\":\"https:\/\/www.oiq.qc.ca\/?s={search_term_string}\"},\"query-input\":{\"@type\":\"PropertyValueSpecification\",\"valueRequired\":true,\"valueName\":\"search_term_string\"}}],\"inLanguage\":\"en-CA\"},{\"@type\":\"Organization\",\"@id\":\"https:\/\/www.oiq.qc.ca\/#organization\",\"name\":\"OIQ - Ordre des Ing\u00e9nieurs du Qu\u00e9bec\",\"url\":\"https:\/\/www.oiq.qc.ca\/\",\"logo\":{\"@type\":\"ImageObject\",\"inLanguage\":\"en-CA\",\"@id\":\"https:\/\/www.oiq.qc.ca\/#\/schema\/logo\/image\/\",\"url\":\"https:\/\/www.oiq.qc.ca\/wp-content\/uploads\/logo-oiq-696x696-yoast.png\",\"contentUrl\":\"https:\/\/www.oiq.qc.ca\/wp-content\/uploads\/logo-oiq-696x696-yoast.png\",\"width\":696,\"height\":696,\"caption\":\"OIQ - Ordre des Ing\u00e9nieurs du Qu\u00e9bec\"},\"image\":{\"@id\":\"https:\/\/www.oiq.qc.ca\/#\/schema\/logo\/image\/\"}}]}<\/script>\n<!-- \/ Yoast SEO plugin. -->","yoast_head_json":{"title":"OIQ &#8211; Ordre des ing\u00e9nieurs du Qu\u00e9bec","description":"Le plan strat\u00e9gique d\u00e9finit les orientations et les priorit\u00e9s qui guideront les actions de l'Ordre jusqu'en 2028.","robots":{"index":"index","follow":"follow","max-snippet":"max-snippet:-1","max-image-preview":"max-image-preview:large","max-video-preview":"max-video-preview:-1"},"canonical":"https:\/\/www.oiq.qc.ca\/en\/lordre\/gouvernance\/plan-strategique\/","og_locale":"en_US","og_type":"article","og_title":"Plan strat\u00e9gique - OIQ - Ordre des ing\u00e9nieurs du Qu\u00e9bec","og_description":"Le plan strat\u00e9gique d\u00e9finit les orientations et les priorit\u00e9s qui guideront les actions de l'Ordre jusqu'en 2028.","og_url":"https:\/\/www.oiq.qc.ca\/en\/lordre\/gouvernance\/plan-strategique\/","og_site_name":"OIQ - Ordre des ing\u00e9nieurs du Qu\u00e9bec","article_modified_time":"2026-01-08T18:55:17+00:00","og_image":[{"width":1200,"height":675,"url":"https:\/\/www.oiq.qc.ca\/wp-content\/uploads\/vignette-web.png","type":"image\/png"}],"twitter_card":"summary_large_image","twitter_misc":{"Est. reading time":"4 minutes"},"schema":{"@context":"https:\/\/schema.org","@graph":[{"@type":"WebPage","@id":"https:\/\/www.oiq.qc.ca\/en\/lordre\/gouvernance\/plan-strategique\/","url":"https:\/\/www.oiq.qc.ca\/en\/lordre\/gouvernance\/plan-strategique\/","name":"Plan strat\u00e9gique - OIQ - Ordre des ing\u00e9nieurs du Qu\u00e9bec","isPartOf":{"@id":"https:\/\/www.oiq.qc.ca\/#website"},"datePublished":"2025-05-30T17:51:05+00:00","dateModified":"2026-01-08T18:55:17+00:00","description":"Le plan strat\u00e9gique d\u00e9finit les orientations et les priorit\u00e9s qui guideront les actions de l'Ordre jusqu'en 2028.","breadcrumb":{"@id":"https:\/\/www.oiq.qc.ca\/en\/lordre\/gouvernance\/plan-strategique\/#breadcrumb"},"inLanguage":"en-CA","potentialAction":[{"@type":"ReadAction","target":["https:\/\/www.oiq.qc.ca\/en\/lordre\/gouvernance\/plan-strategique\/"]}]},{"@type":"BreadcrumbList","@id":"https:\/\/www.oiq.qc.ca\/en\/lordre\/gouvernance\/plan-strategique\/#breadcrumb","itemListElement":[{"@type":"ListItem","position":1,"name":"Home","item":"https:\/\/www.oiq.qc.ca\/en\/"},{"@type":"ListItem","position":2,"name":"L&rsquo;Ordre","item":"https:\/\/www.oiq.qc.ca\/en\/lordre\/"},{"@type":"ListItem","position":3,"name":"Gouvernance","item":"https:\/\/www.oiq.qc.ca\/en\/lordre\/gouvernance\/"},{"@type":"ListItem","position":4,"name":"Plan strat\u00e9gique"}]},{"@type":"WebSite","@id":"https:\/\/www.oiq.qc.ca\/#website","url":"https:\/\/www.oiq.qc.ca\/","name":"OIQ - Ordre des ing\u00e9nieurs du Qu\u00e9bec","description":"Ordre des ing\u00e9nieurs du Qu\u00e9bec","publisher":{"@id":"https:\/\/www.oiq.qc.ca\/#organization"},"potentialAction":[{"@type":"SearchAction","target":{"@type":"EntryPoint","urlTemplate":"https:\/\/www.oiq.qc.ca\/?s={search_term_string}"},"query-input":{"@type":"PropertyValueSpecification","valueRequired":true,"valueName":"search_term_string"}}],"inLanguage":"en-CA"},{"@type":"Organization","@id":"https:\/\/www.oiq.qc.ca\/#organization","name":"OIQ - Ordre des Ing\u00e9nieurs du Qu\u00e9bec","url":"https:\/\/www.oiq.qc.ca\/","logo":{"@type":"ImageObject","inLanguage":"en-CA","@id":"https:\/\/www.oiq.qc.ca\/#\/schema\/logo\/image\/","url":"https:\/\/www.oiq.qc.ca\/wp-content\/uploads\/logo-oiq-696x696-yoast.png","contentUrl":"https:\/\/www.oiq.qc.ca\/wp-content\/uploads\/logo-oiq-696x696-yoast.png","width":696,"height":696,"caption":"OIQ - Ordre des Ing\u00e9nieurs du Qu\u00e9bec"},"image":{"@id":"https:\/\/www.oiq.qc.ca\/#\/schema\/logo\/image\/"}}]}},"_links":{"self":[{"href":"https:\/\/www.oiq.qc.ca\/en\/wp-json\/wp\/v2\/pages\/44810","targetHints":{"allow":["GET"]}}],"collection":[{"href":"https:\/\/www.oiq.qc.ca\/en\/wp-json\/wp\/v2\/pages"}],"about":[{"href":"https:\/\/www.oiq.qc.ca\/en\/wp-json\/wp\/v2\/types\/page"}],"author":[{"embeddable":true,"href":"https:\/\/www.oiq.qc.ca\/en\/wp-json\/wp\/v2\/users\/8"}],"replies":[{"embeddable":true,"href":"https:\/\/www.oiq.qc.ca\/en\/wp-json\/wp\/v2\/comments?post=44810"}],"version-history":[{"count":0,"href":"https:\/\/www.oiq.qc.ca\/en\/wp-json\/wp\/v2\/pages\/44810\/revisions"}],"up":[{"embeddable":true,"href":"https:\/\/www.oiq.qc.ca\/en\/wp-json\/wp\/v2\/pages\/16835"}],"wp:attachment":[{"href":"https:\/\/www.oiq.qc.ca\/en\/wp-json\/wp\/v2\/media?parent=44810"}],"curies":[{"name":"wp","href":"https:\/\/api.w.org\/{rel}","templated":true}]}}