{"id":41013,"date":"2024-10-29T11:20:29","date_gmt":"2024-10-29T15:20:29","guid":{"rendered":"https:\/\/www.oiq.qc.ca\/?page_id=41013"},"modified":"2024-10-29T11:33:25","modified_gmt":"2024-10-29T15:33:25","slug":"directive-protection-renseignements-personnels-cadre-sondage","status":"publish","type":"page","link":"https:\/\/www.oiq.qc.ca\/en\/lordre\/politiques-lois-et-reglements\/directive-protection-renseignements-personnels-cadre-sondage\/","title":{"rendered":"Directive protection renseignements personnels cadre sondage"},"content":{"rendered":"","protected":false},"excerpt":{"rendered":"","protected":false},"author":1,"featured_media":0,"parent":16828,"menu_order":0,"comment_status":"closed","ping_status":"closed","template":"views\/template-builder.blade.php","meta":{"_acf_changed":false,"_relevanssi_hide_post":"","_relevanssi_hide_content":"","_relevanssi_pin_for_all":"","_relevanssi_pin_keywords":"","_relevanssi_unpin_keywords":"","_relevanssi_related_keywords":"","_relevanssi_related_include_ids":"","_relevanssi_related_exclude_ids":"","_relevanssi_related_no_append":"","_relevanssi_related_not_related":"","_relevanssi_related_posts":"1","_relevanssi_noindex_reason":"","inline_featured_image":false,"footnotes":""},"class_list":["post-41013","page","type-page","status-publish","hentry"],"acf":[],"yoast_head":"<!-- This site is optimized with the Yoast SEO plugin v26.6 - https:\/\/yoast.com\/wordpress\/plugins\/seo\/ -->\n<title>OIQ &#8211; Ordre des ing\u00e9nieurs du Qu\u00e9bec<\/title>\n<meta name=\"description\" content=\"Consultez les conditions g\u00e9n\u00e9rales et l&#039;utilisation de vos donn\u00e9es personnelles sur le site de l&#039;Ordre des ing\u00e9nieurs du Qu\u00e9bec.\" \/>\n<meta name=\"robots\" content=\"index, follow, max-snippet:-1, max-image-preview:large, max-video-preview:-1\" \/>\n<link rel=\"canonical\" href=\"https:\/\/www.oiq.qc.ca\/en\/lordre\/politiques-lois-et-reglements\/directive-protection-renseignements-personnels-cadre-sondage\/\" \/>\n<meta property=\"og:locale\" content=\"en_US\" \/>\n<meta property=\"og:type\" content=\"article\" \/>\n<meta property=\"og:title\" content=\"Directive protection renseignements personnels cadre sondage - OIQ - Ordre des ing\u00e9nieurs du Qu\u00e9bec\" \/>\n<meta property=\"og:description\" content=\"Consultez les conditions g\u00e9n\u00e9rales et l&#039;utilisation de vos donn\u00e9es personnelles sur le site de l&#039;Ordre des ing\u00e9nieurs du Qu\u00e9bec.\" \/>\n<meta property=\"og:url\" content=\"https:\/\/www.oiq.qc.ca\/en\/lordre\/politiques-lois-et-reglements\/directive-protection-renseignements-personnels-cadre-sondage\/\" \/>\n<meta property=\"og:site_name\" content=\"OIQ - Ordre des ing\u00e9nieurs du Qu\u00e9bec\" \/>\n<meta property=\"article:modified_time\" content=\"2024-10-29T15:33:25+00:00\" \/>\n<meta property=\"og:image\" content=\"https:\/\/www.oiq.qc.ca\/wp-content\/uploads\/vignette-web.png\" \/>\n\t<meta property=\"og:image:width\" content=\"1200\" \/>\n\t<meta property=\"og:image:height\" content=\"675\" \/>\n\t<meta property=\"og:image:type\" content=\"image\/png\" \/>\n<meta name=\"twitter:card\" content=\"summary_large_image\" \/>\n<meta name=\"twitter:label1\" content=\"Est. reading time\" \/>\n\t<meta name=\"twitter:data1\" content=\"2 minutes\" \/>\n<script type=\"application\/ld+json\" class=\"yoast-schema-graph\">{\"@context\":\"https:\/\/schema.org\",\"@graph\":[{\"@type\":\"WebPage\",\"@id\":\"https:\/\/www.oiq.qc.ca\/en\/lordre\/politiques-lois-et-reglements\/directive-protection-renseignements-personnels-cadre-sondage\/\",\"url\":\"https:\/\/www.oiq.qc.ca\/en\/lordre\/politiques-lois-et-reglements\/directive-protection-renseignements-personnels-cadre-sondage\/\",\"name\":\"Directive protection renseignements personnels cadre sondage - OIQ - Ordre des ing\u00e9nieurs du Qu\u00e9bec\",\"isPartOf\":{\"@id\":\"https:\/\/www.oiq.qc.ca\/#website\"},\"datePublished\":\"2024-10-29T15:20:29+00:00\",\"dateModified\":\"2024-10-29T15:33:25+00:00\",\"description\":\"Consultez les conditions g\u00e9n\u00e9rales et l'utilisation de vos donn\u00e9es personnelles sur le site de l'Ordre des ing\u00e9nieurs du Qu\u00e9bec.\",\"breadcrumb\":{\"@id\":\"https:\/\/www.oiq.qc.ca\/en\/lordre\/politiques-lois-et-reglements\/directive-protection-renseignements-personnels-cadre-sondage\/#breadcrumb\"},\"inLanguage\":\"en-CA\",\"potentialAction\":[{\"@type\":\"ReadAction\",\"target\":[\"https:\/\/www.oiq.qc.ca\/en\/lordre\/politiques-lois-et-reglements\/directive-protection-renseignements-personnels-cadre-sondage\/\"]}]},{\"@type\":\"BreadcrumbList\",\"@id\":\"https:\/\/www.oiq.qc.ca\/en\/lordre\/politiques-lois-et-reglements\/directive-protection-renseignements-personnels-cadre-sondage\/#breadcrumb\",\"itemListElement\":[{\"@type\":\"ListItem\",\"position\":1,\"name\":\"Home\",\"item\":\"https:\/\/www.oiq.qc.ca\/en\/\"},{\"@type\":\"ListItem\",\"position\":2,\"name\":\"L&rsquo;Ordre\",\"item\":\"https:\/\/www.oiq.qc.ca\/en\/lordre\/\"},{\"@type\":\"ListItem\",\"position\":3,\"name\":\"Lois, r\u00e8glements et politiques\",\"item\":\"https:\/\/www.oiq.qc.ca\/en\/lordre\/politiques-lois-et-reglements\/\"},{\"@type\":\"ListItem\",\"position\":4,\"name\":\"Directive protection renseignements personnels cadre sondage\"}]},{\"@type\":\"WebSite\",\"@id\":\"https:\/\/www.oiq.qc.ca\/#website\",\"url\":\"https:\/\/www.oiq.qc.ca\/\",\"name\":\"OIQ - Ordre des ing\u00e9nieurs du Qu\u00e9bec\",\"description\":\"Ordre des ing\u00e9nieurs du Qu\u00e9bec\",\"publisher\":{\"@id\":\"https:\/\/www.oiq.qc.ca\/#organization\"},\"potentialAction\":[{\"@type\":\"SearchAction\",\"target\":{\"@type\":\"EntryPoint\",\"urlTemplate\":\"https:\/\/www.oiq.qc.ca\/?s={search_term_string}\"},\"query-input\":{\"@type\":\"PropertyValueSpecification\",\"valueRequired\":true,\"valueName\":\"search_term_string\"}}],\"inLanguage\":\"en-CA\"},{\"@type\":\"Organization\",\"@id\":\"https:\/\/www.oiq.qc.ca\/#organization\",\"name\":\"OIQ - Ordre des Ing\u00e9nieurs du Qu\u00e9bec\",\"url\":\"https:\/\/www.oiq.qc.ca\/\",\"logo\":{\"@type\":\"ImageObject\",\"inLanguage\":\"en-CA\",\"@id\":\"https:\/\/www.oiq.qc.ca\/#\/schema\/logo\/image\/\",\"url\":\"https:\/\/www.oiq.qc.ca\/wp-content\/uploads\/logo-oiq-696x696-yoast.png\",\"contentUrl\":\"https:\/\/www.oiq.qc.ca\/wp-content\/uploads\/logo-oiq-696x696-yoast.png\",\"width\":696,\"height\":696,\"caption\":\"OIQ - Ordre des Ing\u00e9nieurs du Qu\u00e9bec\"},\"image\":{\"@id\":\"https:\/\/www.oiq.qc.ca\/#\/schema\/logo\/image\/\"}}]}<\/script>\n<!-- \/ Yoast SEO plugin. -->","yoast_head_json":{"title":"OIQ &#8211; Ordre des ing\u00e9nieurs du Qu\u00e9bec","description":"Consultez les conditions g\u00e9n\u00e9rales et l'utilisation de vos donn\u00e9es personnelles sur le site de l'Ordre des ing\u00e9nieurs du Qu\u00e9bec.","robots":{"index":"index","follow":"follow","max-snippet":"max-snippet:-1","max-image-preview":"max-image-preview:large","max-video-preview":"max-video-preview:-1"},"canonical":"https:\/\/www.oiq.qc.ca\/en\/lordre\/politiques-lois-et-reglements\/directive-protection-renseignements-personnels-cadre-sondage\/","og_locale":"en_US","og_type":"article","og_title":"Directive protection renseignements personnels cadre sondage - OIQ - Ordre des ing\u00e9nieurs du Qu\u00e9bec","og_description":"Consultez les conditions g\u00e9n\u00e9rales et l'utilisation de vos donn\u00e9es personnelles sur le site de l'Ordre des ing\u00e9nieurs du Qu\u00e9bec.","og_url":"https:\/\/www.oiq.qc.ca\/en\/lordre\/politiques-lois-et-reglements\/directive-protection-renseignements-personnels-cadre-sondage\/","og_site_name":"OIQ - Ordre des ing\u00e9nieurs du Qu\u00e9bec","article_modified_time":"2024-10-29T15:33:25+00:00","og_image":[{"width":1200,"height":675,"url":"https:\/\/www.oiq.qc.ca\/wp-content\/uploads\/vignette-web.png","type":"image\/png"}],"twitter_card":"summary_large_image","twitter_misc":{"Est. reading time":"2 minutes"},"schema":{"@context":"https:\/\/schema.org","@graph":[{"@type":"WebPage","@id":"https:\/\/www.oiq.qc.ca\/en\/lordre\/politiques-lois-et-reglements\/directive-protection-renseignements-personnels-cadre-sondage\/","url":"https:\/\/www.oiq.qc.ca\/en\/lordre\/politiques-lois-et-reglements\/directive-protection-renseignements-personnels-cadre-sondage\/","name":"Directive protection renseignements personnels cadre sondage - OIQ - Ordre des ing\u00e9nieurs du Qu\u00e9bec","isPartOf":{"@id":"https:\/\/www.oiq.qc.ca\/#website"},"datePublished":"2024-10-29T15:20:29+00:00","dateModified":"2024-10-29T15:33:25+00:00","description":"Consultez les conditions g\u00e9n\u00e9rales et l'utilisation de vos donn\u00e9es personnelles sur le site de l'Ordre des ing\u00e9nieurs du Qu\u00e9bec.","breadcrumb":{"@id":"https:\/\/www.oiq.qc.ca\/en\/lordre\/politiques-lois-et-reglements\/directive-protection-renseignements-personnels-cadre-sondage\/#breadcrumb"},"inLanguage":"en-CA","potentialAction":[{"@type":"ReadAction","target":["https:\/\/www.oiq.qc.ca\/en\/lordre\/politiques-lois-et-reglements\/directive-protection-renseignements-personnels-cadre-sondage\/"]}]},{"@type":"BreadcrumbList","@id":"https:\/\/www.oiq.qc.ca\/en\/lordre\/politiques-lois-et-reglements\/directive-protection-renseignements-personnels-cadre-sondage\/#breadcrumb","itemListElement":[{"@type":"ListItem","position":1,"name":"Home","item":"https:\/\/www.oiq.qc.ca\/en\/"},{"@type":"ListItem","position":2,"name":"L&rsquo;Ordre","item":"https:\/\/www.oiq.qc.ca\/en\/lordre\/"},{"@type":"ListItem","position":3,"name":"Lois, r\u00e8glements et politiques","item":"https:\/\/www.oiq.qc.ca\/en\/lordre\/politiques-lois-et-reglements\/"},{"@type":"ListItem","position":4,"name":"Directive protection renseignements personnels cadre sondage"}]},{"@type":"WebSite","@id":"https:\/\/www.oiq.qc.ca\/#website","url":"https:\/\/www.oiq.qc.ca\/","name":"OIQ - Ordre des ing\u00e9nieurs du Qu\u00e9bec","description":"Ordre des ing\u00e9nieurs du Qu\u00e9bec","publisher":{"@id":"https:\/\/www.oiq.qc.ca\/#organization"},"potentialAction":[{"@type":"SearchAction","target":{"@type":"EntryPoint","urlTemplate":"https:\/\/www.oiq.qc.ca\/?s={search_term_string}"},"query-input":{"@type":"PropertyValueSpecification","valueRequired":true,"valueName":"search_term_string"}}],"inLanguage":"en-CA"},{"@type":"Organization","@id":"https:\/\/www.oiq.qc.ca\/#organization","name":"OIQ - Ordre des Ing\u00e9nieurs du Qu\u00e9bec","url":"https:\/\/www.oiq.qc.ca\/","logo":{"@type":"ImageObject","inLanguage":"en-CA","@id":"https:\/\/www.oiq.qc.ca\/#\/schema\/logo\/image\/","url":"https:\/\/www.oiq.qc.ca\/wp-content\/uploads\/logo-oiq-696x696-yoast.png","contentUrl":"https:\/\/www.oiq.qc.ca\/wp-content\/uploads\/logo-oiq-696x696-yoast.png","width":696,"height":696,"caption":"OIQ - Ordre des Ing\u00e9nieurs du Qu\u00e9bec"},"image":{"@id":"https:\/\/www.oiq.qc.ca\/#\/schema\/logo\/image\/"}}]}},"_links":{"self":[{"href":"https:\/\/www.oiq.qc.ca\/en\/wp-json\/wp\/v2\/pages\/41013","targetHints":{"allow":["GET"]}}],"collection":[{"href":"https:\/\/www.oiq.qc.ca\/en\/wp-json\/wp\/v2\/pages"}],"about":[{"href":"https:\/\/www.oiq.qc.ca\/en\/wp-json\/wp\/v2\/types\/page"}],"author":[{"embeddable":true,"href":"https:\/\/www.oiq.qc.ca\/en\/wp-json\/wp\/v2\/users\/1"}],"replies":[{"embeddable":true,"href":"https:\/\/www.oiq.qc.ca\/en\/wp-json\/wp\/v2\/comments?post=41013"}],"version-history":[{"count":0,"href":"https:\/\/www.oiq.qc.ca\/en\/wp-json\/wp\/v2\/pages\/41013\/revisions"}],"up":[{"embeddable":true,"href":"https:\/\/www.oiq.qc.ca\/en\/wp-json\/wp\/v2\/pages\/16828"}],"wp:attachment":[{"href":"https:\/\/www.oiq.qc.ca\/en\/wp-json\/wp\/v2\/media?parent=41013"}],"curies":[{"name":"wp","href":"https:\/\/api.w.org\/{rel}","templated":true}]}}