{"id":17489,"date":"2022-03-17T22:53:07","date_gmt":"2022-03-17T22:53:07","guid":{"rendered":"https:\/\/www.oiq.qc.ca\/membres\/your-obligations\/ethics\/repondre-a-une-enquete\/"},"modified":"2022-08-24T13:45:53","modified_gmt":"2022-08-24T17:45:53","slug":"repondre-a-une-enquete","status":"publish","type":"page","link":"https:\/\/www.oiq.qc.ca\/en\/membres\/your-obligations\/ethics\/repondre-a-une-enquete\/","title":{"rendered":"Investigations of the Office of the Syndic\ufffc"},"content":{"rendered":"<div  class=\"block-wrapper \" data-block-name=\"Nouvelle Section\">\n<div class=\"new-section \" >\n        <div class=\"ns-container\">\n                            <div class=\"ns-inner\">\n                    <div class=\"ns-content\">\n                        <div class=\"container\">\n                            <div class=\"row\">\n                                <div class=\"col-12\">\n                                    <div class=\"ns-title\">\n                                                                                    <h2 class=\"ns-title\">All about the investigation<\/h2>\n                                                                            <\/div>\n                                <\/div>\n                                <div class=\"col-12\">\n                                    <div class=\"ns-txt\">\n                                                                                    <div class=\"wysiwyg \">\n\t<h4><strong>Why am I being investigated?<\/strong><\/h4>\n<p>Investigations are conducted for a variety of reasons. They are usually related to behaviour which is inappropriate in the context of your professional practice. They can therefore be launched for anything related to the practice of engineering, whether it is a reserved activity or not.<\/p>\n<h3><\/h3>\n<h4><strong>Who can make a report?<\/strong><\/h4>\n<p>Any individual or organization can report, including colleagues, client organizations, government agencies or public members.<\/p>\n<h3><\/h3>\n<h4><strong>How is the investigation conducted?<\/strong><\/h4>\n<p>Following a report, the OIQ\u2019s Office of the Syndic may decide to launch an investigation. The Office of the Syndic is bound by a duty of discretion to preserve the confidentiality of the process as much as possible.<\/p>\n<p>The Office of the Syndic will ask you for your version of the facts and any documents it deems relevant . You are obliged to cooperate fully with the investigation and to respond as soon as possible.<\/p>\n<p>On average, <strong>it takes less than a year<\/strong> from the start of \u00a0the investigation to its conclusion.<\/p>\n<h3><\/h3>\n<h4><strong>What are the possible conclusions of an investigation? <\/strong><\/h4>\n<ul>\n<li>Conclusion of the investigation without further action if the Office of the Syndic deems the report unfounded.<\/li>\n<li>Non-disciplinary measures (such as a warning, a reminder of certain ethical obligations or a request that a professional inspection be conducted).<\/li>\n<li>Filing a complaint with the OIQ\u2019s <a href=\"https:\/\/www.oiq.qc.ca\/en\/general-public\/protection-of-the-public\/disciplinary-council\/\">Disciplinary Council<\/a>, followed by a hearing. Both of these steps are public.<\/li>\n<\/ul>\n<h3><\/h3>\n<h4><strong>What are my rights and obligations during the investigation?<\/strong><\/h4>\n<ul>\n<li>You can hire a lawyer, but you must answer questions from the Office of the Syndic yourself.<\/li>\n<li>You must cooperate fully with the investigation. You cannot remain silent or invoke professional secrecy or a confidentiality agreement.<\/li>\n<li>You cannot communicate with the person who filed the report without written permission from the Office of the Syndic.<\/li>\n<\/ul>\n\n<\/div>                                                                            <\/div>\n                                <\/div>\n                            <\/div>\n                        <\/div>\n                    <\/div>\n                                    <\/div>\n                    <\/div>\n    <\/div>\n\n<script>\n    $(window).load(function() {\n        let hash = window.location.hash;\n        if (hash) {\n            $('html,body').animate({ scrollTop: $(hash).offset().top - 60 }, 'slow');\n        }\n    });\n<\/script>\n<\/div>\n","protected":false},"excerpt":{"rendered":"","protected":false},"author":8,"featured_media":0,"parent":17487,"menu_order":0,"comment_status":"closed","ping_status":"closed","template":"views\/template-builder.blade.php","meta":{"_acf_changed":false,"_relevanssi_hide_post":"","_relevanssi_hide_content":"","_relevanssi_pin_for_all":"","_relevanssi_pin_keywords":"","_relevanssi_unpin_keywords":"","_relevanssi_related_keywords":"","_relevanssi_related_include_ids":"","_relevanssi_related_exclude_ids":"","_relevanssi_related_no_append":"","_relevanssi_related_not_related":"","_relevanssi_related_posts":"1","_relevanssi_noindex_reason":"","inline_featured_image":false,"footnotes":""},"class_list":["post-17489","page","type-page","status-publish","hentry"],"acf":[],"yoast_head":"<!-- This site is optimized with the Yoast SEO plugin v26.6 - https:\/\/yoast.com\/wordpress\/plugins\/seo\/ -->\n<title>OIQ &#8211; Ordre des ing\u00e9nieurs du Qu\u00e9bec<\/title>\n<meta name=\"description\" content=\"Vous faites l\u2019objet d\u2019une enqu\u00eate dans le cadre de votre pratique de la profession d\u2019ing\u00e9nieur? L\u2019Ordre vous explique le processus, vos droits et obligations.\" \/>\n<meta name=\"robots\" content=\"index, follow, max-snippet:-1, max-image-preview:large, max-video-preview:-1\" \/>\n<link rel=\"canonical\" href=\"https:\/\/www.oiq.qc.ca\/en\/membres\/your-obligations\/ethics\/repondre-a-une-enquete\/\" \/>\n<meta property=\"og:locale\" content=\"en_US\" \/>\n<meta property=\"og:type\" content=\"article\" \/>\n<meta property=\"og:title\" content=\"Investigations of the Office of the Syndic\ufffc - OIQ - Ordre des ing\u00e9nieurs du Qu\u00e9bec\" \/>\n<meta property=\"og:description\" content=\"Vous faites l\u2019objet d\u2019une enqu\u00eate dans le cadre de votre pratique de la profession d\u2019ing\u00e9nieur? L\u2019Ordre vous explique le processus, vos droits et obligations.\" \/>\n<meta property=\"og:url\" content=\"https:\/\/www.oiq.qc.ca\/en\/membres\/your-obligations\/ethics\/repondre-a-une-enquete\/\" \/>\n<meta property=\"og:site_name\" content=\"OIQ - Ordre des ing\u00e9nieurs du Qu\u00e9bec\" \/>\n<meta property=\"article:modified_time\" content=\"2022-08-24T17:45:53+00:00\" \/>\n<meta property=\"og:image\" content=\"https:\/\/www.oiq.qc.ca\/wp-content\/uploads\/vignette-web.png\" \/>\n\t<meta property=\"og:image:width\" content=\"1200\" \/>\n\t<meta property=\"og:image:height\" content=\"675\" \/>\n\t<meta property=\"og:image:type\" content=\"image\/png\" \/>\n<meta name=\"twitter:card\" content=\"summary_large_image\" \/>\n<script type=\"application\/ld+json\" class=\"yoast-schema-graph\">{\"@context\":\"https:\/\/schema.org\",\"@graph\":[{\"@type\":\"WebPage\",\"@id\":\"https:\/\/www.oiq.qc.ca\/en\/membres\/your-obligations\/ethics\/repondre-a-une-enquete\/\",\"url\":\"https:\/\/www.oiq.qc.ca\/en\/membres\/your-obligations\/ethics\/repondre-a-une-enquete\/\",\"name\":\"Investigations of the Office of the Syndic\ufffc - OIQ - Ordre des ing\u00e9nieurs du Qu\u00e9bec\",\"isPartOf\":{\"@id\":\"https:\/\/www.oiq.qc.ca\/#website\"},\"datePublished\":\"2022-03-17T22:53:07+00:00\",\"dateModified\":\"2022-08-24T17:45:53+00:00\",\"description\":\"Vous faites l\u2019objet d\u2019une enqu\u00eate dans le cadre de votre pratique de la profession d\u2019ing\u00e9nieur? L\u2019Ordre vous explique le processus, vos droits et obligations.\",\"breadcrumb\":{\"@id\":\"https:\/\/www.oiq.qc.ca\/en\/membres\/your-obligations\/ethics\/repondre-a-une-enquete\/#breadcrumb\"},\"inLanguage\":\"en-CA\",\"potentialAction\":[{\"@type\":\"ReadAction\",\"target\":[\"https:\/\/www.oiq.qc.ca\/en\/membres\/your-obligations\/ethics\/repondre-a-une-enquete\/\"]}]},{\"@type\":\"BreadcrumbList\",\"@id\":\"https:\/\/www.oiq.qc.ca\/en\/membres\/your-obligations\/ethics\/repondre-a-une-enquete\/#breadcrumb\",\"itemListElement\":[{\"@type\":\"ListItem\",\"position\":1,\"name\":\"Home\",\"item\":\"https:\/\/www.oiq.qc.ca\/en\/\"},{\"@type\":\"ListItem\",\"position\":2,\"name\":\"Membres\",\"item\":\"https:\/\/www.oiq.qc.ca\/en\/membres\/\"},{\"@type\":\"ListItem\",\"position\":3,\"name\":\"Your Obligations\",\"item\":\"https:\/\/www.oiq.qc.ca\/en\/membres\/your-obligations\/\"},{\"@type\":\"ListItem\",\"position\":4,\"name\":\"Ethics\",\"item\":\"https:\/\/www.oiq.qc.ca\/en\/membres\/your-obligations\/ethics\/\"},{\"@type\":\"ListItem\",\"position\":5,\"name\":\"Investigations of the Office of the Syndic\ufffc\"}]},{\"@type\":\"WebSite\",\"@id\":\"https:\/\/www.oiq.qc.ca\/#website\",\"url\":\"https:\/\/www.oiq.qc.ca\/\",\"name\":\"OIQ - Ordre des ing\u00e9nieurs du Qu\u00e9bec\",\"description\":\"Ordre des ing\u00e9nieurs du Qu\u00e9bec\",\"publisher\":{\"@id\":\"https:\/\/www.oiq.qc.ca\/#organization\"},\"potentialAction\":[{\"@type\":\"SearchAction\",\"target\":{\"@type\":\"EntryPoint\",\"urlTemplate\":\"https:\/\/www.oiq.qc.ca\/?s={search_term_string}\"},\"query-input\":{\"@type\":\"PropertyValueSpecification\",\"valueRequired\":true,\"valueName\":\"search_term_string\"}}],\"inLanguage\":\"en-CA\"},{\"@type\":\"Organization\",\"@id\":\"https:\/\/www.oiq.qc.ca\/#organization\",\"name\":\"OIQ - Ordre des Ing\u00e9nieurs du Qu\u00e9bec\",\"url\":\"https:\/\/www.oiq.qc.ca\/\",\"logo\":{\"@type\":\"ImageObject\",\"inLanguage\":\"en-CA\",\"@id\":\"https:\/\/www.oiq.qc.ca\/#\/schema\/logo\/image\/\",\"url\":\"https:\/\/www.oiq.qc.ca\/wp-content\/uploads\/logo-oiq-696x696-yoast.png\",\"contentUrl\":\"https:\/\/www.oiq.qc.ca\/wp-content\/uploads\/logo-oiq-696x696-yoast.png\",\"width\":696,\"height\":696,\"caption\":\"OIQ - Ordre des Ing\u00e9nieurs du Qu\u00e9bec\"},\"image\":{\"@id\":\"https:\/\/www.oiq.qc.ca\/#\/schema\/logo\/image\/\"}}]}<\/script>\n<!-- \/ Yoast SEO plugin. -->","yoast_head_json":{"title":"OIQ &#8211; Ordre des ing\u00e9nieurs du Qu\u00e9bec","description":"Vous faites l\u2019objet d\u2019une enqu\u00eate dans le cadre de votre pratique de la profession d\u2019ing\u00e9nieur? L\u2019Ordre vous explique le processus, vos droits et obligations.","robots":{"index":"index","follow":"follow","max-snippet":"max-snippet:-1","max-image-preview":"max-image-preview:large","max-video-preview":"max-video-preview:-1"},"canonical":"https:\/\/www.oiq.qc.ca\/en\/membres\/your-obligations\/ethics\/repondre-a-une-enquete\/","og_locale":"en_US","og_type":"article","og_title":"Investigations of the Office of the Syndic\ufffc - OIQ - Ordre des ing\u00e9nieurs du Qu\u00e9bec","og_description":"Vous faites l\u2019objet d\u2019une enqu\u00eate dans le cadre de votre pratique de la profession d\u2019ing\u00e9nieur? L\u2019Ordre vous explique le processus, vos droits et obligations.","og_url":"https:\/\/www.oiq.qc.ca\/en\/membres\/your-obligations\/ethics\/repondre-a-une-enquete\/","og_site_name":"OIQ - Ordre des ing\u00e9nieurs du Qu\u00e9bec","article_modified_time":"2022-08-24T17:45:53+00:00","og_image":[{"width":1200,"height":675,"url":"https:\/\/www.oiq.qc.ca\/wp-content\/uploads\/vignette-web.png","type":"image\/png"}],"twitter_card":"summary_large_image","schema":{"@context":"https:\/\/schema.org","@graph":[{"@type":"WebPage","@id":"https:\/\/www.oiq.qc.ca\/en\/membres\/your-obligations\/ethics\/repondre-a-une-enquete\/","url":"https:\/\/www.oiq.qc.ca\/en\/membres\/your-obligations\/ethics\/repondre-a-une-enquete\/","name":"Investigations of the Office of the Syndic\ufffc - OIQ - Ordre des ing\u00e9nieurs du Qu\u00e9bec","isPartOf":{"@id":"https:\/\/www.oiq.qc.ca\/#website"},"datePublished":"2022-03-17T22:53:07+00:00","dateModified":"2022-08-24T17:45:53+00:00","description":"Vous faites l\u2019objet d\u2019une enqu\u00eate dans le cadre de votre pratique de la profession d\u2019ing\u00e9nieur? L\u2019Ordre vous explique le processus, vos droits et obligations.","breadcrumb":{"@id":"https:\/\/www.oiq.qc.ca\/en\/membres\/your-obligations\/ethics\/repondre-a-une-enquete\/#breadcrumb"},"inLanguage":"en-CA","potentialAction":[{"@type":"ReadAction","target":["https:\/\/www.oiq.qc.ca\/en\/membres\/your-obligations\/ethics\/repondre-a-une-enquete\/"]}]},{"@type":"BreadcrumbList","@id":"https:\/\/www.oiq.qc.ca\/en\/membres\/your-obligations\/ethics\/repondre-a-une-enquete\/#breadcrumb","itemListElement":[{"@type":"ListItem","position":1,"name":"Home","item":"https:\/\/www.oiq.qc.ca\/en\/"},{"@type":"ListItem","position":2,"name":"Membres","item":"https:\/\/www.oiq.qc.ca\/en\/membres\/"},{"@type":"ListItem","position":3,"name":"Your Obligations","item":"https:\/\/www.oiq.qc.ca\/en\/membres\/your-obligations\/"},{"@type":"ListItem","position":4,"name":"Ethics","item":"https:\/\/www.oiq.qc.ca\/en\/membres\/your-obligations\/ethics\/"},{"@type":"ListItem","position":5,"name":"Investigations of the Office of the Syndic\ufffc"}]},{"@type":"WebSite","@id":"https:\/\/www.oiq.qc.ca\/#website","url":"https:\/\/www.oiq.qc.ca\/","name":"OIQ - Ordre des ing\u00e9nieurs du Qu\u00e9bec","description":"Ordre des ing\u00e9nieurs du Qu\u00e9bec","publisher":{"@id":"https:\/\/www.oiq.qc.ca\/#organization"},"potentialAction":[{"@type":"SearchAction","target":{"@type":"EntryPoint","urlTemplate":"https:\/\/www.oiq.qc.ca\/?s={search_term_string}"},"query-input":{"@type":"PropertyValueSpecification","valueRequired":true,"valueName":"search_term_string"}}],"inLanguage":"en-CA"},{"@type":"Organization","@id":"https:\/\/www.oiq.qc.ca\/#organization","name":"OIQ - Ordre des Ing\u00e9nieurs du Qu\u00e9bec","url":"https:\/\/www.oiq.qc.ca\/","logo":{"@type":"ImageObject","inLanguage":"en-CA","@id":"https:\/\/www.oiq.qc.ca\/#\/schema\/logo\/image\/","url":"https:\/\/www.oiq.qc.ca\/wp-content\/uploads\/logo-oiq-696x696-yoast.png","contentUrl":"https:\/\/www.oiq.qc.ca\/wp-content\/uploads\/logo-oiq-696x696-yoast.png","width":696,"height":696,"caption":"OIQ - Ordre des Ing\u00e9nieurs du Qu\u00e9bec"},"image":{"@id":"https:\/\/www.oiq.qc.ca\/#\/schema\/logo\/image\/"}}]}},"_links":{"self":[{"href":"https:\/\/www.oiq.qc.ca\/en\/wp-json\/wp\/v2\/pages\/17489","targetHints":{"allow":["GET"]}}],"collection":[{"href":"https:\/\/www.oiq.qc.ca\/en\/wp-json\/wp\/v2\/pages"}],"about":[{"href":"https:\/\/www.oiq.qc.ca\/en\/wp-json\/wp\/v2\/types\/page"}],"author":[{"embeddable":true,"href":"https:\/\/www.oiq.qc.ca\/en\/wp-json\/wp\/v2\/users\/8"}],"replies":[{"embeddable":true,"href":"https:\/\/www.oiq.qc.ca\/en\/wp-json\/wp\/v2\/comments?post=17489"}],"version-history":[{"count":0,"href":"https:\/\/www.oiq.qc.ca\/en\/wp-json\/wp\/v2\/pages\/17489\/revisions"}],"up":[{"embeddable":true,"href":"https:\/\/www.oiq.qc.ca\/en\/wp-json\/wp\/v2\/pages\/17487"}],"wp:attachment":[{"href":"https:\/\/www.oiq.qc.ca\/en\/wp-json\/wp\/v2\/media?parent=17489"}],"curies":[{"name":"wp","href":"https:\/\/api.w.org\/{rel}","templated":true}]}}