{"id":17486,"date":"2022-03-17T22:52:07","date_gmt":"2022-03-17T22:52:07","guid":{"rendered":"https:\/\/www.oiq.qc.ca\/membres\/your-obligations\/inscription-annuelle\/"},"modified":"2026-02-10T09:51:13","modified_gmt":"2026-02-10T14:51:13","slug":"annual-registration","status":"publish","type":"page","link":"https:\/\/www.oiq.qc.ca\/en\/membres\/your-obligations\/annual-registration\/","title":{"rendered":"Annual Registration"},"content":{"rendered":"<div  class=\"block-wrapper \">\n<div class=\"message is-dark\">\n      <div class=\"message-wrapper container\">\n          <div class=\"row\">\n              <div class=\"col-12 mw-inner\">\n                  <div class=\"message-inner\">\n                      <div class=\"message-header\">\n                                                    <div class=\"message-content\">\n                                                                <div class=\"message-title\">\n                                      <h2>La date \u00e0 retenir<\/h2>\n                                  <\/div>\n                                                            <div class=\"message-txt\">\n                                  <div class=\"wysiwyg \">\n\t<p>Le 31 mars de chaque ann\u00e9e : date limite pour proc\u00e9der \u00e0 votre inscription annuelle et payer votre cotisation.<\/p>\n\n<\/div>                              <\/div>\n                              <div class=\"message-footer no-icon \">\n                                                                  <\/div>\n                          <\/div>\n                      <\/div>\n                  <\/div>\n              <\/div>\n          <\/div>\n        <\/div>\n<\/div>\n<\/div>\n\n\n<div  class=\"block-wrapper \" data-block-name=\"Nouvelle Section\">\n<div class=\"new-section \" >\n        <div class=\"ns-container\">\n                            <div class=\"ns-inner\">\n                    <div class=\"ns-content\">\n                        <div class=\"container\">\n                            <div class=\"row\">\n                                <div class=\"col-12\">\n                                    <div class=\"ns-title\">\n                                                                                    <h2 class=\"ns-title\">\u00c0 quoi sert votre cotisation annuelle?<\/h2>\n                                                                            <\/div>\n                                <\/div>\n                                <div class=\"col-12\">\n                                    <div class=\"ns-txt\">\n                                                                                    <div class=\"wysiwyg \">\n\t<p>C\u2019est principalement gr\u00e2ce \u00e0 votre cotisation annuelle que l\u2019Ordre remplit sa mission de protection du public. Plus concr\u00e8tement, elle sert notamment \u00e0\u00a0:<\/p>\n<ul>\n<li>Effectuer des visites d\u2019inspection permettant d\u2019accompagner les membres dans le maintien et le d\u00e9veloppement de leurs comp\u00e9tences;<\/li>\n<li>Pr\u00e9venir et contrer la pratique ill\u00e9gale;<\/li>\n<li>Traiter les signalements et mener des enqu\u00eates;<\/li>\n<li>Rendre accessible des outils et des publications portant sur la pratique professionnelle;<\/li>\n<li>Faire rayonner et contribuer \u00e0 l\u2019\u00e9volution de la profession.<\/li>\n<\/ul>\n<p>Pour plus de d\u00e9tails, consultez le <a href=\"https:\/\/www.oiq.qc.ca\/publications\/documentation\/?cat=rapport-annuel&amp;y=#repertory-filters\">rapport annuel de l&#8217;Ordre<\/a>!<\/p>\n\n<\/div>                                                                            <\/div>\n                                <\/div>\n                            <\/div>\n                        <\/div>\n                    <\/div>\n                                    <\/div>\n                            <div class=\"ns-inner\">\n                    <div class=\"ns-content\">\n                        <div class=\"container\">\n                            <div class=\"row\">\n                                <div class=\"col-12\">\n                                    <div class=\"ns-title\">\n                                                                                    <h2 class=\"ns-title\">Combien \u00e7a co\u00fbte?<\/h2>\n                                                                            <\/div>\n                                <\/div>\n                                <div class=\"col-12\">\n                                    <div class=\"ns-txt\">\n                                                                                    <div class=\"wysiwyg \">\n\t<p>Le montant de la cotisation fait l\u2019objet d\u2019une consultation annuelle aupr\u00e8s de tous les membres qui a habituellement lieu au mois de mai. Une fois les commentaires r\u00e9colt\u00e9s, c\u2019est le Conseil d\u2019administration de l\u2019Ordre qui fixe le montant de la cotisation.<\/p>\n<p>Pour tous les d\u00e9tails, consultez la <a href=\"https:\/\/www.oiq.qc.ca\/wp-content\/uploads\/2022\/06\/grille_tarifaire-an.pdf\" target=\"_blank\" rel=\"noopener noreferrer\" data-gc-link=\"http:\/\/www.oiq.qc.ca\/Documents\/DAF\/grille_tarifaire-fr.pdf\">grille de tarification<\/a><\/p>\n\n<\/div>                                                                            <\/div>\n                                <\/div>\n                            <\/div>\n                        <\/div>\n                    <\/div>\n                                    <\/div>\n                    <\/div>\n    <\/div>\n\n<script>\n    $(window).load(function() {\n        let hash = window.location.hash;\n        if (hash) {\n            $('html,body').animate({ scrollTop: $(hash).offset().top - 60 }, 'slow');\n        }\n    });\n<\/script>\n<\/div>\n\n\n<div  class=\"block-wrapper \" data-block-name=\"Tableau\">\n<div class=\"table\">\n    <div class=\"container\">\n        <div class=\"table-wrap\">\n            <table>\n                                <thead>\n                    <tr>\n                                                <th scope=\"col\">Membre r\u00e9gulier<\/th>\n                                                <th scope=\"col\">2026-2027<\/th>\n                                                <th scope=\"col\">Variation par rapport \u00e0 l&#039;ann\u00e9e pr\u00e9c\u00e9dente<\/th>\n                                                <th scope=\"col\">Variation en pourcentage par rapport \u00e0 l&#039;ann\u00e9e pr\u00e9c\u00e9dente<\/th>\n                                            <\/tr>\n                <\/thead>\n                                                <tbody>\n                                        <tr>\n                                                     \n                                <td data-label=\"Membre r\u00e9gulier\">Cotisation annuelle (incluant une contribution d&#039;environ 8 $ \u00e0 Ing\u00e9nieurs Canada et une autre d&#039;environ 4,40 $ au Conseil interprofessionnel du Qu\u00e9bec)<\/td>\n                                                                                 \n                                <td data-label=\"2026-2027\">520,00 $<\/td>\n                                                                                 \n                                <td data-label=\"Variation par rapport \u00e0 l&#039;ann\u00e9e pr\u00e9c\u00e9dente\">15,00 $<\/td>\n                                                                                 \n                                <td data-label=\"Variation en pourcentage par rapport \u00e0 l&#039;ann\u00e9e pr\u00e9c\u00e9dente\">3 %<\/td>\n                                                                        <\/tr>\n                                        <tr>\n                                                     \n                                <td data-label=\"Membre r\u00e9gulier\">Taxes (TPS + TVQ)<\/td>\n                                                                                 \n                                <td data-label=\"2026-2027\">77,87 $<\/td>\n                                                                                 \n                                <td data-label=\"Variation par rapport \u00e0 l&#039;ann\u00e9e pr\u00e9c\u00e9dente\">2,25 $<\/td>\n                                                                                 \n                                <td data-label=\"Variation en pourcentage par rapport \u00e0 l&#039;ann\u00e9e pr\u00e9c\u00e9dente\"><\/td>\n                                                                        <\/tr>\n                                        <tr>\n                                                     \n                                <td data-label=\"Membre r\u00e9gulier\">Sous-total<\/td>\n                                                                                 \n                                <td data-label=\"2026-2027\">597,87 $<\/td>\n                                                                                 \n                                <td data-label=\"Variation par rapport \u00e0 l&#039;ann\u00e9e pr\u00e9c\u00e9dente\">17,25 $<\/td>\n                                                                                 \n                                <td data-label=\"Variation en pourcentage par rapport \u00e0 l&#039;ann\u00e9e pr\u00e9c\u00e9dente\">3 %<\/td>\n                                                                        <\/tr>\n                                        <tr>\n                                                     \n                                <td data-label=\"Membre r\u00e9gulier\">Contribution au r\u00e9gime collectif d&#039;assurance responsabilit\u00e9 professionnelle (taxes incluses)<\/td>\n                                                                                 \n                                <td data-label=\"2026-2027\">29,98 $<\/td>\n                                                                                 \n                                <td data-label=\"Variation par rapport \u00e0 l&#039;ann\u00e9e pr\u00e9c\u00e9dente\">2,73 $<\/td>\n                                                                                 \n                                <td data-label=\"Variation en pourcentage par rapport \u00e0 l&#039;ann\u00e9e pr\u00e9c\u00e9dente\">10 %<\/td>\n                                                                        <\/tr>\n                                        <tr>\n                                                     \n                                <td data-label=\"Membre r\u00e9gulier\">Contribution \u00e0 l&#039;Office des profession (sans taxes)<\/td>\n                                                                                 \n                                <td data-label=\"2026-2027\">37,60 $<\/td>\n                                                                                 \n                                <td data-label=\"Variation par rapport \u00e0 l&#039;ann\u00e9e pr\u00e9c\u00e9dente\">2,60 $<\/td>\n                                                                                 \n                                <td data-label=\"Variation en pourcentage par rapport \u00e0 l&#039;ann\u00e9e pr\u00e9c\u00e9dente\">7 %<\/td>\n                                                                        <\/tr>\n                                        <tr>\n                                                     \n                                <td data-label=\"Membre r\u00e9gulier\">Total des sommes dues<\/td>\n                                                                                 \n                                <td data-label=\"2026-2027\">665,45 $<\/td>\n                                                                                 \n                                <td data-label=\"Variation par rapport \u00e0 l&#039;ann\u00e9e pr\u00e9c\u00e9dente\">22,58 $<\/td>\n                                                                                 \n                                <td data-label=\"Variation en pourcentage par rapport \u00e0 l&#039;ann\u00e9e pr\u00e9c\u00e9dente\">4 %<\/td>\n                                                                        <\/tr>\n                                    <\/tbody>\n                            <\/table>\n                    <\/div>\n    <\/div>\n<\/div>\n<\/div>\n\n\n<div  class=\"block-wrapper \" data-block-name=\"Nouvelle Section\">\n<div class=\"new-section \" id=discount>\n        <div class=\"ns-container\">\n                            <div class=\"ns-inner\">\n                    <div class=\"ns-content\">\n                        <div class=\"container\">\n                            <div class=\"row\">\n                                <div class=\"col-12\">\n                                    <div class=\"ns-title\">\n                                                                                    <h2 class=\"ns-title\">Foire aux questions &#8211; Rabais sur la cotisation<\/h2>\n                                                                            <\/div>\n                                <\/div>\n                                <div class=\"col-12\">\n                                    <div class=\"ns-txt\">\n                                                                                    <div class=\"wysiwyg \">\n\t<p>L\u2019Ordre des ing\u00e9nieurs du Qu\u00e9bec soutient les membres (et les CPI) qui cessent temporairement d\u2019exercer en offrant un rabais sur la cotisation (ou sur les frais de renouvellement). Un rabais peut \u00eatre accord\u00e9 dans les situations suivantes\u00a0:<\/p>\n<ul>\n<li>Cong\u00e9 parental<\/li>\n<li>Cong\u00e9 de maladie (incluant l\u2019invalidit\u00e9 court terme)<\/li>\n<li>Retour aux \u00e9tudes \u00e0 temps plein<\/li>\n<li>Sans emploi<\/li>\n<\/ul>\n<p>Certaines conditions s\u2019appliquent. Des pi\u00e8ces justificatives sont exig\u00e9es<\/p>\n<p>Consultez la <a href=\"https:\/\/www.oiq.qc.ca\/wp-content\/uploads\/FAQ_rabais.pdf\" target=\"_blank\" rel=\"noopener\">Foire aux questions sur les rabais<\/a><\/p>\n\n<\/div>                                                                            <\/div>\n                                <\/div>\n                            <\/div>\n                        <\/div>\n                    <\/div>\n                                    <\/div>\n                    <\/div>\n    <\/div>\n\n<script>\n    $(window).load(function() {\n        let hash = window.location.hash;\n        if (hash) {\n            $('html,body').animate({ scrollTop: $(hash).offset().top - 60 }, 'slow');\n        }\n    });\n<\/script>\n<\/div>\n\n\n<div  class=\"block-wrapper \" data-block-name=\"Nouvelle Section\">\n<div class=\"new-section \" >\n        <div class=\"ns-container\">\n                            <div class=\"ns-inner\">\n                    <div class=\"ns-content\">\n                        <div class=\"container\">\n                            <div class=\"row\">\n                                <div class=\"col-12\">\n                                    <div class=\"ns-title\">\n                                                                                    <h2 class=\"ns-title\">Ex-membre? Vous pouvez vous r\u00e9inscrire \u00e0 l&#039;Ordre!<\/h2>\n                                                                            <\/div>\n                                <\/div>\n                                <div class=\"col-12\">\n                                    <div class=\"ns-txt\">\n                                                                                    <div class=\"wysiwyg \">\n\t<p>Saviez-vous qu&#8217;une r\u00e9inscription au Tableau de l&#8217;Ordre est possible?<\/p>\n<ol>\n<li data-gc-list-depth=\"1\" data-gc-list-style=\"ordered\">Allez sur votre <a href=\"https:\/\/perimetre1.gathercontent.com\/item\/mettre%20le%20lien%20vers%20la%20page%20https:\/\/membres.oiq.qc.ca\/OIQ\/PortailConnexion\" target=\"_blank\" rel=\"noopener noreferrer\" data-gc-link=\"mettre le lien vers la page https:\/\/membres.oiq.qc.ca\/OIQ\/PortailConnexion\"><u>portail membre<\/u><\/a>, dans la section r\u00e9inscription, et suivez les instructions.<\/li>\n<li data-gc-list-depth=\"1\" data-gc-list-style=\"ordered\">Proc\u00e9dez \u00e0 votre d\u00e9claration annuelle<\/li>\n<li data-gc-list-depth=\"1\" data-gc-list-style=\"ordered\">Payez votre cotisation. Prenez note que vous devrez payer des frais de r\u00e9inscription de 50 % de la cotisation, en plus de la cotisation elle-m\u00eame.<\/li>\n<li data-gc-list-depth=\"1\" data-gc-list-style=\"ordered\">Envoyez-nous votre curriculum vitae si vous \u00eates absent ou absente du Tableau de l&#8217;Ordre <strong>depuis plus de cinq ans<\/strong>.<\/li>\n<\/ol>\n\n<\/div>                                                                            <\/div>\n                                <\/div>\n                            <\/div>\n                        <\/div>\n                    <\/div>\n                                    <\/div>\n                    <\/div>\n    <\/div>\n\n<script>\n    $(window).load(function() {\n        let hash = window.location.hash;\n        if (hash) {\n            $('html,body').animate({ scrollTop: $(hash).offset().top - 60 }, 'slow');\n        }\n    });\n<\/script>\n<\/div>\n","protected":false},"excerpt":{"rendered":"","protected":false},"author":8,"featured_media":0,"parent":16216,"menu_order":0,"comment_status":"closed","ping_status":"closed","template":"views\/template-builder.blade.php","meta":{"_acf_changed":false,"_relevanssi_hide_post":"","_relevanssi_hide_content":"","_relevanssi_pin_for_all":"","_relevanssi_pin_keywords":"","_relevanssi_unpin_keywords":"","_relevanssi_related_keywords":"","_relevanssi_related_include_ids":"","_relevanssi_related_exclude_ids":"","_relevanssi_related_no_append":"","_relevanssi_related_not_related":"","_relevanssi_related_posts":"1","_relevanssi_noindex_reason":"","inline_featured_image":false,"footnotes":""},"class_list":["post-17486","page","type-page","status-publish","hentry"],"acf":[],"yoast_head":"<!-- This site is optimized with the Yoast SEO plugin v26.6 - https:\/\/yoast.com\/wordpress\/plugins\/seo\/ -->\n<title>OIQ &#8211; Ordre des ing\u00e9nieurs du Qu\u00e9bec<\/title>\n<meta name=\"robots\" content=\"index, follow, max-snippet:-1, max-image-preview:large, max-video-preview:-1\" \/>\n<link rel=\"canonical\" href=\"https:\/\/www.oiq.qc.ca\/en\/membres\/your-obligations\/annual-registration\/\" \/>\n<meta property=\"og:locale\" content=\"en_US\" \/>\n<meta property=\"og:type\" content=\"article\" \/>\n<meta property=\"og:title\" content=\"Annual Registration - OIQ - Ordre des ing\u00e9nieurs du Qu\u00e9bec\" \/>\n<meta property=\"og:url\" content=\"https:\/\/www.oiq.qc.ca\/en\/membres\/your-obligations\/annual-registration\/\" \/>\n<meta property=\"og:site_name\" content=\"OIQ - Ordre des ing\u00e9nieurs du Qu\u00e9bec\" \/>\n<meta property=\"article:modified_time\" content=\"2026-02-10T14:51:13+00:00\" \/>\n<meta property=\"og:image\" content=\"https:\/\/www.oiq.qc.ca\/wp-content\/uploads\/vignette-web.png\" \/>\n\t<meta property=\"og:image:width\" content=\"1200\" \/>\n\t<meta property=\"og:image:height\" content=\"675\" \/>\n\t<meta property=\"og:image:type\" content=\"image\/png\" \/>\n<meta name=\"twitter:card\" content=\"summary_large_image\" \/>\n<meta name=\"twitter:label1\" content=\"Est. reading time\" \/>\n\t<meta name=\"twitter:data1\" content=\"4 minutes\" \/>\n<script type=\"application\/ld+json\" class=\"yoast-schema-graph\">{\"@context\":\"https:\/\/schema.org\",\"@graph\":[{\"@type\":\"WebPage\",\"@id\":\"https:\/\/www.oiq.qc.ca\/en\/membres\/your-obligations\/annual-registration\/\",\"url\":\"https:\/\/www.oiq.qc.ca\/en\/membres\/your-obligations\/annual-registration\/\",\"name\":\"Annual Registration - OIQ - Ordre des ing\u00e9nieurs du Qu\u00e9bec\",\"isPartOf\":{\"@id\":\"https:\/\/www.oiq.qc.ca\/#website\"},\"datePublished\":\"2022-03-17T22:52:07+00:00\",\"dateModified\":\"2026-02-10T14:51:13+00:00\",\"breadcrumb\":{\"@id\":\"https:\/\/www.oiq.qc.ca\/en\/membres\/your-obligations\/annual-registration\/#breadcrumb\"},\"inLanguage\":\"en-CA\",\"potentialAction\":[{\"@type\":\"ReadAction\",\"target\":[\"https:\/\/www.oiq.qc.ca\/en\/membres\/your-obligations\/annual-registration\/\"]}]},{\"@type\":\"BreadcrumbList\",\"@id\":\"https:\/\/www.oiq.qc.ca\/en\/membres\/your-obligations\/annual-registration\/#breadcrumb\",\"itemListElement\":[{\"@type\":\"ListItem\",\"position\":1,\"name\":\"Home\",\"item\":\"https:\/\/www.oiq.qc.ca\/en\/\"},{\"@type\":\"ListItem\",\"position\":2,\"name\":\"Membres\",\"item\":\"https:\/\/www.oiq.qc.ca\/en\/membres\/\"},{\"@type\":\"ListItem\",\"position\":3,\"name\":\"Your Obligations\",\"item\":\"https:\/\/www.oiq.qc.ca\/en\/membres\/your-obligations\/\"},{\"@type\":\"ListItem\",\"position\":4,\"name\":\"Annual Registration\"}]},{\"@type\":\"WebSite\",\"@id\":\"https:\/\/www.oiq.qc.ca\/#website\",\"url\":\"https:\/\/www.oiq.qc.ca\/\",\"name\":\"OIQ - Ordre des ing\u00e9nieurs du Qu\u00e9bec\",\"description\":\"Ordre des ing\u00e9nieurs du Qu\u00e9bec\",\"publisher\":{\"@id\":\"https:\/\/www.oiq.qc.ca\/#organization\"},\"potentialAction\":[{\"@type\":\"SearchAction\",\"target\":{\"@type\":\"EntryPoint\",\"urlTemplate\":\"https:\/\/www.oiq.qc.ca\/?s={search_term_string}\"},\"query-input\":{\"@type\":\"PropertyValueSpecification\",\"valueRequired\":true,\"valueName\":\"search_term_string\"}}],\"inLanguage\":\"en-CA\"},{\"@type\":\"Organization\",\"@id\":\"https:\/\/www.oiq.qc.ca\/#organization\",\"name\":\"OIQ - Ordre des Ing\u00e9nieurs du Qu\u00e9bec\",\"url\":\"https:\/\/www.oiq.qc.ca\/\",\"logo\":{\"@type\":\"ImageObject\",\"inLanguage\":\"en-CA\",\"@id\":\"https:\/\/www.oiq.qc.ca\/#\/schema\/logo\/image\/\",\"url\":\"https:\/\/www.oiq.qc.ca\/wp-content\/uploads\/logo-oiq-696x696-yoast.png\",\"contentUrl\":\"https:\/\/www.oiq.qc.ca\/wp-content\/uploads\/logo-oiq-696x696-yoast.png\",\"width\":696,\"height\":696,\"caption\":\"OIQ - Ordre des Ing\u00e9nieurs du Qu\u00e9bec\"},\"image\":{\"@id\":\"https:\/\/www.oiq.qc.ca\/#\/schema\/logo\/image\/\"}}]}<\/script>\n<!-- \/ Yoast SEO plugin. -->","yoast_head_json":{"title":"OIQ &#8211; Ordre des ing\u00e9nieurs du Qu\u00e9bec","robots":{"index":"index","follow":"follow","max-snippet":"max-snippet:-1","max-image-preview":"max-image-preview:large","max-video-preview":"max-video-preview:-1"},"canonical":"https:\/\/www.oiq.qc.ca\/en\/membres\/your-obligations\/annual-registration\/","og_locale":"en_US","og_type":"article","og_title":"Annual Registration - OIQ - Ordre des ing\u00e9nieurs du Qu\u00e9bec","og_url":"https:\/\/www.oiq.qc.ca\/en\/membres\/your-obligations\/annual-registration\/","og_site_name":"OIQ - Ordre des ing\u00e9nieurs du Qu\u00e9bec","article_modified_time":"2026-02-10T14:51:13+00:00","og_image":[{"width":1200,"height":675,"url":"https:\/\/www.oiq.qc.ca\/wp-content\/uploads\/vignette-web.png","type":"image\/png"}],"twitter_card":"summary_large_image","twitter_misc":{"Est. reading time":"4 minutes"},"schema":{"@context":"https:\/\/schema.org","@graph":[{"@type":"WebPage","@id":"https:\/\/www.oiq.qc.ca\/en\/membres\/your-obligations\/annual-registration\/","url":"https:\/\/www.oiq.qc.ca\/en\/membres\/your-obligations\/annual-registration\/","name":"Annual Registration - OIQ - Ordre des ing\u00e9nieurs du Qu\u00e9bec","isPartOf":{"@id":"https:\/\/www.oiq.qc.ca\/#website"},"datePublished":"2022-03-17T22:52:07+00:00","dateModified":"2026-02-10T14:51:13+00:00","breadcrumb":{"@id":"https:\/\/www.oiq.qc.ca\/en\/membres\/your-obligations\/annual-registration\/#breadcrumb"},"inLanguage":"en-CA","potentialAction":[{"@type":"ReadAction","target":["https:\/\/www.oiq.qc.ca\/en\/membres\/your-obligations\/annual-registration\/"]}]},{"@type":"BreadcrumbList","@id":"https:\/\/www.oiq.qc.ca\/en\/membres\/your-obligations\/annual-registration\/#breadcrumb","itemListElement":[{"@type":"ListItem","position":1,"name":"Home","item":"https:\/\/www.oiq.qc.ca\/en\/"},{"@type":"ListItem","position":2,"name":"Membres","item":"https:\/\/www.oiq.qc.ca\/en\/membres\/"},{"@type":"ListItem","position":3,"name":"Your Obligations","item":"https:\/\/www.oiq.qc.ca\/en\/membres\/your-obligations\/"},{"@type":"ListItem","position":4,"name":"Annual Registration"}]},{"@type":"WebSite","@id":"https:\/\/www.oiq.qc.ca\/#website","url":"https:\/\/www.oiq.qc.ca\/","name":"OIQ - Ordre des ing\u00e9nieurs du Qu\u00e9bec","description":"Ordre des ing\u00e9nieurs du Qu\u00e9bec","publisher":{"@id":"https:\/\/www.oiq.qc.ca\/#organization"},"potentialAction":[{"@type":"SearchAction","target":{"@type":"EntryPoint","urlTemplate":"https:\/\/www.oiq.qc.ca\/?s={search_term_string}"},"query-input":{"@type":"PropertyValueSpecification","valueRequired":true,"valueName":"search_term_string"}}],"inLanguage":"en-CA"},{"@type":"Organization","@id":"https:\/\/www.oiq.qc.ca\/#organization","name":"OIQ - Ordre des Ing\u00e9nieurs du Qu\u00e9bec","url":"https:\/\/www.oiq.qc.ca\/","logo":{"@type":"ImageObject","inLanguage":"en-CA","@id":"https:\/\/www.oiq.qc.ca\/#\/schema\/logo\/image\/","url":"https:\/\/www.oiq.qc.ca\/wp-content\/uploads\/logo-oiq-696x696-yoast.png","contentUrl":"https:\/\/www.oiq.qc.ca\/wp-content\/uploads\/logo-oiq-696x696-yoast.png","width":696,"height":696,"caption":"OIQ - Ordre des Ing\u00e9nieurs du Qu\u00e9bec"},"image":{"@id":"https:\/\/www.oiq.qc.ca\/#\/schema\/logo\/image\/"}}]}},"_links":{"self":[{"href":"https:\/\/www.oiq.qc.ca\/en\/wp-json\/wp\/v2\/pages\/17486","targetHints":{"allow":["GET"]}}],"collection":[{"href":"https:\/\/www.oiq.qc.ca\/en\/wp-json\/wp\/v2\/pages"}],"about":[{"href":"https:\/\/www.oiq.qc.ca\/en\/wp-json\/wp\/v2\/types\/page"}],"author":[{"embeddable":true,"href":"https:\/\/www.oiq.qc.ca\/en\/wp-json\/wp\/v2\/users\/8"}],"replies":[{"embeddable":true,"href":"https:\/\/www.oiq.qc.ca\/en\/wp-json\/wp\/v2\/comments?post=17486"}],"version-history":[{"count":2,"href":"https:\/\/www.oiq.qc.ca\/en\/wp-json\/wp\/v2\/pages\/17486\/revisions"}],"predecessor-version":[{"id":49898,"href":"https:\/\/www.oiq.qc.ca\/en\/wp-json\/wp\/v2\/pages\/17486\/revisions\/49898"}],"up":[{"embeddable":true,"href":"https:\/\/www.oiq.qc.ca\/en\/wp-json\/wp\/v2\/pages\/16216"}],"wp:attachment":[{"href":"https:\/\/www.oiq.qc.ca\/en\/wp-json\/wp\/v2\/media?parent=17486"}],"curies":[{"name":"wp","href":"https:\/\/api.w.org\/{rel}","templated":true}]}}