{"id":17485,"date":"2022-03-17T22:50:56","date_gmt":"2022-03-17T22:50:56","guid":{"rendered":"https:\/\/www.oiq.qc.ca\/membres\/your-obligations\/professional-liability-insurance\/reclamations\/"},"modified":"2024-03-20T10:35:36","modified_gmt":"2024-03-20T14:35:36","slug":"professional-liability-insurance-claims","status":"publish","type":"page","link":"https:\/\/www.oiq.qc.ca\/en\/membres\/your-obligations\/assurances-responsabilites\/professional-liability-insurance-claims\/","title":{"rendered":"Professional Liability Insurance Claims"},"content":{"rendered":"<div  class=\"block-wrapper \">\n<div class=\"message is-dark\">\n      <div class=\"message-wrapper container\">\n          <div class=\"row\">\n              <div class=\"col-12 mw-inner\">\n                  <div class=\"message-inner\">\n                      <div class=\"message-header\">\n                                                        <div class=\"message-icon\">\n                                  <span class=\"icon reset-font \"><svg width=\"100\" height=\"100\" viewBox=\"0 0 100 100\" fill=\"none\" xmlns=\"http:\/\/www.w3.org\/2000\/svg\"\n     class=\"circle-arrow-icon\">\n<circle cx=\"50\" cy=\"50\" r=\"37.5\" transform=\"rotate(90 50 50)\" stroke=\"#244296\" stroke-width=\"2\"\n        stroke-linecap=\"round\" stroke-linejoin=\"round\"  class=\"stroke\"\/>\n<path d=\"M66.668 50L50.0013 33.3333\" stroke=\"#244296\" stroke-width=\"2\" stroke-linecap=\"round\" stroke-linejoin=\"round\"  class=\"stroke\"\/>\n<path d=\"M66.668 50H33.3346\" stroke=\"#244296\" stroke-width=\"2\" stroke-linecap=\"round\" stroke-linejoin=\"round\"  class=\"stroke\"\/>\n<path d=\"M50.0013 66.6667L66.668 50\" stroke=\"#244296\" stroke-width=\"2\" stroke-linecap=\"round\" stroke-linejoin=\"round\"  class=\"stroke\"\/>\n<\/svg>\n                                  <\/span>\n                              <\/div>\n                                                    <div class=\"message-content\">\n                                                                <div class=\"message-title\">\n                                      <h2>Testez vos connaissances en ARP ! <\/h2>\n                                  <\/div>\n                                                            <div class=\"message-txt\">\n                                  <div class=\"wysiwyg \">\n\t<p>Du 1er au 15 f\u00e9vrier 2024, quelque 4\u00a0100 ing\u00e9nieur.e.s ont particip\u00e9 \u00e0 ce concours. Bravo \u00e0 Pierre-Louis Cyr, ing. (1<sup>er<\/sup> prix), Benoit Brideau ing. (2<sup>e<\/sup> prix) et Janick Lavoie, ing. (3<sup>e<\/sup> prix) qui se sont m\u00e9rit\u00e9s des formations virtuelles de l\u2019Ordre pour une valeur de 500 $, 250 $ et 100 $.<\/p>\n<p>Le r\u00e9sultat moyen obtenu durant le concours est de 64 %. Saurez-vous faire mieux ?<\/p>\n\n<\/div>                              <\/div>\n                              <div class=\"message-footer \">\n                                                                <div class=\"message-btns\">\n                                                                                                                        <a href=\"https:\/\/fr.surveymonkey.com\/r\/HGMCMBX\" target=\"_blank\" class=\"btn-arrow bordered is-white\">\n                                <span class=\"label\">Testez vos connaissances !<\/span>\n                        \n        <span class=\"icon reset-font\"><svg xmlns=\"http:\/\/www.w3.org\/2000\/svg\" width=\"10.582\" height=\"18.826\" viewBox=\"0 0 10.582 18.826\">\n\t<g id=\"Groupe_9\" data-name=\"Groupe 9\" transform=\"translate(-8.831 1.414)\">\n\t\t<g id=\"Groupe_8\" data-name=\"Groupe 8\">\n\t\t\t<path id=\"Line\" d=\"M0,0,7.755,8.235\" transform=\"translate(10.244)\" fill=\"currentColor\" stroke=\"currentColor\"\n\t\t\t      stroke-linecap=\"round\" stroke-miterlimit=\"10\" stroke-width=\"2\" class=\"fill\"\/>\n\t\t\t<path id=\"Line-2\" data-name=\"Line\" d=\"M0,8.235,7.755,0\" transform=\"translate(10.244 7.764)\"\n\t\t\t      fill=\"currentColor\" stroke=\"currentColor\" stroke-linecap=\"round\" stroke-miterlimit=\"10\" stroke-width=\"2\" class=\"fill\"\/>\n\t\t<\/g>\n\t<\/g>\n<\/svg>\n<\/span>\n    <\/a>\n                                                                                                            <\/div>\n                                                              <\/div>\n                          <\/div>\n                      <\/div>\n                  <\/div>\n              <\/div>\n          <\/div>\n        <\/div>\n<\/div>\n<\/div>\n\n\n<div  class=\"block-wrapper \" data-block-name=\"Wysiwyg\">\n<div class=\"bloc-wysiwyg \">\n    <div class=\"container\">\n        <div class=\"wysiwyg \">\n\t<h2>La r\u00e9clamation<\/h2>\n<h3>Comment en informer votre assureur?<\/h3>\n<p>Les ing\u00e9nieurs et ing\u00e9nieures qui font l&#8217;objet d&#8217;une r\u00e9clamation relative \u00e0 leur responsabilit\u00e9 professionnelle doivent en informer leur gestionnaire d&#8217;assurance imm\u00e9diatement. Cette obligation s&#8217;applique aux ing\u00e9nieures et ing\u00e9nieurs couvert.e.s par le r\u00e9gime collectif d&#8217;assurance de base et le r\u00e9gime collectif d&#8217;assurance compl\u00e9mentaire.<\/p>\n<p>Pour ce faire, il vous suffit de <a href=\"https:\/\/ingenieur.bflcanada.ca\/fr\/account\/reclamation_agree\/\">remplir le formulaire<\/a>\u00a0(apr\u00e8s vous \u00eatre identifi\u00e9.e) directement sur le site de BFL CANADA, le courtier exclusif de l\u2019Ordre.<\/p>\n<p>Pour toutes questions, n\u2019h\u00e9sitez pas \u00e0 contacter le courtier directement.<\/p>\n<p><strong>BFL CANADA<\/strong><br \/>\n<a href=\"mailto:ingenieur@bflcanada.ca\" target=\"_blank\" rel=\"noopener\" data-gc-link=\"mailto:ingenieur@bflcanada.ca\">ingenieur@bflcanada.ca<\/a><br \/>\n514 315-4529 ou 1 833 315-4529<\/p>\n<h3>Comment en informer votre client\u00e8le?<\/h3>\n<p>Vous devez informer vos clients et clientes de toute erreur pr\u00e9judiciable ou difficilement r\u00e9parable. Pour en savoir plus, nous vous invitons \u00e0 lire l&#8217;article \u00ab <a href=\"http:\/\/www.oiq.qc.ca\/Documents\/DCAP\/chroniques_PLAN\/encadrement_professionel\/2015_Encadrement_professionnel\/PLAN-nov-dec-2015_Enc-prof-1.pdf\" target=\"_blank\" rel=\"noopener noreferrer\" data-gc-link=\"http:\/\/www.oiq.qc.ca\/Documents\/DCAP\/chroniques_PLAN\/encadrement_professionel\/2015_Encadrement_professionnel\/PLAN-nov-dec-2015_Enc-prof-1.pdf\">L&#8217;erreur pr\u00e9judiciable &#8211; Devez-vous informer votre client, votre assureur ou les deux?<\/a> \u00bb, paru dans la revue PLAN de l&#8217;Ordre.<\/p>\n<h3>Comment en informer l&#8217;Ordre des ing\u00e9nieurs du Qu\u00e9bec?<\/h3>\n<p>Les ing\u00e9nieurs et ing\u00e9nieures doivent informer l&#8217;Ordre :<\/p>\n<ul>\n<li data-gc-list-depth=\"1\" data-gc-list-style=\"bullet\">de toute r\u00e9clamation formul\u00e9e contre eux ou elles et qui concerne leur responsabilit\u00e9 professionnelle,<\/li>\n<li data-gc-list-depth=\"1\" data-gc-list-style=\"bullet\">de toute d\u00e9claration de sinistre formul\u00e9e aupr\u00e8s de l&#8217;assureur.<\/li>\n<\/ul>\n<p>Cette obligation est pr\u00e9cis\u00e9e \u00e0 l&#8217;<a href=\"http:\/\/legisquebec.gouv.qc.ca\/fr\/showDoc\/cs\/C-26?langCont=fr#se:62_2\" target=\"_blank\" rel=\"noopener noreferrer\" data-gc-link=\"http:\/\/legisquebec.gouv.qc.ca\/fr\/showDoc\/cs\/C-26?langCont=fr#se:62_2\">article 62.2<\/a> du Code des professions et les conditions qui s&#8217;appliquent sont celles d\u00e9termin\u00e9es par le Conseil d&#8217;administration.<\/p>\n<p>Cette d\u00e9claration de recours vise seulement les recours judiciaires (poursuites, demandes introductives d&#8217;instance, demandes reconventionnelles, etc.) formul\u00e9s contre vous personnellement ou que vous avez d\u00e9clar\u00e9s \u00e0 votre assureur depuis le 1er avril 2015. <strong>Elle ne vise pas les mises en demeure<\/strong>.<\/p>\n<h3>Cette situation s&#8217;applique \u00e0 vous?<\/h3>\n<p>Vous devez nous transmettre votre d\u00e9claration au plus tard 30 jours suivant la signification du recours en question (donc 30 jours apr\u00e8s avoir re\u00e7u la poursuite, normalement des mains d&#8217;un huissier).<\/p>\n<p>Pour ce faire <a href=\"https:\/\/membres.oiq.qc.ca\/OIQ\/PortailDesMembres\/Fiche_individu\/mon_compte.aspx?WebsiteKey=5cb9562d-12b8-4bb6-acce-9d22c247b2d6&amp;4743b0cf=4#\" target=\"_blank\" rel=\"noopener\">cliquez ici<\/a> ou :<\/p>\n<ul>\n<li data-gc-list-depth=\"1\" data-gc-list-style=\"bullet\">Ouvrez une session dans le <a href=\"https:\/\/membres.oiq.qc.ca\/OIQ\/\" target=\"_blank\" rel=\"noopener noreferrer\" data-gc-link=\"https:\/\/membres.oiq.qc.ca\/OIQ\/\">Portail des membres<\/a><\/li>\n<li data-gc-list-depth=\"1\" data-gc-list-style=\"bullet\">Allez dans le menu de gauche et cliquez sur \u00ab Profil \u00bb.<\/li>\n<li data-gc-list-depth=\"1\" data-gc-list-style=\"bullet\">Cliquez sur l&#8217;onglet \u00ab Poursuites et condamnations \u00bb.<\/li>\n<li data-gc-list-depth=\"1\" data-gc-list-style=\"bullet\">Choisissez \u00ab D\u00e9claration de recours judiciaires concernant l&#8217;assurance responsabilit\u00e9 professionnelle \u00bb et remplissez-la.<\/li>\n<li data-gc-list-depth=\"1\" data-gc-list-style=\"bullet\">Vous pouvez ensuite joindre une copie de la demande introductive d&#8217;instance, de la demande reconventionnelle ou de tout autre type de recours \u00e0 votre d\u00e9claration remplie.<\/li>\n<\/ul>\n\n<\/div>    <\/div>\n<\/div>\n<\/div>\n\n\n<div  class=\"block-wrapper \">\n<div class=\"message is-dark\">\n      <div class=\"message-wrapper container\">\n          <div class=\"row\">\n              <div class=\"col-12 mw-inner\">\n                  <div class=\"message-inner\">\n                      <div class=\"message-header\">\n                                                        <div class=\"message-icon\">\n                                  <span class=\"icon reset-font idea\"><svg width=\"100\" height=\"100\" viewBox=\"0 0 100 100\" fill=\"none\" xmlns=\"http:\/\/www.w3.org\/2000\/svg\" class=\"idea-icon\">\n<path d=\"M12 47.9474C11.4477 47.9474 11 48.3951 11 48.9474C11 49.4997 11.4477 49.9474 12 49.9474V47.9474ZM16.2222 49.9474C16.7745 49.9474 17.2222 49.4997 17.2222 48.9474C17.2222 48.3951 16.7745 47.9474 16.2222 47.9474V49.9474ZM51 12C51 11.4477 50.5523 11 50 11C49.4477 11 49 11.4477 49 12H51ZM49 16.1053C49 16.6575 49.4477 17.1053 50 17.1053C50.5523 17.1053 51 16.6575 51 16.1053H49ZM83.7778 47.9474C83.2255 47.9474 82.7778 48.3951 82.7778 48.9474C82.7778 49.4997 83.2255 49.9474 83.7778 49.9474V47.9474ZM88 49.9474C88.5523 49.9474 89 49.4997 89 48.9474C89 48.3951 88.5523 47.9474 88 47.9474V49.9474ZM23.6749 21.9567C23.2789 21.5717 22.6458 21.5806 22.2608 21.9766C21.8758 22.3725 21.8847 23.0057 22.2807 23.3907L23.6749 21.9567ZM25.2362 26.2643C25.6322 26.6493 26.2653 26.6404 26.6503 26.2445C27.0353 25.8485 27.0264 25.2154 26.6304 24.8304L25.2362 26.2643ZM77.7193 23.3907C78.1153 23.0057 78.1242 22.3725 77.7392 21.9766C77.3542 21.5806 76.7211 21.5717 76.3251 21.9567L77.7193 23.3907ZM73.3696 24.8304C72.9736 25.2154 72.9647 25.8485 73.3497 26.2445C73.7347 26.6404 74.3678 26.6493 74.7638 26.2643L73.3696 24.8304ZM12 49.9474H16.2222V47.9474H12V49.9474ZM49 12V16.1053H51V12H49ZM83.7778 49.9474H88V47.9474H83.7778V49.9474ZM22.2807 23.3907L25.2362 26.2643L26.6304 24.8304L23.6749 21.9567L22.2807 23.3907ZM76.3251 21.9567L73.3696 24.8304L74.7638 26.2643L77.7193 23.3907L76.3251 21.9567Z\" fill=\"#244296\"\n      class=\"fill\"\/>\n<path d=\"M38.4008 67.2857C31.17 61.9361 28.2207 52.6224 31.0789 44.1639C33.9371 35.7053 41.9615 30 51 30C60.0385 30\n68.0629 35.7053 70.9211 44.1639C73.7793 52.6224 70.83 61.9361 63.5992 67.2857C60.2737 70.533 58.7142 75.1482 59.3995 79.7143C59.3995 84.2904 55.6389 88 51 88C46.3611 88 42.6005 84.2904 42.6005 79.7143C43.2858 75.1482 41.7263 70.533 38.4008 67.2857\" stroke=\"#244296\" stroke-width=\"2\" stroke-linecap=\"round\" stroke-linejoin=\"round\"  class=\"stroke\"\/>\n<path d=\"M43 76H59\" stroke=\"#244296\" stroke-width=\"2\" stroke-linecap=\"round\" stroke-linejoin=\"round\"  class=\"stroke\"\/>\n<\/svg>\n                                  <\/span>\n                              <\/div>\n                                                    <div class=\"message-content\">\n                                                                <div class=\"message-title\">\n                                      <h2>D\u00e9claration<\/h2>\n                                  <\/div>\n                                                            <div class=\"message-txt\">\n                                  <div class=\"wysiwyg \">\n\t<p>Vous avez 30 jours pour faire votre d\u00e9claration depuis votre portail.<\/p>\n\n<\/div>                              <\/div>\n                              <div class=\"message-footer \">\n                                                                <div class=\"message-btns\">\n                                                                                                                        <a href=\"https:\/\/membres.oiq.qc.ca\/OIQ\/PortailDesMembres\/Fiche_individu\/mon_compte.aspx?WebsiteKey=5cb9562d-12b8-4bb6-acce-9d22c247b2d6&amp;4743b0cf=4#\" target=\"_blank\" class=\"btn-arrow bordered is-white\">\n                                <span class=\"label\">Aller sur le portail des membres<\/span>\n                        \n        <span class=\"icon reset-font\"><svg xmlns=\"http:\/\/www.w3.org\/2000\/svg\" width=\"10.582\" height=\"18.826\" viewBox=\"0 0 10.582 18.826\">\n\t<g id=\"Groupe_9\" data-name=\"Groupe 9\" transform=\"translate(-8.831 1.414)\">\n\t\t<g id=\"Groupe_8\" data-name=\"Groupe 8\">\n\t\t\t<path id=\"Line\" d=\"M0,0,7.755,8.235\" transform=\"translate(10.244)\" fill=\"currentColor\" stroke=\"currentColor\"\n\t\t\t      stroke-linecap=\"round\" stroke-miterlimit=\"10\" stroke-width=\"2\" class=\"fill\"\/>\n\t\t\t<path id=\"Line-2\" data-name=\"Line\" d=\"M0,8.235,7.755,0\" transform=\"translate(10.244 7.764)\"\n\t\t\t      fill=\"currentColor\" stroke=\"currentColor\" stroke-linecap=\"round\" stroke-miterlimit=\"10\" stroke-width=\"2\" class=\"fill\"\/>\n\t\t<\/g>\n\t<\/g>\n<\/svg>\n<\/span>\n    <\/a>\n                                                                                                            <\/div>\n                                                              <\/div>\n                          <\/div>\n                      <\/div>\n                  <\/div>\n              <\/div>\n          <\/div>\n        <\/div>\n<\/div>\n<\/div>\n","protected":false},"excerpt":{"rendered":"","protected":false},"author":8,"featured_media":0,"parent":17484,"menu_order":0,"comment_status":"closed","ping_status":"closed","template":"views\/template-builder.blade.php","meta":{"_acf_changed":false,"_relevanssi_hide_post":"","_relevanssi_hide_content":"","_relevanssi_pin_for_all":"","_relevanssi_pin_keywords":"","_relevanssi_unpin_keywords":"","_relevanssi_related_keywords":"","_relevanssi_related_include_ids":"","_relevanssi_related_exclude_ids":"","_relevanssi_related_no_append":"","_relevanssi_related_not_related":"","_relevanssi_related_posts":"1","_relevanssi_noindex_reason":"","inline_featured_image":false,"footnotes":""},"class_list":["post-17485","page","type-page","status-publish","hentry"],"acf":[],"yoast_head":"<!-- This site is optimized with the Yoast SEO plugin v26.6 - https:\/\/yoast.com\/wordpress\/plugins\/seo\/ -->\n<title>OIQ &#8211; Ordre des ing\u00e9nieurs du Qu\u00e9bec<\/title>\n<meta name=\"robots\" content=\"index, follow, max-snippet:-1, max-image-preview:large, max-video-preview:-1\" \/>\n<link rel=\"canonical\" href=\"https:\/\/www.oiq.qc.ca\/en\/membres\/your-obligations\/assurances-responsabilites\/professional-liability-insurance-claims\/\" \/>\n<meta property=\"og:locale\" content=\"en_US\" \/>\n<meta property=\"og:type\" content=\"article\" \/>\n<meta property=\"og:title\" content=\"Professional Liability Insurance Claims - OIQ - Ordre des ing\u00e9nieurs du Qu\u00e9bec\" \/>\n<meta property=\"og:url\" content=\"https:\/\/www.oiq.qc.ca\/en\/membres\/your-obligations\/assurances-responsabilites\/professional-liability-insurance-claims\/\" \/>\n<meta property=\"og:site_name\" content=\"OIQ - Ordre des ing\u00e9nieurs du Qu\u00e9bec\" \/>\n<meta property=\"article:modified_time\" content=\"2024-03-20T14:35:36+00:00\" \/>\n<meta property=\"og:image\" content=\"https:\/\/www.oiq.qc.ca\/wp-content\/uploads\/vignette-web.png\" \/>\n\t<meta property=\"og:image:width\" content=\"1200\" \/>\n\t<meta property=\"og:image:height\" content=\"675\" \/>\n\t<meta property=\"og:image:type\" content=\"image\/png\" \/>\n<meta name=\"twitter:card\" content=\"summary_large_image\" \/>\n<script type=\"application\/ld+json\" class=\"yoast-schema-graph\">{\"@context\":\"https:\/\/schema.org\",\"@graph\":[{\"@type\":\"WebPage\",\"@id\":\"https:\/\/www.oiq.qc.ca\/en\/membres\/your-obligations\/assurances-responsabilites\/professional-liability-insurance-claims\/\",\"url\":\"https:\/\/www.oiq.qc.ca\/en\/membres\/your-obligations\/assurances-responsabilites\/professional-liability-insurance-claims\/\",\"name\":\"Professional Liability Insurance Claims - OIQ - Ordre des ing\u00e9nieurs du Qu\u00e9bec\",\"isPartOf\":{\"@id\":\"https:\/\/www.oiq.qc.ca\/#website\"},\"datePublished\":\"2022-03-17T22:50:56+00:00\",\"dateModified\":\"2024-03-20T14:35:36+00:00\",\"breadcrumb\":{\"@id\":\"https:\/\/www.oiq.qc.ca\/en\/membres\/your-obligations\/assurances-responsabilites\/professional-liability-insurance-claims\/#breadcrumb\"},\"inLanguage\":\"en-CA\",\"potentialAction\":[{\"@type\":\"ReadAction\",\"target\":[\"https:\/\/www.oiq.qc.ca\/en\/membres\/your-obligations\/assurances-responsabilites\/professional-liability-insurance-claims\/\"]}]},{\"@type\":\"BreadcrumbList\",\"@id\":\"https:\/\/www.oiq.qc.ca\/en\/membres\/your-obligations\/assurances-responsabilites\/professional-liability-insurance-claims\/#breadcrumb\",\"itemListElement\":[{\"@type\":\"ListItem\",\"position\":1,\"name\":\"Home\",\"item\":\"https:\/\/www.oiq.qc.ca\/en\/\"},{\"@type\":\"ListItem\",\"position\":2,\"name\":\"Membres\",\"item\":\"https:\/\/www.oiq.qc.ca\/en\/membres\/\"},{\"@type\":\"ListItem\",\"position\":3,\"name\":\"Your Obligations\",\"item\":\"https:\/\/www.oiq.qc.ca\/en\/membres\/your-obligations\/\"},{\"@type\":\"ListItem\",\"position\":4,\"name\":\"Assurance responsabilit\u00e9\",\"item\":\"https:\/\/www.oiq.qc.ca\/en\/membres\/your-obligations\/assurances-responsabilites\/\"},{\"@type\":\"ListItem\",\"position\":5,\"name\":\"Professional Liability Insurance Claims\"}]},{\"@type\":\"WebSite\",\"@id\":\"https:\/\/www.oiq.qc.ca\/#website\",\"url\":\"https:\/\/www.oiq.qc.ca\/\",\"name\":\"OIQ - Ordre des ing\u00e9nieurs du Qu\u00e9bec\",\"description\":\"Ordre des ing\u00e9nieurs du Qu\u00e9bec\",\"publisher\":{\"@id\":\"https:\/\/www.oiq.qc.ca\/#organization\"},\"potentialAction\":[{\"@type\":\"SearchAction\",\"target\":{\"@type\":\"EntryPoint\",\"urlTemplate\":\"https:\/\/www.oiq.qc.ca\/?s={search_term_string}\"},\"query-input\":{\"@type\":\"PropertyValueSpecification\",\"valueRequired\":true,\"valueName\":\"search_term_string\"}}],\"inLanguage\":\"en-CA\"},{\"@type\":\"Organization\",\"@id\":\"https:\/\/www.oiq.qc.ca\/#organization\",\"name\":\"OIQ - Ordre des Ing\u00e9nieurs du Qu\u00e9bec\",\"url\":\"https:\/\/www.oiq.qc.ca\/\",\"logo\":{\"@type\":\"ImageObject\",\"inLanguage\":\"en-CA\",\"@id\":\"https:\/\/www.oiq.qc.ca\/#\/schema\/logo\/image\/\",\"url\":\"https:\/\/www.oiq.qc.ca\/wp-content\/uploads\/logo-oiq-696x696-yoast.png\",\"contentUrl\":\"https:\/\/www.oiq.qc.ca\/wp-content\/uploads\/logo-oiq-696x696-yoast.png\",\"width\":696,\"height\":696,\"caption\":\"OIQ - Ordre des Ing\u00e9nieurs du Qu\u00e9bec\"},\"image\":{\"@id\":\"https:\/\/www.oiq.qc.ca\/#\/schema\/logo\/image\/\"}}]}<\/script>\n<!-- \/ Yoast SEO plugin. -->","yoast_head_json":{"title":"OIQ &#8211; Ordre des ing\u00e9nieurs du Qu\u00e9bec","robots":{"index":"index","follow":"follow","max-snippet":"max-snippet:-1","max-image-preview":"max-image-preview:large","max-video-preview":"max-video-preview:-1"},"canonical":"https:\/\/www.oiq.qc.ca\/en\/membres\/your-obligations\/assurances-responsabilites\/professional-liability-insurance-claims\/","og_locale":"en_US","og_type":"article","og_title":"Professional Liability Insurance Claims - OIQ - Ordre des ing\u00e9nieurs du Qu\u00e9bec","og_url":"https:\/\/www.oiq.qc.ca\/en\/membres\/your-obligations\/assurances-responsabilites\/professional-liability-insurance-claims\/","og_site_name":"OIQ - Ordre des ing\u00e9nieurs du Qu\u00e9bec","article_modified_time":"2024-03-20T14:35:36+00:00","og_image":[{"width":1200,"height":675,"url":"https:\/\/www.oiq.qc.ca\/wp-content\/uploads\/vignette-web.png","type":"image\/png"}],"twitter_card":"summary_large_image","schema":{"@context":"https:\/\/schema.org","@graph":[{"@type":"WebPage","@id":"https:\/\/www.oiq.qc.ca\/en\/membres\/your-obligations\/assurances-responsabilites\/professional-liability-insurance-claims\/","url":"https:\/\/www.oiq.qc.ca\/en\/membres\/your-obligations\/assurances-responsabilites\/professional-liability-insurance-claims\/","name":"Professional Liability Insurance Claims - OIQ - Ordre des ing\u00e9nieurs du Qu\u00e9bec","isPartOf":{"@id":"https:\/\/www.oiq.qc.ca\/#website"},"datePublished":"2022-03-17T22:50:56+00:00","dateModified":"2024-03-20T14:35:36+00:00","breadcrumb":{"@id":"https:\/\/www.oiq.qc.ca\/en\/membres\/your-obligations\/assurances-responsabilites\/professional-liability-insurance-claims\/#breadcrumb"},"inLanguage":"en-CA","potentialAction":[{"@type":"ReadAction","target":["https:\/\/www.oiq.qc.ca\/en\/membres\/your-obligations\/assurances-responsabilites\/professional-liability-insurance-claims\/"]}]},{"@type":"BreadcrumbList","@id":"https:\/\/www.oiq.qc.ca\/en\/membres\/your-obligations\/assurances-responsabilites\/professional-liability-insurance-claims\/#breadcrumb","itemListElement":[{"@type":"ListItem","position":1,"name":"Home","item":"https:\/\/www.oiq.qc.ca\/en\/"},{"@type":"ListItem","position":2,"name":"Membres","item":"https:\/\/www.oiq.qc.ca\/en\/membres\/"},{"@type":"ListItem","position":3,"name":"Your Obligations","item":"https:\/\/www.oiq.qc.ca\/en\/membres\/your-obligations\/"},{"@type":"ListItem","position":4,"name":"Assurance responsabilit\u00e9","item":"https:\/\/www.oiq.qc.ca\/en\/membres\/your-obligations\/assurances-responsabilites\/"},{"@type":"ListItem","position":5,"name":"Professional Liability Insurance Claims"}]},{"@type":"WebSite","@id":"https:\/\/www.oiq.qc.ca\/#website","url":"https:\/\/www.oiq.qc.ca\/","name":"OIQ - Ordre des ing\u00e9nieurs du Qu\u00e9bec","description":"Ordre des ing\u00e9nieurs du Qu\u00e9bec","publisher":{"@id":"https:\/\/www.oiq.qc.ca\/#organization"},"potentialAction":[{"@type":"SearchAction","target":{"@type":"EntryPoint","urlTemplate":"https:\/\/www.oiq.qc.ca\/?s={search_term_string}"},"query-input":{"@type":"PropertyValueSpecification","valueRequired":true,"valueName":"search_term_string"}}],"inLanguage":"en-CA"},{"@type":"Organization","@id":"https:\/\/www.oiq.qc.ca\/#organization","name":"OIQ - Ordre des Ing\u00e9nieurs du Qu\u00e9bec","url":"https:\/\/www.oiq.qc.ca\/","logo":{"@type":"ImageObject","inLanguage":"en-CA","@id":"https:\/\/www.oiq.qc.ca\/#\/schema\/logo\/image\/","url":"https:\/\/www.oiq.qc.ca\/wp-content\/uploads\/logo-oiq-696x696-yoast.png","contentUrl":"https:\/\/www.oiq.qc.ca\/wp-content\/uploads\/logo-oiq-696x696-yoast.png","width":696,"height":696,"caption":"OIQ - Ordre des Ing\u00e9nieurs du Qu\u00e9bec"},"image":{"@id":"https:\/\/www.oiq.qc.ca\/#\/schema\/logo\/image\/"}}]}},"_links":{"self":[{"href":"https:\/\/www.oiq.qc.ca\/en\/wp-json\/wp\/v2\/pages\/17485","targetHints":{"allow":["GET"]}}],"collection":[{"href":"https:\/\/www.oiq.qc.ca\/en\/wp-json\/wp\/v2\/pages"}],"about":[{"href":"https:\/\/www.oiq.qc.ca\/en\/wp-json\/wp\/v2\/types\/page"}],"author":[{"embeddable":true,"href":"https:\/\/www.oiq.qc.ca\/en\/wp-json\/wp\/v2\/users\/8"}],"replies":[{"embeddable":true,"href":"https:\/\/www.oiq.qc.ca\/en\/wp-json\/wp\/v2\/comments?post=17485"}],"version-history":[{"count":0,"href":"https:\/\/www.oiq.qc.ca\/en\/wp-json\/wp\/v2\/pages\/17485\/revisions"}],"up":[{"embeddable":true,"href":"https:\/\/www.oiq.qc.ca\/en\/wp-json\/wp\/v2\/pages\/17484"}],"wp:attachment":[{"href":"https:\/\/www.oiq.qc.ca\/en\/wp-json\/wp\/v2\/media?parent=17485"}],"curies":[{"name":"wp","href":"https:\/\/api.w.org\/{rel}","templated":true}]}}