{"id":17483,"date":"2022-03-17T22:49:53","date_gmt":"2022-03-17T22:49:53","guid":{"rendered":"https:\/\/www.oiq.qc.ca\/general-public\/protection-of-the-public\/professional-inspection-explained-to-the-public\/questionnaire-dauto-evaluation\/"},"modified":"2023-10-18T10:42:29","modified_gmt":"2023-10-18T14:42:29","slug":"self-assessment-questionnaire","status":"publish","type":"page","link":"https:\/\/www.oiq.qc.ca\/en\/membres\/your-obligations\/professional-inspections\/self-assessment-questionnaire\/","title":{"rendered":"Self-Assessment Questionnaire"},"content":{"rendered":"<div  class=\"block-wrapper \" data-block-name=\"Nouvelle Section\">\n<div class=\"new-section \" >\n        <div class=\"ns-container\">\n                            <div class=\"ns-inner\">\n                    <div class=\"ns-content\">\n                        <div class=\"container\">\n                            <div class=\"row\">\n                                <div class=\"col-12\">\n                                    <div class=\"ns-title\">\n                                                                                    <h2 class=\"ns-title\">Quels sont les objectifs de l\u2019auto\u00e9valuation?<\/h2>\n                                                                            <\/div>\n                                <\/div>\n                                <div class=\"col-12\">\n                                    <div class=\"ns-txt\">\n                                                                                    <div class=\"wysiwyg \">\n\t<ul>\n<li>R\u00e9viser et compl\u00e9ter vos connaissances g\u00e9n\u00e9rales, notamment sur vos obligations professionnelles.<\/li>\n<li>Vous apprendre de nouvelles pratiques.<\/li>\n<li>Mettre \u00e0 jour vos r\u00e9f\u00e9rences ou en sugg\u00e9rer de nouvelles.<\/li>\n<li>Cibler vos besoins en formation.<\/li>\n<li>Vous ouvrir des perspectives de d\u00e9veloppement professionnel.<\/li>\n<\/ul>\n\n<\/div>                                                                            <\/div>\n                                <\/div>\n                            <\/div>\n                        <\/div>\n                    <\/div>\n                                    <\/div>\n                    <\/div>\n    <\/div>\n\n<script>\n    $(window).load(function() {\n        let hash = window.location.hash;\n        if (hash) {\n            $('html,body').animate({ scrollTop: $(hash).offset().top - 60 }, 'slow');\n        }\n    });\n<\/script>\n<\/div>\n\n\n<div  class=\"block-wrapper \" data-block-name=\"Nouvelle Section\">\n<div class=\"new-section \" >\n        <div class=\"ns-container\">\n                            <div class=\"ns-inner\">\n                    <div class=\"ns-content\">\n                        <div class=\"container\">\n                            <div class=\"row\">\n                                <div class=\"col-12\">\n                                    <div class=\"ns-title\">\n                                                                                    <h2 class=\"ns-title\">Quelle est la proc\u00e9dure?<\/h2>\n                                                                            <\/div>\n                                <\/div>\n                                <div class=\"col-12\">\n                                    <div class=\"ns-txt\">\n                                                                                    <div class=\"wysiwyg \">\n\t<p>Si vous avez re\u00e7u un courriel de l\u2019Ordre vous demandant de remplir le questionnaire d&#8217;auto\u00e9valuation, sachez que vous disposez de 30 jours pour le remplir. Si vous souhaitez remplir le questionnaire volontairement, <a href=\"https:\/\/www.oiq.qc.ca\/grand-public\/contactez-lordre\/\">\u00e9crivez-nous un message<\/a> et nous vous expliquerons la marche \u00e0 suivre.<\/p>\n<p>Les questions sont divis\u00e9es en 4 volets d\u00e9finis dans le <a href=\"http:\/\/gpp.oiq.qc.ca\/Start.htm#t=Inventaire_des_competences_de_l_ingenieur.htm\" target=\"_blank\" rel=\"noopener noreferrer\" data-gc-link=\"http:\/\/gpp.oiq.qc.ca\/Start.htm#t=Inventaire_des_competences_de_l_ingenieur.htm\"><u>Cadre de r\u00e9f\u00e9rence<\/u><\/a> :<\/p>\n<ul>\n<li data-gc-list-depth=\"1\" data-gc-list-style=\"bullet\">Agir professionnellement.<\/li>\n<li data-gc-list-depth=\"1\" data-gc-list-style=\"bullet\">G\u00e9rer ses projets et ses \u00e9quipes.<\/li>\n<li data-gc-list-depth=\"1\" data-gc-list-style=\"bullet\">D\u00e9montrer ses aptitudes personnelles.<\/li>\n<li data-gc-list-depth=\"1\" data-gc-list-style=\"bullet\">Communiquer efficacement.<\/li>\n<\/ul>\n\n<\/div>                                                                            <\/div>\n                                <\/div>\n                            <\/div>\n                        <\/div>\n                    <\/div>\n                                    <\/div>\n                    <\/div>\n    <\/div>\n\n<script>\n    $(window).load(function() {\n        let hash = window.location.hash;\n        if (hash) {\n            $('html,body').animate({ scrollTop: $(hash).offset().top - 60 }, 'slow');\n        }\n    });\n<\/script>\n<\/div>\n\n\n<div  class=\"block-wrapper \" data-block-name=\"Text + Media Altern\u00e9s\">\n<div class=\"text-media reverse has-shadow\">\n    <div class=\"container\">\n        <div class=\"tm-left\">\n                        <h2>Quelle est la prochaine \u00e9tape?<\/h2>\n                                                    <div class=\"wysiwyg \">\n\t<p>Une fois le questionnaire rempli, vous recevez un rapport complet qui explique vos r\u00e9sultats et recommande des formations ou des lectures. Vous disposez alors de tous les outils pour ma\u00eetriser vos obligations professionnelles et adopter de meilleures pratiques.<\/p>\n<p>De plus, l\u2019Ordre indique que vous avez r\u00e9alis\u00e9 l\u2019auto\u00e9valuation dans votre dossier en ligne, ce qui vous donne ainsi deux heures de formation continue.<\/p>\n<p>Pour tout savoir sur le questionnaire d\u2019auto\u00e9valuation, visionnez notre vid\u00e9o.<\/p>\n\n<\/div>                                <\/div>\n        <div class=\"tm-right\">\n                        <div class=\"tm-video has-shadow\">\n                                                                                                <div class=\"pn-video-player\" data-component=\"videoPlayer\">\n    <div class=\"overlay-wrapper\">\n        \n        <div class=\"play-wrapper\">\n            <div class=\"play-inner\">\n                <span class=\"picto reset-font\"><svg xmlns=\"http:\/\/www.w3.org\/2000\/svg\" width=\"26\" height=\"31\" viewBox=\"0 0 26 31\" class=\"svg-play\">\n  <path fill=\"none\" fill-rule=\"evenodd\" stroke=\"#FFF\" stroke-width=\"1.5\" d=\"M54,38.0008331 L67.7014424,61.75 L40.2985576,61.75 L54,38.0008331 Z\" transform=\"rotate(90 50.5 12)\"\n   class=\"stroke\"\n  \/>\n<\/svg>\n<\/span>\n            <\/div>\n        <\/div>\n    <\/div>\n    <div class=\"video-wrapper\">\n                    <div class=\"pn-youtube reset-font\" data-id=\"RWEnqcPZxjQ\" data-component=\"youtubeApi\">\n\t<div id=\"playeryt-RWEnqcPZxjQ-1029616740\" class=\"iframe-placeholder\"><\/div>\n<\/div>\n            <\/div>\n<\/div>                                                                <\/div>\n                    <\/div>\n    <\/div>\n  <\/div>\n\n<\/div>\n","protected":false},"excerpt":{"rendered":"","protected":false},"author":8,"featured_media":0,"parent":17482,"menu_order":0,"comment_status":"closed","ping_status":"closed","template":"views\/template-builder.blade.php","meta":{"_acf_changed":false,"_relevanssi_hide_post":"","_relevanssi_hide_content":"","_relevanssi_pin_for_all":"","_relevanssi_pin_keywords":"","_relevanssi_unpin_keywords":"","_relevanssi_related_keywords":"","_relevanssi_related_include_ids":"","_relevanssi_related_exclude_ids":"","_relevanssi_related_no_append":"","_relevanssi_related_not_related":"","_relevanssi_related_posts":"1","_relevanssi_noindex_reason":"","inline_featured_image":false,"footnotes":""},"class_list":["post-17483","page","type-page","status-publish","hentry"],"acf":[],"yoast_head":"<!-- This site is optimized with the Yoast SEO plugin v26.6 - https:\/\/yoast.com\/wordpress\/plugins\/seo\/ -->\n<title>OIQ &#8211; Ordre des ing\u00e9nieurs du Qu\u00e9bec<\/title>\n<meta name=\"robots\" content=\"index, follow, max-snippet:-1, max-image-preview:large, max-video-preview:-1\" \/>\n<link rel=\"canonical\" href=\"https:\/\/www.oiq.qc.ca\/en\/general-public\/protection-of-the-public\/professional-inspection-explained-to-the-public\/self-assessment-questionnaire\/\" \/>\n<meta property=\"og:locale\" content=\"en_US\" \/>\n<meta property=\"og:type\" content=\"article\" \/>\n<meta property=\"og:title\" content=\"Self-Assessment Questionnaire - OIQ - Ordre des ing\u00e9nieurs du Qu\u00e9bec\" \/>\n<meta property=\"og:url\" content=\"https:\/\/www.oiq.qc.ca\/en\/general-public\/protection-of-the-public\/professional-inspection-explained-to-the-public\/self-assessment-questionnaire\/\" \/>\n<meta property=\"og:site_name\" content=\"OIQ - Ordre des ing\u00e9nieurs du Qu\u00e9bec\" \/>\n<meta property=\"article:modified_time\" content=\"2023-10-18T14:42:29+00:00\" \/>\n<meta property=\"og:image\" content=\"https:\/\/www.oiq.qc.ca\/wp-content\/uploads\/vignette-web.png\" \/>\n\t<meta property=\"og:image:width\" content=\"1200\" \/>\n\t<meta property=\"og:image:height\" content=\"675\" \/>\n\t<meta property=\"og:image:type\" content=\"image\/png\" \/>\n<meta name=\"twitter:card\" content=\"summary_large_image\" \/>\n<script type=\"application\/ld+json\" class=\"yoast-schema-graph\">{\"@context\":\"https:\/\/schema.org\",\"@graph\":[{\"@type\":\"WebPage\",\"@id\":\"https:\/\/www.oiq.qc.ca\/en\/general-public\/protection-of-the-public\/professional-inspection-explained-to-the-public\/self-assessment-questionnaire\/\",\"url\":\"https:\/\/www.oiq.qc.ca\/en\/general-public\/protection-of-the-public\/professional-inspection-explained-to-the-public\/self-assessment-questionnaire\/\",\"name\":\"Self-Assessment Questionnaire - OIQ - Ordre des ing\u00e9nieurs du Qu\u00e9bec\",\"isPartOf\":{\"@id\":\"https:\/\/www.oiq.qc.ca\/#website\"},\"datePublished\":\"2022-03-17T22:49:53+00:00\",\"dateModified\":\"2023-10-18T14:42:29+00:00\",\"breadcrumb\":{\"@id\":\"https:\/\/www.oiq.qc.ca\/en\/general-public\/protection-of-the-public\/professional-inspection-explained-to-the-public\/self-assessment-questionnaire\/#breadcrumb\"},\"inLanguage\":\"en-CA\",\"potentialAction\":[{\"@type\":\"ReadAction\",\"target\":[\"https:\/\/www.oiq.qc.ca\/en\/general-public\/protection-of-the-public\/professional-inspection-explained-to-the-public\/self-assessment-questionnaire\/\"]}]},{\"@type\":\"BreadcrumbList\",\"@id\":\"https:\/\/www.oiq.qc.ca\/en\/general-public\/protection-of-the-public\/professional-inspection-explained-to-the-public\/self-assessment-questionnaire\/#breadcrumb\",\"itemListElement\":[{\"@type\":\"ListItem\",\"position\":1,\"name\":\"Home\",\"item\":\"https:\/\/www.oiq.qc.ca\/en\/\"},{\"@type\":\"ListItem\",\"position\":2,\"name\":\"General Public\",\"item\":\"https:\/\/www.oiq.qc.ca\/en\/general-public\/\"},{\"@type\":\"ListItem\",\"position\":3,\"name\":\"Protection of the public\",\"item\":\"https:\/\/www.oiq.qc.ca\/en\/general-public\/protection-of-the-public\/\"},{\"@type\":\"ListItem\",\"position\":4,\"name\":\"Professional Inspection Explained to the Public\",\"item\":\"https:\/\/www.oiq.qc.ca\/en\/general-public\/protection-of-the-public\/professional-inspection-explained-to-the-public\/\"},{\"@type\":\"ListItem\",\"position\":5,\"name\":\"Self-Assessment Questionnaire\"}]},{\"@type\":\"WebSite\",\"@id\":\"https:\/\/www.oiq.qc.ca\/#website\",\"url\":\"https:\/\/www.oiq.qc.ca\/\",\"name\":\"OIQ - Ordre des ing\u00e9nieurs du Qu\u00e9bec\",\"description\":\"Ordre des ing\u00e9nieurs du Qu\u00e9bec\",\"publisher\":{\"@id\":\"https:\/\/www.oiq.qc.ca\/#organization\"},\"potentialAction\":[{\"@type\":\"SearchAction\",\"target\":{\"@type\":\"EntryPoint\",\"urlTemplate\":\"https:\/\/www.oiq.qc.ca\/?s={search_term_string}\"},\"query-input\":{\"@type\":\"PropertyValueSpecification\",\"valueRequired\":true,\"valueName\":\"search_term_string\"}}],\"inLanguage\":\"en-CA\"},{\"@type\":\"Organization\",\"@id\":\"https:\/\/www.oiq.qc.ca\/#organization\",\"name\":\"OIQ - Ordre des Ing\u00e9nieurs du Qu\u00e9bec\",\"url\":\"https:\/\/www.oiq.qc.ca\/\",\"logo\":{\"@type\":\"ImageObject\",\"inLanguage\":\"en-CA\",\"@id\":\"https:\/\/www.oiq.qc.ca\/#\/schema\/logo\/image\/\",\"url\":\"https:\/\/www.oiq.qc.ca\/wp-content\/uploads\/logo-oiq-696x696-yoast.png\",\"contentUrl\":\"https:\/\/www.oiq.qc.ca\/wp-content\/uploads\/logo-oiq-696x696-yoast.png\",\"width\":696,\"height\":696,\"caption\":\"OIQ - Ordre des Ing\u00e9nieurs du Qu\u00e9bec\"},\"image\":{\"@id\":\"https:\/\/www.oiq.qc.ca\/#\/schema\/logo\/image\/\"}}]}<\/script>\n<!-- \/ Yoast SEO plugin. -->","yoast_head_json":{"title":"OIQ &#8211; Ordre des ing\u00e9nieurs du Qu\u00e9bec","robots":{"index":"index","follow":"follow","max-snippet":"max-snippet:-1","max-image-preview":"max-image-preview:large","max-video-preview":"max-video-preview:-1"},"canonical":"https:\/\/www.oiq.qc.ca\/en\/general-public\/protection-of-the-public\/professional-inspection-explained-to-the-public\/self-assessment-questionnaire\/","og_locale":"en_US","og_type":"article","og_title":"Self-Assessment Questionnaire - OIQ - Ordre des ing\u00e9nieurs du Qu\u00e9bec","og_url":"https:\/\/www.oiq.qc.ca\/en\/general-public\/protection-of-the-public\/professional-inspection-explained-to-the-public\/self-assessment-questionnaire\/","og_site_name":"OIQ - Ordre des ing\u00e9nieurs du Qu\u00e9bec","article_modified_time":"2023-10-18T14:42:29+00:00","og_image":[{"width":1200,"height":675,"url":"https:\/\/www.oiq.qc.ca\/wp-content\/uploads\/vignette-web.png","type":"image\/png"}],"twitter_card":"summary_large_image","schema":{"@context":"https:\/\/schema.org","@graph":[{"@type":"WebPage","@id":"https:\/\/www.oiq.qc.ca\/en\/general-public\/protection-of-the-public\/professional-inspection-explained-to-the-public\/self-assessment-questionnaire\/","url":"https:\/\/www.oiq.qc.ca\/en\/general-public\/protection-of-the-public\/professional-inspection-explained-to-the-public\/self-assessment-questionnaire\/","name":"Self-Assessment Questionnaire - OIQ - Ordre des ing\u00e9nieurs du Qu\u00e9bec","isPartOf":{"@id":"https:\/\/www.oiq.qc.ca\/#website"},"datePublished":"2022-03-17T22:49:53+00:00","dateModified":"2023-10-18T14:42:29+00:00","breadcrumb":{"@id":"https:\/\/www.oiq.qc.ca\/en\/general-public\/protection-of-the-public\/professional-inspection-explained-to-the-public\/self-assessment-questionnaire\/#breadcrumb"},"inLanguage":"en-CA","potentialAction":[{"@type":"ReadAction","target":["https:\/\/www.oiq.qc.ca\/en\/general-public\/protection-of-the-public\/professional-inspection-explained-to-the-public\/self-assessment-questionnaire\/"]}]},{"@type":"BreadcrumbList","@id":"https:\/\/www.oiq.qc.ca\/en\/general-public\/protection-of-the-public\/professional-inspection-explained-to-the-public\/self-assessment-questionnaire\/#breadcrumb","itemListElement":[{"@type":"ListItem","position":1,"name":"Home","item":"https:\/\/www.oiq.qc.ca\/en\/"},{"@type":"ListItem","position":2,"name":"General Public","item":"https:\/\/www.oiq.qc.ca\/en\/general-public\/"},{"@type":"ListItem","position":3,"name":"Protection of the public","item":"https:\/\/www.oiq.qc.ca\/en\/general-public\/protection-of-the-public\/"},{"@type":"ListItem","position":4,"name":"Professional Inspection Explained to the Public","item":"https:\/\/www.oiq.qc.ca\/en\/general-public\/protection-of-the-public\/professional-inspection-explained-to-the-public\/"},{"@type":"ListItem","position":5,"name":"Self-Assessment Questionnaire"}]},{"@type":"WebSite","@id":"https:\/\/www.oiq.qc.ca\/#website","url":"https:\/\/www.oiq.qc.ca\/","name":"OIQ - Ordre des ing\u00e9nieurs du Qu\u00e9bec","description":"Ordre des ing\u00e9nieurs du Qu\u00e9bec","publisher":{"@id":"https:\/\/www.oiq.qc.ca\/#organization"},"potentialAction":[{"@type":"SearchAction","target":{"@type":"EntryPoint","urlTemplate":"https:\/\/www.oiq.qc.ca\/?s={search_term_string}"},"query-input":{"@type":"PropertyValueSpecification","valueRequired":true,"valueName":"search_term_string"}}],"inLanguage":"en-CA"},{"@type":"Organization","@id":"https:\/\/www.oiq.qc.ca\/#organization","name":"OIQ - Ordre des Ing\u00e9nieurs du Qu\u00e9bec","url":"https:\/\/www.oiq.qc.ca\/","logo":{"@type":"ImageObject","inLanguage":"en-CA","@id":"https:\/\/www.oiq.qc.ca\/#\/schema\/logo\/image\/","url":"https:\/\/www.oiq.qc.ca\/wp-content\/uploads\/logo-oiq-696x696-yoast.png","contentUrl":"https:\/\/www.oiq.qc.ca\/wp-content\/uploads\/logo-oiq-696x696-yoast.png","width":696,"height":696,"caption":"OIQ - Ordre des Ing\u00e9nieurs du Qu\u00e9bec"},"image":{"@id":"https:\/\/www.oiq.qc.ca\/#\/schema\/logo\/image\/"}}]}},"_links":{"self":[{"href":"https:\/\/www.oiq.qc.ca\/en\/wp-json\/wp\/v2\/pages\/17483","targetHints":{"allow":["GET"]}}],"collection":[{"href":"https:\/\/www.oiq.qc.ca\/en\/wp-json\/wp\/v2\/pages"}],"about":[{"href":"https:\/\/www.oiq.qc.ca\/en\/wp-json\/wp\/v2\/types\/page"}],"author":[{"embeddable":true,"href":"https:\/\/www.oiq.qc.ca\/en\/wp-json\/wp\/v2\/users\/8"}],"replies":[{"embeddable":true,"href":"https:\/\/www.oiq.qc.ca\/en\/wp-json\/wp\/v2\/comments?post=17483"}],"version-history":[{"count":0,"href":"https:\/\/www.oiq.qc.ca\/en\/wp-json\/wp\/v2\/pages\/17483\/revisions"}],"up":[{"embeddable":true,"href":"https:\/\/www.oiq.qc.ca\/en\/wp-json\/wp\/v2\/pages\/17482"}],"wp:attachment":[{"href":"https:\/\/www.oiq.qc.ca\/en\/wp-json\/wp\/v2\/media?parent=17483"}],"curies":[{"name":"wp","href":"https:\/\/api.w.org\/{rel}","templated":true}]}}