{"id":17473,"date":"2022-03-17T22:48:53","date_gmt":"2022-03-17T22:48:53","guid":{"rendered":"https:\/\/www.oiq.qc.ca\/membres\/your-obligations\/continuing-education\/dispense-de-formation-continue\/"},"modified":"2022-06-15T15:10:10","modified_gmt":"2022-06-15T19:10:10","slug":"exemption-from-continuing-education","status":"publish","type":"page","link":"https:\/\/www.oiq.qc.ca\/en\/membres\/your-obligations\/continuing-education\/exemption-from-continuing-education\/","title":{"rendered":"Exemption from continuing education"},"content":{"rendered":"<div  class=\"block-wrapper \" data-block-name=\"Wysiwyg\">\n<div class=\"bloc-wysiwyg \">\n    <div class=\"container\">\n        <div class=\"wysiwyg \">\n\t<h2>Contr\u00f4ler vos demandes de dispense directement du portail<\/h2>\n<h4>Comment faire ma demande de dispense?<\/h4>\n<p>Rendez-vous sur le portail des membres dans votre demande de dispense, puis cliquez sur le bouton \u00ab Faire une demande de r\u00e9vision \u00bb. En fonction du motif, vous devrez remplir le bon formulaire (retraite, motif m\u00e9dical ou cong\u00e9 pour soignant) et fournir les bonnes pi\u00e8ces justificatives.<\/p>\n<p>L&#8217;Ordre vous communiquera sa d\u00e9cision dans un d\u00e9lai de 30 jours suivant le d\u00e9but de l\u2019\u00e9tude de votre demande.<\/p>\n<h4>Ma demande de dispense a \u00e9t\u00e9 refus\u00e9e. Comment demander une r\u00e9vision de cette d\u00e9cision?<\/h4>\n<p>L&#8217;Ordre vous avisera par \u00e9crit si votre demande est refus\u00e9e. Vous disposez d&#8217;un d\u00e9lai de 15 jours \u00e0 compter de la r\u00e9ception de l&#8217;avis pour demander une r\u00e9vision de cette d\u00e9cision. Vous pouvez faire la demande \u00e0 partir du portail, dans l&#8217;onglet \u00ab Formation continue \u00bb, directement dans votre demande de dispense. Vous y trouverez le formulaire de demande de r\u00e9vision\u00a0\u00e0 la suite d&#8217;un refus de reconna\u00eetre une activit\u00e9 de formation d\u00e9clar\u00e9e.<\/p>\n\n<\/div>    <\/div>\n<\/div>\n<\/div>\n\n\n<div  class=\"block-wrapper \">\n<div class=\"linksList\">\n    <div class=\"container\">\n        <div class=\"row\">\n            <div class=\"linksList-col full-width\">\n                                <h2 class=\"linksList-title\">\n                    Liens utiles\n                <\/h2>\n                                                                                            <div class=\"linkItem\">\n                    <a href=\"https:\/\/membres.oiq.qc.ca\/OIQ\/PortailConnexion\" target=\"_blank\" class=\"btn-arrow is-blue\">\n                                <span class=\"label\">Formation continue dans le portail des membres<\/span>\n                        \n        <span class=\"icon reset-font\"><svg xmlns=\"http:\/\/www.w3.org\/2000\/svg\" width=\"10.582\" height=\"18.826\" viewBox=\"0 0 10.582 18.826\">\n\t<g id=\"Groupe_9\" data-name=\"Groupe 9\" transform=\"translate(-8.831 1.414)\">\n\t\t<g id=\"Groupe_8\" data-name=\"Groupe 8\">\n\t\t\t<path id=\"Line\" d=\"M0,0,7.755,8.235\" transform=\"translate(10.244)\" fill=\"currentColor\" stroke=\"currentColor\"\n\t\t\t      stroke-linecap=\"round\" stroke-miterlimit=\"10\" stroke-width=\"2\" class=\"fill\"\/>\n\t\t\t<path id=\"Line-2\" data-name=\"Line\" d=\"M0,8.235,7.755,0\" transform=\"translate(10.244 7.764)\"\n\t\t\t      fill=\"currentColor\" stroke=\"currentColor\" stroke-linecap=\"round\" stroke-miterlimit=\"10\" stroke-width=\"2\" class=\"fill\"\/>\n\t\t<\/g>\n\t<\/g>\n<\/svg>\n<\/span>\n    <\/a>\n            <\/div>\n                                                                                                                <div class=\"linkItem\">\n                    <a href=\"https:\/\/membres.oiq.qc.ca\/OIQ\/PortailConnexion\" target=\"_blank\" class=\"btn-arrow is-blue\">\n                                <span class=\"label\">Demande de dispense de formation dans le portail<\/span>\n                        \n        <span class=\"icon reset-font\"><svg xmlns=\"http:\/\/www.w3.org\/2000\/svg\" width=\"10.582\" height=\"18.826\" viewBox=\"0 0 10.582 18.826\">\n\t<g id=\"Groupe_9\" data-name=\"Groupe 9\" transform=\"translate(-8.831 1.414)\">\n\t\t<g id=\"Groupe_8\" data-name=\"Groupe 8\">\n\t\t\t<path id=\"Line\" d=\"M0,0,7.755,8.235\" transform=\"translate(10.244)\" fill=\"currentColor\" stroke=\"currentColor\"\n\t\t\t      stroke-linecap=\"round\" stroke-miterlimit=\"10\" stroke-width=\"2\" class=\"fill\"\/>\n\t\t\t<path id=\"Line-2\" data-name=\"Line\" d=\"M0,8.235,7.755,0\" transform=\"translate(10.244 7.764)\"\n\t\t\t      fill=\"currentColor\" stroke=\"currentColor\" stroke-linecap=\"round\" stroke-miterlimit=\"10\" stroke-width=\"2\" class=\"fill\"\/>\n\t\t<\/g>\n\t<\/g>\n<\/svg>\n<\/span>\n    <\/a>\n            <\/div>\n                                                                <\/div>\n        <\/div>\n    <\/div>\n<\/div>\n<\/div>\n","protected":false},"excerpt":{"rendered":"","protected":false},"author":4,"featured_media":0,"parent":16182,"menu_order":0,"comment_status":"closed","ping_status":"closed","template":"views\/template-builder.blade.php","meta":{"_acf_changed":false,"_relevanssi_hide_post":"","_relevanssi_hide_content":"","_relevanssi_pin_for_all":"","_relevanssi_pin_keywords":"","_relevanssi_unpin_keywords":"","_relevanssi_related_keywords":"","_relevanssi_related_include_ids":"","_relevanssi_related_exclude_ids":"","_relevanssi_related_no_append":"","_relevanssi_related_not_related":"","_relevanssi_related_posts":"1","_relevanssi_noindex_reason":"","inline_featured_image":false,"footnotes":""},"class_list":["post-17473","page","type-page","status-publish","hentry"],"acf":[],"yoast_head":"<!-- This site is optimized with the Yoast SEO plugin v26.6 - https:\/\/yoast.com\/wordpress\/plugins\/seo\/ -->\n<title>OIQ &#8211; Ordre des ing\u00e9nieurs du Qu\u00e9bec<\/title>\n<meta name=\"description\" content=\"Tout comprendre des motifs et d\u00e9marches aupr\u00e8s de l&#039;Ordre des ing\u00e9nieurs du Qu\u00e9bec pour demander une dispense de votre obligation de formation continue.\" \/>\n<meta name=\"robots\" content=\"index, follow, max-snippet:-1, max-image-preview:large, max-video-preview:-1\" \/>\n<link rel=\"canonical\" href=\"https:\/\/www.oiq.qc.ca\/en\/membres\/your-obligations\/continuing-education\/exemption-from-continuing-education\/\" \/>\n<meta property=\"og:locale\" content=\"en_US\" \/>\n<meta property=\"og:type\" content=\"article\" \/>\n<meta property=\"og:title\" content=\"Exemption from continuing education - OIQ - Ordre des ing\u00e9nieurs du Qu\u00e9bec\" \/>\n<meta property=\"og:description\" content=\"Tout comprendre des motifs et d\u00e9marches aupr\u00e8s de l&#039;Ordre des ing\u00e9nieurs du Qu\u00e9bec pour demander une dispense de votre obligation de formation continue.\" \/>\n<meta property=\"og:url\" content=\"https:\/\/www.oiq.qc.ca\/en\/membres\/your-obligations\/continuing-education\/exemption-from-continuing-education\/\" \/>\n<meta property=\"og:site_name\" content=\"OIQ - Ordre des ing\u00e9nieurs du Qu\u00e9bec\" \/>\n<meta property=\"article:modified_time\" content=\"2022-06-15T19:10:10+00:00\" \/>\n<meta property=\"og:image\" content=\"https:\/\/www.oiq.qc.ca\/wp-content\/uploads\/vignette-web.png\" \/>\n\t<meta property=\"og:image:width\" content=\"1200\" \/>\n\t<meta property=\"og:image:height\" content=\"675\" \/>\n\t<meta property=\"og:image:type\" content=\"image\/png\" \/>\n<meta name=\"twitter:card\" content=\"summary_large_image\" \/>\n<script type=\"application\/ld+json\" class=\"yoast-schema-graph\">{\"@context\":\"https:\/\/schema.org\",\"@graph\":[{\"@type\":\"WebPage\",\"@id\":\"https:\/\/www.oiq.qc.ca\/en\/membres\/your-obligations\/continuing-education\/exemption-from-continuing-education\/\",\"url\":\"https:\/\/www.oiq.qc.ca\/en\/membres\/your-obligations\/continuing-education\/exemption-from-continuing-education\/\",\"name\":\"Exemption from continuing education - OIQ - Ordre des ing\u00e9nieurs du Qu\u00e9bec\",\"isPartOf\":{\"@id\":\"https:\/\/www.oiq.qc.ca\/#website\"},\"datePublished\":\"2022-03-17T22:48:53+00:00\",\"dateModified\":\"2022-06-15T19:10:10+00:00\",\"description\":\"Tout comprendre des motifs et d\u00e9marches aupr\u00e8s de l'Ordre des ing\u00e9nieurs du Qu\u00e9bec pour demander une dispense de votre obligation de formation continue.\",\"breadcrumb\":{\"@id\":\"https:\/\/www.oiq.qc.ca\/en\/membres\/your-obligations\/continuing-education\/exemption-from-continuing-education\/#breadcrumb\"},\"inLanguage\":\"en-CA\",\"potentialAction\":[{\"@type\":\"ReadAction\",\"target\":[\"https:\/\/www.oiq.qc.ca\/en\/membres\/your-obligations\/continuing-education\/exemption-from-continuing-education\/\"]}]},{\"@type\":\"BreadcrumbList\",\"@id\":\"https:\/\/www.oiq.qc.ca\/en\/membres\/your-obligations\/continuing-education\/exemption-from-continuing-education\/#breadcrumb\",\"itemListElement\":[{\"@type\":\"ListItem\",\"position\":1,\"name\":\"Home\",\"item\":\"https:\/\/www.oiq.qc.ca\/en\/\"},{\"@type\":\"ListItem\",\"position\":2,\"name\":\"Membres\",\"item\":\"https:\/\/www.oiq.qc.ca\/en\/membres\/\"},{\"@type\":\"ListItem\",\"position\":3,\"name\":\"Your Obligations\",\"item\":\"https:\/\/www.oiq.qc.ca\/en\/membres\/your-obligations\/\"},{\"@type\":\"ListItem\",\"position\":4,\"name\":\"Continuing Education\",\"item\":\"https:\/\/www.oiq.qc.ca\/en\/membres\/your-obligations\/continuing-education\/\"},{\"@type\":\"ListItem\",\"position\":5,\"name\":\"Exemption from continuing education\"}]},{\"@type\":\"WebSite\",\"@id\":\"https:\/\/www.oiq.qc.ca\/#website\",\"url\":\"https:\/\/www.oiq.qc.ca\/\",\"name\":\"OIQ - Ordre des ing\u00e9nieurs du Qu\u00e9bec\",\"description\":\"Ordre des ing\u00e9nieurs du Qu\u00e9bec\",\"publisher\":{\"@id\":\"https:\/\/www.oiq.qc.ca\/#organization\"},\"potentialAction\":[{\"@type\":\"SearchAction\",\"target\":{\"@type\":\"EntryPoint\",\"urlTemplate\":\"https:\/\/www.oiq.qc.ca\/?s={search_term_string}\"},\"query-input\":{\"@type\":\"PropertyValueSpecification\",\"valueRequired\":true,\"valueName\":\"search_term_string\"}}],\"inLanguage\":\"en-CA\"},{\"@type\":\"Organization\",\"@id\":\"https:\/\/www.oiq.qc.ca\/#organization\",\"name\":\"OIQ - Ordre des Ing\u00e9nieurs du Qu\u00e9bec\",\"url\":\"https:\/\/www.oiq.qc.ca\/\",\"logo\":{\"@type\":\"ImageObject\",\"inLanguage\":\"en-CA\",\"@id\":\"https:\/\/www.oiq.qc.ca\/#\/schema\/logo\/image\/\",\"url\":\"https:\/\/www.oiq.qc.ca\/wp-content\/uploads\/logo-oiq-696x696-yoast.png\",\"contentUrl\":\"https:\/\/www.oiq.qc.ca\/wp-content\/uploads\/logo-oiq-696x696-yoast.png\",\"width\":696,\"height\":696,\"caption\":\"OIQ - Ordre des Ing\u00e9nieurs du Qu\u00e9bec\"},\"image\":{\"@id\":\"https:\/\/www.oiq.qc.ca\/#\/schema\/logo\/image\/\"}}]}<\/script>\n<!-- \/ Yoast SEO plugin. -->","yoast_head_json":{"title":"OIQ &#8211; Ordre des ing\u00e9nieurs du Qu\u00e9bec","description":"Tout comprendre des motifs et d\u00e9marches aupr\u00e8s de l'Ordre des ing\u00e9nieurs du Qu\u00e9bec pour demander une dispense de votre obligation de formation continue.","robots":{"index":"index","follow":"follow","max-snippet":"max-snippet:-1","max-image-preview":"max-image-preview:large","max-video-preview":"max-video-preview:-1"},"canonical":"https:\/\/www.oiq.qc.ca\/en\/membres\/your-obligations\/continuing-education\/exemption-from-continuing-education\/","og_locale":"en_US","og_type":"article","og_title":"Exemption from continuing education - OIQ - Ordre des ing\u00e9nieurs du Qu\u00e9bec","og_description":"Tout comprendre des motifs et d\u00e9marches aupr\u00e8s de l'Ordre des ing\u00e9nieurs du Qu\u00e9bec pour demander une dispense de votre obligation de formation continue.","og_url":"https:\/\/www.oiq.qc.ca\/en\/membres\/your-obligations\/continuing-education\/exemption-from-continuing-education\/","og_site_name":"OIQ - Ordre des ing\u00e9nieurs du Qu\u00e9bec","article_modified_time":"2022-06-15T19:10:10+00:00","og_image":[{"width":1200,"height":675,"url":"https:\/\/www.oiq.qc.ca\/wp-content\/uploads\/vignette-web.png","type":"image\/png"}],"twitter_card":"summary_large_image","schema":{"@context":"https:\/\/schema.org","@graph":[{"@type":"WebPage","@id":"https:\/\/www.oiq.qc.ca\/en\/membres\/your-obligations\/continuing-education\/exemption-from-continuing-education\/","url":"https:\/\/www.oiq.qc.ca\/en\/membres\/your-obligations\/continuing-education\/exemption-from-continuing-education\/","name":"Exemption from continuing education - OIQ - Ordre des ing\u00e9nieurs du Qu\u00e9bec","isPartOf":{"@id":"https:\/\/www.oiq.qc.ca\/#website"},"datePublished":"2022-03-17T22:48:53+00:00","dateModified":"2022-06-15T19:10:10+00:00","description":"Tout comprendre des motifs et d\u00e9marches aupr\u00e8s de l'Ordre des ing\u00e9nieurs du Qu\u00e9bec pour demander une dispense de votre obligation de formation continue.","breadcrumb":{"@id":"https:\/\/www.oiq.qc.ca\/en\/membres\/your-obligations\/continuing-education\/exemption-from-continuing-education\/#breadcrumb"},"inLanguage":"en-CA","potentialAction":[{"@type":"ReadAction","target":["https:\/\/www.oiq.qc.ca\/en\/membres\/your-obligations\/continuing-education\/exemption-from-continuing-education\/"]}]},{"@type":"BreadcrumbList","@id":"https:\/\/www.oiq.qc.ca\/en\/membres\/your-obligations\/continuing-education\/exemption-from-continuing-education\/#breadcrumb","itemListElement":[{"@type":"ListItem","position":1,"name":"Home","item":"https:\/\/www.oiq.qc.ca\/en\/"},{"@type":"ListItem","position":2,"name":"Membres","item":"https:\/\/www.oiq.qc.ca\/en\/membres\/"},{"@type":"ListItem","position":3,"name":"Your Obligations","item":"https:\/\/www.oiq.qc.ca\/en\/membres\/your-obligations\/"},{"@type":"ListItem","position":4,"name":"Continuing Education","item":"https:\/\/www.oiq.qc.ca\/en\/membres\/your-obligations\/continuing-education\/"},{"@type":"ListItem","position":5,"name":"Exemption from continuing education"}]},{"@type":"WebSite","@id":"https:\/\/www.oiq.qc.ca\/#website","url":"https:\/\/www.oiq.qc.ca\/","name":"OIQ - Ordre des ing\u00e9nieurs du Qu\u00e9bec","description":"Ordre des ing\u00e9nieurs du Qu\u00e9bec","publisher":{"@id":"https:\/\/www.oiq.qc.ca\/#organization"},"potentialAction":[{"@type":"SearchAction","target":{"@type":"EntryPoint","urlTemplate":"https:\/\/www.oiq.qc.ca\/?s={search_term_string}"},"query-input":{"@type":"PropertyValueSpecification","valueRequired":true,"valueName":"search_term_string"}}],"inLanguage":"en-CA"},{"@type":"Organization","@id":"https:\/\/www.oiq.qc.ca\/#organization","name":"OIQ - Ordre des Ing\u00e9nieurs du Qu\u00e9bec","url":"https:\/\/www.oiq.qc.ca\/","logo":{"@type":"ImageObject","inLanguage":"en-CA","@id":"https:\/\/www.oiq.qc.ca\/#\/schema\/logo\/image\/","url":"https:\/\/www.oiq.qc.ca\/wp-content\/uploads\/logo-oiq-696x696-yoast.png","contentUrl":"https:\/\/www.oiq.qc.ca\/wp-content\/uploads\/logo-oiq-696x696-yoast.png","width":696,"height":696,"caption":"OIQ - Ordre des Ing\u00e9nieurs du Qu\u00e9bec"},"image":{"@id":"https:\/\/www.oiq.qc.ca\/#\/schema\/logo\/image\/"}}]}},"_links":{"self":[{"href":"https:\/\/www.oiq.qc.ca\/en\/wp-json\/wp\/v2\/pages\/17473","targetHints":{"allow":["GET"]}}],"collection":[{"href":"https:\/\/www.oiq.qc.ca\/en\/wp-json\/wp\/v2\/pages"}],"about":[{"href":"https:\/\/www.oiq.qc.ca\/en\/wp-json\/wp\/v2\/types\/page"}],"author":[{"embeddable":true,"href":"https:\/\/www.oiq.qc.ca\/en\/wp-json\/wp\/v2\/users\/4"}],"replies":[{"embeddable":true,"href":"https:\/\/www.oiq.qc.ca\/en\/wp-json\/wp\/v2\/comments?post=17473"}],"version-history":[{"count":0,"href":"https:\/\/www.oiq.qc.ca\/en\/wp-json\/wp\/v2\/pages\/17473\/revisions"}],"up":[{"embeddable":true,"href":"https:\/\/www.oiq.qc.ca\/en\/wp-json\/wp\/v2\/pages\/16182"}],"wp:attachment":[{"href":"https:\/\/www.oiq.qc.ca\/en\/wp-json\/wp\/v2\/media?parent=17473"}],"curies":[{"name":"wp","href":"https:\/\/api.w.org\/{rel}","templated":true}]}}