{"id":17472,"date":"2022-03-17T22:48:19","date_gmt":"2022-03-17T22:48:19","guid":{"rendered":"https:\/\/www.oiq.qc.ca\/membres\/your-obligations\/change-your-information-or-status\/cessation-dexercice\/"},"modified":"2024-02-16T15:48:54","modified_gmt":"2024-02-16T20:48:54","slug":"cessation-of-practice","status":"publish","type":"page","link":"https:\/\/www.oiq.qc.ca\/en\/membres\/your-obligations\/change-your-information-or-status\/cessation-of-practice\/","title":{"rendered":"Cessation of practice"},"content":{"rendered":"<div  class=\"block-wrapper \" data-block-name=\"Nouvelle Section\">\n<div class=\"new-section \" >\n        <div class=\"ns-container\">\n                            <div class=\"ns-inner\">\n                    <div class=\"ns-content\">\n                        <div class=\"container\">\n                            <div class=\"row\">\n                                <div class=\"col-12\">\n                                    <div class=\"ns-title\">\n                                                                                    <h2 class=\"ns-title\">Cessation d\u00e9finitive d\u2019exercice<\/h2>\n                                                                            <\/div>\n                                <\/div>\n                                <div class=\"col-12\">\n                                    <div class=\"ns-txt\">\n                                                                                    <div class=\"wysiwyg \">\n\t<p>Si vous cessez vos activit\u00e9s professionnelles de fa\u00e7on d\u00e9finitive, vous devez nommer un.e ing\u00e9nieur.e comme cessionnaire. En l\u2019absence de cessionnaire ou lorsqu\u2019un.e cessionnaire ne peut prendre possession de vos dossiers, c\u2019est le secr\u00e9taire de l\u2019Ordre qui les conservera. Les dossiers doivent \u00eatre conserv\u00e9s pour une p\u00e9riode d\u2019au moins 10 ans de la date de sa fermeture.<\/p>\n<h4>Pour une cessation volontaire : retraite, d\u00e9mission du Tableau, etc.<\/h4>\n<p>Vous devez :<\/p>\n<ul>\n<li>C\u00e9der vos dossiers \u00e0 un.e autre ing\u00e9nieur.e;<\/li>\n<li>Transmettre l\u2019avis (<a href=\"https:\/\/www.oiq.qc.ca\/wp-content\/uploads\/documents\/DAJ\/Cessation_dexercice\/CONVENTION_CESSION_VF.pdf\">convention de cession<\/a>) au secr\u00e9taire de l\u2019Ordre, au moins 45 jours avant la date pr\u00e9vue pour la cession d&#8217;exercice.<\/li>\n<\/ul>\n<h4>Pour une cessation en cas de d\u00e9c\u00e8s<\/h4>\n<p>Lors du d\u00e9c\u00e8s d\u2019un ing\u00e9nieur, la cession peut \u00eatre convenue par la succession. Le cessionnaire doit aviser le secr\u00e9taire de l\u2019Ordre de la cession sur le formulaire pr\u00e9vu \u00e0 cette fin. Lorsqu\u2019aucune cession n\u2019a pu \u00eatre convenue ou effectu\u00e9e, c\u2019est le secr\u00e9taire de l\u2019Ordre qui prend possession des dossiers.<\/p>\n<p><strong>Pour une cessation en cas de radiation ou d\u2019une suspension du droit d\u2019exercice permanente ou d\u2019une r\u00e9vocation de permis<\/strong><\/p>\n<p>Vous devez :<\/p>\n<ul>\n<li>C\u00e9der vos dossiers \u00e0 un.e autre ing\u00e9nieur.e;<\/li>\n<li>Transmettre l\u2019avis (<a href=\"https:\/\/www.oiq.qc.ca\/wp-content\/uploads\/documents\/DAJ\/Cessation_dexercice\/CONVENTION_CESSION_VF.pdf\">convention de cession<\/a>) au secr\u00e9taire de l\u2019Ordre, dans les 30 jours suivant la prise d\u2019effet de la d\u00e9cision.<\/li>\n<\/ul>\n\n<\/div>                                                                            <\/div>\n                                <\/div>\n                            <\/div>\n                        <\/div>\n                    <\/div>\n                                    <\/div>\n                    <\/div>\n    <\/div>\n\n<script>\n    $(window).load(function() {\n        let hash = window.location.hash;\n        if (hash) {\n            $('html,body').animate({ scrollTop: $(hash).offset().top - 60 }, 'slow');\n        }\n    });\n<\/script>\n<\/div>\n\n\n<div  class=\"block-wrapper \" data-block-name=\"Nouvelle Section\">\n<div class=\"new-section \" >\n        <div class=\"ns-container\">\n                            <div class=\"ns-inner\">\n                    <div class=\"ns-content\">\n                        <div class=\"container\">\n                            <div class=\"row\">\n                                <div class=\"col-12\">\n                                    <div class=\"ns-title\">\n                                                                                    <h2 class=\"ns-title\">Cessation temporaire d\u2019exercice<\/h2>\n                                                                            <\/div>\n                                <\/div>\n                                <div class=\"col-12\">\n                                    <div class=\"ns-txt\">\n                                                                                    <div class=\"wysiwyg \">\n\t<p>Si vous cessez vos activit\u00e9s professionnelles de fa\u00e7on temporaire durant plus de 90 jours cons\u00e9cutifs, vous devez aviser le secr\u00e9taire de l\u2019Ordre de la date et de la dur\u00e9e pr\u00e9vue de la cessation temporaire au plus tard 30 jours avant cette date.<\/p>\n<p><strong>Pour une cessation temporaire de vos activit\u00e9s professionnelles durant plus de 90 jours cons\u00e9cutifs<\/strong><\/p>\n<p>Vous devez confier temporairement vos dossiers \u00e0 un gardien ou une gardienne provisoire, dans les cas suivants\u00a0:<\/p>\n<ul>\n<li>Vous faites l\u2019objet d\u2019une radiation ou d\u2019une suspension du droit d\u2019exercice d\u2019au moins un an ou d\u2019une dur\u00e9e ind\u00e9termin\u00e9e; ou<\/li>\n<li>le secr\u00e9taire de l\u2019Ordre vous informe par \u00e9crit qu\u2019il consid\u00e8re que la protection du public rend n\u00e9cessaire de confier temporairement vos dossiers \u00e0 un.e autre ing\u00e9nieur.e.<\/li>\n<\/ul>\n<p>Vous disposez de 30 jours pour confier temporairement vos dossiers et aviser le secr\u00e9taire de l\u2019Ordre (<a href=\"https:\/\/www.oiq.qc.ca\/wp-content\/uploads\/2022\/04\/CONVENTION_GARDE_PROVISOIRE.pdf\">convention de garde provisoire<\/a>) du nom et des coordonn\u00e9es de votre gardien ou gardienne provisoire. Si vous n\u2019\u00eates pas en mesure de confier temporairement vos dossiers, vous devez aviser le secr\u00e9taire de l\u2019Ordre de la date \u00e0 laquelle vous le mettrez en possession de vos dossiers.<\/p>\n<p><strong>Pour une limitation du droit d\u2019exercice<\/strong><\/p>\n<p>Vous conservez vos dossiers vis\u00e9s par la limitation. Cependant, si le secr\u00e9taire de l\u2019Ordre est d\u2019avis que la protection du public le requiert, vous devrez confier \u00e0 un.e cessionnaire ou un gardien ou une gardienne provisoire les dossiers vis\u00e9s par la limitation.<\/p>\n\n<\/div>                                                                            <\/div>\n                                <\/div>\n                            <\/div>\n                        <\/div>\n                    <\/div>\n                                    <\/div>\n                    <\/div>\n    <\/div>\n\n<script>\n    $(window).load(function() {\n        let hash = window.location.hash;\n        if (hash) {\n            $('html,body').animate({ scrollTop: $(hash).offset().top - 60 }, 'slow');\n        }\n    });\n<\/script>\n<\/div>\n\n\n<div  class=\"block-wrapper \">\n<div class=\"linksList\">\n    <div class=\"container\">\n        <div class=\"row\">\n            <div class=\"linksList-col full-width\">\n                                <h2 class=\"linksList-title\">\n                    Formulaires\n                <\/h2>\n                                                                                                                    <div class=\"linkItem\">\n                    <a href=\"https:\/\/www.oiq.qc.ca\/wp-content\/uploads\/CONVENTION_CESSION_VF.pdf\" target=\"_blank\" class=\"btn \">\n\n            <span class=\"label\">Formulaire de convention de cession de dossiers<\/span>\n    \n                    <span class=\"icon reset-font\"><svg xmlns=\"http:\/\/www.w3.org\/2000\/svg\" width=\"17\" height=\"20\" viewBox=\"0 0 17 20\" class=\"svg-download\">\n  <g fill=\"none\" fill-rule=\"evenodd\" transform=\"translate(-4 -2)\">\n    <rect width=\"25\" height=\"25\"\/>\n    <path fill=\"#244296\"\n          d=\"M5.20833333,19.7916667 L19.7916667,19.7916667 C20.3669633,19.7916667 20.8333333,20.2580367 20.8333333,20.8333333 C20.8333333,21.4086299 20.3669633,21.875 19.7916667,21.875 L5.20833333,21.875 C4.63303672,21.875 4.16666667,21.4086299 4.16666667,20.8333333 C4.16666667,20.2580367 4.63303672,19.7916667 5.20833333,19.7916667 Z M13.5416667,13.7239583 L16.9197917,10.346875 L18.3927083,11.8197917 L12.5,17.7125 L6.60729167,11.8197917 L8.08020833,10.346875 L11.4583333,13.7239583 L11.4583333,2.08333333 L13.5416667,2.08333333 L13.5416667,13.7239583 Z\"\n          class=\"fill\"\/>\n  <\/g>\n<\/svg>\n<\/span>\n    \n    <\/a>\n                            <div class=\"linkItem-info\">PDF &#8211; 1.08 MB<\/div>\n                        <\/div>\n                                                                                                                                        <div class=\"linkItem\">\n                    <a href=\"https:\/\/www.oiq.qc.ca\/wp-content\/uploads\/CONVENTION_GARDE_PROVISOIRE.pdf\" target=\"_blank\" class=\"btn \">\n\n            <span class=\"label\">Formulaire de convention de garde provisoire<\/span>\n    \n                    <span class=\"icon reset-font\"><svg xmlns=\"http:\/\/www.w3.org\/2000\/svg\" width=\"17\" height=\"20\" viewBox=\"0 0 17 20\" class=\"svg-download\">\n  <g fill=\"none\" fill-rule=\"evenodd\" transform=\"translate(-4 -2)\">\n    <rect width=\"25\" height=\"25\"\/>\n    <path fill=\"#244296\"\n          d=\"M5.20833333,19.7916667 L19.7916667,19.7916667 C20.3669633,19.7916667 20.8333333,20.2580367 20.8333333,20.8333333 C20.8333333,21.4086299 20.3669633,21.875 19.7916667,21.875 L5.20833333,21.875 C4.63303672,21.875 4.16666667,21.4086299 4.16666667,20.8333333 C4.16666667,20.2580367 4.63303672,19.7916667 5.20833333,19.7916667 Z M13.5416667,13.7239583 L16.9197917,10.346875 L18.3927083,11.8197917 L12.5,17.7125 L6.60729167,11.8197917 L8.08020833,10.346875 L11.4583333,13.7239583 L11.4583333,2.08333333 L13.5416667,2.08333333 L13.5416667,13.7239583 Z\"\n          class=\"fill\"\/>\n  <\/g>\n<\/svg>\n<\/span>\n    \n    <\/a>\n                            <div class=\"linkItem-info\">PDF &#8211; 1.03 MB<\/div>\n                        <\/div>\n                                                                <\/div>\n        <\/div>\n    <\/div>\n<\/div>\n<\/div>\n\n\n<div  class=\"block-wrapper \">\n<div class=\"message is-dark\">\n      <div class=\"message-wrapper container\">\n          <div class=\"row\">\n              <div class=\"col-12 mw-inner\">\n                  <div class=\"message-inner\">\n                      <div class=\"message-header\">\n                                                        <div class=\"message-icon\">\n                                  <span class=\"icon reset-font idea\"><svg width=\"100\" height=\"100\" viewBox=\"0 0 100 100\" fill=\"none\" xmlns=\"http:\/\/www.w3.org\/2000\/svg\" class=\"idea-icon\">\n<path d=\"M12 47.9474C11.4477 47.9474 11 48.3951 11 48.9474C11 49.4997 11.4477 49.9474 12 49.9474V47.9474ZM16.2222 49.9474C16.7745 49.9474 17.2222 49.4997 17.2222 48.9474C17.2222 48.3951 16.7745 47.9474 16.2222 47.9474V49.9474ZM51 12C51 11.4477 50.5523 11 50 11C49.4477 11 49 11.4477 49 12H51ZM49 16.1053C49 16.6575 49.4477 17.1053 50 17.1053C50.5523 17.1053 51 16.6575 51 16.1053H49ZM83.7778 47.9474C83.2255 47.9474 82.7778 48.3951 82.7778 48.9474C82.7778 49.4997 83.2255 49.9474 83.7778 49.9474V47.9474ZM88 49.9474C88.5523 49.9474 89 49.4997 89 48.9474C89 48.3951 88.5523 47.9474 88 47.9474V49.9474ZM23.6749 21.9567C23.2789 21.5717 22.6458 21.5806 22.2608 21.9766C21.8758 22.3725 21.8847 23.0057 22.2807 23.3907L23.6749 21.9567ZM25.2362 26.2643C25.6322 26.6493 26.2653 26.6404 26.6503 26.2445C27.0353 25.8485 27.0264 25.2154 26.6304 24.8304L25.2362 26.2643ZM77.7193 23.3907C78.1153 23.0057 78.1242 22.3725 77.7392 21.9766C77.3542 21.5806 76.7211 21.5717 76.3251 21.9567L77.7193 23.3907ZM73.3696 24.8304C72.9736 25.2154 72.9647 25.8485 73.3497 26.2445C73.7347 26.6404 74.3678 26.6493 74.7638 26.2643L73.3696 24.8304ZM12 49.9474H16.2222V47.9474H12V49.9474ZM49 12V16.1053H51V12H49ZM83.7778 49.9474H88V47.9474H83.7778V49.9474ZM22.2807 23.3907L25.2362 26.2643L26.6304 24.8304L23.6749 21.9567L22.2807 23.3907ZM76.3251 21.9567L73.3696 24.8304L74.7638 26.2643L77.7193 23.3907L76.3251 21.9567Z\" fill=\"#244296\"\n      class=\"fill\"\/>\n<path d=\"M38.4008 67.2857C31.17 61.9361 28.2207 52.6224 31.0789 44.1639C33.9371 35.7053 41.9615 30 51 30C60.0385 30\n68.0629 35.7053 70.9211 44.1639C73.7793 52.6224 70.83 61.9361 63.5992 67.2857C60.2737 70.533 58.7142 75.1482 59.3995 79.7143C59.3995 84.2904 55.6389 88 51 88C46.3611 88 42.6005 84.2904 42.6005 79.7143C43.2858 75.1482 41.7263 70.533 38.4008 67.2857\" stroke=\"#244296\" stroke-width=\"2\" stroke-linecap=\"round\" stroke-linejoin=\"round\"  class=\"stroke\"\/>\n<path d=\"M43 76H59\" stroke=\"#244296\" stroke-width=\"2\" stroke-linecap=\"round\" stroke-linejoin=\"round\"  class=\"stroke\"\/>\n<\/svg>\n                                  <\/span>\n                              <\/div>\n                                                    <div class=\"message-content\">\n                                                                <div class=\"message-title\">\n                                      <h2>Transmettre les formulaires de convention de cession ou de garde provisoire<\/h2>\n                                  <\/div>\n                                                            <div class=\"message-txt\">\n                                  <div class=\"wysiwyg \">\n\t<p>Ces formulaires doivent \u00eatre envoy\u00e9s au secr\u00e9tariat de l\u2019Ordre par courriel \u00e0\u00a0<a href=\"mailto:cessation@oiq.qc.ca\" target=\"_blank\" rel=\"noopener\">cessation@oiq.qc.ca<\/a>\u00a0ou par la poste \u00e0 l\u2019adresse compl\u00e8te de l\u2019Ordre : 1801 avenue McGill College, 6e \u00e9tage, Montr\u00e9al (Qu\u00e9bec) H3A 2N4.<\/p>\n\n<\/div>                              <\/div>\n                              <div class=\"message-footer \">\n                                                                  <\/div>\n                          <\/div>\n                      <\/div>\n                  <\/div>\n              <\/div>\n          <\/div>\n        <\/div>\n<\/div>\n<\/div>\n\n\n<div  class=\"block-wrapper \" data-block-name=\"Nouvelle Section\">\n<script>\n    $(window).load(function() {\n        let hash = window.location.hash;\n        if (hash) {\n            $('html,body').animate({ scrollTop: $(hash).offset().top - 60 }, 'slow');\n        }\n    });\n<\/script>\n<\/div>\n","protected":false},"excerpt":{"rendered":"","protected":false},"author":8,"featured_media":0,"parent":16214,"menu_order":0,"comment_status":"closed","ping_status":"closed","template":"views\/template-builder.blade.php","meta":{"_acf_changed":false,"_relevanssi_hide_post":"","_relevanssi_hide_content":"","_relevanssi_pin_for_all":"","_relevanssi_pin_keywords":"","_relevanssi_unpin_keywords":"","_relevanssi_related_keywords":"","_relevanssi_related_include_ids":"","_relevanssi_related_exclude_ids":"","_relevanssi_related_no_append":"","_relevanssi_related_not_related":"","_relevanssi_related_posts":"1","_relevanssi_noindex_reason":"","inline_featured_image":false,"footnotes":""},"class_list":["post-17472","page","type-page","status-publish","hentry"],"acf":[],"yoast_head":"<!-- This site is optimized with the Yoast SEO plugin v26.6 - https:\/\/yoast.com\/wordpress\/plugins\/seo\/ -->\n<title>OIQ &#8211; Ordre des ing\u00e9nieurs du Qu\u00e9bec<\/title>\n<meta name=\"description\" content=\"D\u00e9couvrez comment garantir la gestion rigoureuse de vos dossiers lorsque vous cessez d&#039;exercer comme ing\u00e9nieur membre de l&#039;Ordre des ing\u00e9nieurs du Qu\u00e9bec.\" \/>\n<meta name=\"robots\" content=\"index, follow, max-snippet:-1, max-image-preview:large, max-video-preview:-1\" \/>\n<link rel=\"canonical\" href=\"https:\/\/www.oiq.qc.ca\/en\/membres\/your-obligations\/change-your-information-or-status\/cessation-of-practice\/\" \/>\n<meta property=\"og:locale\" content=\"en_US\" \/>\n<meta property=\"og:type\" content=\"article\" \/>\n<meta property=\"og:title\" content=\"Cessation of practice - OIQ - Ordre des ing\u00e9nieurs du Qu\u00e9bec\" \/>\n<meta property=\"og:description\" content=\"D\u00e9couvrez comment garantir la gestion rigoureuse de vos dossiers lorsque vous cessez d&#039;exercer comme ing\u00e9nieur membre de l&#039;Ordre des ing\u00e9nieurs du Qu\u00e9bec.\" \/>\n<meta property=\"og:url\" content=\"https:\/\/www.oiq.qc.ca\/en\/membres\/your-obligations\/change-your-information-or-status\/cessation-of-practice\/\" \/>\n<meta property=\"og:site_name\" content=\"OIQ - Ordre des ing\u00e9nieurs du Qu\u00e9bec\" \/>\n<meta property=\"article:modified_time\" content=\"2024-02-16T20:48:54+00:00\" \/>\n<meta property=\"og:image\" content=\"https:\/\/www.oiq.qc.ca\/wp-content\/uploads\/vignette-web.png\" \/>\n\t<meta property=\"og:image:width\" content=\"1200\" \/>\n\t<meta property=\"og:image:height\" content=\"675\" \/>\n\t<meta property=\"og:image:type\" content=\"image\/png\" \/>\n<meta name=\"twitter:card\" content=\"summary_large_image\" \/>\n<script type=\"application\/ld+json\" class=\"yoast-schema-graph\">{\"@context\":\"https:\/\/schema.org\",\"@graph\":[{\"@type\":\"WebPage\",\"@id\":\"https:\/\/www.oiq.qc.ca\/en\/membres\/your-obligations\/change-your-information-or-status\/cessation-of-practice\/\",\"url\":\"https:\/\/www.oiq.qc.ca\/en\/membres\/your-obligations\/change-your-information-or-status\/cessation-of-practice\/\",\"name\":\"Cessation of practice - OIQ - Ordre des ing\u00e9nieurs du Qu\u00e9bec\",\"isPartOf\":{\"@id\":\"https:\/\/www.oiq.qc.ca\/#website\"},\"datePublished\":\"2022-03-17T22:48:19+00:00\",\"dateModified\":\"2024-02-16T20:48:54+00:00\",\"description\":\"D\u00e9couvrez comment garantir la gestion rigoureuse de vos dossiers lorsque vous cessez d'exercer comme ing\u00e9nieur membre de l'Ordre des ing\u00e9nieurs du Qu\u00e9bec.\",\"breadcrumb\":{\"@id\":\"https:\/\/www.oiq.qc.ca\/en\/membres\/your-obligations\/change-your-information-or-status\/cessation-of-practice\/#breadcrumb\"},\"inLanguage\":\"en-CA\",\"potentialAction\":[{\"@type\":\"ReadAction\",\"target\":[\"https:\/\/www.oiq.qc.ca\/en\/membres\/your-obligations\/change-your-information-or-status\/cessation-of-practice\/\"]}]},{\"@type\":\"BreadcrumbList\",\"@id\":\"https:\/\/www.oiq.qc.ca\/en\/membres\/your-obligations\/change-your-information-or-status\/cessation-of-practice\/#breadcrumb\",\"itemListElement\":[{\"@type\":\"ListItem\",\"position\":1,\"name\":\"Home\",\"item\":\"https:\/\/www.oiq.qc.ca\/en\/\"},{\"@type\":\"ListItem\",\"position\":2,\"name\":\"Membres\",\"item\":\"https:\/\/www.oiq.qc.ca\/en\/membres\/\"},{\"@type\":\"ListItem\",\"position\":3,\"name\":\"Your Obligations\",\"item\":\"https:\/\/www.oiq.qc.ca\/en\/membres\/your-obligations\/\"},{\"@type\":\"ListItem\",\"position\":4,\"name\":\"Change your information or status\",\"item\":\"https:\/\/www.oiq.qc.ca\/en\/membres\/your-obligations\/change-your-information-or-status\/\"},{\"@type\":\"ListItem\",\"position\":5,\"name\":\"Cessation of practice\"}]},{\"@type\":\"WebSite\",\"@id\":\"https:\/\/www.oiq.qc.ca\/#website\",\"url\":\"https:\/\/www.oiq.qc.ca\/\",\"name\":\"OIQ - Ordre des ing\u00e9nieurs du Qu\u00e9bec\",\"description\":\"Ordre des ing\u00e9nieurs du Qu\u00e9bec\",\"publisher\":{\"@id\":\"https:\/\/www.oiq.qc.ca\/#organization\"},\"potentialAction\":[{\"@type\":\"SearchAction\",\"target\":{\"@type\":\"EntryPoint\",\"urlTemplate\":\"https:\/\/www.oiq.qc.ca\/?s={search_term_string}\"},\"query-input\":{\"@type\":\"PropertyValueSpecification\",\"valueRequired\":true,\"valueName\":\"search_term_string\"}}],\"inLanguage\":\"en-CA\"},{\"@type\":\"Organization\",\"@id\":\"https:\/\/www.oiq.qc.ca\/#organization\",\"name\":\"OIQ - Ordre des Ing\u00e9nieurs du Qu\u00e9bec\",\"url\":\"https:\/\/www.oiq.qc.ca\/\",\"logo\":{\"@type\":\"ImageObject\",\"inLanguage\":\"en-CA\",\"@id\":\"https:\/\/www.oiq.qc.ca\/#\/schema\/logo\/image\/\",\"url\":\"https:\/\/www.oiq.qc.ca\/wp-content\/uploads\/logo-oiq-696x696-yoast.png\",\"contentUrl\":\"https:\/\/www.oiq.qc.ca\/wp-content\/uploads\/logo-oiq-696x696-yoast.png\",\"width\":696,\"height\":696,\"caption\":\"OIQ - Ordre des Ing\u00e9nieurs du Qu\u00e9bec\"},\"image\":{\"@id\":\"https:\/\/www.oiq.qc.ca\/#\/schema\/logo\/image\/\"}}]}<\/script>\n<!-- \/ Yoast SEO plugin. -->","yoast_head_json":{"title":"OIQ &#8211; Ordre des ing\u00e9nieurs du Qu\u00e9bec","description":"D\u00e9couvrez comment garantir la gestion rigoureuse de vos dossiers lorsque vous cessez d'exercer comme ing\u00e9nieur membre de l'Ordre des ing\u00e9nieurs du Qu\u00e9bec.","robots":{"index":"index","follow":"follow","max-snippet":"max-snippet:-1","max-image-preview":"max-image-preview:large","max-video-preview":"max-video-preview:-1"},"canonical":"https:\/\/www.oiq.qc.ca\/en\/membres\/your-obligations\/change-your-information-or-status\/cessation-of-practice\/","og_locale":"en_US","og_type":"article","og_title":"Cessation of practice - OIQ - Ordre des ing\u00e9nieurs du Qu\u00e9bec","og_description":"D\u00e9couvrez comment garantir la gestion rigoureuse de vos dossiers lorsque vous cessez d'exercer comme ing\u00e9nieur membre de l'Ordre des ing\u00e9nieurs du Qu\u00e9bec.","og_url":"https:\/\/www.oiq.qc.ca\/en\/membres\/your-obligations\/change-your-information-or-status\/cessation-of-practice\/","og_site_name":"OIQ - Ordre des ing\u00e9nieurs du Qu\u00e9bec","article_modified_time":"2024-02-16T20:48:54+00:00","og_image":[{"width":1200,"height":675,"url":"https:\/\/www.oiq.qc.ca\/wp-content\/uploads\/vignette-web.png","type":"image\/png"}],"twitter_card":"summary_large_image","schema":{"@context":"https:\/\/schema.org","@graph":[{"@type":"WebPage","@id":"https:\/\/www.oiq.qc.ca\/en\/membres\/your-obligations\/change-your-information-or-status\/cessation-of-practice\/","url":"https:\/\/www.oiq.qc.ca\/en\/membres\/your-obligations\/change-your-information-or-status\/cessation-of-practice\/","name":"Cessation of practice - OIQ - Ordre des ing\u00e9nieurs du Qu\u00e9bec","isPartOf":{"@id":"https:\/\/www.oiq.qc.ca\/#website"},"datePublished":"2022-03-17T22:48:19+00:00","dateModified":"2024-02-16T20:48:54+00:00","description":"D\u00e9couvrez comment garantir la gestion rigoureuse de vos dossiers lorsque vous cessez d'exercer comme ing\u00e9nieur membre de l'Ordre des ing\u00e9nieurs du Qu\u00e9bec.","breadcrumb":{"@id":"https:\/\/www.oiq.qc.ca\/en\/membres\/your-obligations\/change-your-information-or-status\/cessation-of-practice\/#breadcrumb"},"inLanguage":"en-CA","potentialAction":[{"@type":"ReadAction","target":["https:\/\/www.oiq.qc.ca\/en\/membres\/your-obligations\/change-your-information-or-status\/cessation-of-practice\/"]}]},{"@type":"BreadcrumbList","@id":"https:\/\/www.oiq.qc.ca\/en\/membres\/your-obligations\/change-your-information-or-status\/cessation-of-practice\/#breadcrumb","itemListElement":[{"@type":"ListItem","position":1,"name":"Home","item":"https:\/\/www.oiq.qc.ca\/en\/"},{"@type":"ListItem","position":2,"name":"Membres","item":"https:\/\/www.oiq.qc.ca\/en\/membres\/"},{"@type":"ListItem","position":3,"name":"Your Obligations","item":"https:\/\/www.oiq.qc.ca\/en\/membres\/your-obligations\/"},{"@type":"ListItem","position":4,"name":"Change your information or status","item":"https:\/\/www.oiq.qc.ca\/en\/membres\/your-obligations\/change-your-information-or-status\/"},{"@type":"ListItem","position":5,"name":"Cessation of practice"}]},{"@type":"WebSite","@id":"https:\/\/www.oiq.qc.ca\/#website","url":"https:\/\/www.oiq.qc.ca\/","name":"OIQ - Ordre des ing\u00e9nieurs du Qu\u00e9bec","description":"Ordre des ing\u00e9nieurs du Qu\u00e9bec","publisher":{"@id":"https:\/\/www.oiq.qc.ca\/#organization"},"potentialAction":[{"@type":"SearchAction","target":{"@type":"EntryPoint","urlTemplate":"https:\/\/www.oiq.qc.ca\/?s={search_term_string}"},"query-input":{"@type":"PropertyValueSpecification","valueRequired":true,"valueName":"search_term_string"}}],"inLanguage":"en-CA"},{"@type":"Organization","@id":"https:\/\/www.oiq.qc.ca\/#organization","name":"OIQ - Ordre des Ing\u00e9nieurs du Qu\u00e9bec","url":"https:\/\/www.oiq.qc.ca\/","logo":{"@type":"ImageObject","inLanguage":"en-CA","@id":"https:\/\/www.oiq.qc.ca\/#\/schema\/logo\/image\/","url":"https:\/\/www.oiq.qc.ca\/wp-content\/uploads\/logo-oiq-696x696-yoast.png","contentUrl":"https:\/\/www.oiq.qc.ca\/wp-content\/uploads\/logo-oiq-696x696-yoast.png","width":696,"height":696,"caption":"OIQ - Ordre des Ing\u00e9nieurs du Qu\u00e9bec"},"image":{"@id":"https:\/\/www.oiq.qc.ca\/#\/schema\/logo\/image\/"}}]}},"_links":{"self":[{"href":"https:\/\/www.oiq.qc.ca\/en\/wp-json\/wp\/v2\/pages\/17472","targetHints":{"allow":["GET"]}}],"collection":[{"href":"https:\/\/www.oiq.qc.ca\/en\/wp-json\/wp\/v2\/pages"}],"about":[{"href":"https:\/\/www.oiq.qc.ca\/en\/wp-json\/wp\/v2\/types\/page"}],"author":[{"embeddable":true,"href":"https:\/\/www.oiq.qc.ca\/en\/wp-json\/wp\/v2\/users\/8"}],"replies":[{"embeddable":true,"href":"https:\/\/www.oiq.qc.ca\/en\/wp-json\/wp\/v2\/comments?post=17472"}],"version-history":[{"count":0,"href":"https:\/\/www.oiq.qc.ca\/en\/wp-json\/wp\/v2\/pages\/17472\/revisions"}],"up":[{"embeddable":true,"href":"https:\/\/www.oiq.qc.ca\/en\/wp-json\/wp\/v2\/pages\/16214"}],"wp:attachment":[{"href":"https:\/\/www.oiq.qc.ca\/en\/wp-json\/wp\/v2\/media?parent=17472"}],"curies":[{"name":"wp","href":"https:\/\/api.w.org\/{rel}","templated":true}]}}