{"id":17118,"date":"2022-05-26T11:24:55","date_gmt":"2022-05-26T15:24:55","guid":{"rendered":"https:\/\/www.oiq.qc.ca\/?page_id=17118"},"modified":"2025-09-19T13:24:36","modified_gmt":"2025-09-19T17:24:36","slug":"sceal-and-signature-explained-to-the-public","status":"publish","type":"page","link":"https:\/\/www.oiq.qc.ca\/en\/general-public\/protection-of-the-public\/sceal-and-signature-explained-to-the-public\/","title":{"rendered":"Seal and Signature Explained to the Public"},"content":{"rendered":"<div  class=\"block-wrapper \" data-block-name=\"Nouvelle Section\">\n<div class=\"new-section \" >\n        <div class=\"ns-container\">\n                            <div class=\"ns-inner\">\n                    <div class=\"ns-content\">\n                        <div class=\"container\">\n                            <div class=\"row\">\n                                <div class=\"col-12\">\n                                    <div class=\"ns-title\">\n                                                                                    <h2 class=\"ns-title\">What is the difference between the digital signature and its handwritten equivalent?<\/h2>\n                                                                            <\/div>\n                                <\/div>\n                                <div class=\"col-12\">\n                                    <div class=\"ns-txt\">\n                                                                                    <div class=\"wysiwyg \">\n\t<p>From a legal point of view, the digital signature authentication method has the same value as the handwritten signature with the ink seal. In the end, handwritten or digital signature, the result is the same for you.<\/p>\n<h2>Do all engineering documents need to be authenticated?<\/h2>\n<p>Yes. \u00a0Engineering documents must be authenticated by the engineer who prepared them or supervised their preparation.\u00a0 Only preliminary documents, such as those submitted for comment, discussion or coordination, do not need to be authenticated. If in doubt, ask your engineer or contact us.<\/p>\n\n<\/div>                                                                            <\/div>\n                                <\/div>\n                            <\/div>\n                        <\/div>\n                    <\/div>\n                                    <\/div>\n                    <\/div>\n    <\/div>\n\n<script>\n    $(window).load(function() {\n        let hash = window.location.hash;\n        if (hash) {\n            $('html,body').animate({ scrollTop: $(hash).offset().top - 60 }, 'slow');\n        }\n    });\n<\/script>\n<\/div>\n","protected":false},"excerpt":{"rendered":"","protected":false},"author":4,"featured_media":0,"parent":15749,"menu_order":0,"comment_status":"closed","ping_status":"closed","template":"views\/template-builder.blade.php","meta":{"_acf_changed":false,"_relevanssi_hide_post":"","_relevanssi_hide_content":"","_relevanssi_pin_for_all":"","_relevanssi_pin_keywords":"","_relevanssi_unpin_keywords":"","_relevanssi_related_keywords":"","_relevanssi_related_include_ids":"","_relevanssi_related_exclude_ids":"","_relevanssi_related_no_append":"","_relevanssi_related_not_related":"","_relevanssi_related_posts":"1","_relevanssi_noindex_reason":"","inline_featured_image":false,"footnotes":""},"class_list":["post-17118","page","type-page","status-publish","hentry"],"acf":[],"yoast_head":"<!-- This site is optimized with the Yoast SEO plugin v26.6 - https:\/\/yoast.com\/wordpress\/plugins\/seo\/ -->\n<title>OIQ &#8211; Ordre des ing\u00e9nieurs du Qu\u00e9bec<\/title>\n<meta name=\"description\" content=\"Le sceau et la signature sont des outils utilis\u00e9s par l\u2019Ordre des ing\u00e9nieurs du Qu\u00e9bec pour prot\u00e9ger le public. Apprenez-en plus!\" \/>\n<meta name=\"robots\" content=\"index, follow, max-snippet:-1, max-image-preview:large, max-video-preview:-1\" \/>\n<link rel=\"canonical\" href=\"https:\/\/www.oiq.qc.ca\/en\/general-public\/protection-of-the-public\/sceal-and-signature-explained-to-the-public\/\" \/>\n<meta property=\"og:locale\" content=\"en_US\" \/>\n<meta property=\"og:type\" content=\"article\" \/>\n<meta property=\"og:title\" content=\"Seal and Signature Explained to the Public - OIQ - Ordre des ing\u00e9nieurs du Qu\u00e9bec\" \/>\n<meta property=\"og:description\" content=\"Le sceau et la signature sont des outils utilis\u00e9s par l\u2019Ordre des ing\u00e9nieurs du Qu\u00e9bec pour prot\u00e9ger le public. Apprenez-en plus!\" \/>\n<meta property=\"og:url\" content=\"https:\/\/www.oiq.qc.ca\/en\/general-public\/protection-of-the-public\/sceal-and-signature-explained-to-the-public\/\" \/>\n<meta property=\"og:site_name\" content=\"OIQ - Ordre des ing\u00e9nieurs du Qu\u00e9bec\" \/>\n<meta property=\"article:modified_time\" content=\"2025-09-19T17:24:36+00:00\" \/>\n<meta property=\"og:image\" content=\"https:\/\/www.oiq.qc.ca\/wp-content\/uploads\/vignette-web.png\" \/>\n\t<meta property=\"og:image:width\" content=\"1200\" \/>\n\t<meta property=\"og:image:height\" content=\"675\" \/>\n\t<meta property=\"og:image:type\" content=\"image\/png\" \/>\n<meta name=\"twitter:card\" content=\"summary_large_image\" \/>\n<meta name=\"twitter:label1\" content=\"Est. reading time\" \/>\n\t<meta name=\"twitter:data1\" content=\"3 minutes\" \/>\n<script type=\"application\/ld+json\" class=\"yoast-schema-graph\">{\"@context\":\"https:\/\/schema.org\",\"@graph\":[{\"@type\":\"WebPage\",\"@id\":\"https:\/\/www.oiq.qc.ca\/en\/general-public\/protection-of-the-public\/sceal-and-signature-explained-to-the-public\/\",\"url\":\"https:\/\/www.oiq.qc.ca\/en\/general-public\/protection-of-the-public\/sceal-and-signature-explained-to-the-public\/\",\"name\":\"Seal and Signature Explained to the Public - OIQ - Ordre des ing\u00e9nieurs du Qu\u00e9bec\",\"isPartOf\":{\"@id\":\"https:\/\/www.oiq.qc.ca\/#website\"},\"datePublished\":\"2022-05-26T15:24:55+00:00\",\"dateModified\":\"2025-09-19T17:24:36+00:00\",\"description\":\"Le sceau et la signature sont des outils utilis\u00e9s par l\u2019Ordre des ing\u00e9nieurs du Qu\u00e9bec pour prot\u00e9ger le public. Apprenez-en plus!\",\"breadcrumb\":{\"@id\":\"https:\/\/www.oiq.qc.ca\/en\/general-public\/protection-of-the-public\/sceal-and-signature-explained-to-the-public\/#breadcrumb\"},\"inLanguage\":\"en-CA\",\"potentialAction\":[{\"@type\":\"ReadAction\",\"target\":[\"https:\/\/www.oiq.qc.ca\/en\/general-public\/protection-of-the-public\/sceal-and-signature-explained-to-the-public\/\"]}]},{\"@type\":\"BreadcrumbList\",\"@id\":\"https:\/\/www.oiq.qc.ca\/en\/general-public\/protection-of-the-public\/sceal-and-signature-explained-to-the-public\/#breadcrumb\",\"itemListElement\":[{\"@type\":\"ListItem\",\"position\":1,\"name\":\"Home\",\"item\":\"https:\/\/www.oiq.qc.ca\/en\/\"},{\"@type\":\"ListItem\",\"position\":2,\"name\":\"General Public\",\"item\":\"https:\/\/www.oiq.qc.ca\/en\/general-public\/\"},{\"@type\":\"ListItem\",\"position\":3,\"name\":\"Protection of the public\",\"item\":\"https:\/\/www.oiq.qc.ca\/en\/general-public\/protection-of-the-public\/\"},{\"@type\":\"ListItem\",\"position\":4,\"name\":\"Seal and Signature Explained to the Public\"}]},{\"@type\":\"WebSite\",\"@id\":\"https:\/\/www.oiq.qc.ca\/#website\",\"url\":\"https:\/\/www.oiq.qc.ca\/\",\"name\":\"OIQ - Ordre des ing\u00e9nieurs du Qu\u00e9bec\",\"description\":\"Ordre des ing\u00e9nieurs du Qu\u00e9bec\",\"publisher\":{\"@id\":\"https:\/\/www.oiq.qc.ca\/#organization\"},\"potentialAction\":[{\"@type\":\"SearchAction\",\"target\":{\"@type\":\"EntryPoint\",\"urlTemplate\":\"https:\/\/www.oiq.qc.ca\/?s={search_term_string}\"},\"query-input\":{\"@type\":\"PropertyValueSpecification\",\"valueRequired\":true,\"valueName\":\"search_term_string\"}}],\"inLanguage\":\"en-CA\"},{\"@type\":\"Organization\",\"@id\":\"https:\/\/www.oiq.qc.ca\/#organization\",\"name\":\"OIQ - Ordre des Ing\u00e9nieurs du Qu\u00e9bec\",\"url\":\"https:\/\/www.oiq.qc.ca\/\",\"logo\":{\"@type\":\"ImageObject\",\"inLanguage\":\"en-CA\",\"@id\":\"https:\/\/www.oiq.qc.ca\/#\/schema\/logo\/image\/\",\"url\":\"https:\/\/www.oiq.qc.ca\/wp-content\/uploads\/logo-oiq-696x696-yoast.png\",\"contentUrl\":\"https:\/\/www.oiq.qc.ca\/wp-content\/uploads\/logo-oiq-696x696-yoast.png\",\"width\":696,\"height\":696,\"caption\":\"OIQ - Ordre des Ing\u00e9nieurs du Qu\u00e9bec\"},\"image\":{\"@id\":\"https:\/\/www.oiq.qc.ca\/#\/schema\/logo\/image\/\"}}]}<\/script>\n<!-- \/ Yoast SEO plugin. -->","yoast_head_json":{"title":"OIQ &#8211; Ordre des ing\u00e9nieurs du Qu\u00e9bec","description":"Le sceau et la signature sont des outils utilis\u00e9s par l\u2019Ordre des ing\u00e9nieurs du Qu\u00e9bec pour prot\u00e9ger le public. Apprenez-en plus!","robots":{"index":"index","follow":"follow","max-snippet":"max-snippet:-1","max-image-preview":"max-image-preview:large","max-video-preview":"max-video-preview:-1"},"canonical":"https:\/\/www.oiq.qc.ca\/en\/general-public\/protection-of-the-public\/sceal-and-signature-explained-to-the-public\/","og_locale":"en_US","og_type":"article","og_title":"Seal and Signature Explained to the Public - OIQ - Ordre des ing\u00e9nieurs du Qu\u00e9bec","og_description":"Le sceau et la signature sont des outils utilis\u00e9s par l\u2019Ordre des ing\u00e9nieurs du Qu\u00e9bec pour prot\u00e9ger le public. Apprenez-en plus!","og_url":"https:\/\/www.oiq.qc.ca\/en\/general-public\/protection-of-the-public\/sceal-and-signature-explained-to-the-public\/","og_site_name":"OIQ - Ordre des ing\u00e9nieurs du Qu\u00e9bec","article_modified_time":"2025-09-19T17:24:36+00:00","og_image":[{"width":1200,"height":675,"url":"https:\/\/www.oiq.qc.ca\/wp-content\/uploads\/vignette-web.png","type":"image\/png"}],"twitter_card":"summary_large_image","twitter_misc":{"Est. reading time":"3 minutes"},"schema":{"@context":"https:\/\/schema.org","@graph":[{"@type":"WebPage","@id":"https:\/\/www.oiq.qc.ca\/en\/general-public\/protection-of-the-public\/sceal-and-signature-explained-to-the-public\/","url":"https:\/\/www.oiq.qc.ca\/en\/general-public\/protection-of-the-public\/sceal-and-signature-explained-to-the-public\/","name":"Seal and Signature Explained to the Public - OIQ - Ordre des ing\u00e9nieurs du Qu\u00e9bec","isPartOf":{"@id":"https:\/\/www.oiq.qc.ca\/#website"},"datePublished":"2022-05-26T15:24:55+00:00","dateModified":"2025-09-19T17:24:36+00:00","description":"Le sceau et la signature sont des outils utilis\u00e9s par l\u2019Ordre des ing\u00e9nieurs du Qu\u00e9bec pour prot\u00e9ger le public. Apprenez-en plus!","breadcrumb":{"@id":"https:\/\/www.oiq.qc.ca\/en\/general-public\/protection-of-the-public\/sceal-and-signature-explained-to-the-public\/#breadcrumb"},"inLanguage":"en-CA","potentialAction":[{"@type":"ReadAction","target":["https:\/\/www.oiq.qc.ca\/en\/general-public\/protection-of-the-public\/sceal-and-signature-explained-to-the-public\/"]}]},{"@type":"BreadcrumbList","@id":"https:\/\/www.oiq.qc.ca\/en\/general-public\/protection-of-the-public\/sceal-and-signature-explained-to-the-public\/#breadcrumb","itemListElement":[{"@type":"ListItem","position":1,"name":"Home","item":"https:\/\/www.oiq.qc.ca\/en\/"},{"@type":"ListItem","position":2,"name":"General Public","item":"https:\/\/www.oiq.qc.ca\/en\/general-public\/"},{"@type":"ListItem","position":3,"name":"Protection of the public","item":"https:\/\/www.oiq.qc.ca\/en\/general-public\/protection-of-the-public\/"},{"@type":"ListItem","position":4,"name":"Seal and Signature Explained to the Public"}]},{"@type":"WebSite","@id":"https:\/\/www.oiq.qc.ca\/#website","url":"https:\/\/www.oiq.qc.ca\/","name":"OIQ - Ordre des ing\u00e9nieurs du Qu\u00e9bec","description":"Ordre des ing\u00e9nieurs du Qu\u00e9bec","publisher":{"@id":"https:\/\/www.oiq.qc.ca\/#organization"},"potentialAction":[{"@type":"SearchAction","target":{"@type":"EntryPoint","urlTemplate":"https:\/\/www.oiq.qc.ca\/?s={search_term_string}"},"query-input":{"@type":"PropertyValueSpecification","valueRequired":true,"valueName":"search_term_string"}}],"inLanguage":"en-CA"},{"@type":"Organization","@id":"https:\/\/www.oiq.qc.ca\/#organization","name":"OIQ - Ordre des Ing\u00e9nieurs du Qu\u00e9bec","url":"https:\/\/www.oiq.qc.ca\/","logo":{"@type":"ImageObject","inLanguage":"en-CA","@id":"https:\/\/www.oiq.qc.ca\/#\/schema\/logo\/image\/","url":"https:\/\/www.oiq.qc.ca\/wp-content\/uploads\/logo-oiq-696x696-yoast.png","contentUrl":"https:\/\/www.oiq.qc.ca\/wp-content\/uploads\/logo-oiq-696x696-yoast.png","width":696,"height":696,"caption":"OIQ - Ordre des Ing\u00e9nieurs du Qu\u00e9bec"},"image":{"@id":"https:\/\/www.oiq.qc.ca\/#\/schema\/logo\/image\/"}}]}},"_links":{"self":[{"href":"https:\/\/www.oiq.qc.ca\/en\/wp-json\/wp\/v2\/pages\/17118","targetHints":{"allow":["GET"]}}],"collection":[{"href":"https:\/\/www.oiq.qc.ca\/en\/wp-json\/wp\/v2\/pages"}],"about":[{"href":"https:\/\/www.oiq.qc.ca\/en\/wp-json\/wp\/v2\/types\/page"}],"author":[{"embeddable":true,"href":"https:\/\/www.oiq.qc.ca\/en\/wp-json\/wp\/v2\/users\/4"}],"replies":[{"embeddable":true,"href":"https:\/\/www.oiq.qc.ca\/en\/wp-json\/wp\/v2\/comments?post=17118"}],"version-history":[{"count":0,"href":"https:\/\/www.oiq.qc.ca\/en\/wp-json\/wp\/v2\/pages\/17118\/revisions"}],"up":[{"embeddable":true,"href":"https:\/\/www.oiq.qc.ca\/en\/wp-json\/wp\/v2\/pages\/15749"}],"wp:attachment":[{"href":"https:\/\/www.oiq.qc.ca\/en\/wp-json\/wp\/v2\/media?parent=17118"}],"curies":[{"name":"wp","href":"https:\/\/api.w.org\/{rel}","templated":true}]}}