{"id":16845,"date":"2022-03-17T23:14:41","date_gmt":"2022-03-17T23:14:41","guid":{"rendered":"https:\/\/www.oiq.qc.ca\/lordre\/gouvernance\/organisation-generale-de-l-ordre\/"},"modified":"2022-12-01T09:56:46","modified_gmt":"2022-12-01T14:56:46","slug":"organisation-generale-de-l-ordre","status":"publish","type":"page","link":"https:\/\/www.oiq.qc.ca\/en\/lordre\/gouvernance\/organisation-generale-de-l-ordre\/","title":{"rendered":"Organisation g\u00e9n\u00e9rale de l&#8217;Ordre"},"content":{"rendered":"<div  class=\"block-wrapper \" data-block-name=\"Rubriques Cliquables\">\n<div class=\"list-cards full-width  has-white-cards\">\n    <div class=\"container\">\n                      <h2>Les directions de l&#039;Ordre<\/h2>\n                        <div class=\"lc-grid\">\n            <div class=\"lc-grid-wrap\">\n                                    <div class=\"card-item js-block-link  is-white\">\n    <div class=\"card-item-top no-hover\">\n        <div class=\"cit-content\">\n                            <h3>Direction g\u00e9n\u00e9rale<\/h3>\n                                        <p>Charg\u00e9e de la gestion courante des affaires de l\u2019Ordre, elle travaille de concert avec les orientations du conseil d&#8217;administration. Elle planifie, organise, dirige, contr\u00f4le et coordonne les ressources humaines, financi\u00e8res, mat\u00e9rielles et informationnelles.<\/p>\n                    <\/div>\n            <\/div>\n    <div class=\"card-item-bottom\">\n            <\/div>\n<\/div>\n                                    <div class=\"card-item js-block-link  is-white\">\n    <div class=\"card-item-top no-hover\">\n        <div class=\"cit-content\">\n                            <h3>Direction du secr\u00e9tariat et des affaires juridiques<\/h3>\n                                        <p>Elle coordonne les r\u00e9unions des instances de l&#8217;Ordre et assure leurs suivis. Elle veille aussi au respect des droits et des obligations de l\u2019Ordre et pr\u00e9serve le bon fonctionnement des activit\u00e9s du contentieux. Elle est responsable de l\u2019acc\u00e8s \u00e0 l\u2019information et de la protection des renseignements personnels, des archives et du service de la surveillance de la pratique ill\u00e9gale. Elle assume \u00e9galement un r\u00f4le-conseil aupr\u00e8s du secr\u00e9tariat de diff\u00e9rents comit\u00e9s. <\/p>\n                    <\/div>\n            <\/div>\n    <div class=\"card-item-bottom\">\n            <\/div>\n<\/div>\n                                    <div class=\"card-item js-block-link  is-white\">\n    <div class=\"card-item-top no-hover\">\n        <div class=\"cit-content\">\n                            <h3> Bureau du syndic<\/h3>\n                                        <p>Il veille \u00e0 ce que les membres de l\u2019Ordre respectent le Code des professions, la Loi sur les ing\u00e9nieurs ainsi que les r\u00e8glements qui y sont li\u00e9s, notamment le Code de d\u00e9ontologie des ing\u00e9nieurs. Pour ce faire, il peut enqu\u00eater sur toute all\u00e9gation d\u2019inconduite professionnelle et, s\u2019il y a lieu, il porte plainte devant le Conseil de discipline. Il offre \u00e9galement au public et aux ing\u00e9nieurs des services d\u2019information et de pr\u00e9vention visant \u00e0 favoriser la bonne conduite professionnelle des membres.\r\n\r\n<\/p>\n                    <\/div>\n            <\/div>\n    <div class=\"card-item-bottom\">\n            <\/div>\n<\/div>\n                                    <div class=\"card-item js-block-link  is-white\">\n    <div class=\"card-item-top no-hover\">\n        <div class=\"cit-content\">\n                            <h3>Direction du d\u00e9veloppement de la profession<\/h3>\n                                        <p>Responsable de la gestion des comit\u00e9s r\u00e9gionaux, elle met \u00e9galement au point des outils et des activit\u00e9s de sensibilisation, des formations et de l\u2019information pour favoriser et encourager le d\u00e9veloppement des comp\u00e9tences des membres. Elle est aussi responsable de faire la promotion de la profession aupr\u00e8s des jeunes. <\/p>\n                    <\/div>\n            <\/div>\n    <div class=\"card-item-bottom\">\n            <\/div>\n<\/div>\n                                    <div class=\"card-item js-block-link  is-white\">\n    <div class=\"card-item-top no-hover\">\n        <div class=\"cit-content\">\n                            <h3>Direction de l&#039;acc\u00e8s \u00e0 la profession<\/h3>\n                                        <p>Elle \u00e9value les demandes d\u2019admission, g\u00e8re la d\u00e9livrance des permis et encadre les candidats et candidates \u00e0 la profession d\u2019ing\u00e9nieur.\r\n\r\n<\/p>\n                    <\/div>\n            <\/div>\n    <div class=\"card-item-bottom\">\n            <\/div>\n<\/div>\n                                    <div class=\"card-item js-block-link  is-white\">\n    <div class=\"card-item-top no-hover\">\n        <div class=\"cit-content\">\n                            <h3>Direction de la surveillance et de l&#039;inspection professionnelle<\/h3>\n                                        <p>Elle est responsable de l\u2019inspection professionnelle et de l\u2019assurance responsabilit\u00e9 professionnelle. Elle assure aussi le contr\u00f4le et le suivi du R\u00e8glement sur la formation continue obligatoire des ing\u00e9nieurs.<\/p>\n                    <\/div>\n            <\/div>\n    <div class=\"card-item-bottom\">\n            <\/div>\n<\/div>\n                                    <div class=\"card-item js-block-link  is-white\">\n    <div class=\"card-item-top no-hover\">\n        <div class=\"cit-content\">\n                            <h3>Direction des communications<\/h3>\n                                        <p>\u00c0 l\u2019externe, elle \u00e9labore et met en \u0153uvre des strat\u00e9gies de communication pour promouvoir la mission de protection du public et la profession d\u2019ing\u00e9nieur. Elle d\u00e9ploie aussi des efforts importants de relations publiques pour aider le public \u00e0 comprendre les prises de position de l&#8217;Ordre.  \u00c0 l\u2019interne, elle conseille les autres directions et veille \u00e0 ce que les valeurs et objectifs de l\u2019Ordre soient compris par l\u2019ensemble de ses membres.<\/p>\n                    <\/div>\n            <\/div>\n    <div class=\"card-item-bottom\">\n            <\/div>\n<\/div>\n                                    <div class=\"card-item js-block-link  is-white\">\n    <div class=\"card-item-top no-hover\">\n        <div class=\"cit-content\">\n                            <h3>Direction de l&#039;administration-finances<\/h3>\n                                        <p>Elle con\u00e7oit une planification et une gestion optimale des ressources financi\u00e8res, informationnelles et mat\u00e9rielles.\r\n\r\n<\/p>\n                    <\/div>\n            <\/div>\n    <div class=\"card-item-bottom\">\n            <\/div>\n<\/div>\n                                    <div class=\"card-item js-block-link  is-white\">\n    <div class=\"card-item-top no-hover\">\n        <div class=\"cit-content\">\n                            <h3>Direction des ressources humaines<\/h3>\n                                        <p>Dans une volont\u00e9 d\u2019am\u00e9lioration continue, elle pr\u00e9serve les standards de qualit\u00e9 de l\u2019Ordre par l\u2019embauche de personnel hautement comp\u00e9tent et par le d\u00e9veloppement du plein potentiel de ses employ\u00e9s et employ\u00e9es.<\/p>\n                    <\/div>\n            <\/div>\n    <div class=\"card-item-bottom\">\n            <\/div>\n<\/div>\n                                    <div class=\"card-item js-block-link  is-white\">\n    <div class=\"card-item-top no-hover\">\n        <div class=\"cit-content\">\n                            <h3>Direction des technologies de l&#039;information<\/h3>\n                                        <p>Elle met en \u0153uvre des solutions, du soutien, des services et des projets d\u2019implantation et d\u2019int\u00e9gration technologiques, en plus de fournir une vigie et d\u2019offrir son expertise en services-conseils.<\/p>\n                    <\/div>\n            <\/div>\n    <div class=\"card-item-bottom\">\n            <\/div>\n<\/div>\n                            <\/div>\n        <\/div>\n          <\/div>\n<\/div>\n<\/div>\n","protected":false},"excerpt":{"rendered":"","protected":false},"author":8,"featured_media":0,"parent":16835,"menu_order":0,"comment_status":"closed","ping_status":"closed","template":"views\/template-builder.blade.php","meta":{"_acf_changed":false,"_relevanssi_hide_post":"","_relevanssi_hide_content":"","_relevanssi_pin_for_all":"","_relevanssi_pin_keywords":"","_relevanssi_unpin_keywords":"","_relevanssi_related_keywords":"","_relevanssi_related_include_ids":"","_relevanssi_related_exclude_ids":"","_relevanssi_related_no_append":"","_relevanssi_related_not_related":"","_relevanssi_related_posts":"1","_relevanssi_noindex_reason":"","inline_featured_image":false,"footnotes":""},"class_list":["post-16845","page","type-page","status-publish","hentry"],"acf":[],"yoast_head":"<!-- This site is optimized with the Yoast SEO plugin v26.6 - https:\/\/yoast.com\/wordpress\/plugins\/seo\/ -->\n<title>OIQ &#8211; Ordre des ing\u00e9nieurs du Qu\u00e9bec<\/title>\n<meta name=\"description\" content=\"Les directions de l&#039;Ordre veillent sur son organisation et sa qualit\u00e9. Voyez comment elles s&#039;investissent pour lui et pour vous.\" \/>\n<meta name=\"robots\" content=\"index, follow, max-snippet:-1, max-image-preview:large, max-video-preview:-1\" \/>\n<link rel=\"canonical\" href=\"https:\/\/www.oiq.qc.ca\/lordre\/gouvernance\/organisation-generale-de-l-ordre\/\" \/>\n<meta property=\"og:locale\" content=\"en_US\" \/>\n<meta property=\"og:type\" content=\"article\" \/>\n<meta property=\"og:title\" content=\"Organisation g\u00e9n\u00e9rale de l&#039;Ordre - OIQ - Ordre des ing\u00e9nieurs du Qu\u00e9bec\" \/>\n<meta property=\"og:description\" content=\"Les directions de l&#039;Ordre veillent sur son organisation et sa qualit\u00e9. Voyez comment elles s&#039;investissent pour lui et pour vous.\" \/>\n<meta property=\"og:url\" content=\"https:\/\/www.oiq.qc.ca\/lordre\/gouvernance\/organisation-generale-de-l-ordre\/\" \/>\n<meta property=\"og:site_name\" content=\"OIQ - Ordre des ing\u00e9nieurs du Qu\u00e9bec\" \/>\n<meta property=\"article:modified_time\" content=\"2022-12-01T14:56:46+00:00\" \/>\n<meta property=\"og:image\" content=\"https:\/\/www.oiq.qc.ca\/wp-content\/uploads\/vignette-web.png\" \/>\n\t<meta property=\"og:image:width\" content=\"1200\" \/>\n\t<meta property=\"og:image:height\" content=\"675\" \/>\n\t<meta property=\"og:image:type\" content=\"image\/png\" \/>\n<meta name=\"twitter:card\" content=\"summary_large_image\" \/>\n<script type=\"application\/ld+json\" class=\"yoast-schema-graph\">{\"@context\":\"https:\/\/schema.org\",\"@graph\":[{\"@type\":\"WebPage\",\"@id\":\"https:\/\/www.oiq.qc.ca\/lordre\/gouvernance\/organisation-generale-de-l-ordre\/\",\"url\":\"https:\/\/www.oiq.qc.ca\/lordre\/gouvernance\/organisation-generale-de-l-ordre\/\",\"name\":\"Organisation g\u00e9n\u00e9rale de l'Ordre - OIQ - Ordre des ing\u00e9nieurs du Qu\u00e9bec\",\"isPartOf\":{\"@id\":\"https:\/\/www.oiq.qc.ca\/#website\"},\"datePublished\":\"2022-03-17T23:14:41+00:00\",\"dateModified\":\"2022-12-01T14:56:46+00:00\",\"description\":\"Les directions de l'Ordre veillent sur son organisation et sa qualit\u00e9. Voyez comment elles s'investissent pour lui et pour vous.\",\"breadcrumb\":{\"@id\":\"https:\/\/www.oiq.qc.ca\/lordre\/gouvernance\/organisation-generale-de-l-ordre\/#breadcrumb\"},\"inLanguage\":\"en-CA\",\"potentialAction\":[{\"@type\":\"ReadAction\",\"target\":[\"https:\/\/www.oiq.qc.ca\/lordre\/gouvernance\/organisation-generale-de-l-ordre\/\"]}]},{\"@type\":\"BreadcrumbList\",\"@id\":\"https:\/\/www.oiq.qc.ca\/lordre\/gouvernance\/organisation-generale-de-l-ordre\/#breadcrumb\",\"itemListElement\":[{\"@type\":\"ListItem\",\"position\":1,\"name\":\"Home\",\"item\":\"https:\/\/www.oiq.qc.ca\/en\/\"},{\"@type\":\"ListItem\",\"position\":2,\"name\":\"L&rsquo;Ordre\",\"item\":\"https:\/\/www.oiq.qc.ca\/en\/lordre\/\"},{\"@type\":\"ListItem\",\"position\":3,\"name\":\"Gouvernance\",\"item\":\"https:\/\/www.oiq.qc.ca\/en\/lordre\/gouvernance\/\"},{\"@type\":\"ListItem\",\"position\":4,\"name\":\"Organisation g\u00e9n\u00e9rale de l&#8217;Ordre\"}]},{\"@type\":\"WebSite\",\"@id\":\"https:\/\/www.oiq.qc.ca\/#website\",\"url\":\"https:\/\/www.oiq.qc.ca\/\",\"name\":\"OIQ - Ordre des ing\u00e9nieurs du Qu\u00e9bec\",\"description\":\"Ordre des ing\u00e9nieurs du Qu\u00e9bec\",\"publisher\":{\"@id\":\"https:\/\/www.oiq.qc.ca\/#organization\"},\"potentialAction\":[{\"@type\":\"SearchAction\",\"target\":{\"@type\":\"EntryPoint\",\"urlTemplate\":\"https:\/\/www.oiq.qc.ca\/?s={search_term_string}\"},\"query-input\":{\"@type\":\"PropertyValueSpecification\",\"valueRequired\":true,\"valueName\":\"search_term_string\"}}],\"inLanguage\":\"en-CA\"},{\"@type\":\"Organization\",\"@id\":\"https:\/\/www.oiq.qc.ca\/#organization\",\"name\":\"OIQ - Ordre des Ing\u00e9nieurs du Qu\u00e9bec\",\"url\":\"https:\/\/www.oiq.qc.ca\/\",\"logo\":{\"@type\":\"ImageObject\",\"inLanguage\":\"en-CA\",\"@id\":\"https:\/\/www.oiq.qc.ca\/#\/schema\/logo\/image\/\",\"url\":\"https:\/\/www.oiq.qc.ca\/wp-content\/uploads\/logo-oiq-696x696-yoast.png\",\"contentUrl\":\"https:\/\/www.oiq.qc.ca\/wp-content\/uploads\/logo-oiq-696x696-yoast.png\",\"width\":696,\"height\":696,\"caption\":\"OIQ - Ordre des Ing\u00e9nieurs du Qu\u00e9bec\"},\"image\":{\"@id\":\"https:\/\/www.oiq.qc.ca\/#\/schema\/logo\/image\/\"}}]}<\/script>\n<!-- \/ Yoast SEO plugin. -->","yoast_head_json":{"title":"OIQ &#8211; Ordre des ing\u00e9nieurs du Qu\u00e9bec","description":"Les directions de l'Ordre veillent sur son organisation et sa qualit\u00e9. Voyez comment elles s'investissent pour lui et pour vous.","robots":{"index":"index","follow":"follow","max-snippet":"max-snippet:-1","max-image-preview":"max-image-preview:large","max-video-preview":"max-video-preview:-1"},"canonical":"https:\/\/www.oiq.qc.ca\/lordre\/gouvernance\/organisation-generale-de-l-ordre\/","og_locale":"en_US","og_type":"article","og_title":"Organisation g\u00e9n\u00e9rale de l'Ordre - OIQ - Ordre des ing\u00e9nieurs du Qu\u00e9bec","og_description":"Les directions de l'Ordre veillent sur son organisation et sa qualit\u00e9. Voyez comment elles s'investissent pour lui et pour vous.","og_url":"https:\/\/www.oiq.qc.ca\/lordre\/gouvernance\/organisation-generale-de-l-ordre\/","og_site_name":"OIQ - Ordre des ing\u00e9nieurs du Qu\u00e9bec","article_modified_time":"2022-12-01T14:56:46+00:00","og_image":[{"width":1200,"height":675,"url":"https:\/\/www.oiq.qc.ca\/wp-content\/uploads\/vignette-web.png","type":"image\/png"}],"twitter_card":"summary_large_image","schema":{"@context":"https:\/\/schema.org","@graph":[{"@type":"WebPage","@id":"https:\/\/www.oiq.qc.ca\/lordre\/gouvernance\/organisation-generale-de-l-ordre\/","url":"https:\/\/www.oiq.qc.ca\/lordre\/gouvernance\/organisation-generale-de-l-ordre\/","name":"Organisation g\u00e9n\u00e9rale de l'Ordre - OIQ - Ordre des ing\u00e9nieurs du Qu\u00e9bec","isPartOf":{"@id":"https:\/\/www.oiq.qc.ca\/#website"},"datePublished":"2022-03-17T23:14:41+00:00","dateModified":"2022-12-01T14:56:46+00:00","description":"Les directions de l'Ordre veillent sur son organisation et sa qualit\u00e9. Voyez comment elles s'investissent pour lui et pour vous.","breadcrumb":{"@id":"https:\/\/www.oiq.qc.ca\/lordre\/gouvernance\/organisation-generale-de-l-ordre\/#breadcrumb"},"inLanguage":"en-CA","potentialAction":[{"@type":"ReadAction","target":["https:\/\/www.oiq.qc.ca\/lordre\/gouvernance\/organisation-generale-de-l-ordre\/"]}]},{"@type":"BreadcrumbList","@id":"https:\/\/www.oiq.qc.ca\/lordre\/gouvernance\/organisation-generale-de-l-ordre\/#breadcrumb","itemListElement":[{"@type":"ListItem","position":1,"name":"Home","item":"https:\/\/www.oiq.qc.ca\/en\/"},{"@type":"ListItem","position":2,"name":"L&rsquo;Ordre","item":"https:\/\/www.oiq.qc.ca\/en\/lordre\/"},{"@type":"ListItem","position":3,"name":"Gouvernance","item":"https:\/\/www.oiq.qc.ca\/en\/lordre\/gouvernance\/"},{"@type":"ListItem","position":4,"name":"Organisation g\u00e9n\u00e9rale de l&#8217;Ordre"}]},{"@type":"WebSite","@id":"https:\/\/www.oiq.qc.ca\/#website","url":"https:\/\/www.oiq.qc.ca\/","name":"OIQ - Ordre des ing\u00e9nieurs du Qu\u00e9bec","description":"Ordre des ing\u00e9nieurs du Qu\u00e9bec","publisher":{"@id":"https:\/\/www.oiq.qc.ca\/#organization"},"potentialAction":[{"@type":"SearchAction","target":{"@type":"EntryPoint","urlTemplate":"https:\/\/www.oiq.qc.ca\/?s={search_term_string}"},"query-input":{"@type":"PropertyValueSpecification","valueRequired":true,"valueName":"search_term_string"}}],"inLanguage":"en-CA"},{"@type":"Organization","@id":"https:\/\/www.oiq.qc.ca\/#organization","name":"OIQ - Ordre des Ing\u00e9nieurs du Qu\u00e9bec","url":"https:\/\/www.oiq.qc.ca\/","logo":{"@type":"ImageObject","inLanguage":"en-CA","@id":"https:\/\/www.oiq.qc.ca\/#\/schema\/logo\/image\/","url":"https:\/\/www.oiq.qc.ca\/wp-content\/uploads\/logo-oiq-696x696-yoast.png","contentUrl":"https:\/\/www.oiq.qc.ca\/wp-content\/uploads\/logo-oiq-696x696-yoast.png","width":696,"height":696,"caption":"OIQ - Ordre des Ing\u00e9nieurs du Qu\u00e9bec"},"image":{"@id":"https:\/\/www.oiq.qc.ca\/#\/schema\/logo\/image\/"}}]}},"_links":{"self":[{"href":"https:\/\/www.oiq.qc.ca\/en\/wp-json\/wp\/v2\/pages\/16845","targetHints":{"allow":["GET"]}}],"collection":[{"href":"https:\/\/www.oiq.qc.ca\/en\/wp-json\/wp\/v2\/pages"}],"about":[{"href":"https:\/\/www.oiq.qc.ca\/en\/wp-json\/wp\/v2\/types\/page"}],"author":[{"embeddable":true,"href":"https:\/\/www.oiq.qc.ca\/en\/wp-json\/wp\/v2\/users\/8"}],"replies":[{"embeddable":true,"href":"https:\/\/www.oiq.qc.ca\/en\/wp-json\/wp\/v2\/comments?post=16845"}],"version-history":[{"count":0,"href":"https:\/\/www.oiq.qc.ca\/en\/wp-json\/wp\/v2\/pages\/16845\/revisions"}],"up":[{"embeddable":true,"href":"https:\/\/www.oiq.qc.ca\/en\/wp-json\/wp\/v2\/pages\/16835"}],"wp:attachment":[{"href":"https:\/\/www.oiq.qc.ca\/en\/wp-json\/wp\/v2\/media?parent=16845"}],"curies":[{"name":"wp","href":"https:\/\/api.w.org\/{rel}","templated":true}]}}