{"id":16838,"date":"2022-03-17T23:15:25","date_gmt":"2022-03-17T23:15:25","guid":{"rendered":"https:\/\/www.oiq.qc.ca\/lordre\/gouvernance\/comites-de-l-ordre\/"},"modified":"2026-03-24T15:13:04","modified_gmt":"2026-03-24T19:13:04","slug":"comites-de-l-ordre","status":"publish","type":"page","link":"https:\/\/www.oiq.qc.ca\/en\/lordre\/gouvernance\/comites-de-l-ordre\/","title":{"rendered":"Comit\u00e9s de l&#8217;Ordre"},"content":{"rendered":"<div  class=\"block-wrapper \" data-block-name=\"Rubriques Cliquables\">\n<div class=\"list-cards full-width  has-white-cards\">\n    <div class=\"container\">\n                      <h2>Les comit\u00e9s li\u00e9s \u00e0 la gouvernance ou \u00e0 la r\u00e9gie interne de l&#039;Ordre<\/h2>\n                        <div class=\"lc-grid\">\n            <div class=\"lc-grid-wrap\">\n                                    <div class=\"card-item js-block-link  is-white\">\n    <div class=\"card-item-top no-hover\">\n        <div class=\"cit-content\">\n                            <h3>Comit\u00e9 d&#039;audit <\/h3>\n                                        <p>Soutenir le conseil d\u2019administration dans l\u2019exercice de ses responsabilit\u00e9s de surveillance de l\u2019information financi\u00e8re, de gestion des finances, de contr\u00f4le et de gestion des risques.<\/p>\n                    <\/div>\n            <\/div>\n    <div class=\"card-item-bottom\">\n            <\/div>\n<\/div>\n                                    <div class=\"card-item js-block-link  is-white\">\n    <div class=\"card-item-top no-hover\">\n        <div class=\"cit-content\">\n                            <h3>Comit\u00e9 d&#039;enqu\u00eate \u00e0 l&#039;\u00e9thique et \u00e0 la d\u00e9ontologie <\/h3>\n                                        <p>Enqu\u00eater sur la conduite des administrateurs et des administratrices et recommander, le cas \u00e9ch\u00e9ant, la sanction qui devrait \u00eatre appliqu\u00e9e.<\/p>\n                    <\/div>\n            <\/div>\n    <div class=\"card-item-bottom\">\n            <\/div>\n<\/div>\n                                    <div class=\"card-item js-block-link  is-white\">\n    <div class=\"card-item-top no-hover\">\n        <div class=\"cit-content\">\n                            <h3>Comit\u00e9 de gouvernance et d&#039;\u00e9thique <\/h3>\n                                        <p>Conseiller le conseil d&#8217;administration dans l&#8217;\u00e9laboration des principes et des politiques pour l\u2019ensemble de l\u2019organisation, afin de favoriser la bonne gouvernance et l&#8217;int\u00e9grit\u00e9 de cette derni\u00e8re.<\/p>\n                    <\/div>\n            <\/div>\n    <div class=\"card-item-bottom\">\n            <\/div>\n<\/div>\n                                    <div class=\"card-item js-block-link  is-white\">\n    <div class=\"card-item-top no-hover\">\n        <div class=\"cit-content\">\n                            <h3>Comit\u00e9 ressources humaines <\/h3>\n                                        <p>Assister le conseil d\u2019administration dans la mise en place des moyens visant \u00e0 assurer une gestion des ressources humaines efficace et mobilisatrice.<\/p>\n                    <\/div>\n            <\/div>\n    <div class=\"card-item-bottom\">\n            <\/div>\n<\/div>\n                                    <div class=\"card-item js-block-link  is-white\">\n    <div class=\"card-item-top no-hover\">\n        <div class=\"cit-content\">\n                            <h3>Comit\u00e9 de surveillance des \u00e9lections <\/h3>\n                                        <p>Donner des avis et des recommandations sur toutes questions qui concernent les \u00e9lections au Conseil d&#8217;administration.<\/p>\n                    <\/div>\n            <\/div>\n    <div class=\"card-item-bottom\">\n            <\/div>\n<\/div>\n                            <\/div>\n        <\/div>\n          <\/div>\n<\/div>\n<\/div>\n\n\n<div  class=\"block-wrapper \" data-block-name=\"Rubriques Cliquables\">\n<div class=\"list-cards full-width  has-white-cards\">\n    <div class=\"container\">\n                      <h2>Les comit\u00e9s li\u00e9s \u00e0 l&#039;acc\u00e8s de la profession<\/h2>\n                        <div class=\"lc-grid\">\n            <div class=\"lc-grid-wrap\">\n                                    <div class=\"card-item js-block-link  is-white\">\n    <div class=\"card-item-top no-hover\">\n        <div class=\"cit-content\">\n                            <h3>Les comit\u00e9s li\u00e9s \u00e0 l&#039;acc\u00e8s de la profession<\/h3>\n                                        <p>D\u00e9livrer les permis et \u00e9valuer la formation des candidats et des candidates \u00e0 la profession d\u2019ing\u00e9nieur.<\/p>\n                    <\/div>\n            <\/div>\n    <div class=\"card-item-bottom\">\n            <\/div>\n<\/div>\n                                    <div class=\"card-item js-block-link  is-white\">\n    <div class=\"card-item-top no-hover\">\n        <div class=\"cit-content\">\n                            <h3>Comit\u00e9 de formation des ing\u00e9nieurs<\/h3>\n                                        <p>Examiner le contenu des programmes des formations universitaires de premier cycle en g\u00e9nie.<\/p>\n                    <\/div>\n            <\/div>\n    <div class=\"card-item-bottom\">\n            <\/div>\n<\/div>\n                                    <div class=\"card-item js-block-link  is-white\">\n    <div class=\"card-item-top no-hover\">\n        <div class=\"cit-content\">\n                            <h3>Comit\u00e9 de liaison CODIQ-OIQ-CR\u00c9IQ<\/h3>\n                                        <p>\u00c9changer sur les meilleurs moyens pour accompagner les \u00e9tudiants et les \u00e9tudiantes en g\u00e9nie dans leur cheminement vers l&#8217;obtention du permis d\u2019exercice.<\/p>\n                    <\/div>\n            <\/div>\n    <div class=\"card-item-bottom\">\n            <\/div>\n<\/div>\n                            <\/div>\n        <\/div>\n          <\/div>\n<\/div>\n<\/div>\n\n\n<div  class=\"block-wrapper \" data-block-name=\"Rubriques Cliquables\">\n<div class=\"list-cards full-width  has-white-cards\">\n    <div class=\"container\">\n                      <h2>Les comit\u00e9s li\u00e9s au d\u00e9veloppement et au maintien des comp\u00e9tences<\/h2>\n                        <div class=\"lc-grid\">\n            <div class=\"lc-grid-wrap\">\n                                    <div class=\"card-item js-block-link  is-white\">\n    <div class=\"card-item-top no-hover\">\n        <div class=\"cit-content\">\n                            <h3>Comit\u00e9 de d\u00e9veloppement professionnel<\/h3>\n                                        <p>\u00c9mettre des recommandations li\u00e9es \u00e0 la formation continue obligatoire des ing\u00e9nieurs et des ing\u00e9nieures.<\/p>\n                    <\/div>\n            <\/div>\n    <div class=\"card-item-bottom\">\n            <\/div>\n<\/div>\n                                    <div class=\"card-item js-block-link  is-white\">\n    <div class=\"card-item-top no-hover\">\n        <div class=\"cit-content\">\n                            <h3>Comit\u00e9 d&#039;inspection professionnelle<\/h3>\n                                        <p>Surveiller l\u2019exercice de la profession par les membres et v\u00e9rifier leur comp\u00e9tence professionnelle.<\/p>\n                    <\/div>\n            <\/div>\n    <div class=\"card-item-bottom\">\n            <\/div>\n<\/div>\n                            <\/div>\n        <\/div>\n          <\/div>\n<\/div>\n<\/div>\n\n\n<div  class=\"block-wrapper \" data-block-name=\"Rubriques Cliquables\">\n<div class=\"list-cards full-width  has-white-cards\">\n    <div class=\"container\">\n                      <h2>Les comit\u00e9s li\u00e9s \u00e0 la d\u00e9ontologie ou aux comptes d&#039;honoraires<\/h2>\n                        <div class=\"lc-grid\">\n            <div class=\"lc-grid-wrap\">\n                                    <div class=\"card-item js-block-link  is-white\">\n    <div class=\"card-item-top no-hover\">\n        <div class=\"cit-content\">\n                            <h3>Conseil d&#039;arbitrage<\/h3>\n                                        <p>\u00catre saisi des demandes d\u2019arbitrage d\u2019un compte d\u2019honoraires professionnels d\u2019un ing\u00e9nieur ou d&#8217;une ing\u00e9nieure dans le cas o\u00f9 une conciliation n\u2019a pu fonctionner.<\/p>\n                    <\/div>\n            <\/div>\n    <div class=\"card-item-bottom\">\n            <\/div>\n<\/div>\n                                    <div class=\"card-item js-block-link  is-white\">\n    <div class=\"card-item-top no-hover\">\n        <div class=\"cit-content\">\n                            <h3>Conseil de discipline<\/h3>\n                                        <p>\u00catre saisi des plaintes formul\u00e9es contre une personne alors qu&#8217;elle \u00e9tait membre de l&#8217;Ordre pour une infraction commise au Code des professions, \u00e0 la Loi sur les ing\u00e9nieurs, au Code de d\u00e9ontologie ou \u00e0 un autre r\u00e8glement de l\u2019Ordre.<\/p>\n                    <\/div>\n            <\/div>\n    <div class=\"card-item-bottom\">\n            <\/div>\n<\/div>\n                                    <div class=\"card-item js-block-link  is-white\">\n    <div class=\"card-item-top no-hover\">\n        <div class=\"cit-content\">\n                            <h3>Comit\u00e9 de r\u00e9vision<\/h3>\n                                        <p>Donner un avis quant \u00e0 la d\u00e9cision d\u2019un syndic de ne pas porter plainte contre un.e membre de l\u2019Ordre.<\/p>\n                    <\/div>\n            <\/div>\n    <div class=\"card-item-bottom\">\n            <\/div>\n<\/div>\n                            <\/div>\n        <\/div>\n          <\/div>\n<\/div>\n<\/div>\n\n\n<div  class=\"block-wrapper \" data-block-name=\"Rubriques Cliquables\">\n<div class=\"list-cards full-width  has-white-cards\">\n    <div class=\"container\">\n                      <h2>Les autres comit\u00e9s<\/h2>\n                        <div class=\"lc-grid\">\n            <div class=\"lc-grid-wrap\">\n                                    <div class=\"card-item js-block-link  is-white\">\n    <div class=\"card-item-top no-hover\">\n        <div class=\"cit-content\">\n                            <h3>Comit\u00e9 d&#039;assurance responsabilit\u00e9 professionnelle<\/h3>\n                                        <p>Formuler des recommandations au conseil d\u2019administration en mati\u00e8re d\u2019assurance responsabilit\u00e9 professionnelle.<\/p>\n                    <\/div>\n            <\/div>\n    <div class=\"card-item-bottom\">\n            <\/div>\n<\/div>\n                                    <div class=\"card-item js-block-link  is-white\">\n    <div class=\"card-item-top no-hover\">\n        <div class=\"cit-content\">\n                            <h3>Comit\u00e9 ex\u00e9cutif<\/h3>\n                                        <p>Rendre les d\u00e9cisions aux membres \u00e0 titre individuel et entendre les demandes de r\u00e9vision de d\u00e9cisions de certains autres comit\u00e9s.<\/p>\n                    <\/div>\n            <\/div>\n    <div class=\"card-item-bottom\">\n            <\/div>\n<\/div>\n                                    <div class=\"card-item js-block-link  is-white\">\n    <div class=\"card-item-top no-hover\">\n        <div class=\"cit-content\">\n                            <h3>Comit\u00e9 de s\u00e9lection pour la valorisation de l&#039;excellence<\/h3>\n                                        <p>\u00c9valuer les candidatures aux diff\u00e9rents prix d\u00e9cern\u00e9s par l\u2019Ordre.<\/p>\n                    <\/div>\n            <\/div>\n    <div class=\"card-item-bottom\">\n            <\/div>\n<\/div>\n                            <\/div>\n        <\/div>\n          <\/div>\n<\/div>\n<\/div>\n\n\n<div  class=\"block-wrapper \" data-block-name=\"Rubriques Cliquables\">\n<\/div>\n","protected":false},"excerpt":{"rendered":"","protected":false},"author":8,"featured_media":0,"parent":16835,"menu_order":0,"comment_status":"closed","ping_status":"closed","template":"views\/template-builder.blade.php","meta":{"_acf_changed":false,"_relevanssi_hide_post":"","_relevanssi_hide_content":"","_relevanssi_pin_for_all":"","_relevanssi_pin_keywords":"","_relevanssi_unpin_keywords":"","_relevanssi_related_keywords":"","_relevanssi_related_include_ids":"","_relevanssi_related_exclude_ids":"","_relevanssi_related_no_append":"","_relevanssi_related_not_related":"","_relevanssi_related_posts":"1","_relevanssi_noindex_reason":"","inline_featured_image":false,"footnotes":""},"class_list":["post-16838","page","type-page","status-publish","hentry"],"acf":[],"yoast_head":"<!-- This site is optimized with the Yoast SEO plugin v26.6 - https:\/\/yoast.com\/wordpress\/plugins\/seo\/ -->\n<title>OIQ &#8211; Ordre des ing\u00e9nieurs du Qu\u00e9bec<\/title>\n<meta name=\"description\" content=\"Les comit\u00e9s soutiennent l&#039;Ordre dans ses activit\u00e9s. Informez-vous pour comprendre comment ils contribuent \u00e0 la protection du public.\" \/>\n<meta name=\"robots\" content=\"index, follow, max-snippet:-1, max-image-preview:large, max-video-preview:-1\" \/>\n<link rel=\"canonical\" href=\"https:\/\/www.oiq.qc.ca\/en\/lordre\/gouvernance\/comites-de-l-ordre\/\" \/>\n<meta property=\"og:locale\" content=\"en_US\" \/>\n<meta property=\"og:type\" content=\"article\" \/>\n<meta property=\"og:title\" content=\"Comit\u00e9s de l&#039;Ordre - OIQ - Ordre des ing\u00e9nieurs du Qu\u00e9bec\" \/>\n<meta property=\"og:description\" content=\"Les comit\u00e9s soutiennent l&#039;Ordre dans ses activit\u00e9s. Informez-vous pour comprendre comment ils contribuent \u00e0 la protection du public.\" \/>\n<meta property=\"og:url\" content=\"https:\/\/www.oiq.qc.ca\/en\/lordre\/gouvernance\/comites-de-l-ordre\/\" \/>\n<meta property=\"og:site_name\" content=\"OIQ - Ordre des ing\u00e9nieurs du Qu\u00e9bec\" \/>\n<meta property=\"article:modified_time\" content=\"2026-03-24T19:13:04+00:00\" \/>\n<meta property=\"og:image\" content=\"https:\/\/www.oiq.qc.ca\/wp-content\/uploads\/vignette-web.png\" \/>\n\t<meta property=\"og:image:width\" content=\"1200\" \/>\n\t<meta property=\"og:image:height\" content=\"675\" \/>\n\t<meta property=\"og:image:type\" content=\"image\/png\" \/>\n<meta name=\"twitter:card\" content=\"summary_large_image\" \/>\n<meta name=\"twitter:label1\" content=\"Est. reading time\" \/>\n\t<meta name=\"twitter:data1\" content=\"4 minutes\" \/>\n<script type=\"application\/ld+json\" class=\"yoast-schema-graph\">{\"@context\":\"https:\/\/schema.org\",\"@graph\":[{\"@type\":\"WebPage\",\"@id\":\"https:\/\/www.oiq.qc.ca\/en\/lordre\/gouvernance\/comites-de-l-ordre\/\",\"url\":\"https:\/\/www.oiq.qc.ca\/en\/lordre\/gouvernance\/comites-de-l-ordre\/\",\"name\":\"Comit\u00e9s de l'Ordre - OIQ - Ordre des ing\u00e9nieurs du Qu\u00e9bec\",\"isPartOf\":{\"@id\":\"https:\/\/www.oiq.qc.ca\/#website\"},\"datePublished\":\"2022-03-17T23:15:25+00:00\",\"dateModified\":\"2026-03-24T19:13:04+00:00\",\"description\":\"Les comit\u00e9s soutiennent l'Ordre dans ses activit\u00e9s. Informez-vous pour comprendre comment ils contribuent \u00e0 la protection du public.\",\"breadcrumb\":{\"@id\":\"https:\/\/www.oiq.qc.ca\/en\/lordre\/gouvernance\/comites-de-l-ordre\/#breadcrumb\"},\"inLanguage\":\"en-CA\",\"potentialAction\":[{\"@type\":\"ReadAction\",\"target\":[\"https:\/\/www.oiq.qc.ca\/en\/lordre\/gouvernance\/comites-de-l-ordre\/\"]}]},{\"@type\":\"BreadcrumbList\",\"@id\":\"https:\/\/www.oiq.qc.ca\/en\/lordre\/gouvernance\/comites-de-l-ordre\/#breadcrumb\",\"itemListElement\":[{\"@type\":\"ListItem\",\"position\":1,\"name\":\"Home\",\"item\":\"https:\/\/www.oiq.qc.ca\/en\/\"},{\"@type\":\"ListItem\",\"position\":2,\"name\":\"L&rsquo;Ordre\",\"item\":\"https:\/\/www.oiq.qc.ca\/en\/lordre\/\"},{\"@type\":\"ListItem\",\"position\":3,\"name\":\"Gouvernance\",\"item\":\"https:\/\/www.oiq.qc.ca\/en\/lordre\/gouvernance\/\"},{\"@type\":\"ListItem\",\"position\":4,\"name\":\"Comit\u00e9s de l&rsquo;Ordre\"}]},{\"@type\":\"WebSite\",\"@id\":\"https:\/\/www.oiq.qc.ca\/#website\",\"url\":\"https:\/\/www.oiq.qc.ca\/\",\"name\":\"OIQ - Ordre des ing\u00e9nieurs du Qu\u00e9bec\",\"description\":\"Ordre des ing\u00e9nieurs du Qu\u00e9bec\",\"publisher\":{\"@id\":\"https:\/\/www.oiq.qc.ca\/#organization\"},\"potentialAction\":[{\"@type\":\"SearchAction\",\"target\":{\"@type\":\"EntryPoint\",\"urlTemplate\":\"https:\/\/www.oiq.qc.ca\/?s={search_term_string}\"},\"query-input\":{\"@type\":\"PropertyValueSpecification\",\"valueRequired\":true,\"valueName\":\"search_term_string\"}}],\"inLanguage\":\"en-CA\"},{\"@type\":\"Organization\",\"@id\":\"https:\/\/www.oiq.qc.ca\/#organization\",\"name\":\"OIQ - Ordre des Ing\u00e9nieurs du Qu\u00e9bec\",\"url\":\"https:\/\/www.oiq.qc.ca\/\",\"logo\":{\"@type\":\"ImageObject\",\"inLanguage\":\"en-CA\",\"@id\":\"https:\/\/www.oiq.qc.ca\/#\/schema\/logo\/image\/\",\"url\":\"https:\/\/www.oiq.qc.ca\/wp-content\/uploads\/logo-oiq-696x696-yoast.png\",\"contentUrl\":\"https:\/\/www.oiq.qc.ca\/wp-content\/uploads\/logo-oiq-696x696-yoast.png\",\"width\":696,\"height\":696,\"caption\":\"OIQ - Ordre des Ing\u00e9nieurs du Qu\u00e9bec\"},\"image\":{\"@id\":\"https:\/\/www.oiq.qc.ca\/#\/schema\/logo\/image\/\"}}]}<\/script>\n<!-- \/ Yoast SEO plugin. -->","yoast_head_json":{"title":"OIQ &#8211; Ordre des ing\u00e9nieurs du Qu\u00e9bec","description":"Les comit\u00e9s soutiennent l'Ordre dans ses activit\u00e9s. Informez-vous pour comprendre comment ils contribuent \u00e0 la protection du public.","robots":{"index":"index","follow":"follow","max-snippet":"max-snippet:-1","max-image-preview":"max-image-preview:large","max-video-preview":"max-video-preview:-1"},"canonical":"https:\/\/www.oiq.qc.ca\/en\/lordre\/gouvernance\/comites-de-l-ordre\/","og_locale":"en_US","og_type":"article","og_title":"Comit\u00e9s de l'Ordre - OIQ - Ordre des ing\u00e9nieurs du Qu\u00e9bec","og_description":"Les comit\u00e9s soutiennent l'Ordre dans ses activit\u00e9s. Informez-vous pour comprendre comment ils contribuent \u00e0 la protection du public.","og_url":"https:\/\/www.oiq.qc.ca\/en\/lordre\/gouvernance\/comites-de-l-ordre\/","og_site_name":"OIQ - Ordre des ing\u00e9nieurs du Qu\u00e9bec","article_modified_time":"2026-03-24T19:13:04+00:00","og_image":[{"width":1200,"height":675,"url":"https:\/\/www.oiq.qc.ca\/wp-content\/uploads\/vignette-web.png","type":"image\/png"}],"twitter_card":"summary_large_image","twitter_misc":{"Est. reading time":"4 minutes"},"schema":{"@context":"https:\/\/schema.org","@graph":[{"@type":"WebPage","@id":"https:\/\/www.oiq.qc.ca\/en\/lordre\/gouvernance\/comites-de-l-ordre\/","url":"https:\/\/www.oiq.qc.ca\/en\/lordre\/gouvernance\/comites-de-l-ordre\/","name":"Comit\u00e9s de l'Ordre - OIQ - Ordre des ing\u00e9nieurs du Qu\u00e9bec","isPartOf":{"@id":"https:\/\/www.oiq.qc.ca\/#website"},"datePublished":"2022-03-17T23:15:25+00:00","dateModified":"2026-03-24T19:13:04+00:00","description":"Les comit\u00e9s soutiennent l'Ordre dans ses activit\u00e9s. Informez-vous pour comprendre comment ils contribuent \u00e0 la protection du public.","breadcrumb":{"@id":"https:\/\/www.oiq.qc.ca\/en\/lordre\/gouvernance\/comites-de-l-ordre\/#breadcrumb"},"inLanguage":"en-CA","potentialAction":[{"@type":"ReadAction","target":["https:\/\/www.oiq.qc.ca\/en\/lordre\/gouvernance\/comites-de-l-ordre\/"]}]},{"@type":"BreadcrumbList","@id":"https:\/\/www.oiq.qc.ca\/en\/lordre\/gouvernance\/comites-de-l-ordre\/#breadcrumb","itemListElement":[{"@type":"ListItem","position":1,"name":"Home","item":"https:\/\/www.oiq.qc.ca\/en\/"},{"@type":"ListItem","position":2,"name":"L&rsquo;Ordre","item":"https:\/\/www.oiq.qc.ca\/en\/lordre\/"},{"@type":"ListItem","position":3,"name":"Gouvernance","item":"https:\/\/www.oiq.qc.ca\/en\/lordre\/gouvernance\/"},{"@type":"ListItem","position":4,"name":"Comit\u00e9s de l&rsquo;Ordre"}]},{"@type":"WebSite","@id":"https:\/\/www.oiq.qc.ca\/#website","url":"https:\/\/www.oiq.qc.ca\/","name":"OIQ - Ordre des ing\u00e9nieurs du Qu\u00e9bec","description":"Ordre des ing\u00e9nieurs du Qu\u00e9bec","publisher":{"@id":"https:\/\/www.oiq.qc.ca\/#organization"},"potentialAction":[{"@type":"SearchAction","target":{"@type":"EntryPoint","urlTemplate":"https:\/\/www.oiq.qc.ca\/?s={search_term_string}"},"query-input":{"@type":"PropertyValueSpecification","valueRequired":true,"valueName":"search_term_string"}}],"inLanguage":"en-CA"},{"@type":"Organization","@id":"https:\/\/www.oiq.qc.ca\/#organization","name":"OIQ - Ordre des Ing\u00e9nieurs du Qu\u00e9bec","url":"https:\/\/www.oiq.qc.ca\/","logo":{"@type":"ImageObject","inLanguage":"en-CA","@id":"https:\/\/www.oiq.qc.ca\/#\/schema\/logo\/image\/","url":"https:\/\/www.oiq.qc.ca\/wp-content\/uploads\/logo-oiq-696x696-yoast.png","contentUrl":"https:\/\/www.oiq.qc.ca\/wp-content\/uploads\/logo-oiq-696x696-yoast.png","width":696,"height":696,"caption":"OIQ - Ordre des Ing\u00e9nieurs du Qu\u00e9bec"},"image":{"@id":"https:\/\/www.oiq.qc.ca\/#\/schema\/logo\/image\/"}}]}},"_links":{"self":[{"href":"https:\/\/www.oiq.qc.ca\/en\/wp-json\/wp\/v2\/pages\/16838","targetHints":{"allow":["GET"]}}],"collection":[{"href":"https:\/\/www.oiq.qc.ca\/en\/wp-json\/wp\/v2\/pages"}],"about":[{"href":"https:\/\/www.oiq.qc.ca\/en\/wp-json\/wp\/v2\/types\/page"}],"author":[{"embeddable":true,"href":"https:\/\/www.oiq.qc.ca\/en\/wp-json\/wp\/v2\/users\/8"}],"replies":[{"embeddable":true,"href":"https:\/\/www.oiq.qc.ca\/en\/wp-json\/wp\/v2\/comments?post=16838"}],"version-history":[{"count":1,"href":"https:\/\/www.oiq.qc.ca\/en\/wp-json\/wp\/v2\/pages\/16838\/revisions"}],"predecessor-version":[{"id":52196,"href":"https:\/\/www.oiq.qc.ca\/en\/wp-json\/wp\/v2\/pages\/16838\/revisions\/52196"}],"up":[{"embeddable":true,"href":"https:\/\/www.oiq.qc.ca\/en\/wp-json\/wp\/v2\/pages\/16835"}],"wp:attachment":[{"href":"https:\/\/www.oiq.qc.ca\/en\/wp-json\/wp\/v2\/media?parent=16838"}],"curies":[{"name":"wp","href":"https:\/\/api.w.org\/{rel}","templated":true}]}}