{"id":16827,"date":"2022-03-17T23:12:34","date_gmt":"2022-03-17T23:12:34","guid":{"rendered":"https:\/\/www.oiq.qc.ca\/lois-et-reglements-entourant-la-pratique-du-genie\/la-loi-sur-les-ingenieurs-du-quebec\/"},"modified":"2022-05-20T14:05:12","modified_gmt":"2022-05-20T18:05:12","slug":"la-loi-sur-les-ingenieurs-du-quebec","status":"publish","type":"page","link":"https:\/\/www.oiq.qc.ca\/en\/lordre\/politiques-lois-et-reglements\/lois-et-reglements-entourant-la-pratique-du-genie\/la-loi-sur-les-ingenieurs-du-quebec\/","title":{"rendered":"La Loi sur les ing\u00e9nieurs du Qu\u00e9bec"},"content":{"rendered":"<div  class=\"block-wrapper \" data-block-name=\"Nouvelle Section\">\n<div class=\"new-section \" >\n        <div class=\"ns-container\">\n                            <div class=\"ns-inner\">\n                    <div class=\"ns-content\">\n                        <div class=\"container\">\n                            <div class=\"row\">\n                                <div class=\"col-12\">\n                                    <div class=\"ns-title\">\n                                                                                    <h2 class=\"ns-title\">Depuis 1964<\/h2>\n                                                                            <\/div>\n                                <\/div>\n                                <div class=\"col-12\">\n                                    <div class=\"ns-txt\">\n                                                                                    <div class=\"wysiwyg \">\n\t<p>La Loi sur les ing\u00e9nieurs existe depuis 1964 et sa derni\u00e8re mise \u00e0 jour remonte \u00e0 2020.<\/p>\n<p>Elle traite principalement des sujets suivants :<\/p>\n<ul>\n<li data-gc-list-depth=\"1\" data-gc-list-style=\"bullet\">l&#8217;exercice de l&#8217;ing\u00e9nierie<\/li>\n<li data-gc-list-depth=\"1\" data-gc-list-style=\"bullet\">les activit\u00e9s r\u00e9serv\u00e9es aux ing\u00e9nieurs et ing\u00e9nieures et les ouvrages auxquelles elles se rapportent<\/li>\n<li data-gc-list-depth=\"1\" data-gc-list-style=\"bullet\">la d\u00e9livrance de certains permis temporaires<\/li>\n<li data-gc-list-depth=\"1\" data-gc-list-style=\"bullet\">l&#8217;usage du titre d&#8217;ing\u00e9nieur<\/li>\n<li data-gc-list-depth=\"1\" data-gc-list-style=\"bullet\">les limites de la port\u00e9e de la Loi en lien avec l\u2019exercice d\u2019autres professions<\/li>\n<li data-gc-list-depth=\"1\" data-gc-list-style=\"bullet\">les moyens mis \u00e0 la disposition de l&#8217;Ordre pour assurer le respect de la Loi<\/li>\n<\/ul>\n<p>Comme toutes les lois adopt\u00e9es dans le cadre du syst\u00e8me professionnel du Qu\u00e9bec, la Loi sur les ing\u00e9nieurs vise la protection du public.<\/p>\n<p>Les ing\u00e9nieurs et ing\u00e9nieures, de m\u00eame que les candidats et candidates \u00e0 la profession d&#8217;ing\u00e9nieur, doivent suivre une formation obligatoire sur la Loi sur les ing\u00e9nieurs. Elle est offerte sur la plateforme de formations en ligne de l&#8217;Ordre, <a href=\"https:\/\/www.oiq.qc.ca\/grand-public\/protection-du-public\/formation-continue-2\/maestro\/\" target=\"_blank\" rel=\"noopener noreferrer\" data-gc-link=\"https:\/\/maestro.oiq.qc.ca\/\">Maestro<\/a>.<\/p>\n\n<\/div>                                                                            <\/div>\n                                <\/div>\n                            <\/div>\n                        <\/div>\n                    <\/div>\n                                    <\/div>\n                    <\/div>\n    <\/div>\n\n<script>\n    $(window).load(function() {\n        let hash = window.location.hash;\n        if (hash) {\n            $('html,body').animate({ scrollTop: $(hash).offset().top - 60 }, 'slow');\n        }\n    });\n<\/script>\n<\/div>\n\n\n<div  class=\"block-wrapper \">\n<div class=\"message is-dark\">\n      <div class=\"message-wrapper container\">\n          <div class=\"row\">\n              <div class=\"col-12 mw-inner\">\n                  <div class=\"message-inner\">\n                      <div class=\"message-header\">\n                                                        <div class=\"message-icon\">\n                                  <span class=\"icon reset-font \"><svg width=\"100\" height=\"100\" viewBox=\"0 0 100 100\" fill=\"none\" xmlns=\"http:\/\/www.w3.org\/2000\/svg\"\n     class=\"circle-arrow-icon\">\n<circle cx=\"50\" cy=\"50\" r=\"37.5\" transform=\"rotate(90 50 50)\" stroke=\"#244296\" stroke-width=\"2\"\n        stroke-linecap=\"round\" stroke-linejoin=\"round\"  class=\"stroke\"\/>\n<path d=\"M66.668 50L50.0013 33.3333\" stroke=\"#244296\" stroke-width=\"2\" stroke-linecap=\"round\" stroke-linejoin=\"round\"  class=\"stroke\"\/>\n<path d=\"M66.668 50H33.3346\" stroke=\"#244296\" stroke-width=\"2\" stroke-linecap=\"round\" stroke-linejoin=\"round\"  class=\"stroke\"\/>\n<path d=\"M50.0013 66.6667L66.668 50\" stroke=\"#244296\" stroke-width=\"2\" stroke-linecap=\"round\" stroke-linejoin=\"round\"  class=\"stroke\"\/>\n<\/svg>\n                                  <\/span>\n                              <\/div>\n                                                    <div class=\"message-content\">\n                                                                <div class=\"message-title\">\n                                      <h2>Une Loi renouvel\u00e9e, une formation adapt\u00e9e<\/h2>\n                                  <\/div>\n                                                            <div class=\"message-txt\">\n                                  <div class=\"wysiwyg \">\n\t<p><strong>En tant qu\u2019ing\u00e9nieur et ing\u00e9nieure vous devez obligatoirement suivre la nouvelle formation de l\u2019Ordre sur Maestro, \u00ab\u2009La loi sur les ing\u00e9nieurs : d\u00e9coder la profession\u2009\u00bb.<\/strong><\/p>\n<p>Plusieurs modifications sont \u00e9t\u00e9 apport\u00e9es \u00e0 la Loi sur les ing\u00e9nieurs le 24 septembre\u20092020. Il s\u2019agit d\u2019une modernisation importante de la Loi et elle vous concerne vous aussi\u2009!<\/p>\n<p>Vous avez jusqu\u2019au 30 juin 2022 pour la suivre sans frais. Alors, pour conna\u00eetre vos obligations de formation et les conditions propres \u00e0 votre situation, consultez sans tarder notre publication \u00ab\u2009La nouvelle Loi sur les ing\u00e9nieurs expliqu\u00e9e aux membres\u2009\u00bb.<\/p>\n\n<\/div>                              <\/div>\n                              <div class=\"message-footer \">\n                                                                <div class=\"message-btns\">\n                                                                                                                        <a href=\"https:\/\/www.oiq.qc.ca\/publication\/la-nouvelle-loi-sur-les-ingenieurs-expliquee-aux-membres\/\" target=\"\" class=\"btn-arrow bordered is-white\">\n                                <span class=\"label\">Voir les d\u00e9tails de vos obligations<\/span>\n                        \n        <span class=\"icon reset-font\"><svg xmlns=\"http:\/\/www.w3.org\/2000\/svg\" width=\"10.582\" height=\"18.826\" viewBox=\"0 0 10.582 18.826\">\n\t<g id=\"Groupe_9\" data-name=\"Groupe 9\" transform=\"translate(-8.831 1.414)\">\n\t\t<g id=\"Groupe_8\" data-name=\"Groupe 8\">\n\t\t\t<path id=\"Line\" d=\"M0,0,7.755,8.235\" transform=\"translate(10.244)\" fill=\"currentColor\" stroke=\"currentColor\"\n\t\t\t      stroke-linecap=\"round\" stroke-miterlimit=\"10\" stroke-width=\"2\" class=\"fill\"\/>\n\t\t\t<path id=\"Line-2\" data-name=\"Line\" d=\"M0,8.235,7.755,0\" transform=\"translate(10.244 7.764)\"\n\t\t\t      fill=\"currentColor\" stroke=\"currentColor\" stroke-linecap=\"round\" stroke-miterlimit=\"10\" stroke-width=\"2\" class=\"fill\"\/>\n\t\t<\/g>\n\t<\/g>\n<\/svg>\n<\/span>\n    <\/a>\n                                                                                                            <\/div>\n                                                              <\/div>\n                          <\/div>\n                      <\/div>\n                  <\/div>\n              <\/div>\n          <\/div>\n        <\/div>\n<\/div>\n<\/div>\n\n\n<div  class=\"block-wrapper \">\n<div class=\"message\">\n      <div class=\"message-wrapper container\">\n          <div class=\"row\">\n              <div class=\"col-12 mw-inner\">\n                  <div class=\"message-inner\">\n                      <div class=\"message-header\">\n                                                        <div class=\"message-icon\">\n                                  <span class=\"icon reset-font \"><svg width=\"100\" height=\"100\" viewBox=\"0 0 100 100\" fill=\"none\" xmlns=\"http:\/\/www.w3.org\/2000\/svg\"\n     class=\"direction-icon\">\n<path d=\"M23 16.4091H75.9395L85.609 26.4091L75.9395 36.4091H23V16.4091Z\" stroke=\"#244296\" stroke-width=\"2\"  class=\"stroke\"\/>\n<path d=\"M51 12V16.7273\" stroke=\"#244296\" stroke-width=\"2\"  class=\"stroke\"\/>\n<path d=\"M51 36.7273V43.8182\" stroke=\"#244296\" stroke-width=\"2\"  class=\"stroke\"\/>\n<path d=\"M51 63.8182V88.6364\" stroke=\"#244296\" stroke-width=\"2\"  class=\"stroke\"\/>\n<path d=\"M78 43.4091H24.0833L15.329 53.4091L24.0833 63.4091H78V43.4091Z\" stroke=\"#244296\" stroke-width=\"2\"  class=\"stroke\"\/>\n<\/svg>\n                                  <\/span>\n                              <\/div>\n                                                    <div class=\"message-content\">\n                                                                <div class=\"message-title\">\n                                      <h2>La Loi sur les ing\u00e9nieurs renouvel\u00e9e et les villes<\/h2>\n                                  <\/div>\n                                                            <div class=\"message-txt\">\n                                  <div class=\"wysiwyg \">\n\t<p>Certaines des modifications apport\u00e9es \u00e0 la Loi sur les ing\u00e9nieurs le 24\u00a0septembre 2020 touchent directement les municipalit\u00e9s. Pour aider les villes dans leur prise de d\u00e9cisions, l\u2019Ordre a cr\u00e9\u00e9 des guides sur les principaux \u00e9l\u00e9ments touch\u00e9s par la loi, notamment les ponceaux, les b\u00e2timents, les cours d\u2019eau et les murs de sout\u00e8nement.<\/p>\n<p>Consultez notre publication sur les outils d\u2019aide \u00e0 la d\u00e9cision pour conna\u00eetre tous les d\u00e9tails et consulter les guides d\u2019aide \u00e0 la d\u00e9cision cr\u00e9\u00e9s par l\u2019Ordre.<\/p>\n<p>&nbsp;<\/p>\n\n<\/div>                              <\/div>\n                              <div class=\"message-footer \">\n                                                                <div class=\"message-btns\">\n                                                                                                                        <a href=\"https:\/\/www.oiq.qc.ca\/publication\/la-nouvelle-loi-sur-les-ingenieurs-expliquee-aux-villes\/\" target=\"\" class=\"btn-arrow bordered is-blue\">\n                                <span class=\"label\">Voir les outils d&#039;aide pour les villes<\/span>\n                        \n        <span class=\"icon reset-font\"><svg xmlns=\"http:\/\/www.w3.org\/2000\/svg\" width=\"10.582\" height=\"18.826\" viewBox=\"0 0 10.582 18.826\">\n\t<g id=\"Groupe_9\" data-name=\"Groupe 9\" transform=\"translate(-8.831 1.414)\">\n\t\t<g id=\"Groupe_8\" data-name=\"Groupe 8\">\n\t\t\t<path id=\"Line\" d=\"M0,0,7.755,8.235\" transform=\"translate(10.244)\" fill=\"currentColor\" stroke=\"currentColor\"\n\t\t\t      stroke-linecap=\"round\" stroke-miterlimit=\"10\" stroke-width=\"2\" class=\"fill\"\/>\n\t\t\t<path id=\"Line-2\" data-name=\"Line\" d=\"M0,8.235,7.755,0\" transform=\"translate(10.244 7.764)\"\n\t\t\t      fill=\"currentColor\" stroke=\"currentColor\" stroke-linecap=\"round\" stroke-miterlimit=\"10\" stroke-width=\"2\" class=\"fill\"\/>\n\t\t<\/g>\n\t<\/g>\n<\/svg>\n<\/span>\n    <\/a>\n                                                                                                            <\/div>\n                                                              <\/div>\n                          <\/div>\n                      <\/div>\n                  <\/div>\n              <\/div>\n          <\/div>\n        <\/div>\n<\/div>\n<\/div>\n","protected":false},"excerpt":{"rendered":"","protected":false},"author":8,"featured_media":0,"parent":16826,"menu_order":0,"comment_status":"closed","ping_status":"closed","template":"views\/template-builder.blade.php","meta":{"_acf_changed":false,"_relevanssi_hide_post":"","_relevanssi_hide_content":"","_relevanssi_pin_for_all":"","_relevanssi_pin_keywords":"","_relevanssi_unpin_keywords":"","_relevanssi_related_keywords":"","_relevanssi_related_include_ids":"","_relevanssi_related_exclude_ids":"","_relevanssi_related_no_append":"","_relevanssi_related_not_related":"","_relevanssi_related_posts":"1","_relevanssi_noindex_reason":"","inline_featured_image":false,"footnotes":""},"class_list":["post-16827","page","type-page","status-publish","hentry"],"acf":[],"yoast_head":"<!-- This site is optimized with the Yoast SEO plugin v26.6 - https:\/\/yoast.com\/wordpress\/plugins\/seo\/ -->\n<title>OIQ &#8211; Ordre des ing\u00e9nieurs du Qu\u00e9bec<\/title>\n<meta name=\"description\" content=\"L&#039;Ordre des ing\u00e9nieurs du Qu\u00e9bec vous explique la Loi sur les ing\u00e9nieurs. D\u00e9couvrez comment notre province encadre la profession d&#039;ing\u00e9nieur!\" \/>\n<meta name=\"robots\" content=\"index, follow, max-snippet:-1, max-image-preview:large, max-video-preview:-1\" \/>\n<link rel=\"canonical\" href=\"https:\/\/www.oiq.qc.ca\/en\/lordre\/politiques-lois-et-reglements\/lois-et-reglements-entourant-la-pratique-du-genie\/la-loi-sur-les-ingenieurs-du-quebec\/\" \/>\n<meta property=\"og:locale\" content=\"en_US\" \/>\n<meta property=\"og:type\" content=\"article\" \/>\n<meta property=\"og:title\" content=\"La Loi sur les ing\u00e9nieurs du Qu\u00e9bec - OIQ - Ordre des ing\u00e9nieurs du Qu\u00e9bec\" \/>\n<meta property=\"og:description\" content=\"L&#039;Ordre des ing\u00e9nieurs du Qu\u00e9bec vous explique la Loi sur les ing\u00e9nieurs. D\u00e9couvrez comment notre province encadre la profession d&#039;ing\u00e9nieur!\" \/>\n<meta property=\"og:url\" content=\"https:\/\/www.oiq.qc.ca\/en\/lordre\/politiques-lois-et-reglements\/lois-et-reglements-entourant-la-pratique-du-genie\/la-loi-sur-les-ingenieurs-du-quebec\/\" \/>\n<meta property=\"og:site_name\" content=\"OIQ - Ordre des ing\u00e9nieurs du Qu\u00e9bec\" \/>\n<meta property=\"article:modified_time\" content=\"2022-05-20T18:05:12+00:00\" \/>\n<meta property=\"og:image\" content=\"https:\/\/www.oiq.qc.ca\/wp-content\/uploads\/vignette-web.png\" \/>\n\t<meta property=\"og:image:width\" content=\"1200\" \/>\n\t<meta property=\"og:image:height\" content=\"675\" \/>\n\t<meta property=\"og:image:type\" content=\"image\/png\" \/>\n<meta name=\"twitter:card\" content=\"summary_large_image\" \/>\n<script type=\"application\/ld+json\" class=\"yoast-schema-graph\">{\"@context\":\"https:\/\/schema.org\",\"@graph\":[{\"@type\":\"WebPage\",\"@id\":\"https:\/\/www.oiq.qc.ca\/en\/lordre\/politiques-lois-et-reglements\/lois-et-reglements-entourant-la-pratique-du-genie\/la-loi-sur-les-ingenieurs-du-quebec\/\",\"url\":\"https:\/\/www.oiq.qc.ca\/en\/lordre\/politiques-lois-et-reglements\/lois-et-reglements-entourant-la-pratique-du-genie\/la-loi-sur-les-ingenieurs-du-quebec\/\",\"name\":\"La Loi sur les ing\u00e9nieurs du Qu\u00e9bec - OIQ - Ordre des ing\u00e9nieurs du Qu\u00e9bec\",\"isPartOf\":{\"@id\":\"https:\/\/www.oiq.qc.ca\/#website\"},\"datePublished\":\"2022-03-17T23:12:34+00:00\",\"dateModified\":\"2022-05-20T18:05:12+00:00\",\"description\":\"L'Ordre des ing\u00e9nieurs du Qu\u00e9bec vous explique la Loi sur les ing\u00e9nieurs. D\u00e9couvrez comment notre province encadre la profession d'ing\u00e9nieur!\",\"breadcrumb\":{\"@id\":\"https:\/\/www.oiq.qc.ca\/en\/lordre\/politiques-lois-et-reglements\/lois-et-reglements-entourant-la-pratique-du-genie\/la-loi-sur-les-ingenieurs-du-quebec\/#breadcrumb\"},\"inLanguage\":\"en-CA\",\"potentialAction\":[{\"@type\":\"ReadAction\",\"target\":[\"https:\/\/www.oiq.qc.ca\/en\/lordre\/politiques-lois-et-reglements\/lois-et-reglements-entourant-la-pratique-du-genie\/la-loi-sur-les-ingenieurs-du-quebec\/\"]}]},{\"@type\":\"BreadcrumbList\",\"@id\":\"https:\/\/www.oiq.qc.ca\/en\/lordre\/politiques-lois-et-reglements\/lois-et-reglements-entourant-la-pratique-du-genie\/la-loi-sur-les-ingenieurs-du-quebec\/#breadcrumb\",\"itemListElement\":[{\"@type\":\"ListItem\",\"position\":1,\"name\":\"Home\",\"item\":\"https:\/\/www.oiq.qc.ca\/en\/\"},{\"@type\":\"ListItem\",\"position\":2,\"name\":\"L&rsquo;Ordre\",\"item\":\"https:\/\/www.oiq.qc.ca\/en\/lordre\/\"},{\"@type\":\"ListItem\",\"position\":3,\"name\":\"Lois, r\u00e8glements et politiques\",\"item\":\"https:\/\/www.oiq.qc.ca\/en\/lordre\/politiques-lois-et-reglements\/\"},{\"@type\":\"ListItem\",\"position\":4,\"name\":\"Lois et r\u00e8glements entourant la pratique du g\u00e9nie\",\"item\":\"https:\/\/www.oiq.qc.ca\/en\/lordre\/politiques-lois-et-reglements\/lois-et-reglements-entourant-la-pratique-du-genie\/\"},{\"@type\":\"ListItem\",\"position\":5,\"name\":\"La Loi sur les ing\u00e9nieurs du Qu\u00e9bec\"}]},{\"@type\":\"WebSite\",\"@id\":\"https:\/\/www.oiq.qc.ca\/#website\",\"url\":\"https:\/\/www.oiq.qc.ca\/\",\"name\":\"OIQ - Ordre des ing\u00e9nieurs du Qu\u00e9bec\",\"description\":\"Ordre des ing\u00e9nieurs du Qu\u00e9bec\",\"publisher\":{\"@id\":\"https:\/\/www.oiq.qc.ca\/#organization\"},\"potentialAction\":[{\"@type\":\"SearchAction\",\"target\":{\"@type\":\"EntryPoint\",\"urlTemplate\":\"https:\/\/www.oiq.qc.ca\/?s={search_term_string}\"},\"query-input\":{\"@type\":\"PropertyValueSpecification\",\"valueRequired\":true,\"valueName\":\"search_term_string\"}}],\"inLanguage\":\"en-CA\"},{\"@type\":\"Organization\",\"@id\":\"https:\/\/www.oiq.qc.ca\/#organization\",\"name\":\"OIQ - Ordre des Ing\u00e9nieurs du Qu\u00e9bec\",\"url\":\"https:\/\/www.oiq.qc.ca\/\",\"logo\":{\"@type\":\"ImageObject\",\"inLanguage\":\"en-CA\",\"@id\":\"https:\/\/www.oiq.qc.ca\/#\/schema\/logo\/image\/\",\"url\":\"https:\/\/www.oiq.qc.ca\/wp-content\/uploads\/logo-oiq-696x696-yoast.png\",\"contentUrl\":\"https:\/\/www.oiq.qc.ca\/wp-content\/uploads\/logo-oiq-696x696-yoast.png\",\"width\":696,\"height\":696,\"caption\":\"OIQ - Ordre des Ing\u00e9nieurs du Qu\u00e9bec\"},\"image\":{\"@id\":\"https:\/\/www.oiq.qc.ca\/#\/schema\/logo\/image\/\"}}]}<\/script>\n<!-- \/ Yoast SEO plugin. -->","yoast_head_json":{"title":"OIQ &#8211; Ordre des ing\u00e9nieurs du Qu\u00e9bec","description":"L'Ordre des ing\u00e9nieurs du Qu\u00e9bec vous explique la Loi sur les ing\u00e9nieurs. D\u00e9couvrez comment notre province encadre la profession d'ing\u00e9nieur!","robots":{"index":"index","follow":"follow","max-snippet":"max-snippet:-1","max-image-preview":"max-image-preview:large","max-video-preview":"max-video-preview:-1"},"canonical":"https:\/\/www.oiq.qc.ca\/en\/lordre\/politiques-lois-et-reglements\/lois-et-reglements-entourant-la-pratique-du-genie\/la-loi-sur-les-ingenieurs-du-quebec\/","og_locale":"en_US","og_type":"article","og_title":"La Loi sur les ing\u00e9nieurs du Qu\u00e9bec - OIQ - Ordre des ing\u00e9nieurs du Qu\u00e9bec","og_description":"L'Ordre des ing\u00e9nieurs du Qu\u00e9bec vous explique la Loi sur les ing\u00e9nieurs. D\u00e9couvrez comment notre province encadre la profession d'ing\u00e9nieur!","og_url":"https:\/\/www.oiq.qc.ca\/en\/lordre\/politiques-lois-et-reglements\/lois-et-reglements-entourant-la-pratique-du-genie\/la-loi-sur-les-ingenieurs-du-quebec\/","og_site_name":"OIQ - Ordre des ing\u00e9nieurs du Qu\u00e9bec","article_modified_time":"2022-05-20T18:05:12+00:00","og_image":[{"width":1200,"height":675,"url":"https:\/\/www.oiq.qc.ca\/wp-content\/uploads\/vignette-web.png","type":"image\/png"}],"twitter_card":"summary_large_image","schema":{"@context":"https:\/\/schema.org","@graph":[{"@type":"WebPage","@id":"https:\/\/www.oiq.qc.ca\/en\/lordre\/politiques-lois-et-reglements\/lois-et-reglements-entourant-la-pratique-du-genie\/la-loi-sur-les-ingenieurs-du-quebec\/","url":"https:\/\/www.oiq.qc.ca\/en\/lordre\/politiques-lois-et-reglements\/lois-et-reglements-entourant-la-pratique-du-genie\/la-loi-sur-les-ingenieurs-du-quebec\/","name":"La Loi sur les ing\u00e9nieurs du Qu\u00e9bec - OIQ - Ordre des ing\u00e9nieurs du Qu\u00e9bec","isPartOf":{"@id":"https:\/\/www.oiq.qc.ca\/#website"},"datePublished":"2022-03-17T23:12:34+00:00","dateModified":"2022-05-20T18:05:12+00:00","description":"L'Ordre des ing\u00e9nieurs du Qu\u00e9bec vous explique la Loi sur les ing\u00e9nieurs. D\u00e9couvrez comment notre province encadre la profession d'ing\u00e9nieur!","breadcrumb":{"@id":"https:\/\/www.oiq.qc.ca\/en\/lordre\/politiques-lois-et-reglements\/lois-et-reglements-entourant-la-pratique-du-genie\/la-loi-sur-les-ingenieurs-du-quebec\/#breadcrumb"},"inLanguage":"en-CA","potentialAction":[{"@type":"ReadAction","target":["https:\/\/www.oiq.qc.ca\/en\/lordre\/politiques-lois-et-reglements\/lois-et-reglements-entourant-la-pratique-du-genie\/la-loi-sur-les-ingenieurs-du-quebec\/"]}]},{"@type":"BreadcrumbList","@id":"https:\/\/www.oiq.qc.ca\/en\/lordre\/politiques-lois-et-reglements\/lois-et-reglements-entourant-la-pratique-du-genie\/la-loi-sur-les-ingenieurs-du-quebec\/#breadcrumb","itemListElement":[{"@type":"ListItem","position":1,"name":"Home","item":"https:\/\/www.oiq.qc.ca\/en\/"},{"@type":"ListItem","position":2,"name":"L&rsquo;Ordre","item":"https:\/\/www.oiq.qc.ca\/en\/lordre\/"},{"@type":"ListItem","position":3,"name":"Lois, r\u00e8glements et politiques","item":"https:\/\/www.oiq.qc.ca\/en\/lordre\/politiques-lois-et-reglements\/"},{"@type":"ListItem","position":4,"name":"Lois et r\u00e8glements entourant la pratique du g\u00e9nie","item":"https:\/\/www.oiq.qc.ca\/en\/lordre\/politiques-lois-et-reglements\/lois-et-reglements-entourant-la-pratique-du-genie\/"},{"@type":"ListItem","position":5,"name":"La Loi sur les ing\u00e9nieurs du Qu\u00e9bec"}]},{"@type":"WebSite","@id":"https:\/\/www.oiq.qc.ca\/#website","url":"https:\/\/www.oiq.qc.ca\/","name":"OIQ - Ordre des ing\u00e9nieurs du Qu\u00e9bec","description":"Ordre des ing\u00e9nieurs du Qu\u00e9bec","publisher":{"@id":"https:\/\/www.oiq.qc.ca\/#organization"},"potentialAction":[{"@type":"SearchAction","target":{"@type":"EntryPoint","urlTemplate":"https:\/\/www.oiq.qc.ca\/?s={search_term_string}"},"query-input":{"@type":"PropertyValueSpecification","valueRequired":true,"valueName":"search_term_string"}}],"inLanguage":"en-CA"},{"@type":"Organization","@id":"https:\/\/www.oiq.qc.ca\/#organization","name":"OIQ - Ordre des Ing\u00e9nieurs du Qu\u00e9bec","url":"https:\/\/www.oiq.qc.ca\/","logo":{"@type":"ImageObject","inLanguage":"en-CA","@id":"https:\/\/www.oiq.qc.ca\/#\/schema\/logo\/image\/","url":"https:\/\/www.oiq.qc.ca\/wp-content\/uploads\/logo-oiq-696x696-yoast.png","contentUrl":"https:\/\/www.oiq.qc.ca\/wp-content\/uploads\/logo-oiq-696x696-yoast.png","width":696,"height":696,"caption":"OIQ - Ordre des Ing\u00e9nieurs du Qu\u00e9bec"},"image":{"@id":"https:\/\/www.oiq.qc.ca\/#\/schema\/logo\/image\/"}}]}},"_links":{"self":[{"href":"https:\/\/www.oiq.qc.ca\/en\/wp-json\/wp\/v2\/pages\/16827","targetHints":{"allow":["GET"]}}],"collection":[{"href":"https:\/\/www.oiq.qc.ca\/en\/wp-json\/wp\/v2\/pages"}],"about":[{"href":"https:\/\/www.oiq.qc.ca\/en\/wp-json\/wp\/v2\/types\/page"}],"author":[{"embeddable":true,"href":"https:\/\/www.oiq.qc.ca\/en\/wp-json\/wp\/v2\/users\/8"}],"replies":[{"embeddable":true,"href":"https:\/\/www.oiq.qc.ca\/en\/wp-json\/wp\/v2\/comments?post=16827"}],"version-history":[{"count":0,"href":"https:\/\/www.oiq.qc.ca\/en\/wp-json\/wp\/v2\/pages\/16827\/revisions"}],"up":[{"embeddable":true,"href":"https:\/\/www.oiq.qc.ca\/en\/wp-json\/wp\/v2\/pages\/16826"}],"wp:attachment":[{"href":"https:\/\/www.oiq.qc.ca\/en\/wp-json\/wp\/v2\/media?parent=16827"}],"curies":[{"name":"wp","href":"https:\/\/api.w.org\/{rel}","templated":true}]}}