{"id":16764,"date":"2022-03-14T13:20:54","date_gmt":"2022-03-14T13:20:54","guid":{"rendered":"https:\/\/www.oiq.qc.ca\/membres\/trouver-un-emploi-en-genie\/"},"modified":"2025-09-19T13:42:19","modified_gmt":"2025-09-19T17:42:19","slug":"trouver-un-emploi-en-genie","status":"publish","type":"page","link":"https:\/\/www.oiq.qc.ca\/en\/membres\/trouver-un-emploi-en-genie\/","title":{"rendered":"Trouver un emploi en g\u00e9nie"},"content":{"rendered":"<div  class=\"block-wrapper \">\n<div class=\"message is-dark\">\n      <div class=\"message-wrapper container\">\n          <div class=\"row\">\n              <div class=\"col-12 mw-inner\">\n                  <div class=\"message-inner\">\n                      <div class=\"message-header\">\n                                                    <div class=\"message-content\">\n                                                                <div class=\"message-title\">\n                                      <h2>Vous \u00eates une entreprise qui recrute? <\/h2>\n                                  <\/div>\n                                                            <div class=\"message-txt\">\n                                  <div class=\"wysiwyg \">\n\t<p>L&#8217;Ordre peut vous aider \u00e0 afficher vos postes \u00e0 pourvoir et \u00e0 trouver des ing\u00e9nieurs et des ing\u00e9nieures. Consultez notre page Recruter en g\u00e9nie.<\/p>\n\n<\/div>                              <\/div>\n                              <div class=\"message-footer no-icon \">\n                                                                <div class=\"message-btns\">\n                                                                                                                        <a href=\"https:\/\/www.oiq.qc.ca\/employeurs\/recruter-un-ingenieur\/\" target=\"\" class=\"btn-arrow bordered is-white\">\n                                <span class=\"label\">Afficher un poste<\/span>\n                        \n        <span class=\"icon reset-font\"><svg xmlns=\"http:\/\/www.w3.org\/2000\/svg\" width=\"10.582\" height=\"18.826\" viewBox=\"0 0 10.582 18.826\">\n\t<g id=\"Groupe_9\" data-name=\"Groupe 9\" transform=\"translate(-8.831 1.414)\">\n\t\t<g id=\"Groupe_8\" data-name=\"Groupe 8\">\n\t\t\t<path id=\"Line\" d=\"M0,0,7.755,8.235\" transform=\"translate(10.244)\" fill=\"currentColor\" stroke=\"currentColor\"\n\t\t\t      stroke-linecap=\"round\" stroke-miterlimit=\"10\" stroke-width=\"2\" class=\"fill\"\/>\n\t\t\t<path id=\"Line-2\" data-name=\"Line\" d=\"M0,8.235,7.755,0\" transform=\"translate(10.244 7.764)\"\n\t\t\t      fill=\"currentColor\" stroke=\"currentColor\" stroke-linecap=\"round\" stroke-miterlimit=\"10\" stroke-width=\"2\" class=\"fill\"\/>\n\t\t<\/g>\n\t<\/g>\n<\/svg>\n<\/span>\n    <\/a>\n                                                                                                            <\/div>\n                                                              <\/div>\n                          <\/div>\n                      <\/div>\n                  <\/div>\n              <\/div>\n          <\/div>\n        <\/div>\n<\/div>\n<\/div>\n\n\n<div  class=\"block-wrapper \">\n<div class=\"leaderBoard\">\n\t<div id=\"sas_98291\"><\/div>\r\n<script type=\"application\/javascript\">\r\n    sas.cmd.push(function() {\r\n        sas.call(\"std\", {\r\n            siteId: 497099, \/\/ \r\n            pageId: 1556086, \/\/ Page : OIQ\/membres_emploi\r\n            formatId: 98291, \/\/ Format : 320 x 50 - 1 320x50\r\n            target: '' \/\/ Ciblage\r\n        });\r\n    });\r\n<\/script>\r\n<noscript>\r\n    <a href=\"https:\/\/www4.smartadserver.com\/ac?jump=1&#038;nwid=480&#038;siteid=497099&#038;pgname=membres_emploi&#038;fmtid=98291&#038;visit=m&#038;tmstp=[timestamp]&#038;out=nonrich\" target=\"_blank\">\r\n        <img decoding=\"async\" src=\"https:\/\/www4.smartadserver.com\/ac?out=nonrich&#038;nwid=480&#038;siteid=497099&#038;pgname=membres_emploi&#038;fmtid=98291&#038;visit=m&#038;tmstp=[timestamp]\" border=\"0\" alt=\"\" \/>\r\n    <\/a>\r\n<\/noscript>\r\n\r\n<div id=\"sas_13386\"><\/div>\r\n<script type=\"application\/javascript\">\r\n    sas.cmd.push(function() {\r\n        sas.call(\"std\", {\r\n            siteId: 497099, \/\/ \r\n            pageId: 1556086, \/\/ Page : OIQ\/membres_emploi\r\n            formatId: 13386, \/\/ Format : 728 x 90 - 1 728x90\r\n            target: '' \/\/ Ciblage\r\n        });\r\n    });\r\n<\/script>\r\n<noscript>\r\n    <a href=\"https:\/\/www4.smartadserver.com\/ac?jump=1&#038;nwid=480&#038;siteid=497099&#038;pgname=membres_emploi&#038;fmtid=13386&#038;visit=m&#038;tmstp=[timestamp]&#038;out=nonrich\" target=\"_blank\">\r\n        <img decoding=\"async\" src=\"https:\/\/www4.smartadserver.com\/ac?out=nonrich&#038;nwid=480&#038;siteid=497099&#038;pgname=membres_emploi&#038;fmtid=13386&#038;visit=m&#038;tmstp=[timestamp]\" border=\"0\" alt=\"\" \/>\r\n    <\/a>\r\n<\/noscript>\n<\/div>\n<\/div>\n","protected":false},"excerpt":{"rendered":"","protected":false},"author":1,"featured_media":0,"parent":16213,"menu_order":0,"comment_status":"closed","ping_status":"closed","template":"views\/template-builder.blade.php","meta":{"_acf_changed":false,"_relevanssi_hide_post":"","_relevanssi_hide_content":"","_relevanssi_pin_for_all":"","_relevanssi_pin_keywords":"","_relevanssi_unpin_keywords":"","_relevanssi_related_keywords":"","_relevanssi_related_include_ids":"","_relevanssi_related_exclude_ids":"","_relevanssi_related_no_append":"","_relevanssi_related_not_related":"","_relevanssi_related_posts":"1","_relevanssi_noindex_reason":"","inline_featured_image":false,"footnotes":""},"class_list":["post-16764","page","type-page","status-publish","hentry"],"acf":[],"yoast_head":"<!-- This site is optimized with the Yoast SEO plugin v26.6 - https:\/\/yoast.com\/wordpress\/plugins\/seo\/ -->\n<title>OIQ &#8211; Ordre des ing\u00e9nieurs du Qu\u00e9bec<\/title>\n<meta name=\"description\" content=\"Parcourez les offres d&#039;emploi affich\u00e9s sur le site de l&#039;Ordre des ing\u00e9nieurs du Qu\u00e9bec et d\u00e9couvrez des dizaines d&#039;emploi en g\u00e9nie partout au Qu\u00e9bec.\" \/>\n<meta name=\"robots\" content=\"index, follow, max-snippet:-1, max-image-preview:large, max-video-preview:-1\" \/>\n<link rel=\"canonical\" href=\"https:\/\/www.oiq.qc.ca\/en\/membres\/trouver-un-emploi-en-genie\/\" \/>\n<meta property=\"og:locale\" content=\"en_US\" \/>\n<meta property=\"og:type\" content=\"article\" \/>\n<meta property=\"og:title\" content=\"Trouver un emploi en g\u00e9nie - OIQ - Ordre des ing\u00e9nieurs du Qu\u00e9bec\" \/>\n<meta property=\"og:description\" content=\"Parcourez les offres d&#039;emploi affich\u00e9s sur le site de l&#039;Ordre des ing\u00e9nieurs du Qu\u00e9bec et d\u00e9couvrez des dizaines d&#039;emploi en g\u00e9nie partout au Qu\u00e9bec.\" \/>\n<meta property=\"og:url\" content=\"https:\/\/www.oiq.qc.ca\/en\/membres\/trouver-un-emploi-en-genie\/\" \/>\n<meta property=\"og:site_name\" content=\"OIQ - Ordre des ing\u00e9nieurs du Qu\u00e9bec\" \/>\n<meta property=\"article:modified_time\" content=\"2025-09-19T17:42:19+00:00\" \/>\n<meta property=\"og:image\" content=\"https:\/\/www.oiq.qc.ca\/wp-content\/uploads\/vignette-web.png\" \/>\n\t<meta property=\"og:image:width\" content=\"1200\" \/>\n\t<meta property=\"og:image:height\" content=\"675\" \/>\n\t<meta property=\"og:image:type\" content=\"image\/png\" \/>\n<meta name=\"twitter:card\" content=\"summary_large_image\" \/>\n<meta name=\"twitter:label1\" content=\"Est. reading time\" \/>\n\t<meta name=\"twitter:data1\" content=\"2 minutes\" \/>\n<script type=\"application\/ld+json\" class=\"yoast-schema-graph\">{\"@context\":\"https:\/\/schema.org\",\"@graph\":[{\"@type\":\"WebPage\",\"@id\":\"https:\/\/www.oiq.qc.ca\/en\/membres\/trouver-un-emploi-en-genie\/\",\"url\":\"https:\/\/www.oiq.qc.ca\/en\/membres\/trouver-un-emploi-en-genie\/\",\"name\":\"Trouver un emploi en g\u00e9nie - OIQ - Ordre des ing\u00e9nieurs du Qu\u00e9bec\",\"isPartOf\":{\"@id\":\"https:\/\/www.oiq.qc.ca\/#website\"},\"datePublished\":\"2022-03-14T13:20:54+00:00\",\"dateModified\":\"2025-09-19T17:42:19+00:00\",\"description\":\"Parcourez les offres d'emploi affich\u00e9s sur le site de l'Ordre des ing\u00e9nieurs du Qu\u00e9bec et d\u00e9couvrez des dizaines d'emploi en g\u00e9nie partout au Qu\u00e9bec.\",\"breadcrumb\":{\"@id\":\"https:\/\/www.oiq.qc.ca\/en\/membres\/trouver-un-emploi-en-genie\/#breadcrumb\"},\"inLanguage\":\"en-CA\",\"potentialAction\":[{\"@type\":\"ReadAction\",\"target\":[\"https:\/\/www.oiq.qc.ca\/en\/membres\/trouver-un-emploi-en-genie\/\"]}]},{\"@type\":\"BreadcrumbList\",\"@id\":\"https:\/\/www.oiq.qc.ca\/en\/membres\/trouver-un-emploi-en-genie\/#breadcrumb\",\"itemListElement\":[{\"@type\":\"ListItem\",\"position\":1,\"name\":\"Home\",\"item\":\"https:\/\/www.oiq.qc.ca\/en\/\"},{\"@type\":\"ListItem\",\"position\":2,\"name\":\"Membres\",\"item\":\"https:\/\/www.oiq.qc.ca\/en\/membres\/\"},{\"@type\":\"ListItem\",\"position\":3,\"name\":\"Trouver un emploi en g\u00e9nie\"}]},{\"@type\":\"WebSite\",\"@id\":\"https:\/\/www.oiq.qc.ca\/#website\",\"url\":\"https:\/\/www.oiq.qc.ca\/\",\"name\":\"OIQ - Ordre des ing\u00e9nieurs du Qu\u00e9bec\",\"description\":\"Ordre des ing\u00e9nieurs du Qu\u00e9bec\",\"publisher\":{\"@id\":\"https:\/\/www.oiq.qc.ca\/#organization\"},\"potentialAction\":[{\"@type\":\"SearchAction\",\"target\":{\"@type\":\"EntryPoint\",\"urlTemplate\":\"https:\/\/www.oiq.qc.ca\/?s={search_term_string}\"},\"query-input\":{\"@type\":\"PropertyValueSpecification\",\"valueRequired\":true,\"valueName\":\"search_term_string\"}}],\"inLanguage\":\"en-CA\"},{\"@type\":\"Organization\",\"@id\":\"https:\/\/www.oiq.qc.ca\/#organization\",\"name\":\"OIQ - Ordre des Ing\u00e9nieurs du Qu\u00e9bec\",\"url\":\"https:\/\/www.oiq.qc.ca\/\",\"logo\":{\"@type\":\"ImageObject\",\"inLanguage\":\"en-CA\",\"@id\":\"https:\/\/www.oiq.qc.ca\/#\/schema\/logo\/image\/\",\"url\":\"https:\/\/www.oiq.qc.ca\/wp-content\/uploads\/logo-oiq-696x696-yoast.png\",\"contentUrl\":\"https:\/\/www.oiq.qc.ca\/wp-content\/uploads\/logo-oiq-696x696-yoast.png\",\"width\":696,\"height\":696,\"caption\":\"OIQ - Ordre des Ing\u00e9nieurs du Qu\u00e9bec\"},\"image\":{\"@id\":\"https:\/\/www.oiq.qc.ca\/#\/schema\/logo\/image\/\"}}]}<\/script>\n<!-- \/ Yoast SEO plugin. -->","yoast_head_json":{"title":"OIQ &#8211; Ordre des ing\u00e9nieurs du Qu\u00e9bec","description":"Parcourez les offres d'emploi affich\u00e9s sur le site de l'Ordre des ing\u00e9nieurs du Qu\u00e9bec et d\u00e9couvrez des dizaines d'emploi en g\u00e9nie partout au Qu\u00e9bec.","robots":{"index":"index","follow":"follow","max-snippet":"max-snippet:-1","max-image-preview":"max-image-preview:large","max-video-preview":"max-video-preview:-1"},"canonical":"https:\/\/www.oiq.qc.ca\/en\/membres\/trouver-un-emploi-en-genie\/","og_locale":"en_US","og_type":"article","og_title":"Trouver un emploi en g\u00e9nie - OIQ - Ordre des ing\u00e9nieurs du Qu\u00e9bec","og_description":"Parcourez les offres d'emploi affich\u00e9s sur le site de l'Ordre des ing\u00e9nieurs du Qu\u00e9bec et d\u00e9couvrez des dizaines d'emploi en g\u00e9nie partout au Qu\u00e9bec.","og_url":"https:\/\/www.oiq.qc.ca\/en\/membres\/trouver-un-emploi-en-genie\/","og_site_name":"OIQ - Ordre des ing\u00e9nieurs du Qu\u00e9bec","article_modified_time":"2025-09-19T17:42:19+00:00","og_image":[{"width":1200,"height":675,"url":"https:\/\/www.oiq.qc.ca\/wp-content\/uploads\/vignette-web.png","type":"image\/png"}],"twitter_card":"summary_large_image","twitter_misc":{"Est. reading time":"2 minutes"},"schema":{"@context":"https:\/\/schema.org","@graph":[{"@type":"WebPage","@id":"https:\/\/www.oiq.qc.ca\/en\/membres\/trouver-un-emploi-en-genie\/","url":"https:\/\/www.oiq.qc.ca\/en\/membres\/trouver-un-emploi-en-genie\/","name":"Trouver un emploi en g\u00e9nie - OIQ - Ordre des ing\u00e9nieurs du Qu\u00e9bec","isPartOf":{"@id":"https:\/\/www.oiq.qc.ca\/#website"},"datePublished":"2022-03-14T13:20:54+00:00","dateModified":"2025-09-19T17:42:19+00:00","description":"Parcourez les offres d'emploi affich\u00e9s sur le site de l'Ordre des ing\u00e9nieurs du Qu\u00e9bec et d\u00e9couvrez des dizaines d'emploi en g\u00e9nie partout au Qu\u00e9bec.","breadcrumb":{"@id":"https:\/\/www.oiq.qc.ca\/en\/membres\/trouver-un-emploi-en-genie\/#breadcrumb"},"inLanguage":"en-CA","potentialAction":[{"@type":"ReadAction","target":["https:\/\/www.oiq.qc.ca\/en\/membres\/trouver-un-emploi-en-genie\/"]}]},{"@type":"BreadcrumbList","@id":"https:\/\/www.oiq.qc.ca\/en\/membres\/trouver-un-emploi-en-genie\/#breadcrumb","itemListElement":[{"@type":"ListItem","position":1,"name":"Home","item":"https:\/\/www.oiq.qc.ca\/en\/"},{"@type":"ListItem","position":2,"name":"Membres","item":"https:\/\/www.oiq.qc.ca\/en\/membres\/"},{"@type":"ListItem","position":3,"name":"Trouver un emploi en g\u00e9nie"}]},{"@type":"WebSite","@id":"https:\/\/www.oiq.qc.ca\/#website","url":"https:\/\/www.oiq.qc.ca\/","name":"OIQ - Ordre des ing\u00e9nieurs du Qu\u00e9bec","description":"Ordre des ing\u00e9nieurs du Qu\u00e9bec","publisher":{"@id":"https:\/\/www.oiq.qc.ca\/#organization"},"potentialAction":[{"@type":"SearchAction","target":{"@type":"EntryPoint","urlTemplate":"https:\/\/www.oiq.qc.ca\/?s={search_term_string}"},"query-input":{"@type":"PropertyValueSpecification","valueRequired":true,"valueName":"search_term_string"}}],"inLanguage":"en-CA"},{"@type":"Organization","@id":"https:\/\/www.oiq.qc.ca\/#organization","name":"OIQ - Ordre des Ing\u00e9nieurs du Qu\u00e9bec","url":"https:\/\/www.oiq.qc.ca\/","logo":{"@type":"ImageObject","inLanguage":"en-CA","@id":"https:\/\/www.oiq.qc.ca\/#\/schema\/logo\/image\/","url":"https:\/\/www.oiq.qc.ca\/wp-content\/uploads\/logo-oiq-696x696-yoast.png","contentUrl":"https:\/\/www.oiq.qc.ca\/wp-content\/uploads\/logo-oiq-696x696-yoast.png","width":696,"height":696,"caption":"OIQ - Ordre des Ing\u00e9nieurs du Qu\u00e9bec"},"image":{"@id":"https:\/\/www.oiq.qc.ca\/#\/schema\/logo\/image\/"}}]}},"_links":{"self":[{"href":"https:\/\/www.oiq.qc.ca\/en\/wp-json\/wp\/v2\/pages\/16764","targetHints":{"allow":["GET"]}}],"collection":[{"href":"https:\/\/www.oiq.qc.ca\/en\/wp-json\/wp\/v2\/pages"}],"about":[{"href":"https:\/\/www.oiq.qc.ca\/en\/wp-json\/wp\/v2\/types\/page"}],"author":[{"embeddable":true,"href":"https:\/\/www.oiq.qc.ca\/en\/wp-json\/wp\/v2\/users\/1"}],"replies":[{"embeddable":true,"href":"https:\/\/www.oiq.qc.ca\/en\/wp-json\/wp\/v2\/comments?post=16764"}],"version-history":[{"count":0,"href":"https:\/\/www.oiq.qc.ca\/en\/wp-json\/wp\/v2\/pages\/16764\/revisions"}],"up":[{"embeddable":true,"href":"https:\/\/www.oiq.qc.ca\/en\/wp-json\/wp\/v2\/pages\/16213"}],"wp:attachment":[{"href":"https:\/\/www.oiq.qc.ca\/en\/wp-json\/wp\/v2\/media?parent=16764"}],"curies":[{"name":"wp","href":"https:\/\/api.w.org\/{rel}","templated":true}]}}