{"id":16763,"date":"2022-03-17T23:11:31","date_gmt":"2022-03-17T23:11:31","guid":{"rendered":"https:\/\/www.oiq.qc.ca\/membres\/prix-et-distinctions\/"},"modified":"2025-09-23T11:40:22","modified_gmt":"2025-09-23T15:40:22","slug":"prix-et-distinctions-3","status":"publish","type":"page","link":"https:\/\/www.oiq.qc.ca\/en\/membres\/prix-et-distinctions-3\/","title":{"rendered":"Prix et distinctions"},"content":{"rendered":"<div  class=\"block-wrapper \" data-block-name=\"Nouvelle Section\">\n<div class=\"new-section \" >\n        <div class=\"ns-container\">\n                            <div class=\"ns-inner\">\n                    <div class=\"ns-content\">\n                        <div class=\"container\">\n                            <div class=\"row\">\n                                <div class=\"col-12\">\n                                    <div class=\"ns-title\">\n                                                                                    <h2 class=\"ns-title\">List of awards<\/h2>\n                                                                            <\/div>\n                                <\/div>\n                                <div class=\"col-12\">\n                                    <div class=\"ns-txt\">\n                                                                                    <div class=\"wysiwyg \">\n\t<p><strong>Grand prix d\u2019excellence professionnelle<\/strong><\/p>\n<p>Cette haute distinction vise \u00e0 souligner la carri\u00e8re exceptionnelle d\u2019un ing\u00e9nieur ou d\u2019une ing\u00e9nieure sur la base des valeurs de la profession et le propose en mod\u00e8le \u00e0 l\u2019ensemble des membres de l\u2019Ordre, en prenant en consid\u00e9ration \u00e0 la fois ses r\u00e9alisations et son attitude professionnelle.<\/p>\n<p><a href=\"https:\/\/www.oiq.qc.ca\/wp-content\/uploads\/2026_formulaire_grand_prix_excellence.pdf\">Form<\/a><\/p>\n<p><strong>Prix de la pr\u00e9sidence pour implication exceptionnelle \u00e0 l\u2019Ordre<br \/>\n<\/strong><br \/>\nCe prix souligne l\u2019implication d\u2019un ing\u00e9nieur ou d\u2019une ing\u00e9nieure au sein de l\u2019Ordre, et leur contribution au progr\u00e8s et \u00e0 la mise en valeur de l\u2019organisation. Leurs r\u00e9alisations doivent \u00eatre en lien direct avec un programme, un comit\u00e9, un groupe de travail, une activit\u00e9 ou un objectif sp\u00e9cifique de l\u2019Ordre.<\/p>\n<p><a href=\"https:\/\/www.oiq.qc.ca\/wp-content\/uploads\/2026_formulaire_prix_presidence_implication.pdf\">Form<\/a><\/p>\n<p><strong>Honoris Genius \u2014 Innovation technologique<\/strong><\/p>\n<p>Ce prix \u00e9t\u00e9 cr\u00e9\u00e9 afin d\u2019encourager et de valoriser l\u2019innovation dans le domaine du g\u00e9nie au Qu\u00e9bec. Cette distinction prend en compte tant les r\u00e9sultats obtenus que les efforts consentis pour y parvenir. L\u2019innovation pr\u00e9sent\u00e9e doit avoir un impact positif sur la soci\u00e9t\u00e9 et contribuer \u00e0 am\u00e9liorer la qualit\u00e9 de vie des \u00eatres humains.<\/p>\n<p>Form<\/p>\n<p><strong>Honoris Genius \u2014 Recherche et enseignement du g\u00e9nie<\/strong><\/p>\n<p>Ce prix souligne l\u2019engagement d\u2019un ing\u00e9nieur ou d\u2019une ing\u00e9nieure qui assure \u00e0 la profession une rel\u00e8ve de qualit\u00e9. Son engagement permet ainsi \u00e0 la profession de progresser dans des domaines novateurs. Le candidat ou la candidate doit enseigner le g\u00e9nie au sein d\u2019une universit\u00e9 (recherche ou projet).<\/p>\n<p><a href=\"https:\/\/www.oiq.qc.ca\/wp-content\/uploads\/2026_formulaire_honoris_genius_recherche_enseignement.pdf\">Form<\/a><\/p>\n<p><strong>Honoris Genius \u2014 Entrepreneuriat<\/strong><\/p>\n<p>Ce prix souligne le m\u00e9rite d\u2019un ou d\u2019une membre pour son esprit d\u2019entreprise exemplaire. Le candidat ou la candidate doit d\u00e9montrer son souci pour l\u2019avancement de la profession et son engagement dans la communaut\u00e9.<\/p>\n<p><a href=\"https:\/\/www.oiq.qc.ca\/wp-content\/uploads\/2026_formulaire_honoris_genius_entrepreneuriat.pdf\">Form<\/a><\/p>\n<p><strong>Honoris Genius \u2014 Engagement social<\/strong><\/p>\n<p>Ce prix reconna\u00eet le m\u00e9rite d\u2019un ing\u00e9nieur ou d\u2019une ing\u00e9nieure pour son implication sociale, pour sa contribution au bien-\u00eatre de la collectivit\u00e9 et pour son engagement envers la communaut\u00e9.<\/p>\n<p><a href=\"https:\/\/www.oiq.qc.ca\/wp-content\/uploads\/2026_formulaire_honoris_genius_engagement_social.pdf\">Form<\/a><\/p>\n<p><strong>Honoris Genius \u2014 Progression des femmes dans la profession<\/strong><\/p>\n<p>Ce prix reconna\u00eet l\u2019id\u00e9al de l\u2019excellence et la contribution remarquable \u00e0 la progression des femmes dans le monde du g\u00e9nie.<\/p>\n<p><a href=\"https:\/\/www.oiq.qc.ca\/wp-content\/uploads\/2026_formulaire_honoris_genius_progression_femmes_profession.pdf\">Form<\/a><\/p>\n<p><strong>Honoris Genius \u2014 D\u00e9veloppement durable<\/strong><\/p>\n<p>Ce prix reconna\u00eet l\u2019excellence d\u2019un projet d\u2019ing\u00e9nierie r\u00e9alis\u00e9 par un, une ou des ing\u00e9nieurs contribuant \u00e0 r\u00e9duire l\u2019empreinte humaine sur l\u2019environnement ou encore \u00e0 augmenter la r\u00e9silience de l\u2019activit\u00e9 humaine face aux changements climatiques.<\/p>\n<p><a href=\"https:\/\/www.oiq.qc.ca\/wp-content\/uploads\/2026_formulaire_honoris_genius_projet_developpement_durable.pdf\">Form<\/a><\/p>\n<p><strong>Honoris Genius \u2014 Mentorat<\/strong><\/p>\n<p>Ce prix est remis \u00e0 un ou une membre d\u00e9montrant son souci du partage de ses connaissances et son engagement \u00e0 aider la rel\u00e8ve en g\u00e9nie.<\/p>\n<p><a href=\"https:\/\/www.oiq.qc.ca\/wp-content\/uploads\/2026_formulaire_honoris_genius_mentorat.pdf\">Form<\/a><\/p>\n<p><strong>Honoris Genius \u2014 Projet d\u2019ing\u00e9nierie<\/strong><\/p>\n<p>Ce prix reconna\u00eet un projet con\u00e7u, \u00e9labor\u00e9 et ex\u00e9cut\u00e9 au Qu\u00e9bec ou au Canada par un ou des membres de l\u2019Ordre.<\/p>\n<p><a href=\"https:\/\/www.oiq.qc.ca\/wp-content\/uploads\/2026_formulaire_honoris_genius_projet_ingenierie.pdf\">Form<\/a><\/p>\n<p><strong>Honoris Genius \u2014 Rel\u00e8ve en recherche et enseignement du g\u00e9nie<\/strong><\/p>\n<p>Ce prix souligne la d\u00e9termination, le dynamisme et la contribution d\u2019un ing\u00e9nieur ou d\u2019une ing\u00e9nieure de la rel\u00e8ve qui s\u2019est illustr\u00e9e par ses r\u00e9alisations ou qui a su relever des d\u00e9fis dans les domaines professionnels en lien avec la recherche ou l\u2019enseignement du g\u00e9nie.<\/p>\n<p><a href=\"https:\/\/www.oiq.qc.ca\/wp-content\/uploads\/2026_formulaire_honoris_genius_releve_en_rech_et_ens.pdf\">Form<\/a><\/p>\n<p><strong>Honoris Genius \u2014 Rel\u00e8ve en pratique g\u00e9n\u00e9rale ou priv\u00e9e<\/strong><\/p>\n<p>Ce prix souligne la d\u00e9termination, le dynamisme et la contribution d\u2019un ing\u00e9nieur ou d\u2019une ing\u00e9nieure de la rel\u00e8ve qui s\u2019est illustr\u00e9e par ses r\u00e9alisations ou qui a su relever des d\u00e9fis dans les domaines professionnels en lien avec sa pratique priv\u00e9e ou g\u00e9n\u00e9rale. Il s\u2019agit d\u2019une nouvelle cat\u00e9gorie en 2025.<\/p>\n<p><a href=\"https:\/\/www.oiq.qc.ca\/wp-content\/uploads\/2026_formulaire_honoris_genius_releve_en-prat-gen_ou-priv.pdf\">Form<\/a><\/p>\n\n<\/div>                                                                            <\/div>\n                                <\/div>\n                            <\/div>\n                        <\/div>\n                    <\/div>\n                                    <\/div>\n                    <\/div>\n    <\/div>\n\n<script>\n    $(window).load(function() {\n        let hash = window.location.hash;\n        if (hash) {\n            $('html,body').animate({ scrollTop: $(hash).offset().top - 60 }, 'slow');\n        }\n    });\n<\/script>\n<\/div>\n\n\n<div  class=\"block-wrapper \">\n<div class=\"message is-dark\">\n      <div class=\"message-wrapper container\">\n          <div class=\"row\">\n              <div class=\"col-12 mw-inner\">\n                  <div class=\"message-inner\">\n                      <div class=\"message-header\">\n                                                    <div class=\"message-content\">\n                                                                <div class=\"message-title\">\n                                      <h2>Application Period<\/h2>\n                                  <\/div>\n                                                            <div class=\"message-txt\">\n                                  <div class=\"wysiwyg \">\n\t<h4>The application period is between September 22nd and November 20th, 2025<\/h4>\n<p>If you have any questions about the awards, please send us an email.<\/p>\n\n<\/div>                              <\/div>\n                              <div class=\"message-footer no-icon \">\n                                                                <div class=\"message-btns\">\n                                                                                                                        <a href=\"mailto:prix.oiq@oiq.qc.ca\" target=\"\" class=\"btn-arrow bordered is-white\">\n                                <span class=\"label\">Contact us<\/span>\n                        \n        <span class=\"icon reset-font\"><svg xmlns=\"http:\/\/www.w3.org\/2000\/svg\" width=\"10.582\" height=\"18.826\" viewBox=\"0 0 10.582 18.826\">\n\t<g id=\"Groupe_9\" data-name=\"Groupe 9\" transform=\"translate(-8.831 1.414)\">\n\t\t<g id=\"Groupe_8\" data-name=\"Groupe 8\">\n\t\t\t<path id=\"Line\" d=\"M0,0,7.755,8.235\" transform=\"translate(10.244)\" fill=\"currentColor\" stroke=\"currentColor\"\n\t\t\t      stroke-linecap=\"round\" stroke-miterlimit=\"10\" stroke-width=\"2\" class=\"fill\"\/>\n\t\t\t<path id=\"Line-2\" data-name=\"Line\" d=\"M0,8.235,7.755,0\" transform=\"translate(10.244 7.764)\"\n\t\t\t      fill=\"currentColor\" stroke=\"currentColor\" stroke-linecap=\"round\" stroke-miterlimit=\"10\" stroke-width=\"2\" class=\"fill\"\/>\n\t\t<\/g>\n\t<\/g>\n<\/svg>\n<\/span>\n    <\/a>\n                                                                                                            <\/div>\n                                                              <\/div>\n                          <\/div>\n                      <\/div>\n                  <\/div>\n              <\/div>\n          <\/div>\n        <\/div>\n<\/div>\n<\/div>\n","protected":false},"excerpt":{"rendered":"","protected":false},"author":8,"featured_media":0,"parent":16213,"menu_order":0,"comment_status":"closed","ping_status":"closed","template":"views\/template-builder.blade.php","meta":{"_acf_changed":false,"_relevanssi_hide_post":"","_relevanssi_hide_content":"","_relevanssi_pin_for_all":"","_relevanssi_pin_keywords":"","_relevanssi_unpin_keywords":"","_relevanssi_related_keywords":"","_relevanssi_related_include_ids":"","_relevanssi_related_exclude_ids":"","_relevanssi_related_no_append":"","_relevanssi_related_not_related":"","_relevanssi_related_posts":"1","_relevanssi_noindex_reason":"","inline_featured_image":false,"footnotes":""},"class_list":["post-16763","page","type-page","status-publish","hentry"],"acf":[],"yoast_head":"<!-- This site is optimized with the Yoast SEO plugin v26.6 - https:\/\/yoast.com\/wordpress\/plugins\/seo\/ -->\n<title>OIQ &#8211; Ordre des ing\u00e9nieurs du Qu\u00e9bec<\/title>\n<meta name=\"description\" content=\"L&#039;Ordre des ing\u00e9nieurs du Qu\u00e9bec r\u00e9compense chaque ann\u00e9e des ing\u00e9nieurs et ing\u00e9nieures remarquables avec ses Prix et distinctions en g\u00e9nie.\" \/>\n<meta name=\"robots\" content=\"index, follow, max-snippet:-1, max-image-preview:large, max-video-preview:-1\" \/>\n<link rel=\"canonical\" href=\"https:\/\/www.oiq.qc.ca\/en\/membres\/prix-et-distinctions-3\/\" \/>\n<meta property=\"og:locale\" content=\"en_US\" \/>\n<meta property=\"og:type\" content=\"article\" \/>\n<meta property=\"og:title\" content=\"Prix et distinctions - OIQ - Ordre des ing\u00e9nieurs du Qu\u00e9bec\" \/>\n<meta property=\"og:description\" content=\"L&#039;Ordre des ing\u00e9nieurs du Qu\u00e9bec r\u00e9compense chaque ann\u00e9e des ing\u00e9nieurs et ing\u00e9nieures remarquables avec ses Prix et distinctions en g\u00e9nie.\" \/>\n<meta property=\"og:url\" content=\"https:\/\/www.oiq.qc.ca\/en\/membres\/prix-et-distinctions-3\/\" \/>\n<meta property=\"og:site_name\" content=\"OIQ - Ordre des ing\u00e9nieurs du Qu\u00e9bec\" \/>\n<meta property=\"article:modified_time\" content=\"2025-09-23T15:40:22+00:00\" \/>\n<meta property=\"og:image\" content=\"https:\/\/www.oiq.qc.ca\/wp-content\/uploads\/vignette-web.png\" \/>\n\t<meta property=\"og:image:width\" content=\"1200\" \/>\n\t<meta property=\"og:image:height\" content=\"675\" \/>\n\t<meta property=\"og:image:type\" content=\"image\/png\" \/>\n<meta name=\"twitter:card\" content=\"summary_large_image\" \/>\n<meta name=\"twitter:label1\" content=\"Est. reading time\" \/>\n\t<meta name=\"twitter:data1\" content=\"5 minutes\" \/>\n<script type=\"application\/ld+json\" class=\"yoast-schema-graph\">{\"@context\":\"https:\/\/schema.org\",\"@graph\":[{\"@type\":\"WebPage\",\"@id\":\"https:\/\/www.oiq.qc.ca\/en\/membres\/prix-et-distinctions-3\/\",\"url\":\"https:\/\/www.oiq.qc.ca\/en\/membres\/prix-et-distinctions-3\/\",\"name\":\"Prix et distinctions - OIQ - Ordre des ing\u00e9nieurs du Qu\u00e9bec\",\"isPartOf\":{\"@id\":\"https:\/\/www.oiq.qc.ca\/#website\"},\"datePublished\":\"2022-03-17T23:11:31+00:00\",\"dateModified\":\"2025-09-23T15:40:22+00:00\",\"description\":\"L'Ordre des ing\u00e9nieurs du Qu\u00e9bec r\u00e9compense chaque ann\u00e9e des ing\u00e9nieurs et ing\u00e9nieures remarquables avec ses Prix et distinctions en g\u00e9nie.\",\"breadcrumb\":{\"@id\":\"https:\/\/www.oiq.qc.ca\/en\/membres\/prix-et-distinctions-3\/#breadcrumb\"},\"inLanguage\":\"en-CA\",\"potentialAction\":[{\"@type\":\"ReadAction\",\"target\":[\"https:\/\/www.oiq.qc.ca\/en\/membres\/prix-et-distinctions-3\/\"]}]},{\"@type\":\"BreadcrumbList\",\"@id\":\"https:\/\/www.oiq.qc.ca\/en\/membres\/prix-et-distinctions-3\/#breadcrumb\",\"itemListElement\":[{\"@type\":\"ListItem\",\"position\":1,\"name\":\"Home\",\"item\":\"https:\/\/www.oiq.qc.ca\/en\/\"},{\"@type\":\"ListItem\",\"position\":2,\"name\":\"Membres\",\"item\":\"https:\/\/www.oiq.qc.ca\/en\/membres\/\"},{\"@type\":\"ListItem\",\"position\":3,\"name\":\"Prix et distinctions\"}]},{\"@type\":\"WebSite\",\"@id\":\"https:\/\/www.oiq.qc.ca\/#website\",\"url\":\"https:\/\/www.oiq.qc.ca\/\",\"name\":\"OIQ - Ordre des ing\u00e9nieurs du Qu\u00e9bec\",\"description\":\"Ordre des ing\u00e9nieurs du Qu\u00e9bec\",\"publisher\":{\"@id\":\"https:\/\/www.oiq.qc.ca\/#organization\"},\"potentialAction\":[{\"@type\":\"SearchAction\",\"target\":{\"@type\":\"EntryPoint\",\"urlTemplate\":\"https:\/\/www.oiq.qc.ca\/?s={search_term_string}\"},\"query-input\":{\"@type\":\"PropertyValueSpecification\",\"valueRequired\":true,\"valueName\":\"search_term_string\"}}],\"inLanguage\":\"en-CA\"},{\"@type\":\"Organization\",\"@id\":\"https:\/\/www.oiq.qc.ca\/#organization\",\"name\":\"OIQ - Ordre des Ing\u00e9nieurs du Qu\u00e9bec\",\"url\":\"https:\/\/www.oiq.qc.ca\/\",\"logo\":{\"@type\":\"ImageObject\",\"inLanguage\":\"en-CA\",\"@id\":\"https:\/\/www.oiq.qc.ca\/#\/schema\/logo\/image\/\",\"url\":\"https:\/\/www.oiq.qc.ca\/wp-content\/uploads\/logo-oiq-696x696-yoast.png\",\"contentUrl\":\"https:\/\/www.oiq.qc.ca\/wp-content\/uploads\/logo-oiq-696x696-yoast.png\",\"width\":696,\"height\":696,\"caption\":\"OIQ - Ordre des Ing\u00e9nieurs du Qu\u00e9bec\"},\"image\":{\"@id\":\"https:\/\/www.oiq.qc.ca\/#\/schema\/logo\/image\/\"}}]}<\/script>\n<!-- \/ Yoast SEO plugin. -->","yoast_head_json":{"title":"OIQ &#8211; Ordre des ing\u00e9nieurs du Qu\u00e9bec","description":"L'Ordre des ing\u00e9nieurs du Qu\u00e9bec r\u00e9compense chaque ann\u00e9e des ing\u00e9nieurs et ing\u00e9nieures remarquables avec ses Prix et distinctions en g\u00e9nie.","robots":{"index":"index","follow":"follow","max-snippet":"max-snippet:-1","max-image-preview":"max-image-preview:large","max-video-preview":"max-video-preview:-1"},"canonical":"https:\/\/www.oiq.qc.ca\/en\/membres\/prix-et-distinctions-3\/","og_locale":"en_US","og_type":"article","og_title":"Prix et distinctions - OIQ - Ordre des ing\u00e9nieurs du Qu\u00e9bec","og_description":"L'Ordre des ing\u00e9nieurs du Qu\u00e9bec r\u00e9compense chaque ann\u00e9e des ing\u00e9nieurs et ing\u00e9nieures remarquables avec ses Prix et distinctions en g\u00e9nie.","og_url":"https:\/\/www.oiq.qc.ca\/en\/membres\/prix-et-distinctions-3\/","og_site_name":"OIQ - Ordre des ing\u00e9nieurs du Qu\u00e9bec","article_modified_time":"2025-09-23T15:40:22+00:00","og_image":[{"width":1200,"height":675,"url":"https:\/\/www.oiq.qc.ca\/wp-content\/uploads\/vignette-web.png","type":"image\/png"}],"twitter_card":"summary_large_image","twitter_misc":{"Est. reading time":"5 minutes"},"schema":{"@context":"https:\/\/schema.org","@graph":[{"@type":"WebPage","@id":"https:\/\/www.oiq.qc.ca\/en\/membres\/prix-et-distinctions-3\/","url":"https:\/\/www.oiq.qc.ca\/en\/membres\/prix-et-distinctions-3\/","name":"Prix et distinctions - OIQ - Ordre des ing\u00e9nieurs du Qu\u00e9bec","isPartOf":{"@id":"https:\/\/www.oiq.qc.ca\/#website"},"datePublished":"2022-03-17T23:11:31+00:00","dateModified":"2025-09-23T15:40:22+00:00","description":"L'Ordre des ing\u00e9nieurs du Qu\u00e9bec r\u00e9compense chaque ann\u00e9e des ing\u00e9nieurs et ing\u00e9nieures remarquables avec ses Prix et distinctions en g\u00e9nie.","breadcrumb":{"@id":"https:\/\/www.oiq.qc.ca\/en\/membres\/prix-et-distinctions-3\/#breadcrumb"},"inLanguage":"en-CA","potentialAction":[{"@type":"ReadAction","target":["https:\/\/www.oiq.qc.ca\/en\/membres\/prix-et-distinctions-3\/"]}]},{"@type":"BreadcrumbList","@id":"https:\/\/www.oiq.qc.ca\/en\/membres\/prix-et-distinctions-3\/#breadcrumb","itemListElement":[{"@type":"ListItem","position":1,"name":"Home","item":"https:\/\/www.oiq.qc.ca\/en\/"},{"@type":"ListItem","position":2,"name":"Membres","item":"https:\/\/www.oiq.qc.ca\/en\/membres\/"},{"@type":"ListItem","position":3,"name":"Prix et distinctions"}]},{"@type":"WebSite","@id":"https:\/\/www.oiq.qc.ca\/#website","url":"https:\/\/www.oiq.qc.ca\/","name":"OIQ - Ordre des ing\u00e9nieurs du Qu\u00e9bec","description":"Ordre des ing\u00e9nieurs du Qu\u00e9bec","publisher":{"@id":"https:\/\/www.oiq.qc.ca\/#organization"},"potentialAction":[{"@type":"SearchAction","target":{"@type":"EntryPoint","urlTemplate":"https:\/\/www.oiq.qc.ca\/?s={search_term_string}"},"query-input":{"@type":"PropertyValueSpecification","valueRequired":true,"valueName":"search_term_string"}}],"inLanguage":"en-CA"},{"@type":"Organization","@id":"https:\/\/www.oiq.qc.ca\/#organization","name":"OIQ - Ordre des Ing\u00e9nieurs du Qu\u00e9bec","url":"https:\/\/www.oiq.qc.ca\/","logo":{"@type":"ImageObject","inLanguage":"en-CA","@id":"https:\/\/www.oiq.qc.ca\/#\/schema\/logo\/image\/","url":"https:\/\/www.oiq.qc.ca\/wp-content\/uploads\/logo-oiq-696x696-yoast.png","contentUrl":"https:\/\/www.oiq.qc.ca\/wp-content\/uploads\/logo-oiq-696x696-yoast.png","width":696,"height":696,"caption":"OIQ - Ordre des Ing\u00e9nieurs du Qu\u00e9bec"},"image":{"@id":"https:\/\/www.oiq.qc.ca\/#\/schema\/logo\/image\/"}}]}},"_links":{"self":[{"href":"https:\/\/www.oiq.qc.ca\/en\/wp-json\/wp\/v2\/pages\/16763","targetHints":{"allow":["GET"]}}],"collection":[{"href":"https:\/\/www.oiq.qc.ca\/en\/wp-json\/wp\/v2\/pages"}],"about":[{"href":"https:\/\/www.oiq.qc.ca\/en\/wp-json\/wp\/v2\/types\/page"}],"author":[{"embeddable":true,"href":"https:\/\/www.oiq.qc.ca\/en\/wp-json\/wp\/v2\/users\/8"}],"replies":[{"embeddable":true,"href":"https:\/\/www.oiq.qc.ca\/en\/wp-json\/wp\/v2\/comments?post=16763"}],"version-history":[{"count":0,"href":"https:\/\/www.oiq.qc.ca\/en\/wp-json\/wp\/v2\/pages\/16763\/revisions"}],"up":[{"embeddable":true,"href":"https:\/\/www.oiq.qc.ca\/en\/wp-json\/wp\/v2\/pages\/16213"}],"wp:attachment":[{"href":"https:\/\/www.oiq.qc.ca\/en\/wp-json\/wp\/v2\/media?parent=16763"}],"curies":[{"name":"wp","href":"https:\/\/api.w.org\/{rel}","templated":true}]}}