{"id":16760,"date":"2022-03-17T22:58:40","date_gmt":"2022-03-17T22:58:40","guid":{"rendered":"https:\/\/www.oiq.qc.ca\/membres\/avantages-detre-membre\/"},"modified":"2025-09-19T13:55:57","modified_gmt":"2025-09-19T17:55:57","slug":"benefit-becoming-a-member","status":"publish","type":"page","link":"https:\/\/www.oiq.qc.ca\/en\/membres\/benefit-becoming-a-member\/","title":{"rendered":"Benefits of becoming a member"},"content":{"rendered":"<div  class=\"block-wrapper \" data-block-name=\"Nouvelle Section\">\n<div class=\"new-section \" >\n        <div class=\"ns-container\">\n                            <div class=\"ns-inner\">\n                    <div class=\"ns-content\">\n                        <div class=\"container\">\n                            <div class=\"row\">\n                                <div class=\"col-12\">\n                                    <div class=\"ns-title\">\n                                                                                    <h2 class=\"ns-title\">Discover all the benefits!<\/h2>\n                                                                            <\/div>\n                                <\/div>\n                                <div class=\"col-12\">\n                                    <div class=\"ns-txt\">\n                                                                            <\/div>\n                                <\/div>\n                            <\/div>\n                        <\/div>\n                    <\/div>\n                                    <\/div>\n                    <\/div>\n    <\/div>\n\n<script>\n    $(window).load(function() {\n        let hash = window.location.hash;\n        if (hash) {\n            $('html,body').animate({ scrollTop: $(hash).offset().top - 60 }, 'slow');\n        }\n    });\n<\/script>\n<\/div>\n\n\n<div  class=\"block-wrapper \" data-block-name=\"Text + Media Altern\u00e9s\">\n<div class=\"text-media has-shadow\">\n    <div class=\"container\">\n        <div class=\"tm-left\">\n                                                    <div class=\"wysiwyg \">\n\t<h3>1. Maintain your credibility over time<\/h3>\n<ul>\n<li>Get involved in activities reserved for the holders of the title of \u201cengineer\u201d (eng. and ing.)<\/li>\n<li>Enjoy privileged access to training in your field thanks to <a href=\"https:\/\/www.oiq.qc.ca\/en\/membres\/your-obligations\/continuing-education\/maestro\/\">MAESTRO<\/a>.<\/li>\n<li>Benefit from support focused on prevention and continuous improvement with supervised <a href=\"https:\/\/www.oiq.qc.ca\/en\/membres\/your-obligations\/professional-inspections\/\">professional inspections<\/a>.<\/li>\n<li>Access tools adapted to your reality to improve your practice, such as the <a href=\"https:\/\/www.oiq.qc.ca\/en\/membres\/guide-de-pratique-professionnelle\/\">GPP<\/a> or <a href=\"http:\/\/gpp.oiq.qc.ca\/Start.htm?#t=Developpement_professionnel.htm\">professional development tools<\/a>.<\/li>\n<\/ul>\n\n<\/div>                                <\/div>\n        <div class=\"tm-right\">\n                                            <img decoding=\"async\" class=\"tm-image has-shadow\" src=\"https:\/\/www.oiq.qc.ca\/wp-content\/uploads\/2022\/05\/industriel-scaled.jpg\" alt=\"\">\n                                      <\/div>\n    <\/div>\n  <\/div>\n\n<\/div>\n\n\n<div  class=\"block-wrapper \" data-block-name=\"Text + Media Altern\u00e9s\">\n<div class=\"text-media reverse has-shadow\">\n    <div class=\"container\">\n        <div class=\"tm-left\">\n                                                    <div class=\"wysiwyg \">\n\t<h3>2. Stay in the game<\/h3>\n<ul>\n<li>Quickly browse <a href=\"https:\/\/www.oiq.qc.ca\/en\/membres\/trouver-un-emploi-en-genie\/\">job postings<\/a> from organizations that trust your credentials.<\/li>\n<li>Network at the OIQ&#8217;s <a href=\"https:\/\/www.oiq.qc.ca\/en\/activites\/\">activities<\/a> such as the annual conference and events in your region.<\/li>\n<li>Be part of the change and become a member of our internal.<\/li>\n<li>Stay on top of engineering news with Bulletin Plus, PLAN magazine and our other <a href=\"https:\/\/www.oiq.qc.ca\/publications\/\" target=\"_blank\" rel=\"noopener\">publications<\/a>.<\/li>\n<li>Find tools to enhance your skills and grow in your field.<\/li>\n<\/ul>\n\n<\/div>                                <\/div>\n        <div class=\"tm-right\">\n                                            <img decoding=\"async\" class=\"tm-image has-shadow\" src=\"https:\/\/www.oiq.qc.ca\/wp-content\/uploads\/couverture-plan-1.jpg\" alt=\"\">\n                                      <\/div>\n    <\/div>\n  <\/div>\n\n<\/div>\n\n\n<div  class=\"block-wrapper \" data-block-name=\"Text + Media Altern\u00e9s\">\n<div class=\"text-media has-shadow\">\n    <div class=\"container\">\n        <div class=\"tm-left\">\n                                                    <div class=\"wysiwyg \">\n\t<h3>3. Shine the light of genius and inspire the next generation<\/h3>\n<ul>\n<li>Take an active part in training the next generation of professionals through our <a href=\"https:\/\/www.oiq.qc.ca\/en\/membres\/mimpliquer-a-lordre\/devenir-ambassadeur\/\">ambassador<\/a>\u00a0programs.<\/li>\n<li><a href=\"https:\/\/www.oiq.qc.ca\/en\/membres\/mimpliquer-a-lordre\/devenir-membre-dun-comite\/\">Share your expertise<\/a> on new techniques and technologies, work methods or other themes that advance engineering.<\/li>\n<\/ul>\n\n<\/div>                                        <a href=\"https:\/\/www.oiq.qc.ca\/en\/membres\/mimpliquer-a-lordre\/\" target=\"\" class=\"btn-arrow is-blue bordered\">\n                                <span class=\"label\">See how you could get involve<\/span>\n                        \n        <span class=\"icon reset-font\"><svg xmlns=\"http:\/\/www.w3.org\/2000\/svg\" width=\"10.582\" height=\"18.826\" viewBox=\"0 0 10.582 18.826\">\n\t<g id=\"Groupe_9\" data-name=\"Groupe 9\" transform=\"translate(-8.831 1.414)\">\n\t\t<g id=\"Groupe_8\" data-name=\"Groupe 8\">\n\t\t\t<path id=\"Line\" d=\"M0,0,7.755,8.235\" transform=\"translate(10.244)\" fill=\"currentColor\" stroke=\"currentColor\"\n\t\t\t      stroke-linecap=\"round\" stroke-miterlimit=\"10\" stroke-width=\"2\" class=\"fill\"\/>\n\t\t\t<path id=\"Line-2\" data-name=\"Line\" d=\"M0,8.235,7.755,0\" transform=\"translate(10.244 7.764)\"\n\t\t\t      fill=\"currentColor\" stroke=\"currentColor\" stroke-linecap=\"round\" stroke-miterlimit=\"10\" stroke-width=\"2\" class=\"fill\"\/>\n\t\t<\/g>\n\t<\/g>\n<\/svg>\n<\/span>\n    <\/a>\n                    <\/div>\n        <div class=\"tm-right\">\n                                            <img decoding=\"async\" class=\"tm-image has-shadow\" src=\"https:\/\/www.oiq.qc.ca\/wp-content\/uploads\/2022\/05\/bloc3-avantagesmembres-scaled.jpg\" alt=\"\">\n                                      <\/div>\n    <\/div>\n  <\/div>\n\n<\/div>\n\n\n<div  class=\"block-wrapper \" data-block-name=\"Text + Media Altern\u00e9s\">\n<div class=\"text-media reverse has-shadow\">\n    <div class=\"container\">\n        <div class=\"tm-left\">\n                                                    <div class=\"wysiwyg \">\n\t<h3>4. Maintain your membership privileges<\/h3>\n<ul>\n<li>Find an engineering job, develop your career or start your own business.<\/li>\n<li>Be part of a network of over 77,000 members and future members, the only ones able to perform the reserved activities provided for in the Act.<\/li>\n<li>Be part of a movement bigger than yourself!<\/li>\n<\/ul>\n\n<\/div>                                <\/div>\n        <div class=\"tm-right\">\n                                            <img decoding=\"async\" class=\"tm-image has-shadow\" src=\"https:\/\/www.oiq.qc.ca\/wp-content\/uploads\/2022\/05\/bloc4-avantagesmembres-e1654564627989.jpg\" alt=\"\">\n                                      <\/div>\n    <\/div>\n  <\/div>\n\n<\/div>\n","protected":false},"excerpt":{"rendered":"","protected":false},"author":8,"featured_media":0,"parent":16213,"menu_order":0,"comment_status":"closed","ping_status":"closed","template":"views\/template-builder.blade.php","meta":{"_acf_changed":false,"_relevanssi_hide_post":"","_relevanssi_hide_content":"","_relevanssi_pin_for_all":"","_relevanssi_pin_keywords":"","_relevanssi_unpin_keywords":"","_relevanssi_related_keywords":"","_relevanssi_related_include_ids":"","_relevanssi_related_exclude_ids":"","_relevanssi_related_no_append":"","_relevanssi_related_not_related":"","_relevanssi_related_posts":"1","_relevanssi_noindex_reason":"","inline_featured_image":false,"footnotes":""},"class_list":["post-16760","page","type-page","status-publish","hentry"],"acf":[],"yoast_head":"<!-- This site is optimized with the Yoast SEO plugin v26.6 - https:\/\/yoast.com\/wordpress\/plugins\/seo\/ -->\n<title>OIQ &#8211; Ordre des ing\u00e9nieurs du Qu\u00e9bec<\/title>\n<meta name=\"description\" content=\"Discover the benefits of becoming a member of Ordre des ing\u00e9nieurs du Qu\u00e9bec, to practice your profession in the province of Quebec.\" \/>\n<meta name=\"robots\" content=\"index, follow, max-snippet:-1, max-image-preview:large, max-video-preview:-1\" \/>\n<link rel=\"canonical\" href=\"https:\/\/www.oiq.qc.ca\/en\/membres\/benefit-becoming-a-member\/\" \/>\n<meta property=\"og:locale\" content=\"en_US\" \/>\n<meta property=\"og:type\" content=\"article\" \/>\n<meta property=\"og:title\" content=\"Benefits of becoming a member - OIQ - Ordre des ing\u00e9nieurs du Qu\u00e9bec\" \/>\n<meta property=\"og:description\" content=\"Discover the benefits of becoming a member of Ordre des ing\u00e9nieurs du Qu\u00e9bec, to practice your profession in the province of Quebec.\" \/>\n<meta property=\"og:url\" content=\"https:\/\/www.oiq.qc.ca\/en\/membres\/benefit-becoming-a-member\/\" \/>\n<meta property=\"og:site_name\" content=\"OIQ - Ordre des ing\u00e9nieurs du Qu\u00e9bec\" \/>\n<meta property=\"article:modified_time\" content=\"2025-09-19T17:55:57+00:00\" \/>\n<meta property=\"og:image\" content=\"https:\/\/www.oiq.qc.ca\/wp-content\/uploads\/vignette-web.png\" \/>\n\t<meta property=\"og:image:width\" content=\"1200\" \/>\n\t<meta property=\"og:image:height\" content=\"675\" \/>\n\t<meta property=\"og:image:type\" content=\"image\/png\" \/>\n<meta name=\"twitter:card\" content=\"summary_large_image\" \/>\n<meta name=\"twitter:label1\" content=\"Est. reading time\" \/>\n\t<meta name=\"twitter:data1\" content=\"3 minutes\" \/>\n<script type=\"application\/ld+json\" class=\"yoast-schema-graph\">{\"@context\":\"https:\/\/schema.org\",\"@graph\":[{\"@type\":\"WebPage\",\"@id\":\"https:\/\/www.oiq.qc.ca\/en\/membres\/benefit-becoming-a-member\/\",\"url\":\"https:\/\/www.oiq.qc.ca\/en\/membres\/benefit-becoming-a-member\/\",\"name\":\"Benefits of becoming a member - OIQ - Ordre des ing\u00e9nieurs du Qu\u00e9bec\",\"isPartOf\":{\"@id\":\"https:\/\/www.oiq.qc.ca\/#website\"},\"datePublished\":\"2022-03-17T22:58:40+00:00\",\"dateModified\":\"2025-09-19T17:55:57+00:00\",\"description\":\"Discover the benefits of becoming a member of Ordre des ing\u00e9nieurs du Qu\u00e9bec, to practice your profession in the province of Quebec.\",\"breadcrumb\":{\"@id\":\"https:\/\/www.oiq.qc.ca\/en\/membres\/benefit-becoming-a-member\/#breadcrumb\"},\"inLanguage\":\"en-CA\",\"potentialAction\":[{\"@type\":\"ReadAction\",\"target\":[\"https:\/\/www.oiq.qc.ca\/en\/membres\/benefit-becoming-a-member\/\"]}]},{\"@type\":\"BreadcrumbList\",\"@id\":\"https:\/\/www.oiq.qc.ca\/en\/membres\/benefit-becoming-a-member\/#breadcrumb\",\"itemListElement\":[{\"@type\":\"ListItem\",\"position\":1,\"name\":\"Home\",\"item\":\"https:\/\/www.oiq.qc.ca\/en\/\"},{\"@type\":\"ListItem\",\"position\":2,\"name\":\"Membres\",\"item\":\"https:\/\/www.oiq.qc.ca\/en\/membres\/\"},{\"@type\":\"ListItem\",\"position\":3,\"name\":\"Benefits of becoming a member\"}]},{\"@type\":\"WebSite\",\"@id\":\"https:\/\/www.oiq.qc.ca\/#website\",\"url\":\"https:\/\/www.oiq.qc.ca\/\",\"name\":\"OIQ - Ordre des ing\u00e9nieurs du Qu\u00e9bec\",\"description\":\"Ordre des ing\u00e9nieurs du Qu\u00e9bec\",\"publisher\":{\"@id\":\"https:\/\/www.oiq.qc.ca\/#organization\"},\"potentialAction\":[{\"@type\":\"SearchAction\",\"target\":{\"@type\":\"EntryPoint\",\"urlTemplate\":\"https:\/\/www.oiq.qc.ca\/?s={search_term_string}\"},\"query-input\":{\"@type\":\"PropertyValueSpecification\",\"valueRequired\":true,\"valueName\":\"search_term_string\"}}],\"inLanguage\":\"en-CA\"},{\"@type\":\"Organization\",\"@id\":\"https:\/\/www.oiq.qc.ca\/#organization\",\"name\":\"OIQ - Ordre des Ing\u00e9nieurs du Qu\u00e9bec\",\"url\":\"https:\/\/www.oiq.qc.ca\/\",\"logo\":{\"@type\":\"ImageObject\",\"inLanguage\":\"en-CA\",\"@id\":\"https:\/\/www.oiq.qc.ca\/#\/schema\/logo\/image\/\",\"url\":\"https:\/\/www.oiq.qc.ca\/wp-content\/uploads\/logo-oiq-696x696-yoast.png\",\"contentUrl\":\"https:\/\/www.oiq.qc.ca\/wp-content\/uploads\/logo-oiq-696x696-yoast.png\",\"width\":696,\"height\":696,\"caption\":\"OIQ - Ordre des Ing\u00e9nieurs du Qu\u00e9bec\"},\"image\":{\"@id\":\"https:\/\/www.oiq.qc.ca\/#\/schema\/logo\/image\/\"}}]}<\/script>\n<!-- \/ Yoast SEO plugin. -->","yoast_head_json":{"title":"OIQ &#8211; Ordre des ing\u00e9nieurs du Qu\u00e9bec","description":"Discover the benefits of becoming a member of Ordre des ing\u00e9nieurs du Qu\u00e9bec, to practice your profession in the province of Quebec.","robots":{"index":"index","follow":"follow","max-snippet":"max-snippet:-1","max-image-preview":"max-image-preview:large","max-video-preview":"max-video-preview:-1"},"canonical":"https:\/\/www.oiq.qc.ca\/en\/membres\/benefit-becoming-a-member\/","og_locale":"en_US","og_type":"article","og_title":"Benefits of becoming a member - OIQ - Ordre des ing\u00e9nieurs du Qu\u00e9bec","og_description":"Discover the benefits of becoming a member of Ordre des ing\u00e9nieurs du Qu\u00e9bec, to practice your profession in the province of Quebec.","og_url":"https:\/\/www.oiq.qc.ca\/en\/membres\/benefit-becoming-a-member\/","og_site_name":"OIQ - Ordre des ing\u00e9nieurs du Qu\u00e9bec","article_modified_time":"2025-09-19T17:55:57+00:00","og_image":[{"width":1200,"height":675,"url":"https:\/\/www.oiq.qc.ca\/wp-content\/uploads\/vignette-web.png","type":"image\/png"}],"twitter_card":"summary_large_image","twitter_misc":{"Est. reading time":"3 minutes"},"schema":{"@context":"https:\/\/schema.org","@graph":[{"@type":"WebPage","@id":"https:\/\/www.oiq.qc.ca\/en\/membres\/benefit-becoming-a-member\/","url":"https:\/\/www.oiq.qc.ca\/en\/membres\/benefit-becoming-a-member\/","name":"Benefits of becoming a member - OIQ - Ordre des ing\u00e9nieurs du Qu\u00e9bec","isPartOf":{"@id":"https:\/\/www.oiq.qc.ca\/#website"},"datePublished":"2022-03-17T22:58:40+00:00","dateModified":"2025-09-19T17:55:57+00:00","description":"Discover the benefits of becoming a member of Ordre des ing\u00e9nieurs du Qu\u00e9bec, to practice your profession in the province of Quebec.","breadcrumb":{"@id":"https:\/\/www.oiq.qc.ca\/en\/membres\/benefit-becoming-a-member\/#breadcrumb"},"inLanguage":"en-CA","potentialAction":[{"@type":"ReadAction","target":["https:\/\/www.oiq.qc.ca\/en\/membres\/benefit-becoming-a-member\/"]}]},{"@type":"BreadcrumbList","@id":"https:\/\/www.oiq.qc.ca\/en\/membres\/benefit-becoming-a-member\/#breadcrumb","itemListElement":[{"@type":"ListItem","position":1,"name":"Home","item":"https:\/\/www.oiq.qc.ca\/en\/"},{"@type":"ListItem","position":2,"name":"Membres","item":"https:\/\/www.oiq.qc.ca\/en\/membres\/"},{"@type":"ListItem","position":3,"name":"Benefits of becoming a member"}]},{"@type":"WebSite","@id":"https:\/\/www.oiq.qc.ca\/#website","url":"https:\/\/www.oiq.qc.ca\/","name":"OIQ - Ordre des ing\u00e9nieurs du Qu\u00e9bec","description":"Ordre des ing\u00e9nieurs du Qu\u00e9bec","publisher":{"@id":"https:\/\/www.oiq.qc.ca\/#organization"},"potentialAction":[{"@type":"SearchAction","target":{"@type":"EntryPoint","urlTemplate":"https:\/\/www.oiq.qc.ca\/?s={search_term_string}"},"query-input":{"@type":"PropertyValueSpecification","valueRequired":true,"valueName":"search_term_string"}}],"inLanguage":"en-CA"},{"@type":"Organization","@id":"https:\/\/www.oiq.qc.ca\/#organization","name":"OIQ - Ordre des Ing\u00e9nieurs du Qu\u00e9bec","url":"https:\/\/www.oiq.qc.ca\/","logo":{"@type":"ImageObject","inLanguage":"en-CA","@id":"https:\/\/www.oiq.qc.ca\/#\/schema\/logo\/image\/","url":"https:\/\/www.oiq.qc.ca\/wp-content\/uploads\/logo-oiq-696x696-yoast.png","contentUrl":"https:\/\/www.oiq.qc.ca\/wp-content\/uploads\/logo-oiq-696x696-yoast.png","width":696,"height":696,"caption":"OIQ - Ordre des Ing\u00e9nieurs du Qu\u00e9bec"},"image":{"@id":"https:\/\/www.oiq.qc.ca\/#\/schema\/logo\/image\/"}}]}},"_links":{"self":[{"href":"https:\/\/www.oiq.qc.ca\/en\/wp-json\/wp\/v2\/pages\/16760","targetHints":{"allow":["GET"]}}],"collection":[{"href":"https:\/\/www.oiq.qc.ca\/en\/wp-json\/wp\/v2\/pages"}],"about":[{"href":"https:\/\/www.oiq.qc.ca\/en\/wp-json\/wp\/v2\/types\/page"}],"author":[{"embeddable":true,"href":"https:\/\/www.oiq.qc.ca\/en\/wp-json\/wp\/v2\/users\/8"}],"replies":[{"embeddable":true,"href":"https:\/\/www.oiq.qc.ca\/en\/wp-json\/wp\/v2\/comments?post=16760"}],"version-history":[{"count":0,"href":"https:\/\/www.oiq.qc.ca\/en\/wp-json\/wp\/v2\/pages\/16760\/revisions"}],"up":[{"embeddable":true,"href":"https:\/\/www.oiq.qc.ca\/en\/wp-json\/wp\/v2\/pages\/16213"}],"wp:attachment":[{"href":"https:\/\/www.oiq.qc.ca\/en\/wp-json\/wp\/v2\/media?parent=16760"}],"curies":[{"name":"wp","href":"https:\/\/api.w.org\/{rel}","templated":true}]}}