{"id":16755,"date":"2022-03-17T22:55:26","date_gmt":"2022-03-17T22:55:26","guid":{"rendered":"https:\/\/www.oiq.qc.ca\/membres\/mimpliquer-a-lordre\/superviser-un-candidat-ou-une-candidate\/"},"modified":"2025-09-19T13:52:58","modified_gmt":"2025-09-19T17:52:58","slug":"superviser-un-candidat-ou-une-candidate","status":"publish","type":"page","link":"https:\/\/www.oiq.qc.ca\/en\/membres\/mimpliquer-a-lordre\/superviser-un-candidat-ou-une-candidate\/","title":{"rendered":"Superviser un candidat"},"content":{"rendered":"<div  class=\"block-wrapper \">\n<div class=\"message is-dark\">\n      <div class=\"message-wrapper container\">\n          <div class=\"row\">\n              <div class=\"col-12 mw-inner\">\n                  <div class=\"message-inner\">\n                      <div class=\"message-header\">\n                                                    <div class=\"message-content\">\n                                                                <div class=\"message-title\">\n                                      <h2>Vous souhaitez devenir superviseur?<\/h2>\n                                  <\/div>\n                                                            <div class=\"message-txt\">\n                                  <div class=\"wysiwyg \">\n\t<div class=\"message-title\">\n<p><span style=\"font-size: 16px;\">Si vous <\/span><strong style=\"font-size: 16px;\">d\u00e9tenez un permis d\u2019ing\u00e9nieur plein titre depuis plus de 3 ans<\/strong><span style=\"font-size: 16px;\">, vous pouvez inscrire votre nom au bottin priv\u00e9 des superviseurs. Il vous suffit d\u2019acc\u00e9der au portail des membres et d\u2019aller dans la section \u00ab consentements \u00bb, \u00e0 l\u2019onglet \u00ab profil \u00bb. Vous pouvez aussi nous contacter pour obtenir plus de d\u00e9tails.<\/span><\/p>\n<\/div>\n\n<\/div>                              <\/div>\n                              <div class=\"message-footer no-icon \">\n                                                                <div class=\"message-btns\">\n                                                                                                                        <a href=\"https:\/\/www.oiq.qc.ca\/nous-joindre-sujet\/impliquer-ordre-comite\/\" target=\"\" class=\"btn-arrow bordered is-white\">\n                                <span class=\"label\">Contactez nous<\/span>\n                        \n        <span class=\"icon reset-font\"><svg xmlns=\"http:\/\/www.w3.org\/2000\/svg\" width=\"10.582\" height=\"18.826\" viewBox=\"0 0 10.582 18.826\">\n\t<g id=\"Groupe_9\" data-name=\"Groupe 9\" transform=\"translate(-8.831 1.414)\">\n\t\t<g id=\"Groupe_8\" data-name=\"Groupe 8\">\n\t\t\t<path id=\"Line\" d=\"M0,0,7.755,8.235\" transform=\"translate(10.244)\" fill=\"currentColor\" stroke=\"currentColor\"\n\t\t\t      stroke-linecap=\"round\" stroke-miterlimit=\"10\" stroke-width=\"2\" class=\"fill\"\/>\n\t\t\t<path id=\"Line-2\" data-name=\"Line\" d=\"M0,8.235,7.755,0\" transform=\"translate(10.244 7.764)\"\n\t\t\t      fill=\"currentColor\" stroke=\"currentColor\" stroke-linecap=\"round\" stroke-miterlimit=\"10\" stroke-width=\"2\" class=\"fill\"\/>\n\t\t<\/g>\n\t<\/g>\n<\/svg>\n<\/span>\n    <\/a>\n                                                                                                            <\/div>\n                                                              <\/div>\n                          <\/div>\n                      <\/div>\n                  <\/div>\n              <\/div>\n          <\/div>\n        <\/div>\n<\/div>\n<\/div>\n\n\n<div  class=\"block-wrapper \" data-block-name=\"Wysiwyg\">\n<div class=\"bloc-wysiwyg \">\n    <div class=\"container\">\n        <div class=\"wysiwyg \">\n\t<h2>Que fait le superviseur? Qui peut prendre ce r\u00f4le?<\/h2>\n<p>Pour bien superviser un candidat ou une candidate, il est important de comprendre son travail quotidien. Vous pouvez agir en tant que sup\u00e9rieur ou sup\u00e9rieure imm\u00e9diate, consultant ou consultante, coll\u00e8gue ou fournisseur (interne ou externe).<\/p>\n<h3>Les t\u00e2ches du superviseur<\/h3>\n<p>Voici les t\u00e2ches et responsabilit\u00e9s qui vous seront demand\u00e9es si vous d\u00e9cidez de vous embarquer dans l\u2019aventure.<\/p>\n<h4>Encadrer pour aider la r\u00e9alisation du projet professionnel<\/h4>\n<ul>\n<li>D\u00e9terminer ensemble les objectifs de la p\u00e9riode de formation pratique du candidat ou de la candidate.<\/li>\n<li>Veiller \u00e0 ce que son milieu de travail lui permette d&#8217;atteindre ses objectifs.<\/li>\n<li>Lui donner tous les renseignements et les documents requis par le <a href=\"https:\/\/www.legisquebec.gouv.qc.ca\/fr\/document\/rc\/I-9,%20r.%207.01%20\/\" target=\"_blank\" rel=\"noopener noreferrer\" data-gc-link=\"http:\/\/www2.publicationsduquebec.gouv.qc.ca\/dynamicSearch\/telecharge.php?type=1&amp;file=70157.pdf\">R\u00e8glement<\/a> sur les conditions de d\u00e9livrance du permis de l&#8217;Ordre.<\/li>\n<li>Veiller \u00e0 ce qu\u2019il ou elle exerce <a href=\"https:\/\/www.legisquebec.gouv.qc.ca\/en\/document\/cs\/I-9\" target=\"_blank\" rel=\"noopener\" data-gc-link=\"http:\/\/legisquebec.gouv.qc.ca\/fr\/ShowDoc\/cs\/I-9%20\/\">toute activit\u00e9 r\u00e9serv\u00e9e<\/a> sous la direction ou la supervision imm\u00e9diate d\u2019un ing\u00e9nieur ou une ing\u00e9nieure.<\/li>\n<\/ul>\n<h4>Accompagner au quotidien<\/h4>\n<ul>\n<li>Favoriser l&#8217;int\u00e9gration du candidat ou de la candidate dans son milieu de travail.<\/li>\n<li>Lui donner la r\u00e9troaction n\u00e9cessaire \u00e0 sa progression.<\/li>\n<li>Vous rendre disponible pour r\u00e9pondre \u00e0 ses questions.<\/li>\n<li>Incarner un mod\u00e8le en adoptant une pratique conforme aux normes et valeurs de la profession.<\/li>\n<\/ul>\n<h4>\u00c9valuer les acquis sur le terrain<\/h4>\n<ul>\n<li>\u00c9valuer r\u00e9guli\u00e8rement la progression du candidat ou de la candidate et lui donner des conseils afin qu\u2019il ou elle d\u00e9veloppe les 6 comp\u00e9tences cibles (voir le guide ci-dessous) du programme d\u2019acc\u00e8s \u00e0 la profession d\u2019ing\u00e9nieur.<\/li>\n<li>Valider son auto-\u00e9valuation des comp\u00e9tences selon le guide \u00e9tabli par l&#8217;Ordre et consulter au besoin les autres ing\u00e9nieures et ing\u00e9nieurs qui l\u2019ont dirig\u00e9 pendant sa p\u00e9riode d\u2019exp\u00e9rience pratique.<\/li>\n<\/ul>\n\n<\/div>    <\/div>\n<\/div>\n<\/div>\n\n\n<div  class=\"block-wrapper \">\n<div class=\"message is-dark\">\n      <div class=\"message-wrapper container\">\n          <div class=\"row\">\n              <div class=\"col-12 mw-inner\">\n                  <div class=\"message-inner\">\n                      <div class=\"message-header\">\n                                                    <div class=\"message-content\">\n                                                                <div class=\"message-title\">\n                                      <h2>Consultez le guide<\/h2>\n                                  <\/div>\n                                                            <div class=\"message-txt\">\n                                  <div class=\"wysiwyg \">\n\t<p>Le meilleur outil des superviseurs et superviseure? Le guide de comp\u00e9tences \u00e0 ma\u00eetriser pour l&#8217;obtention du permis d&#8217;ing\u00e9nieur. Il vous permet de bien comprendre ce que votre candidat ou candidate doit d\u00e9veloppement pour obtenir son permis et pratiquer la profession.<\/p>\n\n<\/div>                              <\/div>\n                              <div class=\"message-footer no-icon \">\n                                                                <div class=\"message-btns\">\n                                                                                                                        <a href=\"https:\/\/www.oiq.qc.ca\/wp-content\/uploads\/documents\/20191010-referentiel-competences-ANG.pdf\" target=\"_blank\" class=\"btn-arrow bordered is-white\">\n                                <span class=\"label\">Consulter le guide de comp\u00e9tences<\/span>\n                        \n        <span class=\"icon reset-font\"><svg xmlns=\"http:\/\/www.w3.org\/2000\/svg\" width=\"10.582\" height=\"18.826\" viewBox=\"0 0 10.582 18.826\">\n\t<g id=\"Groupe_9\" data-name=\"Groupe 9\" transform=\"translate(-8.831 1.414)\">\n\t\t<g id=\"Groupe_8\" data-name=\"Groupe 8\">\n\t\t\t<path id=\"Line\" d=\"M0,0,7.755,8.235\" transform=\"translate(10.244)\" fill=\"currentColor\" stroke=\"currentColor\"\n\t\t\t      stroke-linecap=\"round\" stroke-miterlimit=\"10\" stroke-width=\"2\" class=\"fill\"\/>\n\t\t\t<path id=\"Line-2\" data-name=\"Line\" d=\"M0,8.235,7.755,0\" transform=\"translate(10.244 7.764)\"\n\t\t\t      fill=\"currentColor\" stroke=\"currentColor\" stroke-linecap=\"round\" stroke-miterlimit=\"10\" stroke-width=\"2\" class=\"fill\"\/>\n\t\t<\/g>\n\t<\/g>\n<\/svg>\n<\/span>\n    <\/a>\n                                                                                                            <\/div>\n                                                              <\/div>\n                          <\/div>\n                      <\/div>\n                  <\/div>\n              <\/div>\n          <\/div>\n        <\/div>\n<\/div>\n<\/div>\n\n\n<div  class=\"block-wrapper \" data-block-name=\"Rubriques Cliquables\">\n<div class=\"list-cards full-width  has-white-cards\">\n    <div class=\"container\">\n                      <h2>Quelles sont les conditions pour devenir superviseur ou superviseure?<\/h2>\n                        <div class=\"lc-grid\">\n            <div class=\"lc-grid-wrap\">\n                                    <div class=\"card-item js-block-link  is-white\">\n    <div class=\"card-item-top no-hover\">\n        <div class=\"cit-content\">\n                            <h3>Avoir le permis<\/h3>\n                                        <p>\u00catre titulaire d\u2019un permis d\u2019ing\u00e9nieur, avec plein droit d\u2019exercice.<\/p>\n                    <\/div>\n            <\/div>\n    <div class=\"card-item-bottom\">\n            <\/div>\n<\/div>\n                                    <div class=\"card-item js-block-link  is-white\">\n    <div class=\"card-item-top no-hover\">\n        <div class=\"cit-content\">\n                            <h3>Exercer en g\u00e9nie<\/h3>\n                                        <p>Avoir exerc\u00e9 la profession au cours de 3 des 5 derni\u00e8res ann\u00e9es.<\/p>\n                    <\/div>\n            <\/div>\n    <div class=\"card-item-bottom\">\n            <\/div>\n<\/div>\n                                    <div class=\"card-item js-block-link  is-white\">\n    <div class=\"card-item-top no-hover\">\n        <div class=\"cit-content\">\n                            <h3>Avoir un dossier exemplaire<\/h3>\n                                        <p>Ne pas avoir fait l\u2019objet d\u2019une r\u00e9vocation ou d\u2019une suspension de permis, d\u2019une radiation, d\u2019une limitation de son droit d\u2019exercice ou avoir re\u00e7u une amende.<\/p>\n                    <\/div>\n            <\/div>\n    <div class=\"card-item-bottom\">\n            <\/div>\n<\/div>\n                            <\/div>\n        <\/div>\n          <\/div>\n<\/div>\n<\/div>\n\n\n<div  class=\"block-wrapper \" data-block-name=\"Nouvelle Section\">\n<div class=\"new-section \" >\n        <div class=\"ns-container\">\n                            <div class=\"ns-inner\">\n                    <div class=\"ns-content\">\n                        <div class=\"container\">\n                            <div class=\"row\">\n                                <div class=\"col-12\">\n                                    <div class=\"ns-title\">\n                                                                                    <h2 class=\"ns-title\">Est-ce que je peux \u00eatre superviseur m\u00eame si je n&#039;ai pas mon permis au Qu\u00e9bec?<\/h2>\n                                                                            <\/div>\n                                <\/div>\n                                <div class=\"col-12\">\n                                    <div class=\"ns-txt\">\n                                                                                    <div class=\"wysiwyg \">\n\t<p>Le superviseur ou la superviseure peut \u00eatre une personne <strong>l\u00e9galement autoris\u00e9e <\/strong>\u00e0 exercer la profession d&#8217;ing\u00e9nieur <strong>hors<\/strong> du Qu\u00e9bec. Mais dans ces conditions, le candidat ou la candidate \u00e0 la profession d&#8217;ing\u00e9nieur (CPI) qui r\u00e9alise des activit\u00e9s r\u00e9serv\u00e9es doit \u00eatre sous la direction ou la supervision imm\u00e9diate d&#8217;un ing\u00e9nieur ou une ing\u00e9nieure membre de l&#8217;Ordre des ing\u00e9nieurs du Qu\u00e9bec.<\/p>\n\n<\/div>                                                                            <\/div>\n                                <\/div>\n                            <\/div>\n                        <\/div>\n                    <\/div>\n                                    <\/div>\n                    <\/div>\n    <\/div>\n\n<script>\n    $(window).load(function() {\n        let hash = window.location.hash;\n        if (hash) {\n            $('html,body').animate({ scrollTop: $(hash).offset().top - 60 }, 'slow');\n        }\n    });\n<\/script>\n<\/div>\n\n\n<div  class=\"block-wrapper \" data-block-name=\"Text + Media Altern\u00e9s\">\n<div class=\"text-media reverse has-shadow\">\n    <div class=\"container\">\n        <div class=\"tm-left\">\n                        <h2>Une exp\u00e9rience enrichissante pour vous<\/h2>\n                                        <div class=\"wysiwyg \">\n\t<p>Devenir superviseur ou superviseure, c\u2019est s&#8217;investir aupr\u00e8s de la rel\u00e8ve avec fiert\u00e9. C\u2019est la satisfaction de transmettre votre savoir-faire et vos valeurs afin de contribuer \u00e0 l&#8217;\u00e9panouissement des futurs ing\u00e9nieurs et ing\u00e9nieures. C\u2019est aussi l\u2019occasion de voir na\u00eetre une belle relation professionnelle, et avant tout humaine, qui influence directement la vie d\u2019une personne qui partage votre passion pour le g\u00e9nie.<\/p>\n\n<\/div>                                        <a href=\"https:\/\/membres.oiq.qc.ca\/OIQ\/MembersPortal\/Fiche_individu\/mon_compte.aspx?WebsiteKey=5f899fa3-d815-42b3-bd01-cad5289fbca5&amp;c9215de5=3#c9215de5\" target=\"_blank\" class=\"btn-arrow is-blue bordered\">\n                                <span class=\"label\">Acc\u00e9der au portail pour se mettre sur la liste des superviseurs<\/span>\n                        \n        <span class=\"icon reset-font\"><svg xmlns=\"http:\/\/www.w3.org\/2000\/svg\" width=\"10.582\" height=\"18.826\" viewBox=\"0 0 10.582 18.826\">\n\t<g id=\"Groupe_9\" data-name=\"Groupe 9\" transform=\"translate(-8.831 1.414)\">\n\t\t<g id=\"Groupe_8\" data-name=\"Groupe 8\">\n\t\t\t<path id=\"Line\" d=\"M0,0,7.755,8.235\" transform=\"translate(10.244)\" fill=\"currentColor\" stroke=\"currentColor\"\n\t\t\t      stroke-linecap=\"round\" stroke-miterlimit=\"10\" stroke-width=\"2\" class=\"fill\"\/>\n\t\t\t<path id=\"Line-2\" data-name=\"Line\" d=\"M0,8.235,7.755,0\" transform=\"translate(10.244 7.764)\"\n\t\t\t      fill=\"currentColor\" stroke=\"currentColor\" stroke-linecap=\"round\" stroke-miterlimit=\"10\" stroke-width=\"2\" class=\"fill\"\/>\n\t\t<\/g>\n\t<\/g>\n<\/svg>\n<\/span>\n    <\/a>\n                    <\/div>\n        <div class=\"tm-right\">\n                                            <img decoding=\"async\" class=\"tm-image has-shadow\" src=\"https:\/\/www.oiq.qc.ca\/wp-content\/uploads\/2022\/04\/devenir-superviseur-scaled.jpg\" alt=\"\">\n                                      <\/div>\n    <\/div>\n  <\/div>\n\n<\/div>\n","protected":false},"excerpt":{"rendered":"","protected":false},"author":8,"featured_media":0,"parent":16753,"menu_order":0,"comment_status":"closed","ping_status":"closed","template":"views\/template-builder.blade.php","meta":{"_acf_changed":false,"_relevanssi_hide_post":"","_relevanssi_hide_content":"","_relevanssi_pin_for_all":"","_relevanssi_pin_keywords":"","_relevanssi_unpin_keywords":"","_relevanssi_related_keywords":"","_relevanssi_related_include_ids":"","_relevanssi_related_exclude_ids":"","_relevanssi_related_no_append":"","_relevanssi_related_not_related":"","_relevanssi_related_posts":"1","_relevanssi_noindex_reason":"","inline_featured_image":false,"footnotes":""},"class_list":["post-16755","page","type-page","status-publish","hentry"],"acf":[],"yoast_head":"<!-- This site is optimized with the Yoast SEO plugin v26.6 - https:\/\/yoast.com\/wordpress\/plugins\/seo\/ -->\n<title>OIQ &#8211; Ordre des ing\u00e9nieurs du Qu\u00e9bec<\/title>\n<meta name=\"description\" content=\"D\u00e9couvrez les avantages de devenir superviseur ou superviseure d&#039;un candidat \u00e0 la profession d&#039;ing\u00e9nieur (CPI).\" \/>\n<meta name=\"robots\" content=\"index, follow, max-snippet:-1, max-image-preview:large, max-video-preview:-1\" \/>\n<link rel=\"canonical\" href=\"https:\/\/www.oiq.qc.ca\/en\/membres\/mimpliquer-a-lordre\/superviser-un-candidat-ou-une-candidate\/\" \/>\n<meta property=\"og:locale\" content=\"en_US\" \/>\n<meta property=\"og:type\" content=\"article\" \/>\n<meta property=\"og:title\" content=\"Superviser un candidat - OIQ - Ordre des ing\u00e9nieurs du Qu\u00e9bec\" \/>\n<meta property=\"og:description\" content=\"D\u00e9couvrez les avantages de devenir superviseur ou superviseure d&#039;un candidat \u00e0 la profession d&#039;ing\u00e9nieur (CPI).\" \/>\n<meta property=\"og:url\" content=\"https:\/\/www.oiq.qc.ca\/en\/membres\/mimpliquer-a-lordre\/superviser-un-candidat-ou-une-candidate\/\" \/>\n<meta property=\"og:site_name\" content=\"OIQ - Ordre des ing\u00e9nieurs du Qu\u00e9bec\" \/>\n<meta property=\"article:modified_time\" content=\"2025-09-19T17:52:58+00:00\" \/>\n<meta property=\"og:image\" content=\"https:\/\/www.oiq.qc.ca\/wp-content\/uploads\/vignette-web.png\" \/>\n\t<meta property=\"og:image:width\" content=\"1200\" \/>\n\t<meta property=\"og:image:height\" content=\"675\" \/>\n\t<meta property=\"og:image:type\" content=\"image\/png\" \/>\n<meta name=\"twitter:card\" content=\"summary_large_image\" \/>\n<meta name=\"twitter:label1\" content=\"Est. reading time\" \/>\n\t<meta name=\"twitter:data1\" content=\"5 minutes\" \/>\n<script type=\"application\/ld+json\" class=\"yoast-schema-graph\">{\"@context\":\"https:\/\/schema.org\",\"@graph\":[{\"@type\":\"WebPage\",\"@id\":\"https:\/\/www.oiq.qc.ca\/en\/membres\/mimpliquer-a-lordre\/superviser-un-candidat-ou-une-candidate\/\",\"url\":\"https:\/\/www.oiq.qc.ca\/en\/membres\/mimpliquer-a-lordre\/superviser-un-candidat-ou-une-candidate\/\",\"name\":\"Superviser un candidat - OIQ - Ordre des ing\u00e9nieurs du Qu\u00e9bec\",\"isPartOf\":{\"@id\":\"https:\/\/www.oiq.qc.ca\/#website\"},\"datePublished\":\"2022-03-17T22:55:26+00:00\",\"dateModified\":\"2025-09-19T17:52:58+00:00\",\"description\":\"D\u00e9couvrez les avantages de devenir superviseur ou superviseure d'un candidat \u00e0 la profession d'ing\u00e9nieur (CPI).\",\"breadcrumb\":{\"@id\":\"https:\/\/www.oiq.qc.ca\/en\/membres\/mimpliquer-a-lordre\/superviser-un-candidat-ou-une-candidate\/#breadcrumb\"},\"inLanguage\":\"en-CA\",\"potentialAction\":[{\"@type\":\"ReadAction\",\"target\":[\"https:\/\/www.oiq.qc.ca\/en\/membres\/mimpliquer-a-lordre\/superviser-un-candidat-ou-une-candidate\/\"]}]},{\"@type\":\"BreadcrumbList\",\"@id\":\"https:\/\/www.oiq.qc.ca\/en\/membres\/mimpliquer-a-lordre\/superviser-un-candidat-ou-une-candidate\/#breadcrumb\",\"itemListElement\":[{\"@type\":\"ListItem\",\"position\":1,\"name\":\"Home\",\"item\":\"https:\/\/www.oiq.qc.ca\/en\/\"},{\"@type\":\"ListItem\",\"position\":2,\"name\":\"Membres\",\"item\":\"https:\/\/www.oiq.qc.ca\/en\/membres\/\"},{\"@type\":\"ListItem\",\"position\":3,\"name\":\"M&rsquo;impliquer \u00e0 l&rsquo;Ordre\",\"item\":\"https:\/\/www.oiq.qc.ca\/en\/membres\/mimpliquer-a-lordre\/\"},{\"@type\":\"ListItem\",\"position\":4,\"name\":\"Superviser un candidat\"}]},{\"@type\":\"WebSite\",\"@id\":\"https:\/\/www.oiq.qc.ca\/#website\",\"url\":\"https:\/\/www.oiq.qc.ca\/\",\"name\":\"OIQ - Ordre des ing\u00e9nieurs du Qu\u00e9bec\",\"description\":\"Ordre des ing\u00e9nieurs du Qu\u00e9bec\",\"publisher\":{\"@id\":\"https:\/\/www.oiq.qc.ca\/#organization\"},\"potentialAction\":[{\"@type\":\"SearchAction\",\"target\":{\"@type\":\"EntryPoint\",\"urlTemplate\":\"https:\/\/www.oiq.qc.ca\/?s={search_term_string}\"},\"query-input\":{\"@type\":\"PropertyValueSpecification\",\"valueRequired\":true,\"valueName\":\"search_term_string\"}}],\"inLanguage\":\"en-CA\"},{\"@type\":\"Organization\",\"@id\":\"https:\/\/www.oiq.qc.ca\/#organization\",\"name\":\"OIQ - Ordre des Ing\u00e9nieurs du Qu\u00e9bec\",\"url\":\"https:\/\/www.oiq.qc.ca\/\",\"logo\":{\"@type\":\"ImageObject\",\"inLanguage\":\"en-CA\",\"@id\":\"https:\/\/www.oiq.qc.ca\/#\/schema\/logo\/image\/\",\"url\":\"https:\/\/www.oiq.qc.ca\/wp-content\/uploads\/logo-oiq-696x696-yoast.png\",\"contentUrl\":\"https:\/\/www.oiq.qc.ca\/wp-content\/uploads\/logo-oiq-696x696-yoast.png\",\"width\":696,\"height\":696,\"caption\":\"OIQ - Ordre des Ing\u00e9nieurs du Qu\u00e9bec\"},\"image\":{\"@id\":\"https:\/\/www.oiq.qc.ca\/#\/schema\/logo\/image\/\"}}]}<\/script>\n<!-- \/ Yoast SEO plugin. -->","yoast_head_json":{"title":"OIQ &#8211; Ordre des ing\u00e9nieurs du Qu\u00e9bec","description":"D\u00e9couvrez les avantages de devenir superviseur ou superviseure d'un candidat \u00e0 la profession d'ing\u00e9nieur (CPI).","robots":{"index":"index","follow":"follow","max-snippet":"max-snippet:-1","max-image-preview":"max-image-preview:large","max-video-preview":"max-video-preview:-1"},"canonical":"https:\/\/www.oiq.qc.ca\/en\/membres\/mimpliquer-a-lordre\/superviser-un-candidat-ou-une-candidate\/","og_locale":"en_US","og_type":"article","og_title":"Superviser un candidat - OIQ - Ordre des ing\u00e9nieurs du Qu\u00e9bec","og_description":"D\u00e9couvrez les avantages de devenir superviseur ou superviseure d'un candidat \u00e0 la profession d'ing\u00e9nieur (CPI).","og_url":"https:\/\/www.oiq.qc.ca\/en\/membres\/mimpliquer-a-lordre\/superviser-un-candidat-ou-une-candidate\/","og_site_name":"OIQ - Ordre des ing\u00e9nieurs du Qu\u00e9bec","article_modified_time":"2025-09-19T17:52:58+00:00","og_image":[{"width":1200,"height":675,"url":"https:\/\/www.oiq.qc.ca\/wp-content\/uploads\/vignette-web.png","type":"image\/png"}],"twitter_card":"summary_large_image","twitter_misc":{"Est. reading time":"5 minutes"},"schema":{"@context":"https:\/\/schema.org","@graph":[{"@type":"WebPage","@id":"https:\/\/www.oiq.qc.ca\/en\/membres\/mimpliquer-a-lordre\/superviser-un-candidat-ou-une-candidate\/","url":"https:\/\/www.oiq.qc.ca\/en\/membres\/mimpliquer-a-lordre\/superviser-un-candidat-ou-une-candidate\/","name":"Superviser un candidat - OIQ - Ordre des ing\u00e9nieurs du Qu\u00e9bec","isPartOf":{"@id":"https:\/\/www.oiq.qc.ca\/#website"},"datePublished":"2022-03-17T22:55:26+00:00","dateModified":"2025-09-19T17:52:58+00:00","description":"D\u00e9couvrez les avantages de devenir superviseur ou superviseure d'un candidat \u00e0 la profession d'ing\u00e9nieur (CPI).","breadcrumb":{"@id":"https:\/\/www.oiq.qc.ca\/en\/membres\/mimpliquer-a-lordre\/superviser-un-candidat-ou-une-candidate\/#breadcrumb"},"inLanguage":"en-CA","potentialAction":[{"@type":"ReadAction","target":["https:\/\/www.oiq.qc.ca\/en\/membres\/mimpliquer-a-lordre\/superviser-un-candidat-ou-une-candidate\/"]}]},{"@type":"BreadcrumbList","@id":"https:\/\/www.oiq.qc.ca\/en\/membres\/mimpliquer-a-lordre\/superviser-un-candidat-ou-une-candidate\/#breadcrumb","itemListElement":[{"@type":"ListItem","position":1,"name":"Home","item":"https:\/\/www.oiq.qc.ca\/en\/"},{"@type":"ListItem","position":2,"name":"Membres","item":"https:\/\/www.oiq.qc.ca\/en\/membres\/"},{"@type":"ListItem","position":3,"name":"M&rsquo;impliquer \u00e0 l&rsquo;Ordre","item":"https:\/\/www.oiq.qc.ca\/en\/membres\/mimpliquer-a-lordre\/"},{"@type":"ListItem","position":4,"name":"Superviser un candidat"}]},{"@type":"WebSite","@id":"https:\/\/www.oiq.qc.ca\/#website","url":"https:\/\/www.oiq.qc.ca\/","name":"OIQ - Ordre des ing\u00e9nieurs du Qu\u00e9bec","description":"Ordre des ing\u00e9nieurs du Qu\u00e9bec","publisher":{"@id":"https:\/\/www.oiq.qc.ca\/#organization"},"potentialAction":[{"@type":"SearchAction","target":{"@type":"EntryPoint","urlTemplate":"https:\/\/www.oiq.qc.ca\/?s={search_term_string}"},"query-input":{"@type":"PropertyValueSpecification","valueRequired":true,"valueName":"search_term_string"}}],"inLanguage":"en-CA"},{"@type":"Organization","@id":"https:\/\/www.oiq.qc.ca\/#organization","name":"OIQ - Ordre des Ing\u00e9nieurs du Qu\u00e9bec","url":"https:\/\/www.oiq.qc.ca\/","logo":{"@type":"ImageObject","inLanguage":"en-CA","@id":"https:\/\/www.oiq.qc.ca\/#\/schema\/logo\/image\/","url":"https:\/\/www.oiq.qc.ca\/wp-content\/uploads\/logo-oiq-696x696-yoast.png","contentUrl":"https:\/\/www.oiq.qc.ca\/wp-content\/uploads\/logo-oiq-696x696-yoast.png","width":696,"height":696,"caption":"OIQ - Ordre des Ing\u00e9nieurs du Qu\u00e9bec"},"image":{"@id":"https:\/\/www.oiq.qc.ca\/#\/schema\/logo\/image\/"}}]}},"_links":{"self":[{"href":"https:\/\/www.oiq.qc.ca\/en\/wp-json\/wp\/v2\/pages\/16755","targetHints":{"allow":["GET"]}}],"collection":[{"href":"https:\/\/www.oiq.qc.ca\/en\/wp-json\/wp\/v2\/pages"}],"about":[{"href":"https:\/\/www.oiq.qc.ca\/en\/wp-json\/wp\/v2\/types\/page"}],"author":[{"embeddable":true,"href":"https:\/\/www.oiq.qc.ca\/en\/wp-json\/wp\/v2\/users\/8"}],"replies":[{"embeddable":true,"href":"https:\/\/www.oiq.qc.ca\/en\/wp-json\/wp\/v2\/comments?post=16755"}],"version-history":[{"count":0,"href":"https:\/\/www.oiq.qc.ca\/en\/wp-json\/wp\/v2\/pages\/16755\/revisions"}],"up":[{"embeddable":true,"href":"https:\/\/www.oiq.qc.ca\/en\/wp-json\/wp\/v2\/pages\/16753"}],"wp:attachment":[{"href":"https:\/\/www.oiq.qc.ca\/en\/wp-json\/wp\/v2\/media?parent=16755"}],"curies":[{"name":"wp","href":"https:\/\/api.w.org\/{rel}","templated":true}]}}