{"id":16753,"date":"2022-03-12T14:59:05","date_gmt":"2022-03-12T14:59:05","guid":{"rendered":"https:\/\/www.oiq.qc.ca\/membres\/mimpliquer-a-lordre\/"},"modified":"2025-09-19T13:52:11","modified_gmt":"2025-09-19T17:52:11","slug":"mimpliquer-a-lordre","status":"publish","type":"page","link":"https:\/\/www.oiq.qc.ca\/en\/membres\/mimpliquer-a-lordre\/","title":{"rendered":"M&#8217;impliquer \u00e0 l&#8217;Ordre"},"content":{"rendered":"","protected":false},"excerpt":{"rendered":"","protected":false},"author":1,"featured_media":0,"parent":16213,"menu_order":0,"comment_status":"closed","ping_status":"closed","template":"views\/template-sous-membres.blade.php","meta":{"_acf_changed":false,"_relevanssi_hide_post":"","_relevanssi_hide_content":"","_relevanssi_pin_for_all":"","_relevanssi_pin_keywords":"","_relevanssi_unpin_keywords":"","_relevanssi_related_keywords":"","_relevanssi_related_include_ids":"","_relevanssi_related_exclude_ids":"","_relevanssi_related_no_append":"","_relevanssi_related_not_related":"","_relevanssi_related_posts":"1","_relevanssi_noindex_reason":"","inline_featured_image":false,"footnotes":""},"class_list":["post-16753","page","type-page","status-publish","hentry"],"acf":[],"yoast_head":"<!-- This site is optimized with the Yoast SEO plugin v26.6 - https:\/\/yoast.com\/wordpress\/plugins\/seo\/ -->\n<title>OIQ &#8211; Ordre des ing\u00e9nieurs du Qu\u00e9bec<\/title>\n<meta name=\"description\" content=\"B\u00e2tir son avenir, soutenir la rel\u00e8ve, susciter des r\u00e9flexions, \u00e7a vous parle? D\u00e9couvrez comment vous impliquer \u00e0 l\u2019Ordre et investir, ensemble, pour l\u2019avenir\" \/>\n<meta name=\"robots\" content=\"index, follow, max-snippet:-1, max-image-preview:large, max-video-preview:-1\" \/>\n<link rel=\"canonical\" href=\"https:\/\/www.oiq.qc.ca\/en\/membres\/mimpliquer-a-lordre\/\" \/>\n<meta property=\"og:locale\" content=\"en_US\" \/>\n<meta property=\"og:type\" content=\"article\" \/>\n<meta property=\"og:title\" content=\"M&#039;impliquer \u00e0 l&#039;Ordre - OIQ - Ordre des ing\u00e9nieurs du Qu\u00e9bec\" \/>\n<meta property=\"og:description\" content=\"B\u00e2tir son avenir, soutenir la rel\u00e8ve, susciter des r\u00e9flexions, \u00e7a vous parle? D\u00e9couvrez comment vous impliquer \u00e0 l\u2019Ordre et investir, ensemble, pour l\u2019avenir\" \/>\n<meta property=\"og:url\" content=\"https:\/\/www.oiq.qc.ca\/en\/membres\/mimpliquer-a-lordre\/\" \/>\n<meta property=\"og:site_name\" content=\"OIQ - Ordre des ing\u00e9nieurs du Qu\u00e9bec\" \/>\n<meta property=\"article:modified_time\" content=\"2025-09-19T17:52:11+00:00\" \/>\n<meta property=\"og:image\" content=\"https:\/\/www.oiq.qc.ca\/wp-content\/uploads\/vignette-web.png\" \/>\n\t<meta property=\"og:image:width\" content=\"1200\" \/>\n\t<meta property=\"og:image:height\" content=\"675\" \/>\n\t<meta property=\"og:image:type\" content=\"image\/png\" \/>\n<meta name=\"twitter:card\" content=\"summary_large_image\" \/>\n<meta name=\"twitter:label1\" content=\"Est. reading time\" \/>\n\t<meta name=\"twitter:data1\" content=\"3 minutes\" \/>\n<script type=\"application\/ld+json\" class=\"yoast-schema-graph\">{\"@context\":\"https:\/\/schema.org\",\"@graph\":[{\"@type\":\"WebPage\",\"@id\":\"https:\/\/www.oiq.qc.ca\/en\/membres\/mimpliquer-a-lordre\/\",\"url\":\"https:\/\/www.oiq.qc.ca\/en\/membres\/mimpliquer-a-lordre\/\",\"name\":\"M'impliquer \u00e0 l'Ordre - OIQ - Ordre des ing\u00e9nieurs du Qu\u00e9bec\",\"isPartOf\":{\"@id\":\"https:\/\/www.oiq.qc.ca\/#website\"},\"datePublished\":\"2022-03-12T14:59:05+00:00\",\"dateModified\":\"2025-09-19T17:52:11+00:00\",\"description\":\"B\u00e2tir son avenir, soutenir la rel\u00e8ve, susciter des r\u00e9flexions, \u00e7a vous parle? D\u00e9couvrez comment vous impliquer \u00e0 l\u2019Ordre et investir, ensemble, pour l\u2019avenir\",\"breadcrumb\":{\"@id\":\"https:\/\/www.oiq.qc.ca\/en\/membres\/mimpliquer-a-lordre\/#breadcrumb\"},\"inLanguage\":\"en-CA\",\"potentialAction\":[{\"@type\":\"ReadAction\",\"target\":[\"https:\/\/www.oiq.qc.ca\/en\/membres\/mimpliquer-a-lordre\/\"]}]},{\"@type\":\"BreadcrumbList\",\"@id\":\"https:\/\/www.oiq.qc.ca\/en\/membres\/mimpliquer-a-lordre\/#breadcrumb\",\"itemListElement\":[{\"@type\":\"ListItem\",\"position\":1,\"name\":\"Home\",\"item\":\"https:\/\/www.oiq.qc.ca\/en\/\"},{\"@type\":\"ListItem\",\"position\":2,\"name\":\"Membres\",\"item\":\"https:\/\/www.oiq.qc.ca\/en\/membres\/\"},{\"@type\":\"ListItem\",\"position\":3,\"name\":\"M&rsquo;impliquer \u00e0 l&rsquo;Ordre\"}]},{\"@type\":\"WebSite\",\"@id\":\"https:\/\/www.oiq.qc.ca\/#website\",\"url\":\"https:\/\/www.oiq.qc.ca\/\",\"name\":\"OIQ - Ordre des ing\u00e9nieurs du Qu\u00e9bec\",\"description\":\"Ordre des ing\u00e9nieurs du Qu\u00e9bec\",\"publisher\":{\"@id\":\"https:\/\/www.oiq.qc.ca\/#organization\"},\"potentialAction\":[{\"@type\":\"SearchAction\",\"target\":{\"@type\":\"EntryPoint\",\"urlTemplate\":\"https:\/\/www.oiq.qc.ca\/?s={search_term_string}\"},\"query-input\":{\"@type\":\"PropertyValueSpecification\",\"valueRequired\":true,\"valueName\":\"search_term_string\"}}],\"inLanguage\":\"en-CA\"},{\"@type\":\"Organization\",\"@id\":\"https:\/\/www.oiq.qc.ca\/#organization\",\"name\":\"OIQ - Ordre des Ing\u00e9nieurs du Qu\u00e9bec\",\"url\":\"https:\/\/www.oiq.qc.ca\/\",\"logo\":{\"@type\":\"ImageObject\",\"inLanguage\":\"en-CA\",\"@id\":\"https:\/\/www.oiq.qc.ca\/#\/schema\/logo\/image\/\",\"url\":\"https:\/\/www.oiq.qc.ca\/wp-content\/uploads\/logo-oiq-696x696-yoast.png\",\"contentUrl\":\"https:\/\/www.oiq.qc.ca\/wp-content\/uploads\/logo-oiq-696x696-yoast.png\",\"width\":696,\"height\":696,\"caption\":\"OIQ - Ordre des Ing\u00e9nieurs du Qu\u00e9bec\"},\"image\":{\"@id\":\"https:\/\/www.oiq.qc.ca\/#\/schema\/logo\/image\/\"}}]}<\/script>\n<!-- \/ Yoast SEO plugin. -->","yoast_head_json":{"title":"OIQ &#8211; Ordre des ing\u00e9nieurs du Qu\u00e9bec","description":"B\u00e2tir son avenir, soutenir la rel\u00e8ve, susciter des r\u00e9flexions, \u00e7a vous parle? D\u00e9couvrez comment vous impliquer \u00e0 l\u2019Ordre et investir, ensemble, pour l\u2019avenir","robots":{"index":"index","follow":"follow","max-snippet":"max-snippet:-1","max-image-preview":"max-image-preview:large","max-video-preview":"max-video-preview:-1"},"canonical":"https:\/\/www.oiq.qc.ca\/en\/membres\/mimpliquer-a-lordre\/","og_locale":"en_US","og_type":"article","og_title":"M'impliquer \u00e0 l'Ordre - OIQ - Ordre des ing\u00e9nieurs du Qu\u00e9bec","og_description":"B\u00e2tir son avenir, soutenir la rel\u00e8ve, susciter des r\u00e9flexions, \u00e7a vous parle? D\u00e9couvrez comment vous impliquer \u00e0 l\u2019Ordre et investir, ensemble, pour l\u2019avenir","og_url":"https:\/\/www.oiq.qc.ca\/en\/membres\/mimpliquer-a-lordre\/","og_site_name":"OIQ - Ordre des ing\u00e9nieurs du Qu\u00e9bec","article_modified_time":"2025-09-19T17:52:11+00:00","og_image":[{"width":1200,"height":675,"url":"https:\/\/www.oiq.qc.ca\/wp-content\/uploads\/vignette-web.png","type":"image\/png"}],"twitter_card":"summary_large_image","twitter_misc":{"Est. reading time":"3 minutes"},"schema":{"@context":"https:\/\/schema.org","@graph":[{"@type":"WebPage","@id":"https:\/\/www.oiq.qc.ca\/en\/membres\/mimpliquer-a-lordre\/","url":"https:\/\/www.oiq.qc.ca\/en\/membres\/mimpliquer-a-lordre\/","name":"M'impliquer \u00e0 l'Ordre - OIQ - Ordre des ing\u00e9nieurs du Qu\u00e9bec","isPartOf":{"@id":"https:\/\/www.oiq.qc.ca\/#website"},"datePublished":"2022-03-12T14:59:05+00:00","dateModified":"2025-09-19T17:52:11+00:00","description":"B\u00e2tir son avenir, soutenir la rel\u00e8ve, susciter des r\u00e9flexions, \u00e7a vous parle? D\u00e9couvrez comment vous impliquer \u00e0 l\u2019Ordre et investir, ensemble, pour l\u2019avenir","breadcrumb":{"@id":"https:\/\/www.oiq.qc.ca\/en\/membres\/mimpliquer-a-lordre\/#breadcrumb"},"inLanguage":"en-CA","potentialAction":[{"@type":"ReadAction","target":["https:\/\/www.oiq.qc.ca\/en\/membres\/mimpliquer-a-lordre\/"]}]},{"@type":"BreadcrumbList","@id":"https:\/\/www.oiq.qc.ca\/en\/membres\/mimpliquer-a-lordre\/#breadcrumb","itemListElement":[{"@type":"ListItem","position":1,"name":"Home","item":"https:\/\/www.oiq.qc.ca\/en\/"},{"@type":"ListItem","position":2,"name":"Membres","item":"https:\/\/www.oiq.qc.ca\/en\/membres\/"},{"@type":"ListItem","position":3,"name":"M&rsquo;impliquer \u00e0 l&rsquo;Ordre"}]},{"@type":"WebSite","@id":"https:\/\/www.oiq.qc.ca\/#website","url":"https:\/\/www.oiq.qc.ca\/","name":"OIQ - Ordre des ing\u00e9nieurs du Qu\u00e9bec","description":"Ordre des ing\u00e9nieurs du Qu\u00e9bec","publisher":{"@id":"https:\/\/www.oiq.qc.ca\/#organization"},"potentialAction":[{"@type":"SearchAction","target":{"@type":"EntryPoint","urlTemplate":"https:\/\/www.oiq.qc.ca\/?s={search_term_string}"},"query-input":{"@type":"PropertyValueSpecification","valueRequired":true,"valueName":"search_term_string"}}],"inLanguage":"en-CA"},{"@type":"Organization","@id":"https:\/\/www.oiq.qc.ca\/#organization","name":"OIQ - Ordre des Ing\u00e9nieurs du Qu\u00e9bec","url":"https:\/\/www.oiq.qc.ca\/","logo":{"@type":"ImageObject","inLanguage":"en-CA","@id":"https:\/\/www.oiq.qc.ca\/#\/schema\/logo\/image\/","url":"https:\/\/www.oiq.qc.ca\/wp-content\/uploads\/logo-oiq-696x696-yoast.png","contentUrl":"https:\/\/www.oiq.qc.ca\/wp-content\/uploads\/logo-oiq-696x696-yoast.png","width":696,"height":696,"caption":"OIQ - Ordre des Ing\u00e9nieurs du Qu\u00e9bec"},"image":{"@id":"https:\/\/www.oiq.qc.ca\/#\/schema\/logo\/image\/"}}]}},"_links":{"self":[{"href":"https:\/\/www.oiq.qc.ca\/en\/wp-json\/wp\/v2\/pages\/16753","targetHints":{"allow":["GET"]}}],"collection":[{"href":"https:\/\/www.oiq.qc.ca\/en\/wp-json\/wp\/v2\/pages"}],"about":[{"href":"https:\/\/www.oiq.qc.ca\/en\/wp-json\/wp\/v2\/types\/page"}],"author":[{"embeddable":true,"href":"https:\/\/www.oiq.qc.ca\/en\/wp-json\/wp\/v2\/users\/1"}],"replies":[{"embeddable":true,"href":"https:\/\/www.oiq.qc.ca\/en\/wp-json\/wp\/v2\/comments?post=16753"}],"version-history":[{"count":0,"href":"https:\/\/www.oiq.qc.ca\/en\/wp-json\/wp\/v2\/pages\/16753\/revisions"}],"up":[{"embeddable":true,"href":"https:\/\/www.oiq.qc.ca\/en\/wp-json\/wp\/v2\/pages\/16213"}],"wp:attachment":[{"href":"https:\/\/www.oiq.qc.ca\/en\/wp-json\/wp\/v2\/media?parent=16753"}],"curies":[{"name":"wp","href":"https:\/\/api.w.org\/{rel}","templated":true}]}}