{"id":16252,"date":"2022-03-17T21:48:55","date_gmt":"2022-03-17T21:48:55","guid":{"rendered":"https:\/\/www.oiq.qc.ca\/general-public\/protection-of-the-public\/continuing-education-explained-to-the-public\/"},"modified":"2025-09-19T13:24:18","modified_gmt":"2025-09-19T17:24:18","slug":"continuing-education-explained-to-the-public","status":"publish","type":"page","link":"https:\/\/www.oiq.qc.ca\/en\/general-public\/protection-of-the-public\/continuing-education-explained-to-the-public\/","title":{"rendered":"Continuing Education Explained to the Public"},"content":{"rendered":"<div  class=\"block-wrapper \" data-block-name=\"Nouvelle Section\">\n<div class=\"new-section \" >\n        <div class=\"ns-container\">\n                            <div class=\"ns-inner\">\n                    <div class=\"ns-content\">\n                        <div class=\"container\">\n                            <div class=\"row\">\n                                <div class=\"col-12\">\n                                    <div class=\"ns-title\">\n                                                                                    <h2 class=\"ns-title\">What is continuing education?<\/h2>\n                                                                            <\/div>\n                                <\/div>\n                                <div class=\"col-12\">\n                                    <div class=\"ns-txt\">\n                                                                                    <div class=\"wysiwyg \">\n\t<p>Continuing education refers to all activities intended to update or develop the skills of our members. In short, continuing education allows engineers to maintain and enrich their professional practice.<\/p>\n<p>In Quebec, with some exceptions, engineers must participate in a minimum of 30 hours of continuing education over a period of two years, for the duration of their careers. This meets the requirements set out in the <a href=\"http:\/\/www2.publicationsduquebec.gouv.qc.ca\/dynamicSearch\/telecharge.php?type=1&amp;file=73630.pdf\" data-gc-link=\"http:\/\/www2.publicationsduquebec.gouv.qc.ca\/dynamicSearch\/telecharge.php?type=1&amp;file=73630.pdf\">R\u00e8glement sur la formation continue obligatoire des ing\u00e9nieur<\/a>.<\/p>\n\n<\/div>                                                                            <\/div>\n                                <\/div>\n                            <\/div>\n                        <\/div>\n                    <\/div>\n                                    <\/div>\n                            <div class=\"ns-inner\">\n                    <div class=\"ns-content\">\n                        <div class=\"container\">\n                            <div class=\"row\">\n                                <div class=\"col-12\">\n                                    <div class=\"ns-title\">\n                                                                                    <h2 class=\"ns-title\">What topics are covered?<\/h2>\n                                                                            <\/div>\n                                <\/div>\n                                <div class=\"col-12\">\n                                    <div class=\"ns-txt\">\n                                                                                    <div class=\"wysiwyg \">\n\t<p>Eligible activities cover all aspects of the engineering practice. They can range from technical issues to law, management, ethics, and communications.<\/p>\n\n<\/div>                                                                            <\/div>\n                                <\/div>\n                            <\/div>\n                        <\/div>\n                    <\/div>\n                                            <div class=\"container\">\n                            <div class=\"row\">\n                                <div class=\"col-12\">\n                                    <div class=\"ns-footer\" data-component=\"modal\">\n                                                                                                                                                                                <a href=\"https:\/\/www.oiq.qc.ca\/en\/membres\/your-obligations\/continuing-education\/maestro\/\" target=\"\" class=\"btn bordered\">\n\n            <span class=\"label\">Discover MAESTRO\u2019s catalog<\/span>\n    \n                    <span class=\"icon reset-font\"><svg xmlns=\"http:\/\/www.w3.org\/2000\/svg\" width=\"18\" height=\"16\" viewBox=\"0 0 18 16\" fill=\"none\" class=\"arrow-mini-icon\">\n\t<path d=\"M10.3601 1.25732L9.99606 1.6001L9.99606 1.6001L10.3601 1.25732ZM10.0173 0.893311L10.3813 0.550537L10.0385 0.186524L9.67453 0.529298L10.0173 0.893311ZM16.0226 7.27076L15.6586 7.61353L16.0226 8.0001L16.3867 7.61353L16.0226 7.27076ZM16.1788 7.10491L16.5216 6.7409L16.1576 6.39813L15.8148 6.76214L16.1788 7.10491ZM16.9068 7.79046L17.2709 8.13324L17.6136 7.76922L17.2496 7.42645L16.9068 7.79046ZM16.7094 8.0001L16.3454 7.65732L16.0226 8.0001L16.3454 8.34287L16.7094 8.0001ZM16.9068 8.20974L17.2496 8.57375L17.6136 8.23097L17.2709 7.86696L16.9068 8.20974ZM16.1788 8.89528L15.8148 9.23806L16.1576 9.60207L16.5216 9.2593L16.1788 8.89528ZM16.0226 8.72944L16.3867 8.38667L16.0226 8.0001L15.6586 8.38667L16.0226 8.72944ZM10.3601 14.7429L10.7241 15.0856L10.7241 15.0856L10.3601 14.7429ZM10.0173 15.1069L9.67453 15.4709L10.0385 15.8137L10.3813 15.4497L10.0173 15.1069ZM9.28927 14.4213L8.92526 14.0786L8.58248 14.4426L8.9465 14.7854L9.28927 14.4213ZM9.63205 14.0573L9.99606 14.4001L9.99606 14.4001L9.63205 14.0573ZM14.865 8.5001L15.229 8.84287L16.0226 8.0001H14.865V8.5001ZM1.30005 8.5001H0.800049V9.0001H1.30005V8.5001ZM1.30005 7.5001V7.0001H0.800049V7.5001H1.30005ZM14.865 7.5001V8.0001H16.0226L15.229 7.15732L14.865 7.5001ZM9.63205 1.94287L9.99606 1.6001L9.63205 1.94287ZM9.28927 1.57886L8.9465 1.21485L8.58248 1.55762L8.92526 1.92163L9.28927 1.57886ZM10.7241 0.91455L10.3813 0.550537L9.65329 1.23609L9.99606 1.6001L10.7241 0.91455ZM16.3867 6.92798L10.7241 0.91455L9.99606 1.6001L15.6586 7.61353L16.3867 6.92798ZM16.3867 7.61353L16.5428 7.44769L15.8148 6.76214L15.6586 6.92798L16.3867 7.61353ZM15.836 7.46893L16.5641 8.15448L17.2496 7.42645L16.5216 6.7409L15.836 7.46893ZM16.5428 7.44769L16.3454 7.65732L17.0734 8.34287L17.2709 8.13324L16.5428 7.44769ZM17.2709 7.86696L17.0734 7.65732L16.3454 8.34287L16.5428 8.55251L17.2709 7.86696ZM16.5216 9.2593L17.2496 8.57375L16.5641 7.84572L15.836 8.53127L16.5216 9.2593ZM15.6586 9.07222L15.8148 9.23806L16.5428 8.55251L16.3867 8.38667L15.6586 9.07222ZM15.6586 8.38667L9.99606 14.4001L10.7241 15.0856L16.3867 9.07222L15.6586 8.38667ZM9.99606 14.4001L9.65329 14.7641L10.3813 15.4497L10.7241 15.0856L9.99606 14.4001ZM10.3601 14.7429L9.63205 14.0573L8.9465 14.7854L9.67453 15.4709L10.3601 14.7429ZM9.65329 14.7641L9.99606 14.4001L9.26803 13.7146L8.92526 14.0786L9.65329 14.7641ZM9.99606 14.4001L15.229 8.84287L14.501 8.15732L9.26803 13.7146L9.99606 14.4001ZM1.80005 9.0001H14.865V8.0001H1.80005V9.0001ZM1.30005 9.0001H1.80005V8.0001H1.30005V9.0001ZM0.800049 7.5001V8.5001H1.80005V7.5001H0.800049ZM1.80005 7.0001H1.30005V8.0001H1.80005V7.0001ZM14.865 7.0001H1.80005V8.0001H14.865V7.0001ZM9.26803 2.28565L14.501 7.84287L15.229 7.15732L9.99606 1.6001L9.26803 2.28565ZM8.92526 1.92163L9.26803 2.28565L9.99606 1.6001L9.65329 1.23609L8.92526 1.92163ZM9.67453 0.529298L8.9465 1.21485L9.63205 1.94287L10.3601 1.25732L9.67453 0.529298Z\"\n\t      fill=\"#0046F0\" class=\"fill\"\/>\n<\/svg>\n<\/span>\n    \n    <\/a>\n                                                                                                                                                                    <\/div>\n                                <\/div>\n                            <\/div>\n                        <\/div>\n                                    <\/div>\n                            <div class=\"ns-inner\">\n                    <div class=\"ns-content\">\n                        <div class=\"container\">\n                            <div class=\"row\">\n                                <div class=\"col-12\">\n                                    <div class=\"ns-title\">\n                                                                                    <h2 class=\"ns-title\">Why is this so important?<\/h2>\n                                                                            <\/div>\n                                <\/div>\n                                <div class=\"col-12\">\n                                    <div class=\"ns-txt\">\n                                                                                    <div class=\"wysiwyg \">\n\t<p>The development of knowledge on an ongoing basis contributes to the maintenance and development of skills, especially when it is accompanied by experience and mutual support. This is why the OIQ places such importance on continuing education. Engineers who fail to meet this requirement may have their right to practice limited and they can even be struck from the roll.<\/p>\n\n<\/div>                                                                            <\/div>\n                                <\/div>\n                            <\/div>\n                        <\/div>\n                    <\/div>\n                                    <\/div>\n                            <div class=\"ns-inner\">\n                    <div class=\"ns-content\">\n                        <div class=\"container\">\n                            <div class=\"row\">\n                                <div class=\"col-12\">\n                                    <div class=\"ns-title\">\n                                                                                    <h2 class=\"ns-title\">What are the benefits for the general public?<\/h2>\n                                                                            <\/div>\n                                <\/div>\n                                <div class=\"col-12\">\n                                    <div class=\"ns-txt\">\n                                                                                    <div class=\"wysiwyg \">\n\t<p>The OIQ\u2019s directory of members lists engineers who have met their continuing education requirements. With a quick search in our <a href=\"https:\/\/membres.oiq.qc.ca\/OIQ\/Public\/Fr\/Bottin\/Recherche.aspx\" data-gc-link=\"https:\/\/membres.oiq.qc.ca\/OIQ\/Public\/Fr\/Bottin\/Recherche.aspx\">directory<\/a>, you can verify the legitimacy of a person who practices the profession.<\/p>\n\n<\/div>                                                                            <\/div>\n                                <\/div>\n                            <\/div>\n                        <\/div>\n                    <\/div>\n                                    <\/div>\n                    <\/div>\n    <\/div>\n\n<script>\n    $(window).load(function() {\n        let hash = window.location.hash;\n        if (hash) {\n            $('html,body').animate({ scrollTop: $(hash).offset().top - 60 }, 'slow');\n        }\n    });\n<\/script>\n<\/div>\n\n\n<div  class=\"block-wrapper \">\n<div class=\"message is-dark\">\n      <div class=\"message-wrapper container\">\n          <div class=\"row\">\n              <div class=\"col-12 mw-inner\">\n                  <div class=\"message-inner\">\n                      <div class=\"message-header\">\n                                                    <div class=\"message-content\">\n                                                                <div class=\"message-title\">\n                                      <h2>Building confidence in the engineering profession<\/h2>\n                                  <\/div>\n                                                            <div class=\"message-txt\">\n                                  <div class=\"wysiwyg \">\n\t<p>More than ever, the OIQ is working to protect the public. Its key word? Trust. Through the educational programs that its members follow, the OIQ encourages the development of ethics, skills, responsibility and social commitment.<\/p>\n<p>Its ultimate goals? To have clear and transparent practices that you can trust and allow you to have confidence in the excellence of the profession.<\/p>\n\n<\/div>                              <\/div>\n                              <div class=\"message-footer no-icon \">\n                                                                  <\/div>\n                          <\/div>\n                      <\/div>\n                  <\/div>\n              <\/div>\n          <\/div>\n        <\/div>\n<\/div>\n<\/div>\n","protected":false},"excerpt":{"rendered":"","protected":false},"author":8,"featured_media":0,"parent":15749,"menu_order":0,"comment_status":"closed","ping_status":"closed","template":"views\/template-builder.blade.php","meta":{"_acf_changed":false,"_relevanssi_hide_post":"","_relevanssi_hide_content":"","_relevanssi_pin_for_all":"","_relevanssi_pin_keywords":"","_relevanssi_unpin_keywords":"","_relevanssi_related_keywords":"","_relevanssi_related_include_ids":"","_relevanssi_related_exclude_ids":"","_relevanssi_related_no_append":"","_relevanssi_related_not_related":"","_relevanssi_related_posts":"1","_relevanssi_noindex_reason":"","inline_featured_image":false,"footnotes":""},"class_list":["post-16252","page","type-page","status-publish","hentry"],"acf":[],"yoast_head":"<!-- This site is optimized with the Yoast SEO plugin v26.6 - https:\/\/yoast.com\/wordpress\/plugins\/seo\/ -->\n<title>OIQ &#8211; Ordre des ing\u00e9nieurs du Qu\u00e9bec<\/title>\n<meta name=\"robots\" content=\"index, follow, max-snippet:-1, max-image-preview:large, max-video-preview:-1\" \/>\n<link rel=\"canonical\" href=\"https:\/\/www.oiq.qc.ca\/en\/general-public\/protection-of-the-public\/continuing-education-explained-to-the-public\/\" \/>\n<meta property=\"og:locale\" content=\"en_US\" \/>\n<meta property=\"og:type\" content=\"article\" \/>\n<meta property=\"og:title\" content=\"Continuing Education Explained to the Public - OIQ - Ordre des ing\u00e9nieurs du Qu\u00e9bec\" \/>\n<meta property=\"og:url\" content=\"https:\/\/www.oiq.qc.ca\/en\/general-public\/protection-of-the-public\/continuing-education-explained-to-the-public\/\" \/>\n<meta property=\"og:site_name\" content=\"OIQ - Ordre des ing\u00e9nieurs du Qu\u00e9bec\" \/>\n<meta property=\"article:modified_time\" content=\"2025-09-19T17:24:18+00:00\" \/>\n<meta property=\"og:image\" content=\"https:\/\/www.oiq.qc.ca\/wp-content\/uploads\/vignette-web.png\" \/>\n\t<meta property=\"og:image:width\" content=\"1200\" \/>\n\t<meta property=\"og:image:height\" content=\"675\" \/>\n\t<meta property=\"og:image:type\" content=\"image\/png\" \/>\n<meta name=\"twitter:card\" content=\"summary_large_image\" \/>\n<meta name=\"twitter:label1\" content=\"Est. reading time\" \/>\n\t<meta name=\"twitter:data1\" content=\"3 minutes\" \/>\n<script type=\"application\/ld+json\" class=\"yoast-schema-graph\">{\"@context\":\"https:\/\/schema.org\",\"@graph\":[{\"@type\":\"WebPage\",\"@id\":\"https:\/\/www.oiq.qc.ca\/en\/general-public\/protection-of-the-public\/continuing-education-explained-to-the-public\/\",\"url\":\"https:\/\/www.oiq.qc.ca\/en\/general-public\/protection-of-the-public\/continuing-education-explained-to-the-public\/\",\"name\":\"Continuing Education Explained to the Public - OIQ - Ordre des ing\u00e9nieurs du Qu\u00e9bec\",\"isPartOf\":{\"@id\":\"https:\/\/www.oiq.qc.ca\/#website\"},\"datePublished\":\"2022-03-17T21:48:55+00:00\",\"dateModified\":\"2025-09-19T17:24:18+00:00\",\"breadcrumb\":{\"@id\":\"https:\/\/www.oiq.qc.ca\/en\/general-public\/protection-of-the-public\/continuing-education-explained-to-the-public\/#breadcrumb\"},\"inLanguage\":\"en-CA\",\"potentialAction\":[{\"@type\":\"ReadAction\",\"target\":[\"https:\/\/www.oiq.qc.ca\/en\/general-public\/protection-of-the-public\/continuing-education-explained-to-the-public\/\"]}]},{\"@type\":\"BreadcrumbList\",\"@id\":\"https:\/\/www.oiq.qc.ca\/en\/general-public\/protection-of-the-public\/continuing-education-explained-to-the-public\/#breadcrumb\",\"itemListElement\":[{\"@type\":\"ListItem\",\"position\":1,\"name\":\"Home\",\"item\":\"https:\/\/www.oiq.qc.ca\/en\/\"},{\"@type\":\"ListItem\",\"position\":2,\"name\":\"General Public\",\"item\":\"https:\/\/www.oiq.qc.ca\/en\/general-public\/\"},{\"@type\":\"ListItem\",\"position\":3,\"name\":\"Protection of the public\",\"item\":\"https:\/\/www.oiq.qc.ca\/en\/general-public\/protection-of-the-public\/\"},{\"@type\":\"ListItem\",\"position\":4,\"name\":\"Continuing Education Explained to the Public\"}]},{\"@type\":\"WebSite\",\"@id\":\"https:\/\/www.oiq.qc.ca\/#website\",\"url\":\"https:\/\/www.oiq.qc.ca\/\",\"name\":\"OIQ - Ordre des ing\u00e9nieurs du Qu\u00e9bec\",\"description\":\"Ordre des ing\u00e9nieurs du Qu\u00e9bec\",\"publisher\":{\"@id\":\"https:\/\/www.oiq.qc.ca\/#organization\"},\"potentialAction\":[{\"@type\":\"SearchAction\",\"target\":{\"@type\":\"EntryPoint\",\"urlTemplate\":\"https:\/\/www.oiq.qc.ca\/?s={search_term_string}\"},\"query-input\":{\"@type\":\"PropertyValueSpecification\",\"valueRequired\":true,\"valueName\":\"search_term_string\"}}],\"inLanguage\":\"en-CA\"},{\"@type\":\"Organization\",\"@id\":\"https:\/\/www.oiq.qc.ca\/#organization\",\"name\":\"OIQ - Ordre des Ing\u00e9nieurs du Qu\u00e9bec\",\"url\":\"https:\/\/www.oiq.qc.ca\/\",\"logo\":{\"@type\":\"ImageObject\",\"inLanguage\":\"en-CA\",\"@id\":\"https:\/\/www.oiq.qc.ca\/#\/schema\/logo\/image\/\",\"url\":\"https:\/\/www.oiq.qc.ca\/wp-content\/uploads\/logo-oiq-696x696-yoast.png\",\"contentUrl\":\"https:\/\/www.oiq.qc.ca\/wp-content\/uploads\/logo-oiq-696x696-yoast.png\",\"width\":696,\"height\":696,\"caption\":\"OIQ - Ordre des Ing\u00e9nieurs du Qu\u00e9bec\"},\"image\":{\"@id\":\"https:\/\/www.oiq.qc.ca\/#\/schema\/logo\/image\/\"}}]}<\/script>\n<!-- \/ Yoast SEO plugin. -->","yoast_head_json":{"title":"OIQ &#8211; Ordre des ing\u00e9nieurs du Qu\u00e9bec","robots":{"index":"index","follow":"follow","max-snippet":"max-snippet:-1","max-image-preview":"max-image-preview:large","max-video-preview":"max-video-preview:-1"},"canonical":"https:\/\/www.oiq.qc.ca\/en\/general-public\/protection-of-the-public\/continuing-education-explained-to-the-public\/","og_locale":"en_US","og_type":"article","og_title":"Continuing Education Explained to the Public - OIQ - Ordre des ing\u00e9nieurs du Qu\u00e9bec","og_url":"https:\/\/www.oiq.qc.ca\/en\/general-public\/protection-of-the-public\/continuing-education-explained-to-the-public\/","og_site_name":"OIQ - Ordre des ing\u00e9nieurs du Qu\u00e9bec","article_modified_time":"2025-09-19T17:24:18+00:00","og_image":[{"width":1200,"height":675,"url":"https:\/\/www.oiq.qc.ca\/wp-content\/uploads\/vignette-web.png","type":"image\/png"}],"twitter_card":"summary_large_image","twitter_misc":{"Est. reading time":"3 minutes"},"schema":{"@context":"https:\/\/schema.org","@graph":[{"@type":"WebPage","@id":"https:\/\/www.oiq.qc.ca\/en\/general-public\/protection-of-the-public\/continuing-education-explained-to-the-public\/","url":"https:\/\/www.oiq.qc.ca\/en\/general-public\/protection-of-the-public\/continuing-education-explained-to-the-public\/","name":"Continuing Education Explained to the Public - OIQ - Ordre des ing\u00e9nieurs du Qu\u00e9bec","isPartOf":{"@id":"https:\/\/www.oiq.qc.ca\/#website"},"datePublished":"2022-03-17T21:48:55+00:00","dateModified":"2025-09-19T17:24:18+00:00","breadcrumb":{"@id":"https:\/\/www.oiq.qc.ca\/en\/general-public\/protection-of-the-public\/continuing-education-explained-to-the-public\/#breadcrumb"},"inLanguage":"en-CA","potentialAction":[{"@type":"ReadAction","target":["https:\/\/www.oiq.qc.ca\/en\/general-public\/protection-of-the-public\/continuing-education-explained-to-the-public\/"]}]},{"@type":"BreadcrumbList","@id":"https:\/\/www.oiq.qc.ca\/en\/general-public\/protection-of-the-public\/continuing-education-explained-to-the-public\/#breadcrumb","itemListElement":[{"@type":"ListItem","position":1,"name":"Home","item":"https:\/\/www.oiq.qc.ca\/en\/"},{"@type":"ListItem","position":2,"name":"General Public","item":"https:\/\/www.oiq.qc.ca\/en\/general-public\/"},{"@type":"ListItem","position":3,"name":"Protection of the public","item":"https:\/\/www.oiq.qc.ca\/en\/general-public\/protection-of-the-public\/"},{"@type":"ListItem","position":4,"name":"Continuing Education Explained to the Public"}]},{"@type":"WebSite","@id":"https:\/\/www.oiq.qc.ca\/#website","url":"https:\/\/www.oiq.qc.ca\/","name":"OIQ - Ordre des ing\u00e9nieurs du Qu\u00e9bec","description":"Ordre des ing\u00e9nieurs du Qu\u00e9bec","publisher":{"@id":"https:\/\/www.oiq.qc.ca\/#organization"},"potentialAction":[{"@type":"SearchAction","target":{"@type":"EntryPoint","urlTemplate":"https:\/\/www.oiq.qc.ca\/?s={search_term_string}"},"query-input":{"@type":"PropertyValueSpecification","valueRequired":true,"valueName":"search_term_string"}}],"inLanguage":"en-CA"},{"@type":"Organization","@id":"https:\/\/www.oiq.qc.ca\/#organization","name":"OIQ - Ordre des Ing\u00e9nieurs du Qu\u00e9bec","url":"https:\/\/www.oiq.qc.ca\/","logo":{"@type":"ImageObject","inLanguage":"en-CA","@id":"https:\/\/www.oiq.qc.ca\/#\/schema\/logo\/image\/","url":"https:\/\/www.oiq.qc.ca\/wp-content\/uploads\/logo-oiq-696x696-yoast.png","contentUrl":"https:\/\/www.oiq.qc.ca\/wp-content\/uploads\/logo-oiq-696x696-yoast.png","width":696,"height":696,"caption":"OIQ - Ordre des Ing\u00e9nieurs du Qu\u00e9bec"},"image":{"@id":"https:\/\/www.oiq.qc.ca\/#\/schema\/logo\/image\/"}}]}},"_links":{"self":[{"href":"https:\/\/www.oiq.qc.ca\/en\/wp-json\/wp\/v2\/pages\/16252","targetHints":{"allow":["GET"]}}],"collection":[{"href":"https:\/\/www.oiq.qc.ca\/en\/wp-json\/wp\/v2\/pages"}],"about":[{"href":"https:\/\/www.oiq.qc.ca\/en\/wp-json\/wp\/v2\/types\/page"}],"author":[{"embeddable":true,"href":"https:\/\/www.oiq.qc.ca\/en\/wp-json\/wp\/v2\/users\/8"}],"replies":[{"embeddable":true,"href":"https:\/\/www.oiq.qc.ca\/en\/wp-json\/wp\/v2\/comments?post=16252"}],"version-history":[{"count":0,"href":"https:\/\/www.oiq.qc.ca\/en\/wp-json\/wp\/v2\/pages\/16252\/revisions"}],"up":[{"embeddable":true,"href":"https:\/\/www.oiq.qc.ca\/en\/wp-json\/wp\/v2\/pages\/15749"}],"wp:attachment":[{"href":"https:\/\/www.oiq.qc.ca\/en\/wp-json\/wp\/v2\/media?parent=16252"}],"curies":[{"name":"wp","href":"https:\/\/api.w.org\/{rel}","templated":true}]}}