{"id":16237,"date":"2022-03-15T11:22:15","date_gmt":"2022-03-15T11:22:15","guid":{"rendered":"https:\/\/www.oiq.qc.ca\/lordre\/mission-et-vision-de-l-ordre\/"},"modified":"2025-09-19T14:43:33","modified_gmt":"2025-09-19T18:43:33","slug":"our-mission-and-our-vision","status":"publish","type":"page","link":"https:\/\/www.oiq.qc.ca\/en\/lordre\/our-mission-and-our-vision\/","title":{"rendered":"Our mission and our vision"},"content":{"rendered":"<div  class=\"block-wrapper \" data-block-name=\"Nouvelle Section\">\n<div class=\"new-section \" >\n        <div class=\"ns-container\">\n                            <div class=\"ns-inner\">\n                    <div class=\"ns-content\">\n                        <div class=\"container\">\n                            <div class=\"row\">\n                                <div class=\"col-12\">\n                                    <div class=\"ns-title\">\n                                                                                    <h2 class=\"ns-title\">Our mission<\/h2>\n                                                                            <\/div>\n                                <\/div>\n                                <div class=\"col-12\">\n                                    <div class=\"ns-txt\">\n                                                                                    <div class=\"wysiwyg \">\n\t<p>To supervise the practice of engineering and support the profession\u2019s development to ensure the protection of the public.<\/p>\n\n<\/div>                                                                            <\/div>\n                                <\/div>\n                            <\/div>\n                        <\/div>\n                    <\/div>\n                                    <\/div>\n                            <div class=\"ns-inner\">\n                    <div class=\"ns-content\">\n                        <div class=\"container\">\n                            <div class=\"row\">\n                                <div class=\"col-12\">\n                                    <div class=\"ns-title\">\n                                                                                    <h2 class=\"ns-title\">Our vision<\/h2>\n                                                                            <\/div>\n                                <\/div>\n                                <div class=\"col-12\">\n                                    <div class=\"ns-txt\">\n                                                                                    <div class=\"wysiwyg \">\n\t<p>The OIQ is the benchmark for public protection and values engineers&#8217; essential contribution to society.<\/p>\n<p>The OIQ:<\/p>\n<ul>\n<li data-gc-list-depth=\"1\" data-gc-list-style=\"bullet\">Prioritizes prevention and supports engineers in their practice.<\/li>\n<li data-gc-list-depth=\"1\" data-gc-list-style=\"bullet\">Exercises influential leadership with stakeholders and society.<\/li>\n<li data-gc-list-depth=\"1\" data-gc-list-style=\"bullet\">Promotes the expertise and know-how of engineers.<\/li>\n<li data-gc-list-depth=\"1\" data-gc-list-style=\"bullet\">Stands out as a proactive, accessible, and inspiring organization.<\/li>\n<\/ul>\n\n<\/div>                                                                            <\/div>\n                                <\/div>\n                            <\/div>\n                        <\/div>\n                    <\/div>\n                                    <\/div>\n                    <\/div>\n    <\/div>\n\n<script>\n    $(window).load(function() {\n        let hash = window.location.hash;\n        if (hash) {\n            $('html,body').animate({ scrollTop: $(hash).offset().top - 60 }, 'slow');\n        }\n    });\n<\/script>\n<\/div>\n\n\n<div  class=\"block-wrapper \">\n<div class=\"cta full-width\">\n            <div class=\"container\">\n                              <div class=\"row cta-wrapper\">\n                    <div class=\"col-lg-7 col-md-7 \">\n                        <div class=\"cta-content\">\n                                                            <h2>You want to know more about how we protect you?<\/h2>\n                                                        <div class=\"wysiwyg \">\n\t<p>Consult the Declaration of service to citizens of the OIQ right now.<\/p>\n\n<\/div>                            <br>\n                                                            <a href=\"https:\/\/www.oiq.qc.ca\/en\/lordre\/our-mission-and-our-vision\/the-declaration-of-services-to-citizens\/\" target=\"\" class=\"btn-arrow is-blue bordered\">\n                                <span class=\"label\">Read our Declaration<\/span>\n                        \n        <span class=\"icon reset-font\"><svg xmlns=\"http:\/\/www.w3.org\/2000\/svg\" width=\"10.582\" height=\"18.826\" viewBox=\"0 0 10.582 18.826\">\n\t<g id=\"Groupe_9\" data-name=\"Groupe 9\" transform=\"translate(-8.831 1.414)\">\n\t\t<g id=\"Groupe_8\" data-name=\"Groupe 8\">\n\t\t\t<path id=\"Line\" d=\"M0,0,7.755,8.235\" transform=\"translate(10.244)\" fill=\"currentColor\" stroke=\"currentColor\"\n\t\t\t      stroke-linecap=\"round\" stroke-miterlimit=\"10\" stroke-width=\"2\" class=\"fill\"\/>\n\t\t\t<path id=\"Line-2\" data-name=\"Line\" d=\"M0,8.235,7.755,0\" transform=\"translate(10.244 7.764)\"\n\t\t\t      fill=\"currentColor\" stroke=\"currentColor\" stroke-linecap=\"round\" stroke-miterlimit=\"10\" stroke-width=\"2\" class=\"fill\"\/>\n\t\t<\/g>\n\t<\/g>\n<\/svg>\n<\/span>\n    <\/a>\n                                                    <\/div>\n                    <\/div>\n                                    <\/div>\n                          <\/div>\n        <\/div>\n        \n<\/div>\n","protected":false},"excerpt":{"rendered":"","protected":false},"author":1,"featured_media":0,"parent":16236,"menu_order":0,"comment_status":"closed","ping_status":"closed","template":"views\/template-builder.blade.php","meta":{"_acf_changed":false,"_relevanssi_hide_post":"","_relevanssi_hide_content":"","_relevanssi_pin_for_all":"","_relevanssi_pin_keywords":"","_relevanssi_unpin_keywords":"","_relevanssi_related_keywords":"","_relevanssi_related_include_ids":"","_relevanssi_related_exclude_ids":"","_relevanssi_related_no_append":"","_relevanssi_related_not_related":"","_relevanssi_related_posts":"1","_relevanssi_noindex_reason":"","inline_featured_image":false,"footnotes":""},"class_list":["post-16237","page","type-page","status-publish","hentry"],"acf":[],"yoast_head":"<!-- This site is optimized with the Yoast SEO plugin v26.6 - https:\/\/yoast.com\/wordpress\/plugins\/seo\/ -->\n<title>OIQ &#8211; Ordre des ing\u00e9nieurs du Qu\u00e9bec<\/title>\n<meta name=\"description\" content=\"D\u00e9couvrez en quoi consiste la mission de l&#039;Ordre et sa vision \u00e0 long terme pour la profession d&#039;ing\u00e9nieur.\" \/>\n<meta name=\"robots\" content=\"index, follow, max-snippet:-1, max-image-preview:large, max-video-preview:-1\" \/>\n<link rel=\"canonical\" href=\"https:\/\/www.oiq.qc.ca\/en\/lordre\/our-mission-and-our-vision\/\" \/>\n<meta property=\"og:locale\" content=\"en_US\" \/>\n<meta property=\"og:type\" content=\"article\" \/>\n<meta property=\"og:title\" content=\"Our mission and our vision - OIQ - Ordre des ing\u00e9nieurs du Qu\u00e9bec\" \/>\n<meta property=\"og:description\" content=\"D\u00e9couvrez en quoi consiste la mission de l&#039;Ordre et sa vision \u00e0 long terme pour la profession d&#039;ing\u00e9nieur.\" \/>\n<meta property=\"og:url\" content=\"https:\/\/www.oiq.qc.ca\/en\/lordre\/our-mission-and-our-vision\/\" \/>\n<meta property=\"og:site_name\" content=\"OIQ - Ordre des ing\u00e9nieurs du Qu\u00e9bec\" \/>\n<meta property=\"article:modified_time\" content=\"2025-09-19T18:43:33+00:00\" \/>\n<meta property=\"og:image\" content=\"https:\/\/www.oiq.qc.ca\/wp-content\/uploads\/vignette-web.png\" \/>\n\t<meta property=\"og:image:width\" content=\"1200\" \/>\n\t<meta property=\"og:image:height\" content=\"675\" \/>\n\t<meta property=\"og:image:type\" content=\"image\/png\" \/>\n<meta name=\"twitter:card\" content=\"summary_large_image\" \/>\n<meta name=\"twitter:label1\" content=\"Est. reading time\" \/>\n\t<meta name=\"twitter:data1\" content=\"2 minutes\" \/>\n<script type=\"application\/ld+json\" class=\"yoast-schema-graph\">{\"@context\":\"https:\/\/schema.org\",\"@graph\":[{\"@type\":\"WebPage\",\"@id\":\"https:\/\/www.oiq.qc.ca\/en\/lordre\/our-mission-and-our-vision\/\",\"url\":\"https:\/\/www.oiq.qc.ca\/en\/lordre\/our-mission-and-our-vision\/\",\"name\":\"Our mission and our vision - OIQ - Ordre des ing\u00e9nieurs du Qu\u00e9bec\",\"isPartOf\":{\"@id\":\"https:\/\/www.oiq.qc.ca\/#website\"},\"datePublished\":\"2022-03-15T11:22:15+00:00\",\"dateModified\":\"2025-09-19T18:43:33+00:00\",\"description\":\"D\u00e9couvrez en quoi consiste la mission de l'Ordre et sa vision \u00e0 long terme pour la profession d'ing\u00e9nieur.\",\"breadcrumb\":{\"@id\":\"https:\/\/www.oiq.qc.ca\/en\/lordre\/our-mission-and-our-vision\/#breadcrumb\"},\"inLanguage\":\"en-CA\",\"potentialAction\":[{\"@type\":\"ReadAction\",\"target\":[\"https:\/\/www.oiq.qc.ca\/en\/lordre\/our-mission-and-our-vision\/\"]}]},{\"@type\":\"BreadcrumbList\",\"@id\":\"https:\/\/www.oiq.qc.ca\/en\/lordre\/our-mission-and-our-vision\/#breadcrumb\",\"itemListElement\":[{\"@type\":\"ListItem\",\"position\":1,\"name\":\"Home\",\"item\":\"https:\/\/www.oiq.qc.ca\/en\/\"},{\"@type\":\"ListItem\",\"position\":2,\"name\":\"L&rsquo;Ordre\",\"item\":\"https:\/\/www.oiq.qc.ca\/en\/lordre\/\"},{\"@type\":\"ListItem\",\"position\":3,\"name\":\"Our mission and our vision\"}]},{\"@type\":\"WebSite\",\"@id\":\"https:\/\/www.oiq.qc.ca\/#website\",\"url\":\"https:\/\/www.oiq.qc.ca\/\",\"name\":\"OIQ - Ordre des ing\u00e9nieurs du Qu\u00e9bec\",\"description\":\"Ordre des ing\u00e9nieurs du Qu\u00e9bec\",\"publisher\":{\"@id\":\"https:\/\/www.oiq.qc.ca\/#organization\"},\"potentialAction\":[{\"@type\":\"SearchAction\",\"target\":{\"@type\":\"EntryPoint\",\"urlTemplate\":\"https:\/\/www.oiq.qc.ca\/?s={search_term_string}\"},\"query-input\":{\"@type\":\"PropertyValueSpecification\",\"valueRequired\":true,\"valueName\":\"search_term_string\"}}],\"inLanguage\":\"en-CA\"},{\"@type\":\"Organization\",\"@id\":\"https:\/\/www.oiq.qc.ca\/#organization\",\"name\":\"OIQ - Ordre des Ing\u00e9nieurs du Qu\u00e9bec\",\"url\":\"https:\/\/www.oiq.qc.ca\/\",\"logo\":{\"@type\":\"ImageObject\",\"inLanguage\":\"en-CA\",\"@id\":\"https:\/\/www.oiq.qc.ca\/#\/schema\/logo\/image\/\",\"url\":\"https:\/\/www.oiq.qc.ca\/wp-content\/uploads\/logo-oiq-696x696-yoast.png\",\"contentUrl\":\"https:\/\/www.oiq.qc.ca\/wp-content\/uploads\/logo-oiq-696x696-yoast.png\",\"width\":696,\"height\":696,\"caption\":\"OIQ - Ordre des Ing\u00e9nieurs du Qu\u00e9bec\"},\"image\":{\"@id\":\"https:\/\/www.oiq.qc.ca\/#\/schema\/logo\/image\/\"}}]}<\/script>\n<!-- \/ Yoast SEO plugin. -->","yoast_head_json":{"title":"OIQ &#8211; Ordre des ing\u00e9nieurs du Qu\u00e9bec","description":"D\u00e9couvrez en quoi consiste la mission de l'Ordre et sa vision \u00e0 long terme pour la profession d'ing\u00e9nieur.","robots":{"index":"index","follow":"follow","max-snippet":"max-snippet:-1","max-image-preview":"max-image-preview:large","max-video-preview":"max-video-preview:-1"},"canonical":"https:\/\/www.oiq.qc.ca\/en\/lordre\/our-mission-and-our-vision\/","og_locale":"en_US","og_type":"article","og_title":"Our mission and our vision - OIQ - Ordre des ing\u00e9nieurs du Qu\u00e9bec","og_description":"D\u00e9couvrez en quoi consiste la mission de l'Ordre et sa vision \u00e0 long terme pour la profession d'ing\u00e9nieur.","og_url":"https:\/\/www.oiq.qc.ca\/en\/lordre\/our-mission-and-our-vision\/","og_site_name":"OIQ - Ordre des ing\u00e9nieurs du Qu\u00e9bec","article_modified_time":"2025-09-19T18:43:33+00:00","og_image":[{"width":1200,"height":675,"url":"https:\/\/www.oiq.qc.ca\/wp-content\/uploads\/vignette-web.png","type":"image\/png"}],"twitter_card":"summary_large_image","twitter_misc":{"Est. reading time":"2 minutes"},"schema":{"@context":"https:\/\/schema.org","@graph":[{"@type":"WebPage","@id":"https:\/\/www.oiq.qc.ca\/en\/lordre\/our-mission-and-our-vision\/","url":"https:\/\/www.oiq.qc.ca\/en\/lordre\/our-mission-and-our-vision\/","name":"Our mission and our vision - OIQ - Ordre des ing\u00e9nieurs du Qu\u00e9bec","isPartOf":{"@id":"https:\/\/www.oiq.qc.ca\/#website"},"datePublished":"2022-03-15T11:22:15+00:00","dateModified":"2025-09-19T18:43:33+00:00","description":"D\u00e9couvrez en quoi consiste la mission de l'Ordre et sa vision \u00e0 long terme pour la profession d'ing\u00e9nieur.","breadcrumb":{"@id":"https:\/\/www.oiq.qc.ca\/en\/lordre\/our-mission-and-our-vision\/#breadcrumb"},"inLanguage":"en-CA","potentialAction":[{"@type":"ReadAction","target":["https:\/\/www.oiq.qc.ca\/en\/lordre\/our-mission-and-our-vision\/"]}]},{"@type":"BreadcrumbList","@id":"https:\/\/www.oiq.qc.ca\/en\/lordre\/our-mission-and-our-vision\/#breadcrumb","itemListElement":[{"@type":"ListItem","position":1,"name":"Home","item":"https:\/\/www.oiq.qc.ca\/en\/"},{"@type":"ListItem","position":2,"name":"L&rsquo;Ordre","item":"https:\/\/www.oiq.qc.ca\/en\/lordre\/"},{"@type":"ListItem","position":3,"name":"Our mission and our vision"}]},{"@type":"WebSite","@id":"https:\/\/www.oiq.qc.ca\/#website","url":"https:\/\/www.oiq.qc.ca\/","name":"OIQ - Ordre des ing\u00e9nieurs du Qu\u00e9bec","description":"Ordre des ing\u00e9nieurs du Qu\u00e9bec","publisher":{"@id":"https:\/\/www.oiq.qc.ca\/#organization"},"potentialAction":[{"@type":"SearchAction","target":{"@type":"EntryPoint","urlTemplate":"https:\/\/www.oiq.qc.ca\/?s={search_term_string}"},"query-input":{"@type":"PropertyValueSpecification","valueRequired":true,"valueName":"search_term_string"}}],"inLanguage":"en-CA"},{"@type":"Organization","@id":"https:\/\/www.oiq.qc.ca\/#organization","name":"OIQ - Ordre des Ing\u00e9nieurs du Qu\u00e9bec","url":"https:\/\/www.oiq.qc.ca\/","logo":{"@type":"ImageObject","inLanguage":"en-CA","@id":"https:\/\/www.oiq.qc.ca\/#\/schema\/logo\/image\/","url":"https:\/\/www.oiq.qc.ca\/wp-content\/uploads\/logo-oiq-696x696-yoast.png","contentUrl":"https:\/\/www.oiq.qc.ca\/wp-content\/uploads\/logo-oiq-696x696-yoast.png","width":696,"height":696,"caption":"OIQ - Ordre des Ing\u00e9nieurs du Qu\u00e9bec"},"image":{"@id":"https:\/\/www.oiq.qc.ca\/#\/schema\/logo\/image\/"}}]}},"_links":{"self":[{"href":"https:\/\/www.oiq.qc.ca\/en\/wp-json\/wp\/v2\/pages\/16237","targetHints":{"allow":["GET"]}}],"collection":[{"href":"https:\/\/www.oiq.qc.ca\/en\/wp-json\/wp\/v2\/pages"}],"about":[{"href":"https:\/\/www.oiq.qc.ca\/en\/wp-json\/wp\/v2\/types\/page"}],"author":[{"embeddable":true,"href":"https:\/\/www.oiq.qc.ca\/en\/wp-json\/wp\/v2\/users\/1"}],"replies":[{"embeddable":true,"href":"https:\/\/www.oiq.qc.ca\/en\/wp-json\/wp\/v2\/comments?post=16237"}],"version-history":[{"count":0,"href":"https:\/\/www.oiq.qc.ca\/en\/wp-json\/wp\/v2\/pages\/16237\/revisions"}],"up":[{"embeddable":true,"href":"https:\/\/www.oiq.qc.ca\/en\/wp-json\/wp\/v2\/pages\/16236"}],"wp:attachment":[{"href":"https:\/\/www.oiq.qc.ca\/en\/wp-json\/wp\/v2\/media?parent=16237"}],"curies":[{"name":"wp","href":"https:\/\/api.w.org\/{rel}","templated":true}]}}