{"id":16227,"date":"2022-03-14T13:39:49","date_gmt":"2022-03-14T13:39:49","guid":{"rendered":"https:\/\/www.oiq.qc.ca\/etudiants\/prix-et-bourses-universitaires\/"},"modified":"2022-06-15T13:59:59","modified_gmt":"2022-06-15T17:59:59","slug":"academic-awards-and-scholarships","status":"publish","type":"page","link":"https:\/\/www.oiq.qc.ca\/en\/students\/academic-awards-and-scholarships\/","title":{"rendered":"Academic awards and scholarships"},"content":{"rendered":"<div  class=\"block-wrapper \" data-block-name=\"Text + Media Altern\u00e9s\">\n<div class=\"text-media reverse has-shadow\">\n    <div class=\"container\">\n        <div class=\"tm-left\">\n                                        <div class=\"wysiwyg \">\n\t<p>The Foundation of the OIQ is there to help you express your genius! Each year, it encourages students to showcase their engineering skills by presenting a project conducted as part of their studies. This is a unique opportunity to show your professionalism, resourcefulness, and commitment to make society better. Registration dates are generally spread over two months in the fall. Consult the <a href=\"https:\/\/foiq.qc.ca\/en\/student-zone\/\" target=\"_blank\" rel=\"noopener\" data-gc-link=\"https:\/\/foiq.qc.ca\/en\/student-zone\/\">FOIQ website<\/a> to know this year\u2019s dates!<\/p>\n<p>We promise you a great night of recognition! You&#8217;ll receive your award and meet other young people who, like you, are passionate about engineering. So, <a href=\"https:\/\/foiq.qc.ca\/en\/my-account\/\" target=\"_blank\" rel=\"noopener\" data-gc-link=\"https:\/\/foiq.qc.ca\/mon-compte\/\">create your account<\/a> now!<\/p>\n\n<\/div>                                <\/div>\n        <div class=\"tm-right\">\n                                            <img decoding=\"async\" class=\"tm-image has-shadow\" src=\"https:\/\/www.oiq.qc.ca\/wp-content\/uploads\/2022\/05\/44737984-356586448416103-994507348200390656-n.jpg\" alt=\"\">\n                                      <\/div>\n    <\/div>\n  <\/div>\n\n<\/div>\n","protected":false},"excerpt":{"rendered":"","protected":false},"author":1,"featured_media":0,"parent":15739,"menu_order":0,"comment_status":"closed","ping_status":"closed","template":"views\/template-builder.blade.php","meta":{"_acf_changed":false,"_relevanssi_hide_post":"","_relevanssi_hide_content":"","_relevanssi_pin_for_all":"","_relevanssi_pin_keywords":"","_relevanssi_unpin_keywords":"","_relevanssi_related_keywords":"","_relevanssi_related_include_ids":"","_relevanssi_related_exclude_ids":"","_relevanssi_related_no_append":"","_relevanssi_related_not_related":"","_relevanssi_related_posts":"1","_relevanssi_noindex_reason":"","inline_featured_image":false,"footnotes":""},"class_list":["post-16227","page","type-page","status-publish","hentry"],"acf":[],"yoast_head":"<!-- This site is optimized with the Yoast SEO plugin v26.6 - https:\/\/yoast.com\/wordpress\/plugins\/seo\/ -->\n<title>OIQ &#8211; Ordre des ing\u00e9nieurs du Qu\u00e9bec<\/title>\n<meta name=\"description\" content=\"D\u00e9couvre comment la Fondation de l\u2019Ordre des ing\u00e9nieurs du Qu\u00e9bec offre des bourses et des prix aux \u00e9tudiants en g\u00e9nie.\" \/>\n<meta name=\"robots\" content=\"index, follow, max-snippet:-1, max-image-preview:large, max-video-preview:-1\" \/>\n<link rel=\"canonical\" href=\"https:\/\/www.oiq.qc.ca\/en\/students\/academic-awards-and-scholarships\/\" \/>\n<meta property=\"og:locale\" content=\"en_US\" \/>\n<meta property=\"og:type\" content=\"article\" \/>\n<meta property=\"og:title\" content=\"Academic awards and scholarships - OIQ - Ordre des ing\u00e9nieurs du Qu\u00e9bec\" \/>\n<meta property=\"og:description\" content=\"D\u00e9couvre comment la Fondation de l\u2019Ordre des ing\u00e9nieurs du Qu\u00e9bec offre des bourses et des prix aux \u00e9tudiants en g\u00e9nie.\" \/>\n<meta property=\"og:url\" content=\"https:\/\/www.oiq.qc.ca\/en\/students\/academic-awards-and-scholarships\/\" \/>\n<meta property=\"og:site_name\" content=\"OIQ - Ordre des ing\u00e9nieurs du Qu\u00e9bec\" \/>\n<meta property=\"article:modified_time\" content=\"2022-06-15T17:59:59+00:00\" \/>\n<meta property=\"og:image\" content=\"https:\/\/www.oiq.qc.ca\/wp-content\/uploads\/vignette-web.png\" \/>\n\t<meta property=\"og:image:width\" content=\"1200\" \/>\n\t<meta property=\"og:image:height\" content=\"675\" \/>\n\t<meta property=\"og:image:type\" content=\"image\/png\" \/>\n<meta name=\"twitter:card\" content=\"summary_large_image\" \/>\n<script type=\"application\/ld+json\" class=\"yoast-schema-graph\">{\"@context\":\"https:\/\/schema.org\",\"@graph\":[{\"@type\":\"WebPage\",\"@id\":\"https:\/\/www.oiq.qc.ca\/en\/students\/academic-awards-and-scholarships\/\",\"url\":\"https:\/\/www.oiq.qc.ca\/en\/students\/academic-awards-and-scholarships\/\",\"name\":\"Academic awards and scholarships - OIQ - Ordre des ing\u00e9nieurs du Qu\u00e9bec\",\"isPartOf\":{\"@id\":\"https:\/\/www.oiq.qc.ca\/#website\"},\"datePublished\":\"2022-03-14T13:39:49+00:00\",\"dateModified\":\"2022-06-15T17:59:59+00:00\",\"description\":\"D\u00e9couvre comment la Fondation de l\u2019Ordre des ing\u00e9nieurs du Qu\u00e9bec offre des bourses et des prix aux \u00e9tudiants en g\u00e9nie.\",\"breadcrumb\":{\"@id\":\"https:\/\/www.oiq.qc.ca\/en\/students\/academic-awards-and-scholarships\/#breadcrumb\"},\"inLanguage\":\"en-CA\",\"potentialAction\":[{\"@type\":\"ReadAction\",\"target\":[\"https:\/\/www.oiq.qc.ca\/en\/students\/academic-awards-and-scholarships\/\"]}]},{\"@type\":\"BreadcrumbList\",\"@id\":\"https:\/\/www.oiq.qc.ca\/en\/students\/academic-awards-and-scholarships\/#breadcrumb\",\"itemListElement\":[{\"@type\":\"ListItem\",\"position\":1,\"name\":\"Home\",\"item\":\"https:\/\/www.oiq.qc.ca\/en\/\"},{\"@type\":\"ListItem\",\"position\":2,\"name\":\"Students\",\"item\":\"https:\/\/www.oiq.qc.ca\/en\/students\/\"},{\"@type\":\"ListItem\",\"position\":3,\"name\":\"Academic awards and scholarships\"}]},{\"@type\":\"WebSite\",\"@id\":\"https:\/\/www.oiq.qc.ca\/#website\",\"url\":\"https:\/\/www.oiq.qc.ca\/\",\"name\":\"OIQ - Ordre des ing\u00e9nieurs du Qu\u00e9bec\",\"description\":\"Ordre des ing\u00e9nieurs du Qu\u00e9bec\",\"publisher\":{\"@id\":\"https:\/\/www.oiq.qc.ca\/#organization\"},\"potentialAction\":[{\"@type\":\"SearchAction\",\"target\":{\"@type\":\"EntryPoint\",\"urlTemplate\":\"https:\/\/www.oiq.qc.ca\/?s={search_term_string}\"},\"query-input\":{\"@type\":\"PropertyValueSpecification\",\"valueRequired\":true,\"valueName\":\"search_term_string\"}}],\"inLanguage\":\"en-CA\"},{\"@type\":\"Organization\",\"@id\":\"https:\/\/www.oiq.qc.ca\/#organization\",\"name\":\"OIQ - Ordre des Ing\u00e9nieurs du Qu\u00e9bec\",\"url\":\"https:\/\/www.oiq.qc.ca\/\",\"logo\":{\"@type\":\"ImageObject\",\"inLanguage\":\"en-CA\",\"@id\":\"https:\/\/www.oiq.qc.ca\/#\/schema\/logo\/image\/\",\"url\":\"https:\/\/www.oiq.qc.ca\/wp-content\/uploads\/logo-oiq-696x696-yoast.png\",\"contentUrl\":\"https:\/\/www.oiq.qc.ca\/wp-content\/uploads\/logo-oiq-696x696-yoast.png\",\"width\":696,\"height\":696,\"caption\":\"OIQ - Ordre des Ing\u00e9nieurs du Qu\u00e9bec\"},\"image\":{\"@id\":\"https:\/\/www.oiq.qc.ca\/#\/schema\/logo\/image\/\"}}]}<\/script>\n<!-- \/ Yoast SEO plugin. -->","yoast_head_json":{"title":"OIQ &#8211; Ordre des ing\u00e9nieurs du Qu\u00e9bec","description":"D\u00e9couvre comment la Fondation de l\u2019Ordre des ing\u00e9nieurs du Qu\u00e9bec offre des bourses et des prix aux \u00e9tudiants en g\u00e9nie.","robots":{"index":"index","follow":"follow","max-snippet":"max-snippet:-1","max-image-preview":"max-image-preview:large","max-video-preview":"max-video-preview:-1"},"canonical":"https:\/\/www.oiq.qc.ca\/en\/students\/academic-awards-and-scholarships\/","og_locale":"en_US","og_type":"article","og_title":"Academic awards and scholarships - OIQ - Ordre des ing\u00e9nieurs du Qu\u00e9bec","og_description":"D\u00e9couvre comment la Fondation de l\u2019Ordre des ing\u00e9nieurs du Qu\u00e9bec offre des bourses et des prix aux \u00e9tudiants en g\u00e9nie.","og_url":"https:\/\/www.oiq.qc.ca\/en\/students\/academic-awards-and-scholarships\/","og_site_name":"OIQ - Ordre des ing\u00e9nieurs du Qu\u00e9bec","article_modified_time":"2022-06-15T17:59:59+00:00","og_image":[{"width":1200,"height":675,"url":"https:\/\/www.oiq.qc.ca\/wp-content\/uploads\/vignette-web.png","type":"image\/png"}],"twitter_card":"summary_large_image","schema":{"@context":"https:\/\/schema.org","@graph":[{"@type":"WebPage","@id":"https:\/\/www.oiq.qc.ca\/en\/students\/academic-awards-and-scholarships\/","url":"https:\/\/www.oiq.qc.ca\/en\/students\/academic-awards-and-scholarships\/","name":"Academic awards and scholarships - OIQ - Ordre des ing\u00e9nieurs du Qu\u00e9bec","isPartOf":{"@id":"https:\/\/www.oiq.qc.ca\/#website"},"datePublished":"2022-03-14T13:39:49+00:00","dateModified":"2022-06-15T17:59:59+00:00","description":"D\u00e9couvre comment la Fondation de l\u2019Ordre des ing\u00e9nieurs du Qu\u00e9bec offre des bourses et des prix aux \u00e9tudiants en g\u00e9nie.","breadcrumb":{"@id":"https:\/\/www.oiq.qc.ca\/en\/students\/academic-awards-and-scholarships\/#breadcrumb"},"inLanguage":"en-CA","potentialAction":[{"@type":"ReadAction","target":["https:\/\/www.oiq.qc.ca\/en\/students\/academic-awards-and-scholarships\/"]}]},{"@type":"BreadcrumbList","@id":"https:\/\/www.oiq.qc.ca\/en\/students\/academic-awards-and-scholarships\/#breadcrumb","itemListElement":[{"@type":"ListItem","position":1,"name":"Home","item":"https:\/\/www.oiq.qc.ca\/en\/"},{"@type":"ListItem","position":2,"name":"Students","item":"https:\/\/www.oiq.qc.ca\/en\/students\/"},{"@type":"ListItem","position":3,"name":"Academic awards and scholarships"}]},{"@type":"WebSite","@id":"https:\/\/www.oiq.qc.ca\/#website","url":"https:\/\/www.oiq.qc.ca\/","name":"OIQ - Ordre des ing\u00e9nieurs du Qu\u00e9bec","description":"Ordre des ing\u00e9nieurs du Qu\u00e9bec","publisher":{"@id":"https:\/\/www.oiq.qc.ca\/#organization"},"potentialAction":[{"@type":"SearchAction","target":{"@type":"EntryPoint","urlTemplate":"https:\/\/www.oiq.qc.ca\/?s={search_term_string}"},"query-input":{"@type":"PropertyValueSpecification","valueRequired":true,"valueName":"search_term_string"}}],"inLanguage":"en-CA"},{"@type":"Organization","@id":"https:\/\/www.oiq.qc.ca\/#organization","name":"OIQ - Ordre des Ing\u00e9nieurs du Qu\u00e9bec","url":"https:\/\/www.oiq.qc.ca\/","logo":{"@type":"ImageObject","inLanguage":"en-CA","@id":"https:\/\/www.oiq.qc.ca\/#\/schema\/logo\/image\/","url":"https:\/\/www.oiq.qc.ca\/wp-content\/uploads\/logo-oiq-696x696-yoast.png","contentUrl":"https:\/\/www.oiq.qc.ca\/wp-content\/uploads\/logo-oiq-696x696-yoast.png","width":696,"height":696,"caption":"OIQ - Ordre des Ing\u00e9nieurs du Qu\u00e9bec"},"image":{"@id":"https:\/\/www.oiq.qc.ca\/#\/schema\/logo\/image\/"}}]}},"_links":{"self":[{"href":"https:\/\/www.oiq.qc.ca\/en\/wp-json\/wp\/v2\/pages\/16227","targetHints":{"allow":["GET"]}}],"collection":[{"href":"https:\/\/www.oiq.qc.ca\/en\/wp-json\/wp\/v2\/pages"}],"about":[{"href":"https:\/\/www.oiq.qc.ca\/en\/wp-json\/wp\/v2\/types\/page"}],"author":[{"embeddable":true,"href":"https:\/\/www.oiq.qc.ca\/en\/wp-json\/wp\/v2\/users\/1"}],"replies":[{"embeddable":true,"href":"https:\/\/www.oiq.qc.ca\/en\/wp-json\/wp\/v2\/comments?post=16227"}],"version-history":[{"count":0,"href":"https:\/\/www.oiq.qc.ca\/en\/wp-json\/wp\/v2\/pages\/16227\/revisions"}],"up":[{"embeddable":true,"href":"https:\/\/www.oiq.qc.ca\/en\/wp-json\/wp\/v2\/pages\/15739"}],"wp:attachment":[{"href":"https:\/\/www.oiq.qc.ca\/en\/wp-json\/wp\/v2\/media?parent=16227"}],"curies":[{"name":"wp","href":"https:\/\/api.w.org\/{rel}","templated":true}]}}