{"id":16186,"date":"2022-03-17T21:43:41","date_gmt":"2022-03-17T21:43:41","guid":{"rendered":"https:\/\/www.oiq.qc.ca\/general-public\/protection-of-the-public\/bureau-du-syndic\/"},"modified":"2025-09-19T13:37:16","modified_gmt":"2025-09-19T17:37:16","slug":"office-of-the-syndic","status":"publish","type":"page","link":"https:\/\/www.oiq.qc.ca\/en\/general-public\/protection-of-the-public\/office-of-the-syndic\/","title":{"rendered":"Office of the Syndic"},"content":{"rendered":"<div  class=\"block-wrapper \" data-block-name=\"Wysiwyg\">\n<div class=\"bloc-wysiwyg \">\n    <div class=\"container\">\n        <div class=\"wysiwyg \">\n\t<h2>What does the Office of the Syndic do?<\/h2>\n<p>The Office of the Syndic works in three areas:<\/p>\n<ol>\n<li>Prevention: to prevent misconduct, it keeps the public, and members informed through conferences, articles, and a dedicated ethics hotline (the Ligne \u00e9thique).<\/li>\n<li>Investigation: it investigates the conduct of engineers who are reported.<\/li>\n<li>Disciplinary complaints: it files disciplinary complaints with the Disciplinary Council when deemed appropriate.<\/li>\n<\/ol>\n<p>&nbsp;<\/p>\n<h2>How does an investigation by the Office of the Syndic work?<\/h2>\n<p>Following a report of misconduct, the syndic or assistant syndic (a position held by engineers) conducts the investigation.<\/p>\n<p>Syndics or assistant syndics are bound by a duty of discretion to preserve the confidentiality of the process as much as possible. However, the person who made the report may request to be periodically informed of the progress and conclusion of the investigation, which can take several months.<\/p>\n\n<\/div>    <\/div>\n<\/div>\n<\/div>\n\n\n<div  class=\"block-wrapper \" data-block-name=\"Quote\">\n<div class=\"quote\">\n    <div class=\"container\">\n        <div class=\"row\">\n                        <div class=\"quote-content\">\n                In the course of an investigation, any person contacted by the Office of the Syndic has an obligation to cooperate and provide all requested documents and information.\n            <\/div>\n                                <\/div>\n    <\/div>\n<\/div>\n<\/div>\n\n\n<div  class=\"block-wrapper \" data-block-name=\"Nouvelle Section\">\n<div class=\"new-section \" >\n        <div class=\"ns-container\">\n                            <div class=\"ns-inner\">\n                    <div class=\"ns-content\">\n                        <div class=\"container\">\n                            <div class=\"row\">\n                                <div class=\"col-12\">\n                                    <div class=\"ns-title\">\n                                                                            <\/div>\n                                <\/div>\n                                <div class=\"col-12\">\n                                    <div class=\"ns-txt\">\n                                                                                    <div class=\"wysiwyg \">\n\t<h2>What are the possible conclusions of an investigation by the Office of the Syndic?<\/h2>\n<p>After conducting its investigation, the Office of the Syndic may decide as follows: Close the investigation without taking further action if it deems the report unfounded.<\/p>\n<ol>\n<li>Proceed with non-disciplinary measures (such as a warning, a reminder of certain ethical obligations or a request that a professional inspection be conducted).<\/li>\n<li>File a complaint with the OIQ\u2019s Disciplinary Council, followed by a hearing. Both of these steps are public.<\/li>\n<\/ol>\n<p>&nbsp;<\/p>\n<p>&nbsp;<\/p>\n<h2>What if I made a report and am not satisfied with its outcome?<\/h2>\n<p>If the person who filed a complaint and made a report is not satisfied with the conclusion of the Office of the Syndic, they may request an opinion from the Review Committee or file a private complaint with the Disciplinary Council.<\/p>\n<p>&nbsp;<\/p>\n<p><strong>What can the Review Committee do? <\/strong>The Review Committee receives a request for review from any person who has filed a report and is dissatisfied with the syndic\u2019s decision not to file a complaint.<\/p>\n<p>This committee may:<\/p>\n<ul>\n<li>Conclude that there are indeed no grounds for filing a complaint.<\/li>\n<li>Suggest to the syndic that they investigate further.<\/li>\n<li>Suggest to the syndic that the matter be referred to the Professional Inspection Committee.<\/li>\n<li>Conclude that there are grounds for filing a complaint with the Disciplinary Council.<\/li>\n<\/ul>\n\n<\/div>                                                                            <\/div>\n                                <\/div>\n                            <\/div>\n                        <\/div>\n                    <\/div>\n                                    <\/div>\n                    <\/div>\n    <\/div>\n\n<script>\n    $(window).load(function() {\n        let hash = window.location.hash;\n        if (hash) {\n            $('html,body').animate({ scrollTop: $(hash).offset().top - 60 }, 'slow');\n        }\n    });\n<\/script>\n<\/div>\n\n\n<div  class=\"block-wrapper \">\n<div class=\"linksList\">\n    <div class=\"container\">\n        <div class=\"row\">\n            <div class=\"linksList-col\">\n                                <h2 class=\"linksList-title\">\n                    Useful links\n                <\/h2>\n                                                                                            <div class=\"linkItem\">\n                    <a href=\"https:\/\/www.oiq.qc.ca\/en\/general-public\/protection-of-the-public\/disciplinary-council\/\" target=\"\" class=\"btn-arrow is-blue\">\n                                <span class=\"label\">See the Disciplinary Council page<\/span>\n                        \n        <span class=\"icon reset-font\"><svg xmlns=\"http:\/\/www.w3.org\/2000\/svg\" width=\"10.582\" height=\"18.826\" viewBox=\"0 0 10.582 18.826\">\n\t<g id=\"Groupe_9\" data-name=\"Groupe 9\" transform=\"translate(-8.831 1.414)\">\n\t\t<g id=\"Groupe_8\" data-name=\"Groupe 8\">\n\t\t\t<path id=\"Line\" d=\"M0,0,7.755,8.235\" transform=\"translate(10.244)\" fill=\"currentColor\" stroke=\"currentColor\"\n\t\t\t      stroke-linecap=\"round\" stroke-miterlimit=\"10\" stroke-width=\"2\" class=\"fill\"\/>\n\t\t\t<path id=\"Line-2\" data-name=\"Line\" d=\"M0,8.235,7.755,0\" transform=\"translate(10.244 7.764)\"\n\t\t\t      fill=\"currentColor\" stroke=\"currentColor\" stroke-linecap=\"round\" stroke-miterlimit=\"10\" stroke-width=\"2\" class=\"fill\"\/>\n\t\t<\/g>\n\t<\/g>\n<\/svg>\n<\/span>\n    <\/a>\n            <\/div>\n                                                                                                                <div class=\"linkItem\">\n                    <a href=\"https:\/\/www.oiq.qc.ca\/en\/general-public\/protection-of-the-public\/reporting-illegal-practice-of-engineering\/\" target=\"\" class=\"btn-arrow is-blue\">\n                                <span class=\"label\">See the page on sending a report to the Office of the Syndic<\/span>\n                        \n        <span class=\"icon reset-font\"><svg xmlns=\"http:\/\/www.w3.org\/2000\/svg\" width=\"10.582\" height=\"18.826\" viewBox=\"0 0 10.582 18.826\">\n\t<g id=\"Groupe_9\" data-name=\"Groupe 9\" transform=\"translate(-8.831 1.414)\">\n\t\t<g id=\"Groupe_8\" data-name=\"Groupe 8\">\n\t\t\t<path id=\"Line\" d=\"M0,0,7.755,8.235\" transform=\"translate(10.244)\" fill=\"currentColor\" stroke=\"currentColor\"\n\t\t\t      stroke-linecap=\"round\" stroke-miterlimit=\"10\" stroke-width=\"2\" class=\"fill\"\/>\n\t\t\t<path id=\"Line-2\" data-name=\"Line\" d=\"M0,8.235,7.755,0\" transform=\"translate(10.244 7.764)\"\n\t\t\t      fill=\"currentColor\" stroke=\"currentColor\" stroke-linecap=\"round\" stroke-miterlimit=\"10\" stroke-width=\"2\" class=\"fill\"\/>\n\t\t<\/g>\n\t<\/g>\n<\/svg>\n<\/span>\n    <\/a>\n            <\/div>\n                                                                                                                <div class=\"linkItem\">\n                    <a href=\"https:\/\/www.oiq.qc.ca\/en\/formulaire-signalement\" target=\"_blank\" class=\"btn-arrow is-blue\">\n                                <span class=\"label\">File a report<\/span>\n                        \n        <span class=\"icon reset-font\"><svg xmlns=\"http:\/\/www.w3.org\/2000\/svg\" width=\"10.582\" height=\"18.826\" viewBox=\"0 0 10.582 18.826\">\n\t<g id=\"Groupe_9\" data-name=\"Groupe 9\" transform=\"translate(-8.831 1.414)\">\n\t\t<g id=\"Groupe_8\" data-name=\"Groupe 8\">\n\t\t\t<path id=\"Line\" d=\"M0,0,7.755,8.235\" transform=\"translate(10.244)\" fill=\"currentColor\" stroke=\"currentColor\"\n\t\t\t      stroke-linecap=\"round\" stroke-miterlimit=\"10\" stroke-width=\"2\" class=\"fill\"\/>\n\t\t\t<path id=\"Line-2\" data-name=\"Line\" d=\"M0,8.235,7.755,0\" transform=\"translate(10.244 7.764)\"\n\t\t\t      fill=\"currentColor\" stroke=\"currentColor\" stroke-linecap=\"round\" stroke-miterlimit=\"10\" stroke-width=\"2\" class=\"fill\"\/>\n\t\t<\/g>\n\t<\/g>\n<\/svg>\n<\/span>\n    <\/a>\n            <\/div>\n                                                                <\/div>\n        <\/div>\n    <\/div>\n<\/div>\n<\/div>\n","protected":false},"excerpt":{"rendered":"","protected":false},"author":8,"featured_media":0,"parent":15749,"menu_order":0,"comment_status":"closed","ping_status":"closed","template":"views\/template-builder.blade.php","meta":{"_acf_changed":false,"_relevanssi_hide_post":"","_relevanssi_hide_content":"","_relevanssi_pin_for_all":"","_relevanssi_pin_keywords":"","_relevanssi_unpin_keywords":"","_relevanssi_related_keywords":"","_relevanssi_related_include_ids":"","_relevanssi_related_exclude_ids":"","_relevanssi_related_no_append":"","_relevanssi_related_not_related":"","_relevanssi_related_posts":"1","_relevanssi_noindex_reason":"","inline_featured_image":false,"footnotes":""},"class_list":["post-16186","page","type-page","status-publish","hentry"],"acf":[],"yoast_head":"<!-- This site is optimized with the Yoast SEO plugin v26.6 - https:\/\/yoast.com\/wordpress\/plugins\/seo\/ -->\n<title>OIQ &#8211; Ordre des ing\u00e9nieurs du Qu\u00e9bec<\/title>\n<meta name=\"description\" content=\"L\u2019Ordre des ing\u00e9nieurs du Qu\u00e9bec vous explique comment le Bureau du syndic aide \u00e0 pr\u00e9venir et \u00e0 corriger les inconduites professionnelles des ing\u00e9nieurs.\" \/>\n<meta name=\"robots\" content=\"index, follow, max-snippet:-1, max-image-preview:large, max-video-preview:-1\" \/>\n<link rel=\"canonical\" href=\"https:\/\/www.oiq.qc.ca\/en\/general-public\/protection-of-the-public\/office-of-the-syndic\/\" \/>\n<meta property=\"og:locale\" content=\"en_US\" \/>\n<meta property=\"og:type\" content=\"article\" \/>\n<meta property=\"og:title\" content=\"Office of the Syndic - OIQ - Ordre des ing\u00e9nieurs du Qu\u00e9bec\" \/>\n<meta property=\"og:description\" content=\"L\u2019Ordre des ing\u00e9nieurs du Qu\u00e9bec vous explique comment le Bureau du syndic aide \u00e0 pr\u00e9venir et \u00e0 corriger les inconduites professionnelles des ing\u00e9nieurs.\" \/>\n<meta property=\"og:url\" content=\"https:\/\/www.oiq.qc.ca\/en\/general-public\/protection-of-the-public\/office-of-the-syndic\/\" \/>\n<meta property=\"og:site_name\" content=\"OIQ - Ordre des ing\u00e9nieurs du Qu\u00e9bec\" \/>\n<meta property=\"article:modified_time\" content=\"2025-09-19T17:37:16+00:00\" \/>\n<meta property=\"og:image\" content=\"https:\/\/www.oiq.qc.ca\/wp-content\/uploads\/vignette-web.png\" \/>\n\t<meta property=\"og:image:width\" content=\"1200\" \/>\n\t<meta property=\"og:image:height\" content=\"675\" \/>\n\t<meta property=\"og:image:type\" content=\"image\/png\" \/>\n<meta name=\"twitter:card\" content=\"summary_large_image\" \/>\n<meta name=\"twitter:label1\" content=\"Est. reading time\" \/>\n\t<meta name=\"twitter:data1\" content=\"4 minutes\" \/>\n<script type=\"application\/ld+json\" class=\"yoast-schema-graph\">{\"@context\":\"https:\/\/schema.org\",\"@graph\":[{\"@type\":\"WebPage\",\"@id\":\"https:\/\/www.oiq.qc.ca\/en\/general-public\/protection-of-the-public\/office-of-the-syndic\/\",\"url\":\"https:\/\/www.oiq.qc.ca\/en\/general-public\/protection-of-the-public\/office-of-the-syndic\/\",\"name\":\"Office of the Syndic - OIQ - Ordre des ing\u00e9nieurs du Qu\u00e9bec\",\"isPartOf\":{\"@id\":\"https:\/\/www.oiq.qc.ca\/#website\"},\"datePublished\":\"2022-03-17T21:43:41+00:00\",\"dateModified\":\"2025-09-19T17:37:16+00:00\",\"description\":\"L\u2019Ordre des ing\u00e9nieurs du Qu\u00e9bec vous explique comment le Bureau du syndic aide \u00e0 pr\u00e9venir et \u00e0 corriger les inconduites professionnelles des ing\u00e9nieurs.\",\"breadcrumb\":{\"@id\":\"https:\/\/www.oiq.qc.ca\/en\/general-public\/protection-of-the-public\/office-of-the-syndic\/#breadcrumb\"},\"inLanguage\":\"en-CA\",\"potentialAction\":[{\"@type\":\"ReadAction\",\"target\":[\"https:\/\/www.oiq.qc.ca\/en\/general-public\/protection-of-the-public\/office-of-the-syndic\/\"]}]},{\"@type\":\"BreadcrumbList\",\"@id\":\"https:\/\/www.oiq.qc.ca\/en\/general-public\/protection-of-the-public\/office-of-the-syndic\/#breadcrumb\",\"itemListElement\":[{\"@type\":\"ListItem\",\"position\":1,\"name\":\"Home\",\"item\":\"https:\/\/www.oiq.qc.ca\/en\/\"},{\"@type\":\"ListItem\",\"position\":2,\"name\":\"General Public\",\"item\":\"https:\/\/www.oiq.qc.ca\/en\/general-public\/\"},{\"@type\":\"ListItem\",\"position\":3,\"name\":\"Protection of the public\",\"item\":\"https:\/\/www.oiq.qc.ca\/en\/general-public\/protection-of-the-public\/\"},{\"@type\":\"ListItem\",\"position\":4,\"name\":\"Office of the Syndic\"}]},{\"@type\":\"WebSite\",\"@id\":\"https:\/\/www.oiq.qc.ca\/#website\",\"url\":\"https:\/\/www.oiq.qc.ca\/\",\"name\":\"OIQ - Ordre des ing\u00e9nieurs du Qu\u00e9bec\",\"description\":\"Ordre des ing\u00e9nieurs du Qu\u00e9bec\",\"publisher\":{\"@id\":\"https:\/\/www.oiq.qc.ca\/#organization\"},\"potentialAction\":[{\"@type\":\"SearchAction\",\"target\":{\"@type\":\"EntryPoint\",\"urlTemplate\":\"https:\/\/www.oiq.qc.ca\/?s={search_term_string}\"},\"query-input\":{\"@type\":\"PropertyValueSpecification\",\"valueRequired\":true,\"valueName\":\"search_term_string\"}}],\"inLanguage\":\"en-CA\"},{\"@type\":\"Organization\",\"@id\":\"https:\/\/www.oiq.qc.ca\/#organization\",\"name\":\"OIQ - Ordre des Ing\u00e9nieurs du Qu\u00e9bec\",\"url\":\"https:\/\/www.oiq.qc.ca\/\",\"logo\":{\"@type\":\"ImageObject\",\"inLanguage\":\"en-CA\",\"@id\":\"https:\/\/www.oiq.qc.ca\/#\/schema\/logo\/image\/\",\"url\":\"https:\/\/www.oiq.qc.ca\/wp-content\/uploads\/logo-oiq-696x696-yoast.png\",\"contentUrl\":\"https:\/\/www.oiq.qc.ca\/wp-content\/uploads\/logo-oiq-696x696-yoast.png\",\"width\":696,\"height\":696,\"caption\":\"OIQ - Ordre des Ing\u00e9nieurs du Qu\u00e9bec\"},\"image\":{\"@id\":\"https:\/\/www.oiq.qc.ca\/#\/schema\/logo\/image\/\"}}]}<\/script>\n<!-- \/ Yoast SEO plugin. -->","yoast_head_json":{"title":"OIQ &#8211; Ordre des ing\u00e9nieurs du Qu\u00e9bec","description":"L\u2019Ordre des ing\u00e9nieurs du Qu\u00e9bec vous explique comment le Bureau du syndic aide \u00e0 pr\u00e9venir et \u00e0 corriger les inconduites professionnelles des ing\u00e9nieurs.","robots":{"index":"index","follow":"follow","max-snippet":"max-snippet:-1","max-image-preview":"max-image-preview:large","max-video-preview":"max-video-preview:-1"},"canonical":"https:\/\/www.oiq.qc.ca\/en\/general-public\/protection-of-the-public\/office-of-the-syndic\/","og_locale":"en_US","og_type":"article","og_title":"Office of the Syndic - OIQ - Ordre des ing\u00e9nieurs du Qu\u00e9bec","og_description":"L\u2019Ordre des ing\u00e9nieurs du Qu\u00e9bec vous explique comment le Bureau du syndic aide \u00e0 pr\u00e9venir et \u00e0 corriger les inconduites professionnelles des ing\u00e9nieurs.","og_url":"https:\/\/www.oiq.qc.ca\/en\/general-public\/protection-of-the-public\/office-of-the-syndic\/","og_site_name":"OIQ - Ordre des ing\u00e9nieurs du Qu\u00e9bec","article_modified_time":"2025-09-19T17:37:16+00:00","og_image":[{"width":1200,"height":675,"url":"https:\/\/www.oiq.qc.ca\/wp-content\/uploads\/vignette-web.png","type":"image\/png"}],"twitter_card":"summary_large_image","twitter_misc":{"Est. reading time":"4 minutes"},"schema":{"@context":"https:\/\/schema.org","@graph":[{"@type":"WebPage","@id":"https:\/\/www.oiq.qc.ca\/en\/general-public\/protection-of-the-public\/office-of-the-syndic\/","url":"https:\/\/www.oiq.qc.ca\/en\/general-public\/protection-of-the-public\/office-of-the-syndic\/","name":"Office of the Syndic - OIQ - Ordre des ing\u00e9nieurs du Qu\u00e9bec","isPartOf":{"@id":"https:\/\/www.oiq.qc.ca\/#website"},"datePublished":"2022-03-17T21:43:41+00:00","dateModified":"2025-09-19T17:37:16+00:00","description":"L\u2019Ordre des ing\u00e9nieurs du Qu\u00e9bec vous explique comment le Bureau du syndic aide \u00e0 pr\u00e9venir et \u00e0 corriger les inconduites professionnelles des ing\u00e9nieurs.","breadcrumb":{"@id":"https:\/\/www.oiq.qc.ca\/en\/general-public\/protection-of-the-public\/office-of-the-syndic\/#breadcrumb"},"inLanguage":"en-CA","potentialAction":[{"@type":"ReadAction","target":["https:\/\/www.oiq.qc.ca\/en\/general-public\/protection-of-the-public\/office-of-the-syndic\/"]}]},{"@type":"BreadcrumbList","@id":"https:\/\/www.oiq.qc.ca\/en\/general-public\/protection-of-the-public\/office-of-the-syndic\/#breadcrumb","itemListElement":[{"@type":"ListItem","position":1,"name":"Home","item":"https:\/\/www.oiq.qc.ca\/en\/"},{"@type":"ListItem","position":2,"name":"General Public","item":"https:\/\/www.oiq.qc.ca\/en\/general-public\/"},{"@type":"ListItem","position":3,"name":"Protection of the public","item":"https:\/\/www.oiq.qc.ca\/en\/general-public\/protection-of-the-public\/"},{"@type":"ListItem","position":4,"name":"Office of the Syndic"}]},{"@type":"WebSite","@id":"https:\/\/www.oiq.qc.ca\/#website","url":"https:\/\/www.oiq.qc.ca\/","name":"OIQ - Ordre des ing\u00e9nieurs du Qu\u00e9bec","description":"Ordre des ing\u00e9nieurs du Qu\u00e9bec","publisher":{"@id":"https:\/\/www.oiq.qc.ca\/#organization"},"potentialAction":[{"@type":"SearchAction","target":{"@type":"EntryPoint","urlTemplate":"https:\/\/www.oiq.qc.ca\/?s={search_term_string}"},"query-input":{"@type":"PropertyValueSpecification","valueRequired":true,"valueName":"search_term_string"}}],"inLanguage":"en-CA"},{"@type":"Organization","@id":"https:\/\/www.oiq.qc.ca\/#organization","name":"OIQ - Ordre des Ing\u00e9nieurs du Qu\u00e9bec","url":"https:\/\/www.oiq.qc.ca\/","logo":{"@type":"ImageObject","inLanguage":"en-CA","@id":"https:\/\/www.oiq.qc.ca\/#\/schema\/logo\/image\/","url":"https:\/\/www.oiq.qc.ca\/wp-content\/uploads\/logo-oiq-696x696-yoast.png","contentUrl":"https:\/\/www.oiq.qc.ca\/wp-content\/uploads\/logo-oiq-696x696-yoast.png","width":696,"height":696,"caption":"OIQ - Ordre des Ing\u00e9nieurs du Qu\u00e9bec"},"image":{"@id":"https:\/\/www.oiq.qc.ca\/#\/schema\/logo\/image\/"}}]}},"_links":{"self":[{"href":"https:\/\/www.oiq.qc.ca\/en\/wp-json\/wp\/v2\/pages\/16186","targetHints":{"allow":["GET"]}}],"collection":[{"href":"https:\/\/www.oiq.qc.ca\/en\/wp-json\/wp\/v2\/pages"}],"about":[{"href":"https:\/\/www.oiq.qc.ca\/en\/wp-json\/wp\/v2\/types\/page"}],"author":[{"embeddable":true,"href":"https:\/\/www.oiq.qc.ca\/en\/wp-json\/wp\/v2\/users\/8"}],"replies":[{"embeddable":true,"href":"https:\/\/www.oiq.qc.ca\/en\/wp-json\/wp\/v2\/comments?post=16186"}],"version-history":[{"count":0,"href":"https:\/\/www.oiq.qc.ca\/en\/wp-json\/wp\/v2\/pages\/16186\/revisions"}],"up":[{"embeddable":true,"href":"https:\/\/www.oiq.qc.ca\/en\/wp-json\/wp\/v2\/pages\/15749"}],"wp:attachment":[{"href":"https:\/\/www.oiq.qc.ca\/en\/wp-json\/wp\/v2\/media?parent=16186"}],"curies":[{"name":"wp","href":"https:\/\/api.w.org\/{rel}","templated":true}]}}