{"id":16182,"date":"2022-04-21T01:22:10","date_gmt":"2022-04-21T01:22:10","guid":{"rendered":"https:\/\/www.oiq.qc.ca\/obligations-des-membres\/formation-continue\/"},"modified":"2025-09-19T13:47:38","modified_gmt":"2025-09-19T17:47:38","slug":"continuing-education","status":"publish","type":"page","link":"https:\/\/www.oiq.qc.ca\/en\/membres\/your-obligations\/continuing-education\/","title":{"rendered":"Continuing Education"},"content":{"rendered":"<div  class=\"block-wrapper \" data-block-name=\"Nouvelle Section\">\n<div class=\"new-section \" >\n        <div class=\"ns-container\">\n                            <div class=\"ns-inner\">\n                    <div class=\"ns-content\">\n                        <div class=\"container\">\n                            <div class=\"row\">\n                                <div class=\"col-12\">\n                                    <div class=\"ns-title\">\n                                                                                    <h2 class=\"ns-title\">Apprenez \u00e0 conna\u00eetre la formation continue<\/h2>\n                                                                            <\/div>\n                                <\/div>\n                                <div class=\"col-12\">\n                                    <div class=\"ns-txt\">\n                                                                                    <div class=\"wysiwyg \">\n\t<h4>30 heures<\/h4>\n<p>Vous avez la responsabilit\u00e9 de participer, sauf exception, \u00e0 un minimum de 30 heures de formation continue sur une p\u00e9riode de deux ans.<\/p>\n<h4>15 avril<\/h4>\n<p>Vous devez d\u00e9clarer les activit\u00e9s de formation auxquelles vous avez particip\u00e9 dans votre dossier de formation sur votre portail (dans l&#8217;onglet Formation continue). Les formations doivent \u00eatre d\u00e9clar\u00e9es au plus tard le 15 avril suivant la fin d&#8217;une p\u00e9riode de r\u00e9f\u00e9rence.<\/p>\n<p>Si vous suivez vos formations dans Maestro, la plateforme de formations virtuelles de l&#8217;Ordre, votre profil se remplira automatiquement. Connectez-vous simplement \u00e0 la plateforme. N&#8217;oubliez pas que vous pouvez aussi d\u00e9clarer le colloque annuel ou certaines activit\u00e9s d&#8217;accompagnement individuel dans vos heures de formation. Remplissez le formulaire ci-dessous et joignez-le \u00e0 votre d\u00e9claration d\u2019activit\u00e9 de formation continue, directement dans votre portail.<\/p>\n<h4>2 ans de pi\u00e8ces justificatives<\/h4>\n<p>Vous devez conserver les pi\u00e8ces justificatives pertinentes pendant au moins deux ans apr\u00e8s la fin de la p\u00e9riode de r\u00e9f\u00e9rence.<\/p>\n<h4>0 tracas<\/h4>\n<p>Vous avez peur d&#8217;oublier un \u00e9l\u00e9ment? Consultez le guide d\u2019application du R\u00e8glement sur la formation continue obligatoire des ing\u00e9nieurs. C&#8217;est le document de r\u00e9f\u00e9rence qui vous donnera l&#8217;information compl\u00e8te sur la proc\u00e9dure, les activit\u00e9s de formation admissibles, leur d\u00e9claration, les pi\u00e8ces justificatives \u00e0 conserver et les situations donnant droit \u00e0 des dispenses.<\/p>\n\n<\/div>                                                                            <\/div>\n                                <\/div>\n                            <\/div>\n                        <\/div>\n                    <\/div>\n                                    <\/div>\n                    <\/div>\n    <\/div>\n\n<script>\n    $(window).load(function() {\n        let hash = window.location.hash;\n        if (hash) {\n            $('html,body').animate({ scrollTop: $(hash).offset().top - 60 }, 'slow');\n        }\n    });\n<\/script>\n<\/div>\n\n\n<div  class=\"block-wrapper \">\n<div class=\"linksList\">\n    <div class=\"container\">\n        <div class=\"row\">\n            <div class=\"linksList-col full-width\">\n                                <h2 class=\"linksList-title\">\n                    Liens utiles\n                <\/h2>\n                                                                                            <div class=\"linkItem\">\n                    <a href=\"https:\/\/membres.oiq.qc.ca\/OIQ\/PortailConnexion\" target=\"_blank\" class=\"btn-arrow is-blue\">\n                                <span class=\"label\">Formation continue dans le portail des membres<\/span>\n                        \n        <span class=\"icon reset-font\"><svg xmlns=\"http:\/\/www.w3.org\/2000\/svg\" width=\"10.582\" height=\"18.826\" viewBox=\"0 0 10.582 18.826\">\n\t<g id=\"Groupe_9\" data-name=\"Groupe 9\" transform=\"translate(-8.831 1.414)\">\n\t\t<g id=\"Groupe_8\" data-name=\"Groupe 8\">\n\t\t\t<path id=\"Line\" d=\"M0,0,7.755,8.235\" transform=\"translate(10.244)\" fill=\"currentColor\" stroke=\"currentColor\"\n\t\t\t      stroke-linecap=\"round\" stroke-miterlimit=\"10\" stroke-width=\"2\" class=\"fill\"\/>\n\t\t\t<path id=\"Line-2\" data-name=\"Line\" d=\"M0,8.235,7.755,0\" transform=\"translate(10.244 7.764)\"\n\t\t\t      fill=\"currentColor\" stroke=\"currentColor\" stroke-linecap=\"round\" stroke-miterlimit=\"10\" stroke-width=\"2\" class=\"fill\"\/>\n\t\t<\/g>\n\t<\/g>\n<\/svg>\n<\/span>\n    <\/a>\n            <\/div>\n                                                                                                                <div class=\"linkItem\">\n                    <a href=\"https:\/\/www.oiq.qc.ca\/membres\/obligations-des-membres\/formation-continue\/maestro\/\" target=\"\" class=\"btn-arrow is-blue\">\n                                <span class=\"label\">Catalogue de formations virtuelles MAESTRO<\/span>\n                        \n        <span class=\"icon reset-font\"><svg xmlns=\"http:\/\/www.w3.org\/2000\/svg\" width=\"10.582\" height=\"18.826\" viewBox=\"0 0 10.582 18.826\">\n\t<g id=\"Groupe_9\" data-name=\"Groupe 9\" transform=\"translate(-8.831 1.414)\">\n\t\t<g id=\"Groupe_8\" data-name=\"Groupe 8\">\n\t\t\t<path id=\"Line\" d=\"M0,0,7.755,8.235\" transform=\"translate(10.244)\" fill=\"currentColor\" stroke=\"currentColor\"\n\t\t\t      stroke-linecap=\"round\" stroke-miterlimit=\"10\" stroke-width=\"2\" class=\"fill\"\/>\n\t\t\t<path id=\"Line-2\" data-name=\"Line\" d=\"M0,8.235,7.755,0\" transform=\"translate(10.244 7.764)\"\n\t\t\t      fill=\"currentColor\" stroke=\"currentColor\" stroke-linecap=\"round\" stroke-miterlimit=\"10\" stroke-width=\"2\" class=\"fill\"\/>\n\t\t<\/g>\n\t<\/g>\n<\/svg>\n<\/span>\n    <\/a>\n            <\/div>\n                                                                                                                                                                                                        <\/div>\n        <\/div>\n    <\/div>\n<\/div>\n<\/div>\n\n\n<div  class=\"block-wrapper \">\n<div class=\"message is-dark\">\n      <div class=\"message-wrapper container\">\n          <div class=\"row\">\n              <div class=\"col-12 mw-inner\">\n                  <div class=\"message-inner\">\n                      <div class=\"message-header\">\n                                                    <div class=\"message-content\">\n                                                                <div class=\"message-title\">\n                                      <h2>Une p\u00e9riode de r\u00e9f\u00e9rence d&#039;avril \u00e0 mars<\/h2>\n                                  <\/div>\n                                                            <div class=\"message-txt\">\n                                  <div class=\"wysiwyg \">\n\t<p>Attention! La p\u00e9riode de r\u00e9f\u00e9rence ne suit pas le calendrier civil. La p\u00e9riode en cours a d\u00e9but\u00e9 le 1er avril 2023 et se terminera le 31 mars 2025. Consultez votre portail pour avoir plus de d\u00e9tails ou pour confirmer les dates \u00e0 venir.<\/p>\n\n<\/div>                              <\/div>\n                              <div class=\"message-footer no-icon \">\n                                                                <div class=\"message-btns\">\n                                                                                                                        <a href=\"https:\/\/membres.oiq.qc.ca\/OIQ\/PortailConnexion\" target=\"_blank\" class=\"btn-arrow bordered is-white\">\n                                <span class=\"label\">Acc\u00e9dez au portail<\/span>\n                        \n        <span class=\"icon reset-font\"><svg xmlns=\"http:\/\/www.w3.org\/2000\/svg\" width=\"10.582\" height=\"18.826\" viewBox=\"0 0 10.582 18.826\">\n\t<g id=\"Groupe_9\" data-name=\"Groupe 9\" transform=\"translate(-8.831 1.414)\">\n\t\t<g id=\"Groupe_8\" data-name=\"Groupe 8\">\n\t\t\t<path id=\"Line\" d=\"M0,0,7.755,8.235\" transform=\"translate(10.244)\" fill=\"currentColor\" stroke=\"currentColor\"\n\t\t\t      stroke-linecap=\"round\" stroke-miterlimit=\"10\" stroke-width=\"2\" class=\"fill\"\/>\n\t\t\t<path id=\"Line-2\" data-name=\"Line\" d=\"M0,8.235,7.755,0\" transform=\"translate(10.244 7.764)\"\n\t\t\t      fill=\"currentColor\" stroke=\"currentColor\" stroke-linecap=\"round\" stroke-miterlimit=\"10\" stroke-width=\"2\" class=\"fill\"\/>\n\t\t<\/g>\n\t<\/g>\n<\/svg>\n<\/span>\n    <\/a>\n                                                                                                            <\/div>\n                                                              <\/div>\n                          <\/div>\n                      <\/div>\n                  <\/div>\n              <\/div>\n          <\/div>\n        <\/div>\n<\/div>\n<\/div>\n\n\n<div  class=\"block-wrapper \" data-block-name=\"Nouvelle Section\">\n<div class=\"new-section \" >\n        <div class=\"ns-container\">\n                            <div class=\"ns-inner\">\n                    <div class=\"ns-content\">\n                        <div class=\"container\">\n                            <div class=\"row\">\n                                <div class=\"col-12\">\n                                    <div class=\"ns-title\">\n                                                                                    <h2 class=\"ns-title\">L&#039;Ordre vous aide avec votre formation<\/h2>\n                                                                            <\/div>\n                                <\/div>\n                                <div class=\"col-12\">\n                                    <div class=\"ns-txt\">\n                                                                                    <div class=\"wysiwyg \">\n\t<p>Qui mieux que l\u2019Ordre pour vous accompagner dans l\u2019organisation de votre formation continue? Consultez les outils \u00e0 votre disposition pour orienter votre r\u00e9flexion.<\/p>\n<h4>Un plan de d\u00e9veloppement adapt\u00e9<\/h4>\n<p>Le plan de d\u00e9veloppement professionnel est un outil qui vous aidera \u00e0 faire le point sur vos comp\u00e9tences, votre situation, vos objectifs et les moyens de les atteindre. Vous pourrez ensuite le joindre \u00e0 votre d\u00e9claration d\u2019activit\u00e9 de formation continue, directement dans votre portail.<\/p>\n<h4>Une offre de formation adapt\u00e9e<\/h4>\n<p>Consid\u00e9rez l&#8217;offre de formations offertes par l&#8217;Ordre et destin\u00e9es aux ing\u00e9nieurs et aux ing\u00e9nieures.<\/p>\n<h4>Un format adapt\u00e9<\/h4>\n<p>Le r\u00e8glement sur la formation continue obligatoire des ing\u00e9nieurs offre une grande marge de man\u0153uvre. Vous pouvez choisir des formations qui vous int\u00e9ressent ET satisfaire \u00e0 vos obligations. Vous pourriez par exemple d\u00e9cider de faire du mentorat avec un \u00e9tudiant ou une \u00e9tudiante, suivre une conf\u00e9rence reconnue par l&#8217;Ordre, faire de l&#8217;autoformation et plus encore.<\/p>\n<p>Consultez le Guide d&#8217;application du R\u00e8glement pour d\u00e9couvrir l&#8217;\u00e9tendue des activit\u00e9s de formation admissibles et reconnues.<\/p>\n<p>&nbsp;<\/p>\n\n<\/div>                                                                            <\/div>\n                                <\/div>\n                            <\/div>\n                        <\/div>\n                    <\/div>\n                                            <div class=\"container\">\n                            <div class=\"row\">\n                                <div class=\"col-12\">\n                                    <div class=\"ns-footer\" data-component=\"modal\">\n                                                                                                                                                                                <a href=\"https:\/\/www.oiq.qc.ca\/wp-content\/uploads\/2022\/04\/Guide_plan_dev_prof.pdf\" target=\"_blank\" class=\"btn bordered\">\n\n            <span class=\"label\">Guide de d\u00e9veloppement professionnel<\/span>\n    \n                    <span class=\"icon reset-font\"><svg xmlns=\"http:\/\/www.w3.org\/2000\/svg\" width=\"18\" height=\"16\" viewBox=\"0 0 18 16\" fill=\"none\" class=\"arrow-mini-icon\">\n\t<path d=\"M10.3601 1.25732L9.99606 1.6001L9.99606 1.6001L10.3601 1.25732ZM10.0173 0.893311L10.3813 0.550537L10.0385 0.186524L9.67453 0.529298L10.0173 0.893311ZM16.0226 7.27076L15.6586 7.61353L16.0226 8.0001L16.3867 7.61353L16.0226 7.27076ZM16.1788 7.10491L16.5216 6.7409L16.1576 6.39813L15.8148 6.76214L16.1788 7.10491ZM16.9068 7.79046L17.2709 8.13324L17.6136 7.76922L17.2496 7.42645L16.9068 7.79046ZM16.7094 8.0001L16.3454 7.65732L16.0226 8.0001L16.3454 8.34287L16.7094 8.0001ZM16.9068 8.20974L17.2496 8.57375L17.6136 8.23097L17.2709 7.86696L16.9068 8.20974ZM16.1788 8.89528L15.8148 9.23806L16.1576 9.60207L16.5216 9.2593L16.1788 8.89528ZM16.0226 8.72944L16.3867 8.38667L16.0226 8.0001L15.6586 8.38667L16.0226 8.72944ZM10.3601 14.7429L10.7241 15.0856L10.7241 15.0856L10.3601 14.7429ZM10.0173 15.1069L9.67453 15.4709L10.0385 15.8137L10.3813 15.4497L10.0173 15.1069ZM9.28927 14.4213L8.92526 14.0786L8.58248 14.4426L8.9465 14.7854L9.28927 14.4213ZM9.63205 14.0573L9.99606 14.4001L9.99606 14.4001L9.63205 14.0573ZM14.865 8.5001L15.229 8.84287L16.0226 8.0001H14.865V8.5001ZM1.30005 8.5001H0.800049V9.0001H1.30005V8.5001ZM1.30005 7.5001V7.0001H0.800049V7.5001H1.30005ZM14.865 7.5001V8.0001H16.0226L15.229 7.15732L14.865 7.5001ZM9.63205 1.94287L9.99606 1.6001L9.63205 1.94287ZM9.28927 1.57886L8.9465 1.21485L8.58248 1.55762L8.92526 1.92163L9.28927 1.57886ZM10.7241 0.91455L10.3813 0.550537L9.65329 1.23609L9.99606 1.6001L10.7241 0.91455ZM16.3867 6.92798L10.7241 0.91455L9.99606 1.6001L15.6586 7.61353L16.3867 6.92798ZM16.3867 7.61353L16.5428 7.44769L15.8148 6.76214L15.6586 6.92798L16.3867 7.61353ZM15.836 7.46893L16.5641 8.15448L17.2496 7.42645L16.5216 6.7409L15.836 7.46893ZM16.5428 7.44769L16.3454 7.65732L17.0734 8.34287L17.2709 8.13324L16.5428 7.44769ZM17.2709 7.86696L17.0734 7.65732L16.3454 8.34287L16.5428 8.55251L17.2709 7.86696ZM16.5216 9.2593L17.2496 8.57375L16.5641 7.84572L15.836 8.53127L16.5216 9.2593ZM15.6586 9.07222L15.8148 9.23806L16.5428 8.55251L16.3867 8.38667L15.6586 9.07222ZM15.6586 8.38667L9.99606 14.4001L10.7241 15.0856L16.3867 9.07222L15.6586 8.38667ZM9.99606 14.4001L9.65329 14.7641L10.3813 15.4497L10.7241 15.0856L9.99606 14.4001ZM10.3601 14.7429L9.63205 14.0573L8.9465 14.7854L9.67453 15.4709L10.3601 14.7429ZM9.65329 14.7641L9.99606 14.4001L9.26803 13.7146L8.92526 14.0786L9.65329 14.7641ZM9.99606 14.4001L15.229 8.84287L14.501 8.15732L9.26803 13.7146L9.99606 14.4001ZM1.80005 9.0001H14.865V8.0001H1.80005V9.0001ZM1.30005 9.0001H1.80005V8.0001H1.30005V9.0001ZM0.800049 7.5001V8.5001H1.80005V7.5001H0.800049ZM1.80005 7.0001H1.30005V8.0001H1.80005V7.0001ZM14.865 7.0001H1.80005V8.0001H14.865V7.0001ZM9.26803 2.28565L14.501 7.84287L15.229 7.15732L9.99606 1.6001L9.26803 2.28565ZM8.92526 1.92163L9.26803 2.28565L9.99606 1.6001L9.65329 1.23609L8.92526 1.92163ZM9.67453 0.529298L8.9465 1.21485L9.63205 1.94287L10.3601 1.25732L9.67453 0.529298Z\"\n\t      fill=\"#0046F0\" class=\"fill\"\/>\n<\/svg>\n<\/span>\n    \n    <\/a>\n                                                                                                                                                                    <\/div>\n                                <\/div>\n                            <\/div>\n                        <\/div>\n                                    <\/div>\n                    <\/div>\n    <\/div>\n\n<script>\n    $(window).load(function() {\n        let hash = window.location.hash;\n        if (hash) {\n            $('html,body').animate({ scrollTop: $(hash).offset().top - 60 }, 'slow');\n        }\n    });\n<\/script>\n<\/div>\n\n\n<div  class=\"block-wrapper \">\n<\/div>\n","protected":false},"excerpt":{"rendered":"","protected":false},"author":4,"featured_media":0,"parent":16216,"menu_order":0,"comment_status":"closed","ping_status":"closed","template":"views\/template-builder.blade.php","meta":{"_acf_changed":false,"_relevanssi_hide_post":"","_relevanssi_hide_content":"","_relevanssi_pin_for_all":"","_relevanssi_pin_keywords":"","_relevanssi_unpin_keywords":"","_relevanssi_related_keywords":"","_relevanssi_related_include_ids":"","_relevanssi_related_exclude_ids":"","_relevanssi_related_no_append":"","_relevanssi_related_not_related":"","_relevanssi_related_posts":"1","_relevanssi_noindex_reason":"","inline_featured_image":false,"footnotes":""},"class_list":["post-16182","page","type-page","status-publish","hentry"],"acf":[],"yoast_head":"<!-- This site is optimized with the Yoast SEO plugin v26.6 - https:\/\/yoast.com\/wordpress\/plugins\/seo\/ -->\n<title>OIQ &#8211; Ordre des ing\u00e9nieurs du Qu\u00e9bec<\/title>\n<meta name=\"description\" content=\"Pour tout savoir sur la formation continue obligatoire, une obligation pour tous les membres de l&#039;Ordre des ing\u00e9nieurs du Qu\u00e9bec.\" \/>\n<meta name=\"robots\" content=\"index, follow, max-snippet:-1, max-image-preview:large, max-video-preview:-1\" \/>\n<link rel=\"canonical\" href=\"https:\/\/www.oiq.qc.ca\/en\/membres\/your-obligations\/continuing-education\/\" \/>\n<meta property=\"og:locale\" content=\"en_US\" \/>\n<meta property=\"og:type\" content=\"article\" \/>\n<meta property=\"og:title\" content=\"Continuing Education - OIQ - Ordre des ing\u00e9nieurs du Qu\u00e9bec\" \/>\n<meta property=\"og:description\" content=\"Pour tout savoir sur la formation continue obligatoire, une obligation pour tous les membres de l&#039;Ordre des ing\u00e9nieurs du Qu\u00e9bec.\" \/>\n<meta property=\"og:url\" content=\"https:\/\/www.oiq.qc.ca\/en\/membres\/your-obligations\/continuing-education\/\" \/>\n<meta property=\"og:site_name\" content=\"OIQ - Ordre des ing\u00e9nieurs du Qu\u00e9bec\" \/>\n<meta property=\"article:modified_time\" content=\"2025-09-19T17:47:38+00:00\" \/>\n<meta property=\"og:image\" content=\"https:\/\/www.oiq.qc.ca\/wp-content\/uploads\/vignette-web.png\" \/>\n\t<meta property=\"og:image:width\" content=\"1200\" \/>\n\t<meta property=\"og:image:height\" content=\"675\" \/>\n\t<meta property=\"og:image:type\" content=\"image\/png\" \/>\n<meta name=\"twitter:card\" content=\"summary_large_image\" \/>\n<meta name=\"twitter:label1\" content=\"Est. reading time\" \/>\n\t<meta name=\"twitter:data1\" content=\"4 minutes\" \/>\n<script type=\"application\/ld+json\" class=\"yoast-schema-graph\">{\"@context\":\"https:\/\/schema.org\",\"@graph\":[{\"@type\":\"WebPage\",\"@id\":\"https:\/\/www.oiq.qc.ca\/en\/membres\/your-obligations\/continuing-education\/\",\"url\":\"https:\/\/www.oiq.qc.ca\/en\/membres\/your-obligations\/continuing-education\/\",\"name\":\"Continuing Education - OIQ - Ordre des ing\u00e9nieurs du Qu\u00e9bec\",\"isPartOf\":{\"@id\":\"https:\/\/www.oiq.qc.ca\/#website\"},\"datePublished\":\"2022-04-21T01:22:10+00:00\",\"dateModified\":\"2025-09-19T17:47:38+00:00\",\"description\":\"Pour tout savoir sur la formation continue obligatoire, une obligation pour tous les membres de l'Ordre des ing\u00e9nieurs du Qu\u00e9bec.\",\"breadcrumb\":{\"@id\":\"https:\/\/www.oiq.qc.ca\/en\/membres\/your-obligations\/continuing-education\/#breadcrumb\"},\"inLanguage\":\"en-CA\",\"potentialAction\":[{\"@type\":\"ReadAction\",\"target\":[\"https:\/\/www.oiq.qc.ca\/en\/membres\/your-obligations\/continuing-education\/\"]}]},{\"@type\":\"BreadcrumbList\",\"@id\":\"https:\/\/www.oiq.qc.ca\/en\/membres\/your-obligations\/continuing-education\/#breadcrumb\",\"itemListElement\":[{\"@type\":\"ListItem\",\"position\":1,\"name\":\"Home\",\"item\":\"https:\/\/www.oiq.qc.ca\/en\/\"},{\"@type\":\"ListItem\",\"position\":2,\"name\":\"Membres\",\"item\":\"https:\/\/www.oiq.qc.ca\/en\/membres\/\"},{\"@type\":\"ListItem\",\"position\":3,\"name\":\"Your Obligations\",\"item\":\"https:\/\/www.oiq.qc.ca\/en\/membres\/your-obligations\/\"},{\"@type\":\"ListItem\",\"position\":4,\"name\":\"Continuing Education\"}]},{\"@type\":\"WebSite\",\"@id\":\"https:\/\/www.oiq.qc.ca\/#website\",\"url\":\"https:\/\/www.oiq.qc.ca\/\",\"name\":\"OIQ - Ordre des ing\u00e9nieurs du Qu\u00e9bec\",\"description\":\"Ordre des ing\u00e9nieurs du Qu\u00e9bec\",\"publisher\":{\"@id\":\"https:\/\/www.oiq.qc.ca\/#organization\"},\"potentialAction\":[{\"@type\":\"SearchAction\",\"target\":{\"@type\":\"EntryPoint\",\"urlTemplate\":\"https:\/\/www.oiq.qc.ca\/?s={search_term_string}\"},\"query-input\":{\"@type\":\"PropertyValueSpecification\",\"valueRequired\":true,\"valueName\":\"search_term_string\"}}],\"inLanguage\":\"en-CA\"},{\"@type\":\"Organization\",\"@id\":\"https:\/\/www.oiq.qc.ca\/#organization\",\"name\":\"OIQ - Ordre des Ing\u00e9nieurs du Qu\u00e9bec\",\"url\":\"https:\/\/www.oiq.qc.ca\/\",\"logo\":{\"@type\":\"ImageObject\",\"inLanguage\":\"en-CA\",\"@id\":\"https:\/\/www.oiq.qc.ca\/#\/schema\/logo\/image\/\",\"url\":\"https:\/\/www.oiq.qc.ca\/wp-content\/uploads\/logo-oiq-696x696-yoast.png\",\"contentUrl\":\"https:\/\/www.oiq.qc.ca\/wp-content\/uploads\/logo-oiq-696x696-yoast.png\",\"width\":696,\"height\":696,\"caption\":\"OIQ - Ordre des Ing\u00e9nieurs du Qu\u00e9bec\"},\"image\":{\"@id\":\"https:\/\/www.oiq.qc.ca\/#\/schema\/logo\/image\/\"}}]}<\/script>\n<!-- \/ Yoast SEO plugin. -->","yoast_head_json":{"title":"OIQ &#8211; Ordre des ing\u00e9nieurs du Qu\u00e9bec","description":"Pour tout savoir sur la formation continue obligatoire, une obligation pour tous les membres de l'Ordre des ing\u00e9nieurs du Qu\u00e9bec.","robots":{"index":"index","follow":"follow","max-snippet":"max-snippet:-1","max-image-preview":"max-image-preview:large","max-video-preview":"max-video-preview:-1"},"canonical":"https:\/\/www.oiq.qc.ca\/en\/membres\/your-obligations\/continuing-education\/","og_locale":"en_US","og_type":"article","og_title":"Continuing Education - OIQ - Ordre des ing\u00e9nieurs du Qu\u00e9bec","og_description":"Pour tout savoir sur la formation continue obligatoire, une obligation pour tous les membres de l'Ordre des ing\u00e9nieurs du Qu\u00e9bec.","og_url":"https:\/\/www.oiq.qc.ca\/en\/membres\/your-obligations\/continuing-education\/","og_site_name":"OIQ - Ordre des ing\u00e9nieurs du Qu\u00e9bec","article_modified_time":"2025-09-19T17:47:38+00:00","og_image":[{"width":1200,"height":675,"url":"https:\/\/www.oiq.qc.ca\/wp-content\/uploads\/vignette-web.png","type":"image\/png"}],"twitter_card":"summary_large_image","twitter_misc":{"Est. reading time":"4 minutes"},"schema":{"@context":"https:\/\/schema.org","@graph":[{"@type":"WebPage","@id":"https:\/\/www.oiq.qc.ca\/en\/membres\/your-obligations\/continuing-education\/","url":"https:\/\/www.oiq.qc.ca\/en\/membres\/your-obligations\/continuing-education\/","name":"Continuing Education - OIQ - Ordre des ing\u00e9nieurs du Qu\u00e9bec","isPartOf":{"@id":"https:\/\/www.oiq.qc.ca\/#website"},"datePublished":"2022-04-21T01:22:10+00:00","dateModified":"2025-09-19T17:47:38+00:00","description":"Pour tout savoir sur la formation continue obligatoire, une obligation pour tous les membres de l'Ordre des ing\u00e9nieurs du Qu\u00e9bec.","breadcrumb":{"@id":"https:\/\/www.oiq.qc.ca\/en\/membres\/your-obligations\/continuing-education\/#breadcrumb"},"inLanguage":"en-CA","potentialAction":[{"@type":"ReadAction","target":["https:\/\/www.oiq.qc.ca\/en\/membres\/your-obligations\/continuing-education\/"]}]},{"@type":"BreadcrumbList","@id":"https:\/\/www.oiq.qc.ca\/en\/membres\/your-obligations\/continuing-education\/#breadcrumb","itemListElement":[{"@type":"ListItem","position":1,"name":"Home","item":"https:\/\/www.oiq.qc.ca\/en\/"},{"@type":"ListItem","position":2,"name":"Membres","item":"https:\/\/www.oiq.qc.ca\/en\/membres\/"},{"@type":"ListItem","position":3,"name":"Your Obligations","item":"https:\/\/www.oiq.qc.ca\/en\/membres\/your-obligations\/"},{"@type":"ListItem","position":4,"name":"Continuing Education"}]},{"@type":"WebSite","@id":"https:\/\/www.oiq.qc.ca\/#website","url":"https:\/\/www.oiq.qc.ca\/","name":"OIQ - Ordre des ing\u00e9nieurs du Qu\u00e9bec","description":"Ordre des ing\u00e9nieurs du Qu\u00e9bec","publisher":{"@id":"https:\/\/www.oiq.qc.ca\/#organization"},"potentialAction":[{"@type":"SearchAction","target":{"@type":"EntryPoint","urlTemplate":"https:\/\/www.oiq.qc.ca\/?s={search_term_string}"},"query-input":{"@type":"PropertyValueSpecification","valueRequired":true,"valueName":"search_term_string"}}],"inLanguage":"en-CA"},{"@type":"Organization","@id":"https:\/\/www.oiq.qc.ca\/#organization","name":"OIQ - Ordre des Ing\u00e9nieurs du Qu\u00e9bec","url":"https:\/\/www.oiq.qc.ca\/","logo":{"@type":"ImageObject","inLanguage":"en-CA","@id":"https:\/\/www.oiq.qc.ca\/#\/schema\/logo\/image\/","url":"https:\/\/www.oiq.qc.ca\/wp-content\/uploads\/logo-oiq-696x696-yoast.png","contentUrl":"https:\/\/www.oiq.qc.ca\/wp-content\/uploads\/logo-oiq-696x696-yoast.png","width":696,"height":696,"caption":"OIQ - Ordre des Ing\u00e9nieurs du Qu\u00e9bec"},"image":{"@id":"https:\/\/www.oiq.qc.ca\/#\/schema\/logo\/image\/"}}]}},"_links":{"self":[{"href":"https:\/\/www.oiq.qc.ca\/en\/wp-json\/wp\/v2\/pages\/16182","targetHints":{"allow":["GET"]}}],"collection":[{"href":"https:\/\/www.oiq.qc.ca\/en\/wp-json\/wp\/v2\/pages"}],"about":[{"href":"https:\/\/www.oiq.qc.ca\/en\/wp-json\/wp\/v2\/types\/page"}],"author":[{"embeddable":true,"href":"https:\/\/www.oiq.qc.ca\/en\/wp-json\/wp\/v2\/users\/4"}],"replies":[{"embeddable":true,"href":"https:\/\/www.oiq.qc.ca\/en\/wp-json\/wp\/v2\/comments?post=16182"}],"version-history":[{"count":0,"href":"https:\/\/www.oiq.qc.ca\/en\/wp-json\/wp\/v2\/pages\/16182\/revisions"}],"up":[{"embeddable":true,"href":"https:\/\/www.oiq.qc.ca\/en\/wp-json\/wp\/v2\/pages\/16216"}],"wp:attachment":[{"href":"https:\/\/www.oiq.qc.ca\/en\/wp-json\/wp\/v2\/media?parent=16182"}],"curies":[{"name":"wp","href":"https:\/\/api.w.org\/{rel}","templated":true}]}}