{"id":15735,"date":"2022-03-17T22:28:14","date_gmt":"2022-03-17T22:28:14","guid":{"rendered":"https:\/\/www.oiq.qc.ca\/general-public\/the-engineering-profession\/le-role-de-lordre\/"},"modified":"2025-09-19T13:20:53","modified_gmt":"2025-09-19T17:20:53","slug":"the-role-of-the-oiq","status":"publish","type":"page","link":"https:\/\/www.oiq.qc.ca\/en\/general-public\/the-engineering-profession\/the-role-of-the-oiq\/","title":{"rendered":"The Role of the OIQ"},"content":{"rendered":"<div  class=\"block-wrapper \" data-block-name=\"Stats\">\n<div class=\"list-cards-stats\">\n    <div class=\"container\">\n                            <div class=\"row\">\n                <div class=\"col-12\">\n                    <div class=\"lcs-inner\">\n                                                    <div class=\"card-stats\">\n\t<div class=\"cs-container\">\n\t\t<h3>77,000<\/h3>\n\t\t<div class=\"cs-content\">people are members or future members.<\/div>\n\t<\/div>\n<\/div>\n                                                    <div class=\"card-stats\">\n\t<div class=\"cs-container\">\n\t\t<h3>24 %<\/h3>\n\t\t<div class=\"cs-content\">of engineers are immigrants, twice as many as in the general population of Quebec.<\/div>\n\t<\/div>\n<\/div>\n                                                    <div class=\"card-stats\">\n\t<div class=\"cs-container\">\n\t\t<h3>15 %<\/h3>\n\t\t<div class=\"cs-content\">of the members of the OIQare women. They also represent 21% of engineering graduates.<\/div>\n\t<\/div>\n<\/div>\n                                            <\/div>\n                <\/div>\n            <\/div>\n            <\/div>\n<\/div>\n<\/div>\n\n\n<div  class=\"block-wrapper \" data-block-name=\"Rubriques Cliquables\">\n<div class=\"list-cards full-width  has-white-cards\">\n    <div class=\"container\">\n                              <div class=\"lc-grid\">\n            <div class=\"lc-grid-wrap\">\n                                    <div class=\"card-item js-block-link  is-white\">\n    <div class=\"card-item-top\">\n        <div class=\"cit-content\">\n                            <h3>Reliability and skills<\/h3>\n                                        <p>There are so many ways to express your engineering talent! See how engineers from all fields are helping to shape the world of today and tomorrow.<\/p>\n                    <\/div>\n                    <a href=\"https:\/\/www.oiq.qc.ca\/en\/general-public\/the-engineering-profession\/the-engineers-role\/\" target=\"\" class=\"btn-arrow is-blue js-link-href\">\n                        \n        <span class=\"icon reset-font\"><svg xmlns=\"http:\/\/www.w3.org\/2000\/svg\" width=\"10.582\" height=\"18.826\" viewBox=\"0 0 10.582 18.826\">\n\t<g id=\"Groupe_9\" data-name=\"Groupe 9\" transform=\"translate(-8.831 1.414)\">\n\t\t<g id=\"Groupe_8\" data-name=\"Groupe 8\">\n\t\t\t<path id=\"Line\" d=\"M0,0,7.755,8.235\" transform=\"translate(10.244)\" fill=\"currentColor\" stroke=\"currentColor\"\n\t\t\t      stroke-linecap=\"round\" stroke-miterlimit=\"10\" stroke-width=\"2\" class=\"fill\"\/>\n\t\t\t<path id=\"Line-2\" data-name=\"Line\" d=\"M0,8.235,7.755,0\" transform=\"translate(10.244 7.764)\"\n\t\t\t      fill=\"currentColor\" stroke=\"currentColor\" stroke-linecap=\"round\" stroke-miterlimit=\"10\" stroke-width=\"2\" class=\"fill\"\/>\n\t\t<\/g>\n\t<\/g>\n<\/svg>\n<\/span>\n    <\/a>\n            <\/div>\n    <div class=\"card-item-bottom\">\n            <\/div>\n<\/div>\n                                    <div class=\"card-item js-block-link  is-white\">\n    <div class=\"card-item-top\">\n        <div class=\"cit-content\">\n                            <h3>Communications<\/h3>\n                                        <p>At any time, you can contact the OIQto ask questions or make complaints. To do so, consult the &#8220;Contact Us&#8221; section and fill out the form.<\/p>\n                    <\/div>\n                    <a href=\"https:\/\/www.oiq.qc.ca\/en\/general-public\/contact-the-oiq\/\" target=\"\" class=\"btn-arrow is-blue js-link-href\">\n                        \n        <span class=\"icon reset-font\"><svg xmlns=\"http:\/\/www.w3.org\/2000\/svg\" width=\"10.582\" height=\"18.826\" viewBox=\"0 0 10.582 18.826\">\n\t<g id=\"Groupe_9\" data-name=\"Groupe 9\" transform=\"translate(-8.831 1.414)\">\n\t\t<g id=\"Groupe_8\" data-name=\"Groupe 8\">\n\t\t\t<path id=\"Line\" d=\"M0,0,7.755,8.235\" transform=\"translate(10.244)\" fill=\"currentColor\" stroke=\"currentColor\"\n\t\t\t      stroke-linecap=\"round\" stroke-miterlimit=\"10\" stroke-width=\"2\" class=\"fill\"\/>\n\t\t\t<path id=\"Line-2\" data-name=\"Line\" d=\"M0,8.235,7.755,0\" transform=\"translate(10.244 7.764)\"\n\t\t\t      fill=\"currentColor\" stroke=\"currentColor\" stroke-linecap=\"round\" stroke-miterlimit=\"10\" stroke-width=\"2\" class=\"fill\"\/>\n\t\t<\/g>\n\t<\/g>\n<\/svg>\n<\/span>\n    <\/a>\n            <\/div>\n    <div class=\"card-item-bottom\">\n            <\/div>\n<\/div>\n                                    <div class=\"card-item js-block-link  is-white\">\n    <div class=\"card-item-top\">\n        <div class=\"cit-content\">\n                            <h3>Transparency<\/h3>\n                                        <p>The OIQ maintains a list of decisions and rulings. You can search the list by the person\u2019s name to read the description.\r\n<\/p>\n                    <\/div>\n                    <a href=\"https:\/\/www.oiq.qc.ca\/en\/general-public\/protection-of-the-public\/decisions-and-rulings\/\" target=\"\" class=\"btn-arrow is-blue js-link-href\">\n                        \n        <span class=\"icon reset-font\"><svg xmlns=\"http:\/\/www.w3.org\/2000\/svg\" width=\"10.582\" height=\"18.826\" viewBox=\"0 0 10.582 18.826\">\n\t<g id=\"Groupe_9\" data-name=\"Groupe 9\" transform=\"translate(-8.831 1.414)\">\n\t\t<g id=\"Groupe_8\" data-name=\"Groupe 8\">\n\t\t\t<path id=\"Line\" d=\"M0,0,7.755,8.235\" transform=\"translate(10.244)\" fill=\"currentColor\" stroke=\"currentColor\"\n\t\t\t      stroke-linecap=\"round\" stroke-miterlimit=\"10\" stroke-width=\"2\" class=\"fill\"\/>\n\t\t\t<path id=\"Line-2\" data-name=\"Line\" d=\"M0,8.235,7.755,0\" transform=\"translate(10.244 7.764)\"\n\t\t\t      fill=\"currentColor\" stroke=\"currentColor\" stroke-linecap=\"round\" stroke-miterlimit=\"10\" stroke-width=\"2\" class=\"fill\"\/>\n\t\t<\/g>\n\t<\/g>\n<\/svg>\n<\/span>\n    <\/a>\n            <\/div>\n    <div class=\"card-item-bottom\">\n            <\/div>\n<\/div>\n                                    <div class=\"card-item js-block-link  is-white\">\n    <div class=\"card-item-top\">\n        <div class=\"cit-content\">\n                            <h3>Liability Insurance<\/h3>\n                                        <p>All members of the OIQ are required to carry professional liability insurance. Learn how this protects the public in case of omissions or errors.<\/p>\n                    <\/div>\n                    <a href=\"https:\/\/www.oiq.qc.ca\/en\/general-public\/protection-of-the-public\/professional-liability-insurance-explained-to-the-public\/\" target=\"\" class=\"btn-arrow is-blue js-link-href\">\n                        \n        <span class=\"icon reset-font\"><svg xmlns=\"http:\/\/www.w3.org\/2000\/svg\" width=\"10.582\" height=\"18.826\" viewBox=\"0 0 10.582 18.826\">\n\t<g id=\"Groupe_9\" data-name=\"Groupe 9\" transform=\"translate(-8.831 1.414)\">\n\t\t<g id=\"Groupe_8\" data-name=\"Groupe 8\">\n\t\t\t<path id=\"Line\" d=\"M0,0,7.755,8.235\" transform=\"translate(10.244)\" fill=\"currentColor\" stroke=\"currentColor\"\n\t\t\t      stroke-linecap=\"round\" stroke-miterlimit=\"10\" stroke-width=\"2\" class=\"fill\"\/>\n\t\t\t<path id=\"Line-2\" data-name=\"Line\" d=\"M0,8.235,7.755,0\" transform=\"translate(10.244 7.764)\"\n\t\t\t      fill=\"currentColor\" stroke=\"currentColor\" stroke-linecap=\"round\" stroke-miterlimit=\"10\" stroke-width=\"2\" class=\"fill\"\/>\n\t\t<\/g>\n\t<\/g>\n<\/svg>\n<\/span>\n    <\/a>\n            <\/div>\n    <div class=\"card-item-bottom\">\n            <\/div>\n<\/div>\n                                    <div class=\"card-item js-block-link  is-white\">\n    <div class=\"card-item-top\">\n        <div class=\"cit-content\">\n                            <h3>Directory<\/h3>\n                                        <p>If you want to see the profile of one of our members and verify that they are in good standing, consult our directory.\r\n \r\n<\/p>\n                    <\/div>\n                    <a href=\"https:\/\/membres.oiq.qc.ca\/OIQ\/Public\/En\/Directory\/Search.aspx?WebsiteKey=10e43d88-a2f9-4064-8e04-c4f4b4522ad0\" target=\"\" class=\"btn-arrow is-blue js-link-href\">\n                        \n        <span class=\"icon reset-font\"><svg xmlns=\"http:\/\/www.w3.org\/2000\/svg\" width=\"10.582\" height=\"18.826\" viewBox=\"0 0 10.582 18.826\">\n\t<g id=\"Groupe_9\" data-name=\"Groupe 9\" transform=\"translate(-8.831 1.414)\">\n\t\t<g id=\"Groupe_8\" data-name=\"Groupe 8\">\n\t\t\t<path id=\"Line\" d=\"M0,0,7.755,8.235\" transform=\"translate(10.244)\" fill=\"currentColor\" stroke=\"currentColor\"\n\t\t\t      stroke-linecap=\"round\" stroke-miterlimit=\"10\" stroke-width=\"2\" class=\"fill\"\/>\n\t\t\t<path id=\"Line-2\" data-name=\"Line\" d=\"M0,8.235,7.755,0\" transform=\"translate(10.244 7.764)\"\n\t\t\t      fill=\"currentColor\" stroke=\"currentColor\" stroke-linecap=\"round\" stroke-miterlimit=\"10\" stroke-width=\"2\" class=\"fill\"\/>\n\t\t<\/g>\n\t<\/g>\n<\/svg>\n<\/span>\n    <\/a>\n            <\/div>\n    <div class=\"card-item-bottom\">\n            <\/div>\n<\/div>\n                            <\/div>\n        <\/div>\n          <\/div>\n<\/div>\n<\/div>\n\n\n<div  class=\"block-wrapper \" data-block-name=\"Wysiwyg\">\n<div class=\"bloc-wysiwyg \">\n    <div class=\"container\">\n        <div class=\"wysiwyg \">\n\t<h2>Mission: Protecting the Public<\/h2>\n<p>This is how the OIQ protects the public.<\/p>\n<h3>Controlling access to the profession<\/h3>\n<p>Candidates to the engineering profession (CEP) must have the knowledge and skills necessary to become a professional engineer. This is why we have a professional admission program that includes three mandatory components: theory, practice, and language. Candidates to the engineering profession are subject to the same obligations as members of the OIQ and must also be supervised throughout the<a href=\"https:\/\/www.oiq.qc.ca\/futurs-membres\/devenir-ingenieur-au-quebec\/programme-dacces-a-la-profession\/\"> professional admission program (*FR*)<\/a>.<\/p>\n<h3>Ensuring continuous professional development<\/h3>\n<p>The OIQ helps engineers develop their skills. Its team assists in establishing the orientation and content of training activities and offers members training that is consistent with their professional development plan. Moreover, it ensures compliance with the <a href=\"http:\/\/legisquebec.gouv.qc.ca\/fr\/ShowDoc\/cr\/I-9,%20r.%209.01\" target=\"_blank\" rel=\"noopener noreferrer\" data-gc-link=\"http:\/\/legisquebec.gouv.qc.ca\/fr\/ShowDoc\/cr\/I-9,%20r.%209.01\">R\u00e8glement sur la formation continue obligatoire<\/a> (in French only).<\/p>\n<h3>Monitoring<\/h3>\n<p>The OIQ monitors the engineering profession practice. To do so, it uses several essential tools, including:<\/p>\n<ul>\n<li data-gc-list-depth=\"1\" data-gc-list-style=\"bullet\"><a href=\"https:\/\/www.oiq.qc.ca\/membres\/obligations-des-membres\/inspection-professionnelles\/\">Professional inspection (*FR*)<\/a> of its members who practice the engineering profession.<\/li>\n<li data-gc-list-depth=\"1\" data-gc-list-style=\"bullet\"><a href=\"https:\/\/www.oiq.qc.ca\/grand-public\/protection-du-public\/surveillance-de-la-pratique-illegale\/\">Monitoring and controlling the illegal practice (*FR*)<\/a> of the profession to ensure that only professional engineers are engaged in the activities reserved for the profession and are allowed to use the title and its abbreviation.<\/li>\n<li data-gc-list-depth=\"1\" data-gc-list-style=\"bullet\"><a href=\"https:\/\/www.oiq.qc.ca\/grand-public\/protection-du-public\/bureau-du-syndic\/\">Office of the Syndic<\/a> to investigate and correct ethical breaches by members of the OIQ (in French only).<\/li>\n<\/ul>\n\n<\/div>    <\/div>\n<\/div>\n<\/div>\n\n\n<div  class=\"block-wrapper \">\n<div class=\"cta full-width\">\n            <div class=\"container\">\n                              <div class=\"row cta-wrapper\">\n                    <div class=\"col-lg-7 col-md-7 \">\n                        <div class=\"cta-content\">\n                                                            <h2>Contact us<\/h2>\n                                                        <div class=\"wysiwyg \">\n\t<p>Need to contact us, report or make a complaint? Visit the OIQ&#8217;s Contact page and find the right resources.<\/p>\n\n<\/div>                            <br>\n                                                            <a href=\"https:\/\/www.oiq.qc.ca\/grand-public\/contactez-lordre\/\" target=\"\" class=\"btn-arrow is-blue bordered\">\n                                <span class=\"label\">Contacter l&#039;Ordre<\/span>\n                        \n        <span class=\"icon reset-font\"><svg xmlns=\"http:\/\/www.w3.org\/2000\/svg\" width=\"10.582\" height=\"18.826\" viewBox=\"0 0 10.582 18.826\">\n\t<g id=\"Groupe_9\" data-name=\"Groupe 9\" transform=\"translate(-8.831 1.414)\">\n\t\t<g id=\"Groupe_8\" data-name=\"Groupe 8\">\n\t\t\t<path id=\"Line\" d=\"M0,0,7.755,8.235\" transform=\"translate(10.244)\" fill=\"currentColor\" stroke=\"currentColor\"\n\t\t\t      stroke-linecap=\"round\" stroke-miterlimit=\"10\" stroke-width=\"2\" class=\"fill\"\/>\n\t\t\t<path id=\"Line-2\" data-name=\"Line\" d=\"M0,8.235,7.755,0\" transform=\"translate(10.244 7.764)\"\n\t\t\t      fill=\"currentColor\" stroke=\"currentColor\" stroke-linecap=\"round\" stroke-miterlimit=\"10\" stroke-width=\"2\" class=\"fill\"\/>\n\t\t<\/g>\n\t<\/g>\n<\/svg>\n<\/span>\n    <\/a>\n                                                    <\/div>\n                    <\/div>\n                                    <\/div>\n                          <\/div>\n        <\/div>\n        \n<\/div>\n","protected":false},"excerpt":{"rendered":"","protected":false},"author":8,"featured_media":0,"parent":15729,"menu_order":0,"comment_status":"closed","ping_status":"closed","template":"views\/template-builder.blade.php","meta":{"_acf_changed":false,"_relevanssi_hide_post":"","_relevanssi_hide_content":"","_relevanssi_pin_for_all":"","_relevanssi_pin_keywords":"","_relevanssi_unpin_keywords":"","_relevanssi_related_keywords":"","_relevanssi_related_include_ids":"","_relevanssi_related_exclude_ids":"","_relevanssi_related_no_append":"","_relevanssi_related_not_related":"","_relevanssi_related_posts":"1","_relevanssi_noindex_reason":"","inline_featured_image":false,"footnotes":""},"class_list":["post-15735","page","type-page","status-publish","hentry"],"acf":[],"yoast_head":"<!-- This site is optimized with the Yoast SEO plugin v26.6 - https:\/\/yoast.com\/wordpress\/plugins\/seo\/ -->\n<title>OIQ &#8211; Ordre des ing\u00e9nieurs du Qu\u00e9bec<\/title>\n<meta name=\"description\" content=\"La mission de l\u2019Ordre est de prot\u00e9ger le grand public. Comment? Consultez cette page pour savoir tout ce qui est mis en \u0153uvre pour vous.\" \/>\n<meta name=\"robots\" content=\"index, follow, max-snippet:-1, max-image-preview:large, max-video-preview:-1\" \/>\n<link rel=\"canonical\" href=\"https:\/\/www.oiq.qc.ca\/en\/general-public\/the-engineering-profession\/the-role-of-the-oiq\/\" \/>\n<meta property=\"og:locale\" content=\"en_US\" \/>\n<meta property=\"og:type\" content=\"article\" \/>\n<meta property=\"og:title\" content=\"The Role of the OIQ - OIQ - Ordre des ing\u00e9nieurs du Qu\u00e9bec\" \/>\n<meta property=\"og:description\" content=\"La mission de l\u2019Ordre est de prot\u00e9ger le grand public. Comment? Consultez cette page pour savoir tout ce qui est mis en \u0153uvre pour vous.\" \/>\n<meta property=\"og:url\" content=\"https:\/\/www.oiq.qc.ca\/en\/general-public\/the-engineering-profession\/the-role-of-the-oiq\/\" \/>\n<meta property=\"og:site_name\" content=\"OIQ - Ordre des ing\u00e9nieurs du Qu\u00e9bec\" \/>\n<meta property=\"article:modified_time\" content=\"2025-09-19T17:20:53+00:00\" \/>\n<meta property=\"og:image\" content=\"https:\/\/www.oiq.qc.ca\/wp-content\/uploads\/vignette-web.png\" \/>\n\t<meta property=\"og:image:width\" content=\"1200\" \/>\n\t<meta property=\"og:image:height\" content=\"675\" \/>\n\t<meta property=\"og:image:type\" content=\"image\/png\" \/>\n<meta name=\"twitter:card\" content=\"summary_large_image\" \/>\n<meta name=\"twitter:label1\" content=\"Est. reading time\" \/>\n\t<meta name=\"twitter:data1\" content=\"4 minutes\" \/>\n<script type=\"application\/ld+json\" class=\"yoast-schema-graph\">{\"@context\":\"https:\/\/schema.org\",\"@graph\":[{\"@type\":\"WebPage\",\"@id\":\"https:\/\/www.oiq.qc.ca\/en\/general-public\/the-engineering-profession\/the-role-of-the-oiq\/\",\"url\":\"https:\/\/www.oiq.qc.ca\/en\/general-public\/the-engineering-profession\/the-role-of-the-oiq\/\",\"name\":\"The Role of the OIQ - OIQ - Ordre des ing\u00e9nieurs du Qu\u00e9bec\",\"isPartOf\":{\"@id\":\"https:\/\/www.oiq.qc.ca\/#website\"},\"datePublished\":\"2022-03-17T22:28:14+00:00\",\"dateModified\":\"2025-09-19T17:20:53+00:00\",\"description\":\"La mission de l\u2019Ordre est de prot\u00e9ger le grand public. Comment? Consultez cette page pour savoir tout ce qui est mis en \u0153uvre pour vous.\",\"breadcrumb\":{\"@id\":\"https:\/\/www.oiq.qc.ca\/en\/general-public\/the-engineering-profession\/the-role-of-the-oiq\/#breadcrumb\"},\"inLanguage\":\"en-CA\",\"potentialAction\":[{\"@type\":\"ReadAction\",\"target\":[\"https:\/\/www.oiq.qc.ca\/en\/general-public\/the-engineering-profession\/the-role-of-the-oiq\/\"]}]},{\"@type\":\"BreadcrumbList\",\"@id\":\"https:\/\/www.oiq.qc.ca\/en\/general-public\/the-engineering-profession\/the-role-of-the-oiq\/#breadcrumb\",\"itemListElement\":[{\"@type\":\"ListItem\",\"position\":1,\"name\":\"Home\",\"item\":\"https:\/\/www.oiq.qc.ca\/en\/\"},{\"@type\":\"ListItem\",\"position\":2,\"name\":\"General Public\",\"item\":\"https:\/\/www.oiq.qc.ca\/en\/general-public\/\"},{\"@type\":\"ListItem\",\"position\":3,\"name\":\"The Engineering Profession\",\"item\":\"https:\/\/www.oiq.qc.ca\/en\/general-public\/the-engineering-profession\/\"},{\"@type\":\"ListItem\",\"position\":4,\"name\":\"The Role of the OIQ\"}]},{\"@type\":\"WebSite\",\"@id\":\"https:\/\/www.oiq.qc.ca\/#website\",\"url\":\"https:\/\/www.oiq.qc.ca\/\",\"name\":\"OIQ - Ordre des ing\u00e9nieurs du Qu\u00e9bec\",\"description\":\"Ordre des ing\u00e9nieurs du Qu\u00e9bec\",\"publisher\":{\"@id\":\"https:\/\/www.oiq.qc.ca\/#organization\"},\"potentialAction\":[{\"@type\":\"SearchAction\",\"target\":{\"@type\":\"EntryPoint\",\"urlTemplate\":\"https:\/\/www.oiq.qc.ca\/?s={search_term_string}\"},\"query-input\":{\"@type\":\"PropertyValueSpecification\",\"valueRequired\":true,\"valueName\":\"search_term_string\"}}],\"inLanguage\":\"en-CA\"},{\"@type\":\"Organization\",\"@id\":\"https:\/\/www.oiq.qc.ca\/#organization\",\"name\":\"OIQ - Ordre des Ing\u00e9nieurs du Qu\u00e9bec\",\"url\":\"https:\/\/www.oiq.qc.ca\/\",\"logo\":{\"@type\":\"ImageObject\",\"inLanguage\":\"en-CA\",\"@id\":\"https:\/\/www.oiq.qc.ca\/#\/schema\/logo\/image\/\",\"url\":\"https:\/\/www.oiq.qc.ca\/wp-content\/uploads\/logo-oiq-696x696-yoast.png\",\"contentUrl\":\"https:\/\/www.oiq.qc.ca\/wp-content\/uploads\/logo-oiq-696x696-yoast.png\",\"width\":696,\"height\":696,\"caption\":\"OIQ - Ordre des Ing\u00e9nieurs du Qu\u00e9bec\"},\"image\":{\"@id\":\"https:\/\/www.oiq.qc.ca\/#\/schema\/logo\/image\/\"}}]}<\/script>\n<!-- \/ Yoast SEO plugin. -->","yoast_head_json":{"title":"OIQ &#8211; Ordre des ing\u00e9nieurs du Qu\u00e9bec","description":"La mission de l\u2019Ordre est de prot\u00e9ger le grand public. Comment? Consultez cette page pour savoir tout ce qui est mis en \u0153uvre pour vous.","robots":{"index":"index","follow":"follow","max-snippet":"max-snippet:-1","max-image-preview":"max-image-preview:large","max-video-preview":"max-video-preview:-1"},"canonical":"https:\/\/www.oiq.qc.ca\/en\/general-public\/the-engineering-profession\/the-role-of-the-oiq\/","og_locale":"en_US","og_type":"article","og_title":"The Role of the OIQ - OIQ - Ordre des ing\u00e9nieurs du Qu\u00e9bec","og_description":"La mission de l\u2019Ordre est de prot\u00e9ger le grand public. Comment? Consultez cette page pour savoir tout ce qui est mis en \u0153uvre pour vous.","og_url":"https:\/\/www.oiq.qc.ca\/en\/general-public\/the-engineering-profession\/the-role-of-the-oiq\/","og_site_name":"OIQ - Ordre des ing\u00e9nieurs du Qu\u00e9bec","article_modified_time":"2025-09-19T17:20:53+00:00","og_image":[{"width":1200,"height":675,"url":"https:\/\/www.oiq.qc.ca\/wp-content\/uploads\/vignette-web.png","type":"image\/png"}],"twitter_card":"summary_large_image","twitter_misc":{"Est. reading time":"4 minutes"},"schema":{"@context":"https:\/\/schema.org","@graph":[{"@type":"WebPage","@id":"https:\/\/www.oiq.qc.ca\/en\/general-public\/the-engineering-profession\/the-role-of-the-oiq\/","url":"https:\/\/www.oiq.qc.ca\/en\/general-public\/the-engineering-profession\/the-role-of-the-oiq\/","name":"The Role of the OIQ - OIQ - Ordre des ing\u00e9nieurs du Qu\u00e9bec","isPartOf":{"@id":"https:\/\/www.oiq.qc.ca\/#website"},"datePublished":"2022-03-17T22:28:14+00:00","dateModified":"2025-09-19T17:20:53+00:00","description":"La mission de l\u2019Ordre est de prot\u00e9ger le grand public. Comment? Consultez cette page pour savoir tout ce qui est mis en \u0153uvre pour vous.","breadcrumb":{"@id":"https:\/\/www.oiq.qc.ca\/en\/general-public\/the-engineering-profession\/the-role-of-the-oiq\/#breadcrumb"},"inLanguage":"en-CA","potentialAction":[{"@type":"ReadAction","target":["https:\/\/www.oiq.qc.ca\/en\/general-public\/the-engineering-profession\/the-role-of-the-oiq\/"]}]},{"@type":"BreadcrumbList","@id":"https:\/\/www.oiq.qc.ca\/en\/general-public\/the-engineering-profession\/the-role-of-the-oiq\/#breadcrumb","itemListElement":[{"@type":"ListItem","position":1,"name":"Home","item":"https:\/\/www.oiq.qc.ca\/en\/"},{"@type":"ListItem","position":2,"name":"General Public","item":"https:\/\/www.oiq.qc.ca\/en\/general-public\/"},{"@type":"ListItem","position":3,"name":"The Engineering Profession","item":"https:\/\/www.oiq.qc.ca\/en\/general-public\/the-engineering-profession\/"},{"@type":"ListItem","position":4,"name":"The Role of the OIQ"}]},{"@type":"WebSite","@id":"https:\/\/www.oiq.qc.ca\/#website","url":"https:\/\/www.oiq.qc.ca\/","name":"OIQ - Ordre des ing\u00e9nieurs du Qu\u00e9bec","description":"Ordre des ing\u00e9nieurs du Qu\u00e9bec","publisher":{"@id":"https:\/\/www.oiq.qc.ca\/#organization"},"potentialAction":[{"@type":"SearchAction","target":{"@type":"EntryPoint","urlTemplate":"https:\/\/www.oiq.qc.ca\/?s={search_term_string}"},"query-input":{"@type":"PropertyValueSpecification","valueRequired":true,"valueName":"search_term_string"}}],"inLanguage":"en-CA"},{"@type":"Organization","@id":"https:\/\/www.oiq.qc.ca\/#organization","name":"OIQ - Ordre des Ing\u00e9nieurs du Qu\u00e9bec","url":"https:\/\/www.oiq.qc.ca\/","logo":{"@type":"ImageObject","inLanguage":"en-CA","@id":"https:\/\/www.oiq.qc.ca\/#\/schema\/logo\/image\/","url":"https:\/\/www.oiq.qc.ca\/wp-content\/uploads\/logo-oiq-696x696-yoast.png","contentUrl":"https:\/\/www.oiq.qc.ca\/wp-content\/uploads\/logo-oiq-696x696-yoast.png","width":696,"height":696,"caption":"OIQ - Ordre des Ing\u00e9nieurs du Qu\u00e9bec"},"image":{"@id":"https:\/\/www.oiq.qc.ca\/#\/schema\/logo\/image\/"}}]}},"_links":{"self":[{"href":"https:\/\/www.oiq.qc.ca\/en\/wp-json\/wp\/v2\/pages\/15735","targetHints":{"allow":["GET"]}}],"collection":[{"href":"https:\/\/www.oiq.qc.ca\/en\/wp-json\/wp\/v2\/pages"}],"about":[{"href":"https:\/\/www.oiq.qc.ca\/en\/wp-json\/wp\/v2\/types\/page"}],"author":[{"embeddable":true,"href":"https:\/\/www.oiq.qc.ca\/en\/wp-json\/wp\/v2\/users\/8"}],"replies":[{"embeddable":true,"href":"https:\/\/www.oiq.qc.ca\/en\/wp-json\/wp\/v2\/comments?post=15735"}],"version-history":[{"count":0,"href":"https:\/\/www.oiq.qc.ca\/en\/wp-json\/wp\/v2\/pages\/15735\/revisions"}],"up":[{"embeddable":true,"href":"https:\/\/www.oiq.qc.ca\/en\/wp-json\/wp\/v2\/pages\/15729"}],"wp:attachment":[{"href":"https:\/\/www.oiq.qc.ca\/en\/wp-json\/wp\/v2\/media?parent=15735"}],"curies":[{"name":"wp","href":"https:\/\/api.w.org\/{rel}","templated":true}]}}